{"id":2005,"date":"2025-03-05T09:00:53","date_gmt":"2025-03-05T06:00:53","guid":{"rendered":"https:\/\/gloim.com\/?page_id=2005"},"modified":"2025-03-05T10:05:13","modified_gmt":"2025-03-05T07:05:13","slug":"real-estate-market-in-leipzig-surroundings-postal-code-02","status":"publish","type":"page","link":"https:\/\/gloim.com\/de\/real-estate-market-in-leipzig-surroundings-postal-code-02\/","title":{"rendered":"Real Estate Market in Leipzig-Surroundings \u2013 Postal Code 02"},"content":{"rendered":"<div data-elementor-type=\"wp-page\" data-elementor-id=\"2005\" class=\"elementor elementor-2005\" data-elementor-post-type=\"page\">\n\t\t\t\t<div data-particle_enable=\"false\" data-particle-mobile-disabled=\"false\" class=\"elementor-element elementor-element-18177ef e-flex e-con-boxed e-con e-parent\" data-id=\"18177ef\" data-element_type=\"container\">\n\t\t\t\t\t<div class=\"e-con-inner\">\n\t\t\t\t<div class=\"elementor-element elementor-element-34d97f5 elementor-widget elementor-widget-spacer\" data-id=\"34d97f5\" data-element_type=\"widget\" data-widget_type=\"spacer.default\">\n\t\t\t\t<div class=\"elementor-widget-container\">\n\t\t\t\t\t\t\t<div class=\"elementor-spacer\">\n\t\t\t<div class=\"elementor-spacer-inner\"><\/div>\n\t\t<\/div>\n\t\t\t\t\t\t<\/div>\n\t\t\t\t<\/div>\n\t\t\t\t<div class=\"elementor-element elementor-element-54b7a29 elementor-widget elementor-widget-heading\" data-id=\"54b7a29\" data-element_type=\"widget\" data-widget_type=\"heading.default\">\n\t\t\t\t<div class=\"elementor-widget-container\">\n\t\t\t\t\t<h1 class=\"elementor-heading-title elementor-size-default\">Immobilienmarkt in Deutschland 02xxx Postleitzahlengebiet<\/h1>\t\t\t\t<\/div>\n\t\t\t\t<\/div>\n\t\t\t\t<div class=\"elementor-element elementor-element-a10a5f5 elementor-widget elementor-widget-heading\" data-id=\"a10a5f5\" data-element_type=\"widget\" data-widget_type=\"heading.default\">\n\t\t\t\t<div class=\"elementor-widget-container\">\n\t\t\t\t\t<h2 class=\"elementor-heading-title elementor-size-default\">Leben in Leipzig und Umgebung<\/h2>\t\t\t\t<\/div>\n\t\t\t\t<\/div>\n\t\t\t\t<div class=\"elementor-element elementor-element-fa5b486 elementor-widget elementor-widget-text-editor\" data-id=\"fa5b486\" data-element_type=\"widget\" data-widget_type=\"text-editor.default\">\n\t\t\t\t<div class=\"elementor-widget-container\">\n\t\t\t\t\t\t\t\t\t<p style=\"text-align: center;\">Erkunden Sie mit uns die faszinierenden Facetten dieser Region \u2013 von ihren besonderen Vorteilen bis hin zu den Herausforderungen. Entdecken Sie nicht nur unsere innovativen Modulh\u00e4user, sondern auch das umfangreiche Portfolio unserer renommierten Partner.<\/p>\t\t\t\t\t\t\t\t<\/div>\n\t\t\t\t<\/div>\n\t\t\t\t<div class=\"elementor-element elementor-element-6b03b23 elementor-widget elementor-widget-spacer\" data-id=\"6b03b23\" data-element_type=\"widget\" data-widget_type=\"spacer.default\">\n\t\t\t\t<div class=\"elementor-widget-container\">\n\t\t\t\t\t\t\t<div class=\"elementor-spacer\">\n\t\t\t<div class=\"elementor-spacer-inner\"><\/div>\n\t\t<\/div>\n\t\t\t\t\t\t<\/div>\n\t\t\t\t<\/div>\n\t\t\t\t\t<\/div>\n\t\t\t\t<\/div>\n\t\t<div data-particle_enable=\"false\" data-particle-mobile-disabled=\"false\" class=\"elementor-element elementor-element-1cb2f05 e-grid e-con-boxed e-con e-parent\" data-id=\"1cb2f05\" data-element_type=\"container\">\n\t\t\t\t\t<div class=\"e-con-inner\">\n\t\t\t\t<div class=\"elementor-element elementor-element-1665ce5 elementor-align-center elementor-widget__width-initial elementor-widget elementor-widget-button\" data-id=\"1665ce5\" data-element_type=\"widget\" data-widget_type=\"button.default\">\n\t\t\t\t<div class=\"elementor-widget-container\">\n\t\t\t\t\t\t\t\t\t<div class=\"elementor-button-wrapper\">\n\t\t\t\t\t<a class=\"elementor-button elementor-button-link elementor-size-sm\" href=\"https:\/\/gloim.com\/de\/modular-house\/\">\n\t\t\t\t\t\t<span class=\"elementor-button-content-wrapper\">\n\t\t\t\t\t\t\t\t\t<span class=\"elementor-button-text\">Modulh\u00e4user<\/span>\n\t\t\t\t\t<\/span>\n\t\t\t\t\t<\/a>\n\t\t\t\t<\/div>\n\t\t\t\t\t\t\t\t<\/div>\n\t\t\t\t<\/div>\n\t\t\t\t<div class=\"elementor-element elementor-element-dd77bca elementor-align-center elementor-widget__width-initial elementor-widget elementor-widget-button\" data-id=\"dd77bca\" data-element_type=\"widget\" data-widget_type=\"button.default\">\n\t\t\t\t<div class=\"elementor-widget-container\">\n\t\t\t\t\t\t\t\t\t<div class=\"elementor-button-wrapper\">\n\t\t\t\t\t<a class=\"elementor-button elementor-button-link elementor-size-sm\" href=\"https:\/\/gloim.com\/de\/ratgeber\/\">\n\t\t\t\t\t\t<span class=\"elementor-button-content-wrapper\">\n\t\t\t\t\t\t\t\t\t<span class=\"elementor-button-text\">Ratgeber   <\/span>\n\t\t\t\t\t<\/span>\n\t\t\t\t\t<\/a>\n\t\t\t\t<\/div>\n\t\t\t\t\t\t\t\t<\/div>\n\t\t\t\t<\/div>\n\t\t\t\t<div class=\"elementor-element elementor-element-edc006d elementor-align-center elementor-widget__width-initial elementor-widget elementor-widget-button\" data-id=\"edc006d\" data-element_type=\"widget\" data-widget_type=\"button.default\">\n\t\t\t\t<div class=\"elementor-widget-container\">\n\t\t\t\t\t\t\t\t\t<div class=\"elementor-button-wrapper\">\n\t\t\t\t\t<a class=\"elementor-button elementor-button-link elementor-size-sm\" href=\"https:\/\/gloim.com\/de\/contact-us\/\">\n\t\t\t\t\t\t<span class=\"elementor-button-content-wrapper\">\n\t\t\t\t\t\t\t\t\t<span class=\"elementor-button-text\">Kontakt<\/span>\n\t\t\t\t\t<\/span>\n\t\t\t\t\t<\/a>\n\t\t\t\t<\/div>\n\t\t\t\t\t\t\t\t<\/div>\n\t\t\t\t<\/div>\n\t\t\t\t\t<\/div>\n\t\t\t\t<\/div>\n\t\t<div data-particle_enable=\"false\" data-particle-mobile-disabled=\"false\" class=\"elementor-element elementor-element-be6f749 e-flex e-con-boxed e-con e-parent\" data-id=\"be6f749\" data-element_type=\"container\">\n\t\t\t\t\t<div class=\"e-con-inner\">\n\t\t\t\t<div class=\"elementor-element elementor-element-edc68bb elementor-widget elementor-widget-spacer\" data-id=\"edc68bb\" data-element_type=\"widget\" data-widget_type=\"spacer.default\">\n\t\t\t\t<div class=\"elementor-widget-container\">\n\t\t\t\t\t\t\t<div class=\"elementor-spacer\">\n\t\t\t<div class=\"elementor-spacer-inner\"><\/div>\n\t\t<\/div>\n\t\t\t\t\t\t<\/div>\n\t\t\t\t<\/div>\n\t\t\t\t<div class=\"elementor-element elementor-element-296b2f8 elementor-widget elementor-widget-image\" data-id=\"296b2f8\" data-element_type=\"widget\" data-widget_type=\"image.default\">\n\t\t\t\t<div class=\"elementor-widget-container\">\n\t\t\t\t\t\t\t\t\t\t\t\t\t\t\t<img decoding=\"async\" src=\"https:\/\/gloim.com\/wp-content\/uploads\/elementor\/thumbs\/96d3ba2d-6bf6-44e8-93b8-58d5811a2628-r2eejk3yde0dpun1g60wat9qi5upaqzbf0j6n2b1jo.webp\" title=\"Real estate Leipzig\" alt=\"Real estate Leipzig\" loading=\"lazy\" \/>\t\t\t\t\t\t\t\t\t\t\t\t\t\t\t<\/div>\n\t\t\t\t<\/div>\n\t\t\t\t<div class=\"elementor-element elementor-element-2c7d3ea elementor-widget elementor-widget-spacer\" data-id=\"2c7d3ea\" data-element_type=\"widget\" data-widget_type=\"spacer.default\">\n\t\t\t\t<div class=\"elementor-widget-container\">\n\t\t\t\t\t\t\t<div class=\"elementor-spacer\">\n\t\t\t<div class=\"elementor-spacer-inner\"><\/div>\n\t\t<\/div>\n\t\t\t\t\t\t<\/div>\n\t\t\t\t<\/div>\n\t\t\t\t<div class=\"elementor-element elementor-element-9593679 elementor-widget elementor-widget-text-editor\" data-id=\"9593679\" data-element_type=\"widget\" data-widget_type=\"text-editor.default\">\n\t\t\t\t<div class=\"elementor-widget-container\">\n\t\t\t\t\t\t\t\t\t<p style=\"text-align: center;\">Wir sind Partner der IMAG, einem Netzwerk von mehr als tausend Makler-Kollegen. <br>Dies ermo\u0308glicht es uns, Ihnen ein grenzenloses Immobilien-Portfolio anbieten zu ko\u0308nnen.<\/p><p style=\"text-align: center;\"><strong>Regional - U\u0308berregional\u00a0-\u00a0International<\/strong><\/p>\t\t\t\t\t\t\t\t<\/div>\n\t\t\t\t<\/div>\n\t\t\t\t<div class=\"elementor-element elementor-element-b338d8a elementor-widget elementor-widget-html\" data-id=\"b338d8a\" data-element_type=\"widget\" data-widget_type=\"html.default\">\n\t\t\t\t<div class=\"elementor-widget-container\">\n\t\t\t\t\t<!--Sie k\u00f6nnen diesen Code an einem beliebigen Platz in ihrer Homepage einbinden. Die Immobiliensuche wird an dieser Stelle erscheinen. -->\n<div id=\"imag-immobiliensuche\"><\/div>\n\n<!--F\u00fcr eine bessere Performance den nachfolgenden Code an das Ende des <body> Tags einbinden-->\n\n<script>\n    (function(w, d, k, e) {\n    const cssApi = d.createElement('link');\n    cssApi.rel = 'stylesheet';\n    cssApi.type = 'text\/css';\n    cssApi.href = 'https:\/\/www.imag-portal.de\/property_search_integration\/build\/api.css';\n    d.head.appendChild(cssApi);\n\n    const jsApi = d.createElement('script');\n    jsApi.src = 'https:\/\/www.imag-portal.de\/property_search_integration\/build\/api.js';\n    jsApi.type = 'text\/javascript';\n    jsApi.charset = 'UTF-8';\n    d.body.appendChild(jsApi);\n    jsApi.addEventListener('load', function() {\n        initializePsi(k, e);\n    })\n})(window, document, '1eed6126-f532-6652-8fb0-5db85b8b2e81', 'imag-immobiliensuche');\n<\/script>\t\t\t\t<\/div>\n\t\t\t\t<\/div>\n\t\t\t\t\t<\/div>\n\t\t\t\t<\/div>\n\t\t<div data-particle_enable=\"false\" data-particle-mobile-disabled=\"false\" class=\"elementor-element elementor-element-e266be4 e-flex e-con-boxed e-con e-parent\" data-id=\"e266be4\" data-element_type=\"container\">\n\t\t\t\t\t<div class=\"e-con-inner\">\n\t\t\t\t<div class=\"elementor-element elementor-element-29a474e elementor-widget elementor-widget-spacer\" data-id=\"29a474e\" data-element_type=\"widget\" data-widget_type=\"spacer.default\">\n\t\t\t\t<div class=\"elementor-widget-container\">\n\t\t\t\t\t\t\t<div class=\"elementor-spacer\">\n\t\t\t<div class=\"elementor-spacer-inner\"><\/div>\n\t\t<\/div>\n\t\t\t\t\t\t<\/div>\n\t\t\t\t<\/div>\n\t\t\t\t<div class=\"elementor-element elementor-element-7c21f13 elementor-widget elementor-widget-text-editor\" data-id=\"7c21f13\" data-element_type=\"widget\" data-widget_type=\"text-editor.default\">\n\t\t\t\t<div class=\"elementor-widget-container\">\n\t\t\t\t\t\t\t\t\t<h3>Einleitung<\/h3><p>\u00a0<\/p><p class=\"translation-block\">Das Postleitzahlengebiet 02xxx umfasst die dynamische Stadt Leipzig sowie mehrere attraktive St\u00e4dte und Gemeinden im Umland. Zu den wichtigsten Orten z\u00e4hlen Delitzsch, Eilenburg, Grimma und Torgau. Diese Region bietet eine Mischung aus wirtschaftlicher St\u00e4rke, kulturellem Reichtum und hoher Lebensqualit\u00e4t und ist sowohl f\u00fcr Bewohner als auch f\u00fcr Investoren \u00e4u\u00dferst attraktiv. Leipzig ist eine wachstumsstarke Stadt mit steigender Nachfrage auf dem Immobilienmarkt, w\u00e4hrend das Umland g\u00fcnstige Alternativen mit guter Anbindung bietet.<\/p><p>\u00a0<\/p><h3>Wohnen und Leben im PLZ-Gebiet 02xxx<\/h3><p>\u00a0<\/p><p data-pm-slice=\"1 1 []\" class=\"translation-block\">Leipzig ist bekannt f\u00fcr seinen historischen Charme, moderne Infrastruktur und eine lebendige Kulturszene. Sehensw\u00fcrdigkeiten wie das V\u00f6lkerschlachtdenkmal, die Leipziger Oper und die zahlreichen Parks und Seen machen die Stadt zu einem attraktiven Wohnort.<\/p><ul data-spread=\"false\"><li class=\"translation-block\">\u27a1\ufe0f Delitzsch ist eine malerische Stadt mit gut erhaltener Altstadt, ausgezeichneter Infrastruktur und familienfreundlichen Wohnm\u00f6glichkeiten.<\/li><li class=\"translation-block\">\u27a1\ufe0f  Eilenburg \u00fcberzeugt durch eine ruhige Umgebung, bezahlbare Immobilien und die N\u00e4he zur Natur.<\/li><li class=\"translation-block\">\u27a1\ufe0f Grimma punktet mit einer malerischen Lage an der Mulde und einer Kombination aus Geschichte und Moderne.<\/li><li class=\"translation-block\">\u27a1\ufe0f Torgau ist eine geschichtstr\u00e4chtige Stadt mit gro\u00dfem Investitionspotenzial aufgrund der steigenden Wohnraumnachfrage.<\/li><\/ul><p>\u00a0<\/p><h3>Immobilienpreise und Marktentwicklung<\/h3><p>\u00a0<\/p><p class=\"translation-block\">Der Immobilienmarkt in der Region 02xxx ist \u00e4u\u00dferst dynamisch und wird durch Leipzigs wachsende Wirtschaft und steigende Bev\u00f6lkerungszahl angetrieben.<\/p><ul data-spread=\"false\"><li class=\"translation-block\">\u2705 In Leipzig liegen die Immobilienpreise zwischen 4.000 und 7.000 Euro pro Quadratmeter, besonders in Stadtteilen wie Zentrum, S\u00fcdvorstadt und Plagwitz.<\/li><li class=\"translation-block\">\u2705 Delitzsch und Eilenburg bieten g\u00fcnstigere Alternativen mit Preisen zwischen 2.000 und 3.500 Euro pro Quadratmeter.<\/li><li class=\"translation-block\">\u2705 Grimma und Torgau bleiben f\u00fcr K\u00e4ufer attraktiv, mit Preisen von 1.800 bis 3.000 Euro pro Quadratmeter.<\/li><\/ul><p>\u00a0<\/p><p class=\"translation-block\">Auch der Mietmarkt ist stark umk\u00e4mpft. Die durchschnittliche Kaltmiete in Leipzig liegt derzeit zwischen 10 und 15 Euro pro Quadratmeter, w\u00e4hrend das Umland deutlich g\u00fcnstigere Mietpreise bietet.<\/p><p>\u00a0<\/p><h3>Zukunftsperspektiven des Immobilienmarktes<\/h3><p>\u00a0<\/p><p class=\"translation-block\">Leipzig gilt als einer der Top-Immobilienstandorte in Deutschland. Der starke Arbeitsmarkt, renommierte Universit\u00e4ten und ein ausgezeichnetes \u00f6ffentliches Verkehrsnetz tragen zum stetigen Wachstum der Stadt bei<\/p><p class=\"translation-block\">Da die Immobilienpreise in Leipzig steigen, werden umliegende St\u00e4dte wie Delitzsch, Eilenburg und Grimma zunehmend beliebter f\u00fcr K\u00e4ufer, die eine g\u00fcnstigere Alternative mit guter Infrastruktur suchen. Die Zukunftsaussichten der Region sind positiv, mit laufenden Stadtentwicklungsprojekten und steigender Wohnraumnachfrage.<\/p><p>\u00a0<\/p><h3>Fazit<\/h3><p>\u00a0<\/p><p class=\"translation-block\">Das Postleitzahlengebiet 02xxx bietet eine ideale Mischung aus urbanem Flair, historischem Charme und bezahlbarem Wohnraum. W\u00e4hrend Leipzig das Zentrum des Immobilienmarktes bleibt, bieten die umliegenden St\u00e4dte attraktive Investitionsm\u00f6glichkeiten mit viel Wachstumspotenzial. Ob f\u00fcr Eigennutzer oder Investoren, diese Region ist eine sichere und profitable Wahl.<\/p><p data-pm-slice=\"1 1 []\"><strong>#ImmobilienLeipzig #LebeninSachsen #WohnungsmarktLeipzig #InvestmentLeipzig #DelitzschImmobilien #EilenburgWohnen #LeipzigUmgebung #ZukunftsmarktSachsen<\/strong><\/p>\t\t\t\t\t\t\t\t<\/div>\n\t\t\t\t<\/div>\n\t\t\t\t<div class=\"elementor-element elementor-element-44617d8 elementor-widget elementor-widget-spacer\" data-id=\"44617d8\" data-element_type=\"widget\" data-widget_type=\"spacer.default\">\n\t\t\t\t<div class=\"elementor-widget-container\">\n\t\t\t\t\t\t\t<div class=\"elementor-spacer\">\n\t\t\t<div class=\"elementor-spacer-inner\"><\/div>\n\t\t<\/div>\n\t\t\t\t\t\t<\/div>\n\t\t\t\t<\/div>\n\t\t\t\t\t<\/div>\n\t\t\t\t<\/div>\n\t\t\t\t<\/div>","protected":false},"excerpt":{"rendered":"<p>Real estate market in Germany 02xxx zip code area Living in Leipzig and Surroundings Explore the fascinating facets of this region with us &#8211; from its special advantages to its challenges. Discover not only our innovative modular houses, but also the extensive portfolio of our renowned partners. Modular House Guide Contact We are a partner [&hellip;]<\/p>","protected":false},"author":1,"featured_media":0,"parent":0,"menu_order":0,"comment_status":"closed","ping_status":"closed","template":"","meta":{"footnotes":""},"class_list":["post-2005","page","type-page","status-publish","hentry"],"_links":{"self":[{"href":"https:\/\/gloim.com\/de\/wp-json\/wp\/v2\/pages\/2005","targetHints":{"allow":["GET"]}}],"collection":[{"href":"https:\/\/gloim.com\/de\/wp-json\/wp\/v2\/pages"}],"about":[{"href":"https:\/\/gloim.com\/de\/wp-json\/wp\/v2\/types\/page"}],"author":[{"embeddable":true,"href":"https:\/\/gloim.com\/de\/wp-json\/wp\/v2\/users\/1"}],"replies":[{"embeddable":true,"href":"https:\/\/gloim.com\/de\/wp-json\/wp\/v2\/comments?post=2005"}],"version-history":[{"count":0,"href":"https:\/\/gloim.com\/de\/wp-json\/wp\/v2\/pages\/2005\/revisions"}],"wp:attachment":[{"href":"https:\/\/gloim.com\/de\/wp-json\/wp\/v2\/media?parent=2005"}],"curies":[{"name":"wp","href":"https:\/\/api.w.org\/{rel}","templated":true}]}}