{"id":2303,"date":"2025-03-10T09:21:27","date_gmt":"2025-03-10T06:21:27","guid":{"rendered":"https:\/\/gloim.com\/?page_id=2303"},"modified":"2025-04-04T14:08:58","modified_gmt":"2025-04-04T11:08:58","slug":"real-estate-market-27xxx-living-in-bremen-bremerhaven-coastal-lower-saxony","status":"publish","type":"page","link":"https:\/\/gloim.com\/de\/real-estate-market-27xxx-living-in-bremen-bremerhaven-coastal-lower-saxony\/","title":{"rendered":"Real Estate Market 27xxx \u2013 Living in Bremen, Bremerhaven &#038; Coastal Lower Saxony"},"content":{"rendered":"<div data-elementor-type=\"wp-page\" data-elementor-id=\"2303\" class=\"elementor elementor-2303\" data-elementor-post-type=\"page\">\n\t\t\t\t<div data-particle_enable=\"false\" data-particle-mobile-disabled=\"false\" class=\"elementor-element elementor-element-18177ef e-flex e-con-boxed e-con e-parent\" data-id=\"18177ef\" data-element_type=\"container\">\n\t\t\t\t\t<div class=\"e-con-inner\">\n\t\t\t\t<div class=\"elementor-element elementor-element-34d97f5 elementor-widget elementor-widget-spacer\" data-id=\"34d97f5\" data-element_type=\"widget\" data-widget_type=\"spacer.default\">\n\t\t\t\t<div class=\"elementor-widget-container\">\n\t\t\t\t\t\t\t<div class=\"elementor-spacer\">\n\t\t\t<div class=\"elementor-spacer-inner\"><\/div>\n\t\t<\/div>\n\t\t\t\t\t\t<\/div>\n\t\t\t\t<\/div>\n\t\t\t\t<div class=\"elementor-element elementor-element-54b7a29 elementor-widget elementor-widget-heading\" data-id=\"54b7a29\" data-element_type=\"widget\" data-widget_type=\"heading.default\">\n\t\t\t\t<div class=\"elementor-widget-container\">\n\t\t\t\t\t<h1 class=\"elementor-heading-title elementor-size-default\">Immobilienmarkt in Deutschland 27xxx Postleitzahlengebiet<\/h1>\t\t\t\t<\/div>\n\t\t\t\t<\/div>\n\t\t\t\t<div class=\"elementor-element elementor-element-a10a5f5 elementor-widget elementor-widget-heading\" data-id=\"a10a5f5\" data-element_type=\"widget\" data-widget_type=\"heading.default\">\n\t\t\t\t<div class=\"elementor-widget-container\">\n\t\t\t\t\t<h2 class=\"elementor-heading-title elementor-size-default\">Living in Bremen, Bremerhaven &amp; Coastal Lower Saxony<\/h2>\t\t\t\t<\/div>\n\t\t\t\t<\/div>\n\t\t\t\t<div class=\"elementor-element elementor-element-fa5b486 elementor-widget elementor-widget-text-editor\" data-id=\"fa5b486\" data-element_type=\"widget\" data-widget_type=\"text-editor.default\">\n\t\t\t\t<div class=\"elementor-widget-container\">\n\t\t\t\t\t\t\t\t\t<p style=\"text-align: center;\">Erkunden Sie mit uns die faszinierenden Facetten dieser Region \u2013 von ihren besonderen Vorteilen bis hin zu den Herausforderungen. Entdecken Sie nicht nur unsere innovativen Modulh\u00e4user, sondern auch das umfangreiche Portfolio unserer renommierten Partner.<\/p>\t\t\t\t\t\t\t\t<\/div>\n\t\t\t\t<\/div>\n\t\t\t\t<div class=\"elementor-element elementor-element-6b03b23 elementor-widget elementor-widget-spacer\" data-id=\"6b03b23\" data-element_type=\"widget\" data-widget_type=\"spacer.default\">\n\t\t\t\t<div class=\"elementor-widget-container\">\n\t\t\t\t\t\t\t<div class=\"elementor-spacer\">\n\t\t\t<div class=\"elementor-spacer-inner\"><\/div>\n\t\t<\/div>\n\t\t\t\t\t\t<\/div>\n\t\t\t\t<\/div>\n\t\t\t\t\t<\/div>\n\t\t\t\t<\/div>\n\t\t<div data-particle_enable=\"false\" data-particle-mobile-disabled=\"false\" class=\"elementor-element elementor-element-1cb2f05 e-grid e-con-boxed e-con e-parent\" data-id=\"1cb2f05\" data-element_type=\"container\">\n\t\t\t\t\t<div class=\"e-con-inner\">\n\t\t\t\t<div class=\"elementor-element elementor-element-1665ce5 elementor-align-center elementor-widget__width-initial elementor-widget elementor-widget-button\" data-id=\"1665ce5\" data-element_type=\"widget\" data-widget_type=\"button.default\">\n\t\t\t\t<div class=\"elementor-widget-container\">\n\t\t\t\t\t\t\t\t\t<div class=\"elementor-button-wrapper\">\n\t\t\t\t\t<a class=\"elementor-button elementor-button-link elementor-size-sm\" href=\"https:\/\/gloim.com\/de\/modular-house\/\">\n\t\t\t\t\t\t<span class=\"elementor-button-content-wrapper\">\n\t\t\t\t\t\t\t\t\t<span class=\"elementor-button-text\">Modulh\u00e4user<\/span>\n\t\t\t\t\t<\/span>\n\t\t\t\t\t<\/a>\n\t\t\t\t<\/div>\n\t\t\t\t\t\t\t\t<\/div>\n\t\t\t\t<\/div>\n\t\t\t\t<div class=\"elementor-element elementor-element-dd77bca elementor-align-center elementor-widget__width-initial elementor-widget elementor-widget-button\" data-id=\"dd77bca\" data-element_type=\"widget\" data-widget_type=\"button.default\">\n\t\t\t\t<div class=\"elementor-widget-container\">\n\t\t\t\t\t\t\t\t\t<div class=\"elementor-button-wrapper\">\n\t\t\t\t\t<a class=\"elementor-button elementor-button-link elementor-size-sm\" href=\"https:\/\/gloim.com\/de\/ratgeber\/\">\n\t\t\t\t\t\t<span class=\"elementor-button-content-wrapper\">\n\t\t\t\t\t\t\t\t\t<span class=\"elementor-button-text\">Ratgeber   <\/span>\n\t\t\t\t\t<\/span>\n\t\t\t\t\t<\/a>\n\t\t\t\t<\/div>\n\t\t\t\t\t\t\t\t<\/div>\n\t\t\t\t<\/div>\n\t\t\t\t<div class=\"elementor-element elementor-element-edc006d elementor-align-center elementor-widget__width-initial elementor-widget elementor-widget-button\" data-id=\"edc006d\" data-element_type=\"widget\" data-widget_type=\"button.default\">\n\t\t\t\t<div class=\"elementor-widget-container\">\n\t\t\t\t\t\t\t\t\t<div class=\"elementor-button-wrapper\">\n\t\t\t\t\t<a class=\"elementor-button elementor-button-link elementor-size-sm\" href=\"https:\/\/gloim.com\/de\/contact-us\/\">\n\t\t\t\t\t\t<span class=\"elementor-button-content-wrapper\">\n\t\t\t\t\t\t\t\t\t<span class=\"elementor-button-text\">Kontakt<\/span>\n\t\t\t\t\t<\/span>\n\t\t\t\t\t<\/a>\n\t\t\t\t<\/div>\n\t\t\t\t\t\t\t\t<\/div>\n\t\t\t\t<\/div>\n\t\t\t\t\t<\/div>\n\t\t\t\t<\/div>\n\t\t<div data-particle_enable=\"false\" data-particle-mobile-disabled=\"false\" class=\"elementor-element elementor-element-be6f749 e-flex e-con-boxed e-con e-parent\" data-id=\"be6f749\" data-element_type=\"container\">\n\t\t\t\t\t<div class=\"e-con-inner\">\n\t\t\t\t<div class=\"elementor-element elementor-element-edc68bb elementor-widget elementor-widget-spacer\" data-id=\"edc68bb\" data-element_type=\"widget\" data-widget_type=\"spacer.default\">\n\t\t\t\t<div class=\"elementor-widget-container\">\n\t\t\t\t\t\t\t<div class=\"elementor-spacer\">\n\t\t\t<div class=\"elementor-spacer-inner\"><\/div>\n\t\t<\/div>\n\t\t\t\t\t\t<\/div>\n\t\t\t\t<\/div>\n\t\t\t\t<div class=\"elementor-element elementor-element-296b2f8 elementor-widget elementor-widget-image\" data-id=\"296b2f8\" data-element_type=\"widget\" data-widget_type=\"image.default\">\n\t\t\t\t<div class=\"elementor-widget-container\">\n\t\t\t\t\t\t\t\t\t\t\t\t\t\t\t<img decoding=\"async\" src=\"https:\/\/gloim.com\/wp-content\/uploads\/elementor\/thumbs\/Real-estate-Gorlitz-r2n4n3yvzj72gbsgaf2q1w3roadblu6dq7630ehjf8.webp\" title=\"Real estate G\u00f6rlitz\" alt=\"Real estate G\u00f6rlitz\" loading=\"lazy\" \/>\t\t\t\t\t\t\t\t\t\t\t\t\t\t\t<\/div>\n\t\t\t\t<\/div>\n\t\t\t\t<div class=\"elementor-element elementor-element-2c7d3ea elementor-widget elementor-widget-spacer\" data-id=\"2c7d3ea\" data-element_type=\"widget\" data-widget_type=\"spacer.default\">\n\t\t\t\t<div class=\"elementor-widget-container\">\n\t\t\t\t\t\t\t<div class=\"elementor-spacer\">\n\t\t\t<div class=\"elementor-spacer-inner\"><\/div>\n\t\t<\/div>\n\t\t\t\t\t\t<\/div>\n\t\t\t\t<\/div>\n\t\t\t\t<div class=\"elementor-element elementor-element-9593679 elementor-widget elementor-widget-text-editor\" data-id=\"9593679\" data-element_type=\"widget\" data-widget_type=\"text-editor.default\">\n\t\t\t\t<div class=\"elementor-widget-container\">\n\t\t\t\t\t\t\t\t\t<p style=\"text-align: center;\">Wir sind Partner der IMAG, einem Netzwerk von mehr als tausend Makler-Kollegen. <br>Dies ermo\u0308glicht es uns, Ihnen ein grenzenloses Immobilien-Portfolio anbieten zu ko\u0308nnen.<\/p><p style=\"text-align: center;\"><strong>Regional - U\u0308berregional\u00a0-\u00a0International<\/strong><\/p>\t\t\t\t\t\t\t\t<\/div>\n\t\t\t\t<\/div>\n\t\t\t\t<div class=\"elementor-element elementor-element-b338d8a elementor-widget elementor-widget-html\" data-id=\"b338d8a\" data-element_type=\"widget\" data-widget_type=\"html.default\">\n\t\t\t\t<div class=\"elementor-widget-container\">\n\t\t\t\t\t<!--Sie k\u00f6nnen diesen Code an einem beliebigen Platz in ihrer Homepage einbinden. Die Immobiliensuche wird an dieser Stelle erscheinen. -->\n<div id=\"imag-immobiliensuche\"><\/div>\n\n<!--F\u00fcr eine bessere Performance den nachfolgenden Code an das Ende des <body> Tags einbinden-->\n\n<script>\n    (function(w, d, k, e) {\n    const cssApi = d.createElement('link');\n    cssApi.rel = 'stylesheet';\n    cssApi.type = 'text\/css';\n    cssApi.href = 'https:\/\/www.imag-portal.de\/property_search_integration\/build\/api.css';\n    d.head.appendChild(cssApi);\n\n    const jsApi = d.createElement('script');\n    jsApi.src = 'https:\/\/www.imag-portal.de\/property_search_integration\/build\/api.js';\n    jsApi.type = 'text\/javascript';\n    jsApi.charset = 'UTF-8';\n    d.body.appendChild(jsApi);\n    jsApi.addEventListener('load', function() {\n        initializePsi(k, e);\n    })\n})(window, document, '1eed6126-f532-6652-8fb0-5db85b8b2e81', 'imag-immobiliensuche');\n<\/script>\t\t\t\t<\/div>\n\t\t\t\t<\/div>\n\t\t\t\t\t<\/div>\n\t\t\t\t<\/div>\n\t\t<div data-particle_enable=\"false\" data-particle-mobile-disabled=\"false\" class=\"elementor-element elementor-element-e266be4 e-flex e-con-boxed e-con e-parent\" data-id=\"e266be4\" data-element_type=\"container\">\n\t\t\t\t\t<div class=\"e-con-inner\">\n\t\t\t\t<div class=\"elementor-element elementor-element-29a474e elementor-widget elementor-widget-spacer\" data-id=\"29a474e\" data-element_type=\"widget\" data-widget_type=\"spacer.default\">\n\t\t\t\t<div class=\"elementor-widget-container\">\n\t\t\t\t\t\t\t<div class=\"elementor-spacer\">\n\t\t\t<div class=\"elementor-spacer-inner\"><\/div>\n\t\t<\/div>\n\t\t\t\t\t\t<\/div>\n\t\t\t\t<\/div>\n\t\t\t\t<div class=\"elementor-element elementor-element-7c21f13 elementor-widget elementor-widget-text-editor\" data-id=\"7c21f13\" data-element_type=\"widget\" data-widget_type=\"text-editor.default\">\n\t\t\t\t<div class=\"elementor-widget-container\">\n\t\t\t\t\t\t\t\t\t<h3 data-pm-slice=\"1 1 []\">Einleitung<\/h3><p>\u00a0<\/p><p class=\"translation-block\">Das PLZ-Gebiet 27xxx erstreckt sich \u00fcber vier Bundesl\u00e4nder: Niedersachsen, Bremen, Hamburg und Teile von Schleswig-Holstein. Es umfasst St\u00e4dte wie Bremen, Bremerhaven und Delmenhorst, aber auch l\u00e4ndlichere Regionen in den Kreisen Rotenburg (W\u00fcmme), Verden, Cuxhaven, Stade und Diepholz.<\/p><p>\u00a0<\/p><p class=\"translation-block\">Mit rund 839.000 Einwohnern bietet die Region eine Mischung aus st\u00e4dtischem Leben, l\u00e4ndlicher Ruhe und attraktiven Anbindungen.<\/p><p>\u00a0<\/p><h3>Wohnen und Leben im PLZ-Gebiet 27xxx<\/h3><p>\u00a0<\/p><p>Ob historisches Altbauviertel oder Einfamilienhaus im Gr\u00fcnen \u2013 die Region hat vieles zu bieten:<\/p><p>\u00a0<\/p><ul data-spread=\"false\"><li><p><strong>Bremen<\/strong> \u2013 Historisch, jung und dynamisch mit wachsendem Wohnungsmarkt.<\/p><\/li><li><p><strong>Bremerhaven<\/strong> \u2013 Maritimes Flair, bezahlbare Eigentumswohnungen und steigende Nachfrage.<\/p><\/li><li><p><strong>Delmenhorst<\/strong> \u2013 Preisg\u00fcnstiges Wohnen mit guter Anbindung an Bremen.<\/p><\/li><li><p><strong>Rotenburg (W\u00fcmme) &amp; Verden<\/strong> \u2013 Familienfreundlich und naturnah mit Pendlerpotenzial.<\/p><\/li><li><p><strong>Cuxhaven &amp; Stade<\/strong> \u2013 Wohnen an Elbe und Nordsee mit hoher Lebensqualit\u00e4t.<\/p><\/li><\/ul><p>\u00a0<\/p><p class=\"translation-block\">Gute Infrastruktur mit A1, A27, A28, Bahnstrecken (inkl. ICE) und Flugh\u00e4fen in Bremen und Hamburg.<\/p><p>\u00a0<\/p><h3>Immobilienpreise und Marktentwicklung<\/h3><p>\u00a0<\/p><p>Der Markt ist stabil mit wachsendem Interesse an Stadt- und Randlagen:<\/p><p>\u00a0<\/p><ul data-spread=\"false\"><li><p><strong>Bremen<\/strong>: 3.000\u20135.200 \u20ac\/m\u00b2<\/p><\/li><li><p><strong>Bremerhaven &amp; Delmenhorst<\/strong>: 2.000\u20133.500 \u20ac\/m\u00b2<\/p><\/li><li><p><strong>Rotenburg (W\u00fcmme), Verden<\/strong>: 2.200\u20134.000 \u20ac\/m\u00b2<\/p><\/li><li><p><strong>Cuxhaven &amp; Stade<\/strong>: 3.000\u20135.500 \u20ac\/m\u00b2<\/p><\/li><\/ul><p>\u00a0<\/p><p class=\"translation-block\">Mieten zwischen 6,50 und 11,50 \u20ac\/m\u00b2 je nach Lage, Ausstattung und Gr\u00f6\u00dfe.<\/p><p>\u00a0<\/p><h3>Zukunftsperspektiven des Immobilienmarktes<\/h3><p>\u00a0<\/p><p>Mit Bev\u00f6lkerungswachstum, Stadtentwicklungsprojekten und hoher Nachfrage nach bezahlbarem Wohnraum bietet die Region gro\u00dfes Potenzial f\u00fcr Eigennutzer und Kapitalanleger.<\/p><p>\u00a0<\/p><p>Die N\u00e4he zu Nordsee, Logistikzentren und zwei Metropolen spricht f\u00fcr nachhaltige Nachfrage.<\/p><p>\u00a0<\/p><h3>Fazit<\/h3><p>\u00a0<\/p><p class=\"translation-block\">Das PLZ-Gebiet 27xxx verbindet Hanse-Charme, Nordsee-Flair und Wohnwert \u2013 ideal f\u00fcr Familien, Berufspendler und Investoren.<\/p><p>\u00a0<\/p><p><strong>#Immobilien27xxx #WohneninBremen #HauskaufCuxhaven #BremerhavenImmobilien #InvestierenNorddeutschland #ElbeNordseeLeben<\/strong><\/p>\t\t\t\t\t\t\t\t<\/div>\n\t\t\t\t<\/div>\n\t\t\t\t<div class=\"elementor-element elementor-element-44617d8 elementor-widget elementor-widget-spacer\" data-id=\"44617d8\" data-element_type=\"widget\" data-widget_type=\"spacer.default\">\n\t\t\t\t<div class=\"elementor-widget-container\">\n\t\t\t\t\t\t\t<div class=\"elementor-spacer\">\n\t\t\t<div class=\"elementor-spacer-inner\"><\/div>\n\t\t<\/div>\n\t\t\t\t\t\t<\/div>\n\t\t\t\t<\/div>\n\t\t\t\t\t<\/div>\n\t\t\t\t<\/div>\n\t\t\t\t<\/div>","protected":false},"excerpt":{"rendered":"<p>Real estate market in Germany 27xxx zip code area Living in Bremen, Bremerhaven &#038; Coastal Lower Saxony Explore the fascinating facets of this region with us &#8211; from its special advantages to its challenges. Discover not only our innovative modular houses, but also the extensive portfolio of our renowned partners. Modular House Guide Contact We [&hellip;]<\/p>","protected":false},"author":1,"featured_media":0,"parent":0,"menu_order":0,"comment_status":"closed","ping_status":"closed","template":"","meta":{"footnotes":""},"class_list":["post-2303","page","type-page","status-publish","hentry"],"_links":{"self":[{"href":"https:\/\/gloim.com\/de\/wp-json\/wp\/v2\/pages\/2303","targetHints":{"allow":["GET"]}}],"collection":[{"href":"https:\/\/gloim.com\/de\/wp-json\/wp\/v2\/pages"}],"about":[{"href":"https:\/\/gloim.com\/de\/wp-json\/wp\/v2\/types\/page"}],"author":[{"embeddable":true,"href":"https:\/\/gloim.com\/de\/wp-json\/wp\/v2\/users\/1"}],"replies":[{"embeddable":true,"href":"https:\/\/gloim.com\/de\/wp-json\/wp\/v2\/comments?post=2303"}],"version-history":[{"count":0,"href":"https:\/\/gloim.com\/de\/wp-json\/wp\/v2\/pages\/2303\/revisions"}],"wp:attachment":[{"href":"https:\/\/gloim.com\/de\/wp-json\/wp\/v2\/media?parent=2303"}],"curies":[{"name":"wp","href":"https:\/\/api.w.org\/{rel}","templated":true}]}}