{"id":2391,"date":"2025-03-10T11:47:32","date_gmt":"2025-03-10T08:47:32","guid":{"rendered":"https:\/\/gloim.com\/?page_id=2391"},"modified":"2025-04-09T13:56:52","modified_gmt":"2025-04-09T10:56:52","slug":"real-estate-in-35xxx-giesen-marburg-wetzlar-homes-for-sale-rent","status":"publish","type":"page","link":"https:\/\/gloim.com\/de\/real-estate-in-35xxx-giesen-marburg-wetzlar-homes-for-sale-rent\/","title":{"rendered":"Real Estate in 35xxx \u2013 Gie\u00dfen, Marburg, Wetzlar Homes for Sale &#038; Rent"},"content":{"rendered":"<div data-elementor-type=\"wp-page\" data-elementor-id=\"2391\" class=\"elementor elementor-2391\" data-elementor-post-type=\"page\">\n\t\t\t\t<div data-particle_enable=\"false\" data-particle-mobile-disabled=\"false\" class=\"elementor-element elementor-element-18177ef e-flex e-con-boxed e-con e-parent\" data-id=\"18177ef\" data-element_type=\"container\">\n\t\t\t\t\t<div class=\"e-con-inner\">\n\t\t\t\t<div class=\"elementor-element elementor-element-34d97f5 elementor-widget elementor-widget-spacer\" data-id=\"34d97f5\" data-element_type=\"widget\" data-widget_type=\"spacer.default\">\n\t\t\t\t<div class=\"elementor-widget-container\">\n\t\t\t\t\t\t\t<div class=\"elementor-spacer\">\n\t\t\t<div class=\"elementor-spacer-inner\"><\/div>\n\t\t<\/div>\n\t\t\t\t\t\t<\/div>\n\t\t\t\t<\/div>\n\t\t\t\t<div class=\"elementor-element elementor-element-54b7a29 elementor-widget elementor-widget-heading\" data-id=\"54b7a29\" data-element_type=\"widget\" data-widget_type=\"heading.default\">\n\t\t\t\t<div class=\"elementor-widget-container\">\n\t\t\t\t\t<h1 class=\"elementor-heading-title elementor-size-default\">Immobilienmarkt in Deutschland 35xxx Postleitzahlengebiet<\/h1>\t\t\t\t<\/div>\n\t\t\t\t<\/div>\n\t\t\t\t<div class=\"elementor-element elementor-element-a10a5f5 elementor-widget elementor-widget-heading\" data-id=\"a10a5f5\" data-element_type=\"widget\" data-widget_type=\"heading.default\">\n\t\t\t\t<div class=\"elementor-widget-container\">\n\t\t\t\t\t<h2 class=\"elementor-heading-title elementor-size-default\">Wohnen und Leben in Mittelhessen<\/h2>\t\t\t\t<\/div>\n\t\t\t\t<\/div>\n\t\t\t\t<div class=\"elementor-element elementor-element-fa5b486 elementor-widget elementor-widget-text-editor\" data-id=\"fa5b486\" data-element_type=\"widget\" data-widget_type=\"text-editor.default\">\n\t\t\t\t<div class=\"elementor-widget-container\">\n\t\t\t\t\t\t\t\t\t<p style=\"text-align: center;\">Erkunden Sie mit uns die faszinierenden Facetten dieser Region \u2013 von ihren besonderen Vorteilen bis hin zu den Herausforderungen. Entdecken Sie nicht nur unsere innovativen Modulh\u00e4user, sondern auch das umfangreiche Portfolio unserer renommierten Partner.<\/p>\t\t\t\t\t\t\t\t<\/div>\n\t\t\t\t<\/div>\n\t\t\t\t<div class=\"elementor-element elementor-element-6b03b23 elementor-widget elementor-widget-spacer\" data-id=\"6b03b23\" data-element_type=\"widget\" data-widget_type=\"spacer.default\">\n\t\t\t\t<div class=\"elementor-widget-container\">\n\t\t\t\t\t\t\t<div class=\"elementor-spacer\">\n\t\t\t<div class=\"elementor-spacer-inner\"><\/div>\n\t\t<\/div>\n\t\t\t\t\t\t<\/div>\n\t\t\t\t<\/div>\n\t\t\t\t\t<\/div>\n\t\t\t\t<\/div>\n\t\t<div data-particle_enable=\"false\" data-particle-mobile-disabled=\"false\" class=\"elementor-element elementor-element-1cb2f05 e-grid e-con-boxed e-con e-parent\" data-id=\"1cb2f05\" data-element_type=\"container\">\n\t\t\t\t\t<div class=\"e-con-inner\">\n\t\t\t\t<div class=\"elementor-element elementor-element-1665ce5 elementor-align-center elementor-widget__width-initial elementor-widget elementor-widget-button\" data-id=\"1665ce5\" data-element_type=\"widget\" data-widget_type=\"button.default\">\n\t\t\t\t<div class=\"elementor-widget-container\">\n\t\t\t\t\t\t\t\t\t<div class=\"elementor-button-wrapper\">\n\t\t\t\t\t<a class=\"elementor-button elementor-button-link elementor-size-sm\" href=\"https:\/\/gloim.com\/de\/modular-house\/\">\n\t\t\t\t\t\t<span class=\"elementor-button-content-wrapper\">\n\t\t\t\t\t\t\t\t\t<span class=\"elementor-button-text\">Modulh\u00e4user<\/span>\n\t\t\t\t\t<\/span>\n\t\t\t\t\t<\/a>\n\t\t\t\t<\/div>\n\t\t\t\t\t\t\t\t<\/div>\n\t\t\t\t<\/div>\n\t\t\t\t<div class=\"elementor-element elementor-element-dd77bca elementor-align-center elementor-widget__width-initial elementor-widget elementor-widget-button\" data-id=\"dd77bca\" data-element_type=\"widget\" data-widget_type=\"button.default\">\n\t\t\t\t<div class=\"elementor-widget-container\">\n\t\t\t\t\t\t\t\t\t<div class=\"elementor-button-wrapper\">\n\t\t\t\t\t<a class=\"elementor-button elementor-button-link elementor-size-sm\" href=\"https:\/\/gloim.com\/de\/ratgeber\/\">\n\t\t\t\t\t\t<span class=\"elementor-button-content-wrapper\">\n\t\t\t\t\t\t\t\t\t<span class=\"elementor-button-text\">Ratgeber   <\/span>\n\t\t\t\t\t<\/span>\n\t\t\t\t\t<\/a>\n\t\t\t\t<\/div>\n\t\t\t\t\t\t\t\t<\/div>\n\t\t\t\t<\/div>\n\t\t\t\t<div class=\"elementor-element elementor-element-edc006d elementor-align-center elementor-widget__width-initial elementor-widget elementor-widget-button\" data-id=\"edc006d\" data-element_type=\"widget\" data-widget_type=\"button.default\">\n\t\t\t\t<div class=\"elementor-widget-container\">\n\t\t\t\t\t\t\t\t\t<div class=\"elementor-button-wrapper\">\n\t\t\t\t\t<a class=\"elementor-button elementor-button-link elementor-size-sm\" href=\"https:\/\/gloim.com\/de\/contact-us\/\">\n\t\t\t\t\t\t<span class=\"elementor-button-content-wrapper\">\n\t\t\t\t\t\t\t\t\t<span class=\"elementor-button-text\">Kontakt<\/span>\n\t\t\t\t\t<\/span>\n\t\t\t\t\t<\/a>\n\t\t\t\t<\/div>\n\t\t\t\t\t\t\t\t<\/div>\n\t\t\t\t<\/div>\n\t\t\t\t\t<\/div>\n\t\t\t\t<\/div>\n\t\t<div data-particle_enable=\"false\" data-particle-mobile-disabled=\"false\" class=\"elementor-element elementor-element-be6f749 e-flex e-con-boxed e-con e-parent\" data-id=\"be6f749\" data-element_type=\"container\">\n\t\t\t\t\t<div class=\"e-con-inner\">\n\t\t\t\t<div class=\"elementor-element elementor-element-edc68bb elementor-widget elementor-widget-spacer\" data-id=\"edc68bb\" data-element_type=\"widget\" data-widget_type=\"spacer.default\">\n\t\t\t\t<div class=\"elementor-widget-container\">\n\t\t\t\t\t\t\t<div class=\"elementor-spacer\">\n\t\t\t<div class=\"elementor-spacer-inner\"><\/div>\n\t\t<\/div>\n\t\t\t\t\t\t<\/div>\n\t\t\t\t<\/div>\n\t\t\t\t<div class=\"elementor-element elementor-element-296b2f8 elementor-widget elementor-widget-image\" data-id=\"296b2f8\" data-element_type=\"widget\" data-widget_type=\"image.default\">\n\t\t\t\t<div class=\"elementor-widget-container\">\n\t\t\t\t\t\t\t\t\t\t\t\t\t\t\t<img decoding=\"async\" src=\"https:\/\/gloim.com\/wp-content\/uploads\/elementor\/thumbs\/Real-estate-Dresden-02-r2nazvwrdwdg7nhaeb3tx5skmerf1sehujahyva104.webp\" title=\"Real estate Dresden 02\" alt=\"Real estate Dresden 02\" loading=\"lazy\" \/>\t\t\t\t\t\t\t\t\t\t\t\t\t\t\t<\/div>\n\t\t\t\t<\/div>\n\t\t\t\t<div class=\"elementor-element elementor-element-2c7d3ea elementor-widget elementor-widget-spacer\" data-id=\"2c7d3ea\" data-element_type=\"widget\" data-widget_type=\"spacer.default\">\n\t\t\t\t<div class=\"elementor-widget-container\">\n\t\t\t\t\t\t\t<div class=\"elementor-spacer\">\n\t\t\t<div class=\"elementor-spacer-inner\"><\/div>\n\t\t<\/div>\n\t\t\t\t\t\t<\/div>\n\t\t\t\t<\/div>\n\t\t\t\t<div class=\"elementor-element elementor-element-9593679 elementor-widget elementor-widget-text-editor\" data-id=\"9593679\" data-element_type=\"widget\" data-widget_type=\"text-editor.default\">\n\t\t\t\t<div class=\"elementor-widget-container\">\n\t\t\t\t\t\t\t\t\t<p style=\"text-align: center;\">Wir sind Partner der IMAG, einem Netzwerk von mehr als tausend Makler-Kollegen. <br>Dies ermo\u0308glicht es uns, Ihnen ein grenzenloses Immobilien-Portfolio anbieten zu ko\u0308nnen.<\/p><p style=\"text-align: center;\"><strong>Regional - U\u0308berregional\u00a0-\u00a0International<\/strong><\/p>\t\t\t\t\t\t\t\t<\/div>\n\t\t\t\t<\/div>\n\t\t\t\t<div class=\"elementor-element elementor-element-b338d8a elementor-widget elementor-widget-html\" data-id=\"b338d8a\" data-element_type=\"widget\" data-widget_type=\"html.default\">\n\t\t\t\t<div class=\"elementor-widget-container\">\n\t\t\t\t\t<!--Sie k\u00f6nnen diesen Code an einem beliebigen Platz in ihrer Homepage einbinden. Die Immobiliensuche wird an dieser Stelle erscheinen. -->\n<div id=\"imag-immobiliensuche\"><\/div>\n\n<!--F\u00fcr eine bessere Performance den nachfolgenden Code an das Ende des <body> Tags einbinden-->\n\n<script>\n    (function(w, d, k, e) {\n    const cssApi = d.createElement('link');\n    cssApi.rel = 'stylesheet';\n    cssApi.type = 'text\/css';\n    cssApi.href = 'https:\/\/www.imag-portal.de\/property_search_integration\/build\/api.css';\n    d.head.appendChild(cssApi);\n\n    const jsApi = d.createElement('script');\n    jsApi.src = 'https:\/\/www.imag-portal.de\/property_search_integration\/build\/api.js';\n    jsApi.type = 'text\/javascript';\n    jsApi.charset = 'UTF-8';\n    d.body.appendChild(jsApi);\n    jsApi.addEventListener('load', function() {\n        initializePsi(k, e);\n    })\n})(window, document, '1eed6126-f532-6652-8fb0-5db85b8b2e81', 'imag-immobiliensuche');\n<\/script>\t\t\t\t<\/div>\n\t\t\t\t<\/div>\n\t\t\t\t\t<\/div>\n\t\t\t\t<\/div>\n\t\t<div data-particle_enable=\"false\" data-particle-mobile-disabled=\"false\" class=\"elementor-element elementor-element-e266be4 e-flex e-con-boxed e-con e-parent\" data-id=\"e266be4\" data-element_type=\"container\">\n\t\t\t\t\t<div class=\"e-con-inner\">\n\t\t\t\t<div class=\"elementor-element elementor-element-29a474e elementor-widget elementor-widget-spacer\" data-id=\"29a474e\" data-element_type=\"widget\" data-widget_type=\"spacer.default\">\n\t\t\t\t<div class=\"elementor-widget-container\">\n\t\t\t\t\t\t\t<div class=\"elementor-spacer\">\n\t\t\t<div class=\"elementor-spacer-inner\"><\/div>\n\t\t<\/div>\n\t\t\t\t\t\t<\/div>\n\t\t\t\t<\/div>\n\t\t\t\t<div class=\"elementor-element elementor-element-7c21f13 elementor-widget elementor-widget-text-editor\" data-id=\"7c21f13\" data-element_type=\"widget\" data-widget_type=\"text-editor.default\">\n\t\t\t\t<div class=\"elementor-widget-container\">\n\t\t\t\t\t\t\t\t\t<p class=\"\" data-start=\"308\" data-end=\"324\"><strong data-start=\"308\" data-end=\"324\">Einleitung<\/strong><\/p><p data-start=\"308\" data-end=\"324\">\u00a0<\/p><p class=\"translation-block\" data-start=\"326\" data-end=\"633\">Das Postleitzahlengebiet 35xxx liegt im Herzen von Mittelhessen und umfasst St\u00e4dte wie Gie\u00dfen, Marburg, Wetzlar und Limburg. Mit \u00fcber 897.000 Einwohnern in 86 Orten bietet die Region urbanes Flair, naturnahe Lagen und eine hohe Lebensqualit\u00e4t.<\/p><p data-start=\"326\" data-end=\"633\">\u00a0<\/p><p class=\"\" data-start=\"635\" data-end=\"675\"><strong data-start=\"635\" data-end=\"675\">Wohnen und Leben im PLZ-Gebiet 35xxx<\/strong><\/p><p data-start=\"635\" data-end=\"675\">\u00a0<\/p><ul data-start=\"677\" data-end=\"989\"><li class=\"\" data-start=\"677\" data-end=\"792\"><p class=\"\" data-start=\"679\" data-end=\"792\"><strong data-start=\"679\" data-end=\"689\">Gie\u00dfen<\/strong> ist eine lebendige Universit\u00e4tsstadt mit vielf\u00e4ltigem Wohnangebot.<\/p><\/li><li class=\"\" data-start=\"793\" data-end=\"879\"><p class=\"\" data-start=\"795\" data-end=\"879\"><strong data-start=\"795\" data-end=\"806\">Marburg<\/strong> \u00fcberzeugt durch Altstadtcharme und studentische Dynamik.<\/p><\/li><li class=\"\" data-start=\"880\" data-end=\"989\"><p class=\"\" data-start=\"882\" data-end=\"989\"><strong data-start=\"882\" data-end=\"905\">Wetzlar and Limburg<\/strong> sind beliebt f\u00fcr ihre ruhigen Wohnlagen mit guter Infrastruktur.<\/p><\/li><\/ul><p>\u00a0<\/p><p class=\"translation-block\" data-start=\"991\" data-end=\"1108\">Verkehrstechnisch \u00fcberzeugt die Region durch A45, A485, Regionalz\u00fcge und die N\u00e4he zum Flughafen Frankfurt.<\/p><p data-start=\"991\" data-end=\"1108\">\u00a0<\/p><p class=\"\" data-start=\"1110\" data-end=\"1150\"><strong data-start=\"1110\" data-end=\"1150\">Immobilienpreise und Marktentwicklung<\/strong><\/p><p data-start=\"1110\" data-end=\"1150\">\u00a0<\/p><p class=\"\" data-start=\"1152\" data-end=\"1250\">Der Immobilienmarkt ist stabil und zeigt steigendes Interesse:<\/p><p data-start=\"1152\" data-end=\"1250\">\u00a0<\/p><ul data-start=\"1252\" data-end=\"1393\"><li class=\"\" data-start=\"1252\" data-end=\"1298\"><p class=\"\" data-start=\"1254\" data-end=\"1298\"><strong data-start=\"1254\" data-end=\"1274\">Gie\u00dfen &amp; Marburg<\/strong>: 2.800\u20134.500 \u20ac\/m\u00b2<\/p><\/li><li class=\"\" data-start=\"1299\" data-end=\"1345\"><p class=\"\" data-start=\"1301\" data-end=\"1345\"><strong data-start=\"1301\" data-end=\"1321\">Wetzlar, Limburg<\/strong>: 2.500\u20134.000 \u20ac\/m\u00b2<\/p><\/li><li class=\"\" data-start=\"1346\" data-end=\"1393\"><p class=\"\" data-start=\"1348\" data-end=\"1393\"><strong data-start=\"1348\" data-end=\"1369\">Surrounding towns<\/strong>: 1.800\u20133.200 \u20ac\/m\u00b2<\/p><\/li><\/ul><p>\u00a0<\/p><p class=\"translation-block\" data-start=\"1395\" data-end=\"1451\">Mieten bewegen sich zwischen 7,50 und 11,50 \u20ac\/m\u00b2.<\/p><p data-start=\"1395\" data-end=\"1451\">\u00a0<\/p><p class=\"\" data-start=\"1453\" data-end=\"1491\"><strong data-start=\"1453\" data-end=\"1491\">Zukunftsperspektiven des Immobilienmarktes<\/strong><\/p><p data-start=\"1453\" data-end=\"1491\">\u00a0<\/p><p class=\"\" data-start=\"1493\" data-end=\"1693\">Durch die studentische Nachfrage, wirtschaftliche St\u00e4rke und N\u00e4he zum Rhein-Main-Gebiet bleibt das PLZ-Gebiet 35xxx zukunftstr\u00e4chtig und attraktiv f\u00fcr Investitionen.<\/p><p data-start=\"1493\" data-end=\"1693\">\u00a0<\/p><p class=\"\" data-start=\"1695\" data-end=\"1813\"><strong data-start=\"1695\" data-end=\"1813\">#Immobilien35xxx #WohneninGie\u00dfen #MarburgImmobilien #HessenWohnen #MittelhessenImmobilien #InvestiereninDeutschland<\/strong><\/p>\t\t\t\t\t\t\t\t<\/div>\n\t\t\t\t<\/div>\n\t\t\t\t<div class=\"elementor-element elementor-element-44617d8 elementor-widget elementor-widget-spacer\" data-id=\"44617d8\" data-element_type=\"widget\" data-widget_type=\"spacer.default\">\n\t\t\t\t<div class=\"elementor-widget-container\">\n\t\t\t\t\t\t\t<div class=\"elementor-spacer\">\n\t\t\t<div class=\"elementor-spacer-inner\"><\/div>\n\t\t<\/div>\n\t\t\t\t\t\t<\/div>\n\t\t\t\t<\/div>\n\t\t\t\t\t<\/div>\n\t\t\t\t<\/div>\n\t\t\t\t<\/div>","protected":false},"excerpt":{"rendered":"<p>Real estate market in Germany 35xxx zip code area Living in the Heart of Hesse Explore the fascinating facets of this region with us &#8211; from its special advantages to its challenges. Discover not only our innovative modular houses, but also the extensive portfolio of our renowned partners. Modular House Guide Contact We are a [&hellip;]<\/p>","protected":false},"author":1,"featured_media":0,"parent":0,"menu_order":0,"comment_status":"closed","ping_status":"closed","template":"","meta":{"footnotes":""},"class_list":["post-2391","page","type-page","status-publish","hentry"],"_links":{"self":[{"href":"https:\/\/gloim.com\/de\/wp-json\/wp\/v2\/pages\/2391","targetHints":{"allow":["GET"]}}],"collection":[{"href":"https:\/\/gloim.com\/de\/wp-json\/wp\/v2\/pages"}],"about":[{"href":"https:\/\/gloim.com\/de\/wp-json\/wp\/v2\/types\/page"}],"author":[{"embeddable":true,"href":"https:\/\/gloim.com\/de\/wp-json\/wp\/v2\/users\/1"}],"replies":[{"embeddable":true,"href":"https:\/\/gloim.com\/de\/wp-json\/wp\/v2\/comments?post=2391"}],"version-history":[{"count":0,"href":"https:\/\/gloim.com\/de\/wp-json\/wp\/v2\/pages\/2391\/revisions"}],"wp:attachment":[{"href":"https:\/\/gloim.com\/de\/wp-json\/wp\/v2\/media?parent=2391"}],"curies":[{"name":"wp","href":"https:\/\/api.w.org\/{rel}","templated":true}]}}