{"id":2448,"date":"2025-03-10T13:09:26","date_gmt":"2025-03-10T10:09:26","guid":{"rendered":"https:\/\/gloim.com\/?page_id=2448"},"modified":"2025-04-10T11:30:41","modified_gmt":"2025-04-10T08:30:41","slug":"real-estate-40xxx-living-in-dusseldorf-and-surroundings-property-market-2025","status":"publish","type":"page","link":"https:\/\/gloim.com\/de\/real-estate-40xxx-living-in-dusseldorf-and-surroundings-property-market-2025\/","title":{"rendered":"Real Estate 40xxx \u2013 Living in D\u00fcsseldorf and Surroundings | Property Market 2025"},"content":{"rendered":"<div data-elementor-type=\"wp-page\" data-elementor-id=\"2448\" class=\"elementor elementor-2448\" data-elementor-post-type=\"page\">\n\t\t\t\t<div data-particle_enable=\"false\" data-particle-mobile-disabled=\"false\" class=\"elementor-element elementor-element-18177ef e-flex e-con-boxed e-con e-parent\" data-id=\"18177ef\" data-element_type=\"container\">\n\t\t\t\t\t<div class=\"e-con-inner\">\n\t\t\t\t<div class=\"elementor-element elementor-element-34d97f5 elementor-widget elementor-widget-spacer\" data-id=\"34d97f5\" data-element_type=\"widget\" data-widget_type=\"spacer.default\">\n\t\t\t\t<div class=\"elementor-widget-container\">\n\t\t\t\t\t\t\t<div class=\"elementor-spacer\">\n\t\t\t<div class=\"elementor-spacer-inner\"><\/div>\n\t\t<\/div>\n\t\t\t\t\t\t<\/div>\n\t\t\t\t<\/div>\n\t\t\t\t<div class=\"elementor-element elementor-element-54b7a29 elementor-widget elementor-widget-heading\" data-id=\"54b7a29\" data-element_type=\"widget\" data-widget_type=\"heading.default\">\n\t\t\t\t<div class=\"elementor-widget-container\">\n\t\t\t\t\t<h1 class=\"elementor-heading-title elementor-size-default\">Immobilienmarkt in Deutschland 40xxx Postleitzahlengebiet<\/h1>\t\t\t\t<\/div>\n\t\t\t\t<\/div>\n\t\t\t\t<div class=\"elementor-element elementor-element-a10a5f5 elementor-widget elementor-widget-heading\" data-id=\"a10a5f5\" data-element_type=\"widget\" data-widget_type=\"heading.default\">\n\t\t\t\t<div class=\"elementor-widget-container\">\n\t\t\t\t\t<h2 class=\"elementor-heading-title elementor-size-default\">Living and Housing in D\u00fcsseldorf and Surroundings<\/h2>\t\t\t\t<\/div>\n\t\t\t\t<\/div>\n\t\t\t\t<div class=\"elementor-element elementor-element-fa5b486 elementor-widget elementor-widget-text-editor\" data-id=\"fa5b486\" data-element_type=\"widget\" data-widget_type=\"text-editor.default\">\n\t\t\t\t<div class=\"elementor-widget-container\">\n\t\t\t\t\t\t\t\t\t<p style=\"text-align: center;\">Erkunden Sie mit uns die faszinierenden Facetten dieser Region \u2013 von ihren besonderen Vorteilen bis hin zu den Herausforderungen. Entdecken Sie nicht nur unsere innovativen Modulh\u00e4user, sondern auch das umfangreiche Portfolio unserer renommierten Partner.<\/p>\t\t\t\t\t\t\t\t<\/div>\n\t\t\t\t<\/div>\n\t\t\t\t<div class=\"elementor-element elementor-element-6b03b23 elementor-widget elementor-widget-spacer\" data-id=\"6b03b23\" data-element_type=\"widget\" data-widget_type=\"spacer.default\">\n\t\t\t\t<div class=\"elementor-widget-container\">\n\t\t\t\t\t\t\t<div class=\"elementor-spacer\">\n\t\t\t<div class=\"elementor-spacer-inner\"><\/div>\n\t\t<\/div>\n\t\t\t\t\t\t<\/div>\n\t\t\t\t<\/div>\n\t\t\t\t\t<\/div>\n\t\t\t\t<\/div>\n\t\t<div data-particle_enable=\"false\" data-particle-mobile-disabled=\"false\" class=\"elementor-element elementor-element-1cb2f05 e-grid e-con-boxed e-con e-parent\" data-id=\"1cb2f05\" data-element_type=\"container\">\n\t\t\t\t\t<div class=\"e-con-inner\">\n\t\t\t\t<div class=\"elementor-element elementor-element-1665ce5 elementor-align-center elementor-widget__width-initial elementor-widget elementor-widget-button\" data-id=\"1665ce5\" data-element_type=\"widget\" data-widget_type=\"button.default\">\n\t\t\t\t<div class=\"elementor-widget-container\">\n\t\t\t\t\t\t\t\t\t<div class=\"elementor-button-wrapper\">\n\t\t\t\t\t<a class=\"elementor-button elementor-button-link elementor-size-sm\" href=\"https:\/\/gloim.com\/de\/modular-house\/\">\n\t\t\t\t\t\t<span class=\"elementor-button-content-wrapper\">\n\t\t\t\t\t\t\t\t\t<span class=\"elementor-button-text\">Modulh\u00e4user<\/span>\n\t\t\t\t\t<\/span>\n\t\t\t\t\t<\/a>\n\t\t\t\t<\/div>\n\t\t\t\t\t\t\t\t<\/div>\n\t\t\t\t<\/div>\n\t\t\t\t<div class=\"elementor-element elementor-element-dd77bca elementor-align-center elementor-widget__width-initial elementor-widget elementor-widget-button\" data-id=\"dd77bca\" data-element_type=\"widget\" data-widget_type=\"button.default\">\n\t\t\t\t<div class=\"elementor-widget-container\">\n\t\t\t\t\t\t\t\t\t<div class=\"elementor-button-wrapper\">\n\t\t\t\t\t<a class=\"elementor-button elementor-button-link elementor-size-sm\" href=\"https:\/\/gloim.com\/de\/ratgeber\/\">\n\t\t\t\t\t\t<span class=\"elementor-button-content-wrapper\">\n\t\t\t\t\t\t\t\t\t<span class=\"elementor-button-text\">Ratgeber   <\/span>\n\t\t\t\t\t<\/span>\n\t\t\t\t\t<\/a>\n\t\t\t\t<\/div>\n\t\t\t\t\t\t\t\t<\/div>\n\t\t\t\t<\/div>\n\t\t\t\t<div class=\"elementor-element elementor-element-edc006d elementor-align-center elementor-widget__width-initial elementor-widget elementor-widget-button\" data-id=\"edc006d\" data-element_type=\"widget\" data-widget_type=\"button.default\">\n\t\t\t\t<div class=\"elementor-widget-container\">\n\t\t\t\t\t\t\t\t\t<div class=\"elementor-button-wrapper\">\n\t\t\t\t\t<a class=\"elementor-button elementor-button-link elementor-size-sm\" href=\"https:\/\/gloim.com\/de\/contact-us\/\">\n\t\t\t\t\t\t<span class=\"elementor-button-content-wrapper\">\n\t\t\t\t\t\t\t\t\t<span class=\"elementor-button-text\">Kontakt<\/span>\n\t\t\t\t\t<\/span>\n\t\t\t\t\t<\/a>\n\t\t\t\t<\/div>\n\t\t\t\t\t\t\t\t<\/div>\n\t\t\t\t<\/div>\n\t\t\t\t\t<\/div>\n\t\t\t\t<\/div>\n\t\t<div data-particle_enable=\"false\" data-particle-mobile-disabled=\"false\" class=\"elementor-element elementor-element-be6f749 e-flex e-con-boxed e-con e-parent\" data-id=\"be6f749\" data-element_type=\"container\">\n\t\t\t\t\t<div class=\"e-con-inner\">\n\t\t\t\t<div class=\"elementor-element elementor-element-edc68bb elementor-widget elementor-widget-spacer\" data-id=\"edc68bb\" data-element_type=\"widget\" data-widget_type=\"spacer.default\">\n\t\t\t\t<div class=\"elementor-widget-container\">\n\t\t\t\t\t\t\t<div class=\"elementor-spacer\">\n\t\t\t<div class=\"elementor-spacer-inner\"><\/div>\n\t\t<\/div>\n\t\t\t\t\t\t<\/div>\n\t\t\t\t<\/div>\n\t\t\t\t<div class=\"elementor-element elementor-element-296b2f8 elementor-widget elementor-widget-image\" data-id=\"296b2f8\" data-element_type=\"widget\" data-widget_type=\"image.default\">\n\t\t\t\t<div class=\"elementor-widget-container\">\n\t\t\t\t\t\t\t\t\t\t\t\t\t\t\t<img decoding=\"async\" src=\"https:\/\/gloim.com\/wp-content\/uploads\/elementor\/thumbs\/Real-Estate-Market-Hamburg-Luneburg-\u2013-Living-in-Postal-Code-040xxx-r2neld6etbmdhxejbryqvzjeg6kmctfenefcu1apw4.webp\" title=\"Real Estate Market Hamburg &#038; L\u00fcneburg \u2013 Living in Postal Code 040xxx\" alt=\"Real Estate Market Hamburg &amp; L\u00fcneburg \u2013 Living in Postal Code 040xxx\" loading=\"lazy\" \/>\t\t\t\t\t\t\t\t\t\t\t\t\t\t\t<\/div>\n\t\t\t\t<\/div>\n\t\t\t\t<div class=\"elementor-element elementor-element-2c7d3ea elementor-widget elementor-widget-spacer\" data-id=\"2c7d3ea\" data-element_type=\"widget\" data-widget_type=\"spacer.default\">\n\t\t\t\t<div class=\"elementor-widget-container\">\n\t\t\t\t\t\t\t<div class=\"elementor-spacer\">\n\t\t\t<div class=\"elementor-spacer-inner\"><\/div>\n\t\t<\/div>\n\t\t\t\t\t\t<\/div>\n\t\t\t\t<\/div>\n\t\t\t\t<div class=\"elementor-element elementor-element-9593679 elementor-widget elementor-widget-text-editor\" data-id=\"9593679\" data-element_type=\"widget\" data-widget_type=\"text-editor.default\">\n\t\t\t\t<div class=\"elementor-widget-container\">\n\t\t\t\t\t\t\t\t\t<p style=\"text-align: center;\">Wir sind Partner der IMAG, einem Netzwerk von mehr als tausend Makler-Kollegen. <br>Dies ermo\u0308glicht es uns, Ihnen ein grenzenloses Immobilien-Portfolio anbieten zu ko\u0308nnen.<\/p><p style=\"text-align: center;\"><strong>Regional - U\u0308berregional\u00a0-\u00a0International<\/strong><\/p>\t\t\t\t\t\t\t\t<\/div>\n\t\t\t\t<\/div>\n\t\t\t\t<div class=\"elementor-element elementor-element-b338d8a elementor-widget elementor-widget-html\" data-id=\"b338d8a\" data-element_type=\"widget\" data-widget_type=\"html.default\">\n\t\t\t\t<div class=\"elementor-widget-container\">\n\t\t\t\t\t<!--Sie k\u00f6nnen diesen Code an einem beliebigen Platz in ihrer Homepage einbinden. Die Immobiliensuche wird an dieser Stelle erscheinen. -->\n<div id=\"imag-immobiliensuche\"><\/div>\n\n<!--F\u00fcr eine bessere Performance den nachfolgenden Code an das Ende des <body> Tags einbinden-->\n\n<script>\n    (function(w, d, k, e) {\n    const cssApi = d.createElement('link');\n    cssApi.rel = 'stylesheet';\n    cssApi.type = 'text\/css';\n    cssApi.href = 'https:\/\/www.imag-portal.de\/property_search_integration\/build\/api.css';\n    d.head.appendChild(cssApi);\n\n    const jsApi = d.createElement('script');\n    jsApi.src = 'https:\/\/www.imag-portal.de\/property_search_integration\/build\/api.js';\n    jsApi.type = 'text\/javascript';\n    jsApi.charset = 'UTF-8';\n    d.body.appendChild(jsApi);\n    jsApi.addEventListener('load', function() {\n        initializePsi(k, e);\n    })\n})(window, document, '1eed6126-f532-6652-8fb0-5db85b8b2e81', 'imag-immobiliensuche');\n<\/script>\t\t\t\t<\/div>\n\t\t\t\t<\/div>\n\t\t\t\t\t<\/div>\n\t\t\t\t<\/div>\n\t\t<div data-particle_enable=\"false\" data-particle-mobile-disabled=\"false\" class=\"elementor-element elementor-element-e266be4 e-flex e-con-boxed e-con e-parent\" data-id=\"e266be4\" data-element_type=\"container\">\n\t\t\t\t\t<div class=\"e-con-inner\">\n\t\t\t\t<div class=\"elementor-element elementor-element-29a474e elementor-widget elementor-widget-spacer\" data-id=\"29a474e\" data-element_type=\"widget\" data-widget_type=\"spacer.default\">\n\t\t\t\t<div class=\"elementor-widget-container\">\n\t\t\t\t\t\t\t<div class=\"elementor-spacer\">\n\t\t\t<div class=\"elementor-spacer-inner\"><\/div>\n\t\t<\/div>\n\t\t\t\t\t\t<\/div>\n\t\t\t\t<\/div>\n\t\t\t\t<div class=\"elementor-element elementor-element-7c21f13 elementor-widget elementor-widget-text-editor\" data-id=\"7c21f13\" data-element_type=\"widget\" data-widget_type=\"text-editor.default\">\n\t\t\t\t<div class=\"elementor-widget-container\">\n\t\t\t\t\t\t\t\t\t<h3 class=\"\" data-start=\"315\" data-end=\"333\">Einleitung<\/h3><p>\u00a0<\/p><p class=\"\" data-start=\"334\" data-end=\"708\">The <strong data-start=\"338\" data-end=\"364\">40xxx postal code area<\/strong> encompasses the vibrant city of <strong data-start=\"397\" data-end=\"411\">D\u00fcsseldorf<\/strong>, the capital of <strong data-start=\"428\" data-end=\"454\">North Rhine-Westphalia<\/strong>, and its neighboring districts such as <strong data-start=\"494\" data-end=\"503\">Neuss<\/strong>, <strong data-start=\"505\" data-end=\"518\">Meerbusch<\/strong>, and <strong data-start=\"524\" data-end=\"536\">Ratingen<\/strong>. With a population exceeding <strong data-start=\"566\" data-end=\"587\">600,000 residents<\/strong>, D\u00fcsseldorf is renowned for its fashion industry, art scene, and as a major international business and financial center.<\/p><p data-start=\"334\" data-end=\"708\">\u00a0<\/p><h3 class=\"\" data-start=\"710\" data-end=\"764\">Living and Housing in the 40xxx Postal Code Area<\/h3><p>\u00a0<\/p><p class=\"\" data-start=\"765\" data-end=\"822\">The region offers a diverse range of living environments:<\/p><p data-start=\"765\" data-end=\"822\">\u00a0<\/p><ul data-start=\"824\" data-end=\"1242\"><li class=\"\" data-start=\"824\" data-end=\"945\"><p class=\"\" data-start=\"826\" data-end=\"945\"><strong data-start=\"826\" data-end=\"852\">D\u00fcsseldorf City Center<\/strong> \u2013 A bustling urban area with luxury apartments, high-end shopping, and cultural attractions.<\/p><\/li><li class=\"\" data-start=\"946\" data-end=\"1031\"><p class=\"\" data-start=\"948\" data-end=\"1031\"><strong data-start=\"948\" data-end=\"962\">Oberkassel<\/strong> \u2013 Known for its upscale residences and proximity to the Rhine River.<\/p><\/li><li class=\"\" data-start=\"1032\" data-end=\"1125\"><p class=\"\" data-start=\"1034\" data-end=\"1125\"><strong data-start=\"1034\" data-end=\"1055\">Bilk and Flingern<\/strong> \u2013 Trendy neighborhoods popular among young professionals and artists.<\/p><\/li><li class=\"\" data-start=\"1126\" data-end=\"1242\"><p class=\"\" data-start=\"1128\" data-end=\"1242\"><strong data-start=\"1128\" data-end=\"1171\">Suburban Areas (e.g., Neuss, Meerbusch)<\/strong> \u2013 Family-friendly communities with green spaces and excellent schools.<\/p><\/li><\/ul><p>\u00a0<\/p><p class=\"\" data-start=\"1244\" data-end=\"1496\">D\u00fcsseldorf boasts an efficient public transportation system, including trams, buses, and regional trains, and is well-connected via the <strong data-start=\"1380\" data-end=\"1386\">A3<\/strong>, <strong data-start=\"1388\" data-end=\"1395\">A44<\/strong>, and <strong data-start=\"1401\" data-end=\"1408\">A52<\/strong> motorways. The <strong data-start=\"1424\" data-end=\"1460\">D\u00fcsseldorf International Airport<\/strong> further enhances its accessibility.<\/p><p data-start=\"1244\" data-end=\"1496\">\u00a0<\/p><h3 class=\"\" data-start=\"1498\" data-end=\"1540\">Immobilienpreise und Marktentwicklung<\/h3><p>\u00a0<\/p><p class=\"\" data-start=\"1541\" data-end=\"1634\">As of <strong data-start=\"1547\" data-end=\"1561\">April 2025<\/strong>, the real estate market in the 40xxx area exhibits the following trends:<\/p><p data-start=\"1541\" data-end=\"1634\">\u00a0<\/p><ul data-start=\"1636\" data-end=\"1952\"><li class=\"\" data-start=\"1636\" data-end=\"1802\"><p class=\"\" data-start=\"1638\" data-end=\"1802\"><strong data-start=\"1638\" data-end=\"1652\">Apartments<\/strong>: Average prices range from <strong data-start=\"1680\" data-end=\"1717\">\u20ac2,451 to \u20ac8,377 per square meter<\/strong>, depending on location and property specifics .<\/p><\/li><li class=\"\" data-start=\"1803\" data-end=\"1952\"><p class=\"\" data-start=\"1805\" data-end=\"1952\"><strong data-start=\"1805\" data-end=\"1815\">Houses<\/strong>: Prices start from approximately <strong data-start=\"1849\" data-end=\"1876\">\u20ac1,944 per square meter<\/strong>, varying based on size and amenities .<\/p><\/li><\/ul><p>\u00a0<\/p><p class=\"\" data-start=\"1954\" data-end=\"2099\">The market has experienced moderate growth, with a <strong data-start=\"2005\" data-end=\"2022\">3.5% increase<\/strong> in property prices projected for 2025 .<\/p><p data-start=\"1954\" data-end=\"2099\">\u00a0<\/p><h3 class=\"\" data-start=\"2101\" data-end=\"2147\">Zukunftsperspektiven des Immobilienmarktes<\/h3><p>\u00a0<\/p><p class=\"\" data-start=\"2148\" data-end=\"2220\">D\u00fcsseldorf&#8217;s real estate market is expected to remain robust, driven by:<\/p><p data-start=\"2148\" data-end=\"2220\">\u00a0<\/p><ul data-start=\"2222\" data-end=\"2544\"><li class=\"\" data-start=\"2222\" data-end=\"2301\"><p class=\"\" data-start=\"2224\" data-end=\"2301\"><strong data-start=\"2224\" data-end=\"2244\">Continued demand<\/strong> for luxury properties, especially along the Rhine River.<\/p><\/li><li class=\"\" data-start=\"2302\" data-end=\"2380\"><p class=\"\" data-start=\"2304\" data-end=\"2380\"><strong data-start=\"2304\" data-end=\"2339\">Ongoing infrastructure projects<\/strong> enhancing connectivity and urban appeal.<\/p><\/li><li class=\"\" data-start=\"2381\" data-end=\"2544\"><p class=\"\" data-start=\"2383\" data-end=\"2544\"><strong data-start=\"2383\" data-end=\"2404\">Population growth<\/strong>, with an anticipated <strong data-start=\"2426\" data-end=\"2443\">1.5% increase<\/strong> in 2025, attracting both domestic and international investors .<\/p><\/li><\/ul><p>\u00a0<\/p><h3 class=\"\" data-start=\"2546\" data-end=\"2562\">Fazit<\/h3><p>\u00a0<\/p><p class=\"\" data-start=\"2563\" data-end=\"2737\">Whether seeking a chic city apartment or a suburban family home, the <strong data-start=\"2632\" data-end=\"2658\">40xxx postal code area<\/strong> offers diverse housing options, a dynamic economy, and a high quality of life.<\/p><p data-start=\"2563\" data-end=\"2737\">\u00a0<\/p><p class=\"\" data-start=\"2739\" data-end=\"2858\"><strong data-start=\"2739\" data-end=\"2858\">#RealEstate40xxx #LivingInD\u00fcsseldorf #D\u00fcsseldorfProperty #InvestInNRW #D\u00fcsseldorfRealEstate #LuxuryLivingD\u00fcsseldorf<\/strong><\/p>\t\t\t\t\t\t\t\t<\/div>\n\t\t\t\t<\/div>\n\t\t\t\t<div class=\"elementor-element elementor-element-44617d8 elementor-widget elementor-widget-spacer\" data-id=\"44617d8\" data-element_type=\"widget\" data-widget_type=\"spacer.default\">\n\t\t\t\t<div class=\"elementor-widget-container\">\n\t\t\t\t\t\t\t<div class=\"elementor-spacer\">\n\t\t\t<div class=\"elementor-spacer-inner\"><\/div>\n\t\t<\/div>\n\t\t\t\t\t\t<\/div>\n\t\t\t\t<\/div>\n\t\t\t\t\t<\/div>\n\t\t\t\t<\/div>\n\t\t\t\t<\/div>","protected":false},"excerpt":{"rendered":"<p>Real estate market in Germany 40xxx zip code area Living and Housing in D\u00fcsseldorf and Surroundings Explore the fascinating facets of this region with us &#8211; from its special advantages to its challenges. Discover not only our innovative modular houses, but also the extensive portfolio of our renowned partners. Modular House Guide Contact We are [&hellip;]<\/p>","protected":false},"author":1,"featured_media":0,"parent":0,"menu_order":0,"comment_status":"closed","ping_status":"closed","template":"","meta":{"footnotes":""},"class_list":["post-2448","page","type-page","status-publish","hentry"],"_links":{"self":[{"href":"https:\/\/gloim.com\/de\/wp-json\/wp\/v2\/pages\/2448","targetHints":{"allow":["GET"]}}],"collection":[{"href":"https:\/\/gloim.com\/de\/wp-json\/wp\/v2\/pages"}],"about":[{"href":"https:\/\/gloim.com\/de\/wp-json\/wp\/v2\/types\/page"}],"author":[{"embeddable":true,"href":"https:\/\/gloim.com\/de\/wp-json\/wp\/v2\/users\/1"}],"replies":[{"embeddable":true,"href":"https:\/\/gloim.com\/de\/wp-json\/wp\/v2\/comments?post=2448"}],"version-history":[{"count":0,"href":"https:\/\/gloim.com\/de\/wp-json\/wp\/v2\/pages\/2448\/revisions"}],"wp:attachment":[{"href":"https:\/\/gloim.com\/de\/wp-json\/wp\/v2\/media?parent=2448"}],"curies":[{"name":"wp","href":"https:\/\/api.w.org\/{rel}","templated":true}]}}