{"id":2457,"date":"2025-03-11T08:12:45","date_gmt":"2025-03-11T05:12:45","guid":{"rendered":"https:\/\/gloim.com\/?page_id=2457"},"modified":"2025-04-10T13:30:35","modified_gmt":"2025-04-10T10:30:35","slug":"real-estate-market-41xxx-living-in-monchengladbach-and-surroundings","status":"publish","type":"page","link":"https:\/\/gloim.com\/de\/real-estate-market-41xxx-living-in-monchengladbach-and-surroundings\/","title":{"rendered":"Real Estate Market 41xxx \u2013 Living in M\u00f6nchengladbach and Surroundings"},"content":{"rendered":"<div data-elementor-type=\"wp-page\" data-elementor-id=\"2457\" class=\"elementor elementor-2457\" data-elementor-post-type=\"page\">\n\t\t\t\t<div data-particle_enable=\"false\" data-particle-mobile-disabled=\"false\" class=\"elementor-element elementor-element-18177ef e-flex e-con-boxed e-con e-parent\" data-id=\"18177ef\" data-element_type=\"container\">\n\t\t\t\t\t<div class=\"e-con-inner\">\n\t\t\t\t<div class=\"elementor-element elementor-element-34d97f5 elementor-widget elementor-widget-spacer\" data-id=\"34d97f5\" data-element_type=\"widget\" data-widget_type=\"spacer.default\">\n\t\t\t\t<div class=\"elementor-widget-container\">\n\t\t\t\t\t\t\t<div class=\"elementor-spacer\">\n\t\t\t<div class=\"elementor-spacer-inner\"><\/div>\n\t\t<\/div>\n\t\t\t\t\t\t<\/div>\n\t\t\t\t<\/div>\n\t\t\t\t<div class=\"elementor-element elementor-element-54b7a29 elementor-widget elementor-widget-heading\" data-id=\"54b7a29\" data-element_type=\"widget\" data-widget_type=\"heading.default\">\n\t\t\t\t<div class=\"elementor-widget-container\">\n\t\t\t\t\t<h1 class=\"elementor-heading-title elementor-size-default\">Immobilienmarkt in Deutschland 41xxx Postleitzahlengebiet<\/h1>\t\t\t\t<\/div>\n\t\t\t\t<\/div>\n\t\t\t\t<div class=\"elementor-element elementor-element-a10a5f5 elementor-widget elementor-widget-heading\" data-id=\"a10a5f5\" data-element_type=\"widget\" data-widget_type=\"heading.default\">\n\t\t\t\t<div class=\"elementor-widget-container\">\n\t\t\t\t\t<h2 class=\"elementor-heading-title elementor-size-default\">Wohnen und Leben rund um M\u00f6nchengladbach<\/h2>\t\t\t\t<\/div>\n\t\t\t\t<\/div>\n\t\t\t\t<div class=\"elementor-element elementor-element-fa5b486 elementor-widget elementor-widget-text-editor\" data-id=\"fa5b486\" data-element_type=\"widget\" data-widget_type=\"text-editor.default\">\n\t\t\t\t<div class=\"elementor-widget-container\">\n\t\t\t\t\t\t\t\t\t<p style=\"text-align: center;\">Erkunden Sie mit uns die faszinierenden Facetten dieser Region \u2013 von ihren besonderen Vorteilen bis hin zu den Herausforderungen. Entdecken Sie nicht nur unsere innovativen Modulh\u00e4user, sondern auch das umfangreiche Portfolio unserer renommierten Partner.<\/p>\t\t\t\t\t\t\t\t<\/div>\n\t\t\t\t<\/div>\n\t\t\t\t<div class=\"elementor-element elementor-element-6b03b23 elementor-widget elementor-widget-spacer\" data-id=\"6b03b23\" data-element_type=\"widget\" data-widget_type=\"spacer.default\">\n\t\t\t\t<div class=\"elementor-widget-container\">\n\t\t\t\t\t\t\t<div class=\"elementor-spacer\">\n\t\t\t<div class=\"elementor-spacer-inner\"><\/div>\n\t\t<\/div>\n\t\t\t\t\t\t<\/div>\n\t\t\t\t<\/div>\n\t\t\t\t\t<\/div>\n\t\t\t\t<\/div>\n\t\t<div data-particle_enable=\"false\" data-particle-mobile-disabled=\"false\" class=\"elementor-element elementor-element-1cb2f05 e-grid e-con-boxed e-con e-parent\" data-id=\"1cb2f05\" data-element_type=\"container\">\n\t\t\t\t\t<div class=\"e-con-inner\">\n\t\t\t\t<div class=\"elementor-element elementor-element-1665ce5 elementor-align-center elementor-widget__width-initial elementor-widget elementor-widget-button\" data-id=\"1665ce5\" data-element_type=\"widget\" data-widget_type=\"button.default\">\n\t\t\t\t<div class=\"elementor-widget-container\">\n\t\t\t\t\t\t\t\t\t<div class=\"elementor-button-wrapper\">\n\t\t\t\t\t<a class=\"elementor-button elementor-button-link elementor-size-sm\" href=\"https:\/\/gloim.com\/de\/modular-house\/\">\n\t\t\t\t\t\t<span class=\"elementor-button-content-wrapper\">\n\t\t\t\t\t\t\t\t\t<span class=\"elementor-button-text\">Modulh\u00e4user<\/span>\n\t\t\t\t\t<\/span>\n\t\t\t\t\t<\/a>\n\t\t\t\t<\/div>\n\t\t\t\t\t\t\t\t<\/div>\n\t\t\t\t<\/div>\n\t\t\t\t<div class=\"elementor-element elementor-element-dd77bca elementor-align-center elementor-widget__width-initial elementor-widget elementor-widget-button\" data-id=\"dd77bca\" data-element_type=\"widget\" data-widget_type=\"button.default\">\n\t\t\t\t<div class=\"elementor-widget-container\">\n\t\t\t\t\t\t\t\t\t<div class=\"elementor-button-wrapper\">\n\t\t\t\t\t<a class=\"elementor-button elementor-button-link elementor-size-sm\" href=\"https:\/\/gloim.com\/de\/ratgeber\/\">\n\t\t\t\t\t\t<span class=\"elementor-button-content-wrapper\">\n\t\t\t\t\t\t\t\t\t<span class=\"elementor-button-text\">Ratgeber   <\/span>\n\t\t\t\t\t<\/span>\n\t\t\t\t\t<\/a>\n\t\t\t\t<\/div>\n\t\t\t\t\t\t\t\t<\/div>\n\t\t\t\t<\/div>\n\t\t\t\t<div class=\"elementor-element elementor-element-edc006d elementor-align-center elementor-widget__width-initial elementor-widget elementor-widget-button\" data-id=\"edc006d\" data-element_type=\"widget\" data-widget_type=\"button.default\">\n\t\t\t\t<div class=\"elementor-widget-container\">\n\t\t\t\t\t\t\t\t\t<div class=\"elementor-button-wrapper\">\n\t\t\t\t\t<a class=\"elementor-button elementor-button-link elementor-size-sm\" href=\"https:\/\/gloim.com\/de\/contact-us\/\">\n\t\t\t\t\t\t<span class=\"elementor-button-content-wrapper\">\n\t\t\t\t\t\t\t\t\t<span class=\"elementor-button-text\">Kontakt<\/span>\n\t\t\t\t\t<\/span>\n\t\t\t\t\t<\/a>\n\t\t\t\t<\/div>\n\t\t\t\t\t\t\t\t<\/div>\n\t\t\t\t<\/div>\n\t\t\t\t\t<\/div>\n\t\t\t\t<\/div>\n\t\t<div data-particle_enable=\"false\" data-particle-mobile-disabled=\"false\" class=\"elementor-element elementor-element-be6f749 e-flex e-con-boxed e-con e-parent\" data-id=\"be6f749\" data-element_type=\"container\">\n\t\t\t\t\t<div class=\"e-con-inner\">\n\t\t\t\t<div class=\"elementor-element elementor-element-edc68bb elementor-widget elementor-widget-spacer\" data-id=\"edc68bb\" data-element_type=\"widget\" data-widget_type=\"spacer.default\">\n\t\t\t\t<div class=\"elementor-widget-container\">\n\t\t\t\t\t\t\t<div class=\"elementor-spacer\">\n\t\t\t<div class=\"elementor-spacer-inner\"><\/div>\n\t\t<\/div>\n\t\t\t\t\t\t<\/div>\n\t\t\t\t<\/div>\n\t\t\t\t<div class=\"elementor-element elementor-element-296b2f8 elementor-widget elementor-widget-image\" data-id=\"296b2f8\" data-element_type=\"widget\" data-widget_type=\"image.default\">\n\t\t\t\t<div class=\"elementor-widget-container\">\n\t\t\t\t\t\t\t\t\t\t\t\t\t\t\t<img decoding=\"async\" src=\"https:\/\/gloim.com\/wp-content\/uploads\/elementor\/thumbs\/Real-Estate-Market-Hannover-Hildesheim-\u2013-Living-in-Postal-Code-041xxx-r2osc5d3cf2glc6weuoy937t1c151gpmuybhty33is.webp\" title=\"Real Estate Market Hannover &#038; Hildesheim \u2013 Living in Postal Code 041xxx\" alt=\"Real Estate Market Hannover &amp; Hildesheim \u2013 Living in Postal Code 041xxx\" loading=\"lazy\" \/>\t\t\t\t\t\t\t\t\t\t\t\t\t\t\t<\/div>\n\t\t\t\t<\/div>\n\t\t\t\t<div class=\"elementor-element elementor-element-2c7d3ea elementor-widget elementor-widget-spacer\" data-id=\"2c7d3ea\" data-element_type=\"widget\" data-widget_type=\"spacer.default\">\n\t\t\t\t<div class=\"elementor-widget-container\">\n\t\t\t\t\t\t\t<div class=\"elementor-spacer\">\n\t\t\t<div class=\"elementor-spacer-inner\"><\/div>\n\t\t<\/div>\n\t\t\t\t\t\t<\/div>\n\t\t\t\t<\/div>\n\t\t\t\t<div class=\"elementor-element elementor-element-9593679 elementor-widget elementor-widget-text-editor\" data-id=\"9593679\" data-element_type=\"widget\" data-widget_type=\"text-editor.default\">\n\t\t\t\t<div class=\"elementor-widget-container\">\n\t\t\t\t\t\t\t\t\t<p style=\"text-align: center;\">Wir sind Partner der IMAG, einem Netzwerk von mehr als tausend Makler-Kollegen. <br>Dies ermo\u0308glicht es uns, Ihnen ein grenzenloses Immobilien-Portfolio anbieten zu ko\u0308nnen.<\/p><p style=\"text-align: center;\"><strong>Regional - U\u0308berregional\u00a0-\u00a0International<\/strong><\/p>\t\t\t\t\t\t\t\t<\/div>\n\t\t\t\t<\/div>\n\t\t\t\t<div class=\"elementor-element elementor-element-b338d8a elementor-widget elementor-widget-html\" data-id=\"b338d8a\" data-element_type=\"widget\" data-widget_type=\"html.default\">\n\t\t\t\t<div class=\"elementor-widget-container\">\n\t\t\t\t\t<!--Sie k\u00f6nnen diesen Code an einem beliebigen Platz in ihrer Homepage einbinden. Die Immobiliensuche wird an dieser Stelle erscheinen. -->\n<div id=\"imag-immobiliensuche\"><\/div>\n\n<!--F\u00fcr eine bessere Performance den nachfolgenden Code an das Ende des <body> Tags einbinden-->\n\n<script>\n    (function(w, d, k, e) {\n    const cssApi = d.createElement('link');\n    cssApi.rel = 'stylesheet';\n    cssApi.type = 'text\/css';\n    cssApi.href = 'https:\/\/www.imag-portal.de\/property_search_integration\/build\/api.css';\n    d.head.appendChild(cssApi);\n\n    const jsApi = d.createElement('script');\n    jsApi.src = 'https:\/\/www.imag-portal.de\/property_search_integration\/build\/api.js';\n    jsApi.type = 'text\/javascript';\n    jsApi.charset = 'UTF-8';\n    d.body.appendChild(jsApi);\n    jsApi.addEventListener('load', function() {\n        initializePsi(k, e);\n    })\n})(window, document, '1eed6126-f532-6652-8fb0-5db85b8b2e81', 'imag-immobiliensuche');\n<\/script>\t\t\t\t<\/div>\n\t\t\t\t<\/div>\n\t\t\t\t\t<\/div>\n\t\t\t\t<\/div>\n\t\t<div data-particle_enable=\"false\" data-particle-mobile-disabled=\"false\" class=\"elementor-element elementor-element-e266be4 e-flex e-con-boxed e-con e-parent\" data-id=\"e266be4\" data-element_type=\"container\">\n\t\t\t\t\t<div class=\"e-con-inner\">\n\t\t\t\t<div class=\"elementor-element elementor-element-29a474e elementor-widget elementor-widget-spacer\" data-id=\"29a474e\" data-element_type=\"widget\" data-widget_type=\"spacer.default\">\n\t\t\t\t<div class=\"elementor-widget-container\">\n\t\t\t\t\t\t\t<div class=\"elementor-spacer\">\n\t\t\t<div class=\"elementor-spacer-inner\"><\/div>\n\t\t<\/div>\n\t\t\t\t\t\t<\/div>\n\t\t\t\t<\/div>\n\t\t\t\t<div class=\"elementor-element elementor-element-7c21f13 elementor-widget elementor-widget-text-editor\" data-id=\"7c21f13\" data-element_type=\"widget\" data-widget_type=\"text-editor.default\">\n\t\t\t\t<div class=\"elementor-widget-container\">\n\t\t\t\t\t\t\t\t\t<h2 class=\"\" data-start=\"2862\" data-end=\"2879\">Einleitung<\/h2><p>\u00a0<\/p><p class=\"translation-block\" data-start=\"2880\" data-end=\"3072\">Das PLZ-Gebiet 41xxx erstreckt sich \u00fcber Teile von Nordrhein-Westfalen und umfasst die kreisfreie Stadt M\u00f6nchengladbach sowie Gemeinden und St\u00e4dte aus den Landkreisen Viersen, Heinsberg und dem Rhein-Kreis Neuss.<\/p><p data-start=\"2880\" data-end=\"3072\">\u00a0<\/p><p class=\"translation-block\" data-start=\"3074\" data-end=\"3211\">Mit rund 931.000 Einwohnern und 17 Orten verbindet die Region Urbanit\u00e4t, Industriegeschichte und moderne Lebensqualit\u00e4t auf einzigartige Weise.<\/p><p data-start=\"3074\" data-end=\"3211\">\u00a0<\/p><h2 class=\"\" data-start=\"3213\" data-end=\"3256\">Wohnen und Leben im PLZ-Gebiet 41xxx<\/h2><p>\u00a0<\/p><p class=\"translation-block\" data-start=\"3257\" data-end=\"3636\">M\u00f6nchengladbach \u2013 bekannt durch seine Textiltradition, Sportvereine und gr\u00fcne Wohnlagen \u2013 bildet das Zentrum der Region.\nIn Orten wie Rommerskirchen, Grevenbroich oder Wegberg findet man eine ruhige, familienfreundliche Umgebung mit guter Verkehrsanbindung.<\/p><p class=\"translation-block\" data-start=\"3257\" data-end=\"3636\">Die Region punktet mit Autobahnen A44, A52, A61 sowie Bahnverbindungen nach D\u00fcsseldorf, K\u00f6ln und in die Niederlande.<\/p><p data-start=\"3257\" data-end=\"3636\">\u00a0<\/p><h2 class=\"\" data-start=\"3638\" data-end=\"3676\">Immobilienpreise und Marktentwicklung<\/h2><p>\u00a0<\/p><p class=\"\" data-start=\"3677\" data-end=\"3749\">Der Immobilienmarkt im PLZ-Gebiet 41xxx ist stabil mit leicht steigender Tendenz:<\/p><p data-start=\"3677\" data-end=\"3749\">\u00a0<\/p><ul data-start=\"3751\" data-end=\"3925\"><li class=\"\" data-start=\"3751\" data-end=\"3806\"><p class=\"\" data-start=\"3753\" data-end=\"3806\"><strong data-start=\"3753\" data-end=\"3785\">M\u00f6nchengladbach Zentrum:<\/strong> \u20ac2,800 \u2013 \u20ac4,100\/m\u00b2<\/p><\/li><li class=\"\" data-start=\"3807\" data-end=\"3857\"><p class=\"\" data-start=\"3809\" data-end=\"3857\"><strong data-start=\"3809\" data-end=\"3836\">Viersen &amp; Grevenbroich:<\/strong> \u20ac2,200 \u2013 \u20ac3,500\/m\u00b2<\/p><\/li><li class=\"\" data-start=\"3858\" data-end=\"3925\"><p class=\"\" data-start=\"3860\" data-end=\"3925\"><strong data-start=\"3860\" data-end=\"3904\">L\u00e4ndliche Umgebung (Heinsberg, Rommerskirchen):<\/strong> \u20ac1,800 \u2013 \u20ac2,800\/m\u00b2<\/p><\/li><\/ul><p>\u00a0<\/p><p class=\"translation-block\" data-start=\"3927\" data-end=\"4012\">Die Mietpreise liegen aktuell bei 7,50 \u2013 10,90 \u20ac\/m\u00b2, abh\u00e4ngig von Lage und Ausstattung.<\/p><p data-start=\"3927\" data-end=\"4012\">\u00a0<\/p><h2 class=\"\" data-start=\"4014\" data-end=\"4033\">Zukunftsperspektiven des Immobilienmarktes<\/h2><p>\u00a0<\/p><p class=\"translation-block\" data-start=\"4034\" data-end=\"4325\">Die Region profitiert von einer strategischen Lage im Rheinland, einem Mix aus Natur, urbanem Wohnen und Investitionen in die Infrastruktur.\nNachhaltige Neubauprojekte und ein gutes Preis-Leistungs-Verh\u00e4ltnis machen das PLZ-Gebiet 41xxx besonders attraktiv f\u00fcr Familien, Berufspendler und Kapitalanleger.<\/p><p data-start=\"4034\" data-end=\"4325\">\u00a0<\/p><h2 class=\"\" data-start=\"4327\" data-end=\"4342\">Fazit<\/h2><p>\u00a0<\/p><p class=\"translation-block\" data-start=\"4343\" data-end=\"4511\">Ob urbanes Leben in M\u00f6nchengladbach oder ruhiges Wohnen im Gr\u00fcnen \u2013 das PLZ-Gebiet 41xxx bietet hohe Lebensqualit\u00e4t, gute Anbindung und stabiles Investmentpotenzial.<\/p><p data-start=\"4343\" data-end=\"4511\">\u00a0<\/p><p class=\"\" data-start=\"4513\" data-end=\"4626\"><strong data-start=\"4513\" data-end=\"4626\">#Immobilien41xxx #WohneninM\u00f6nchengladbach #HauskaufNRW #ViersenImmobilien #GrevenbroichWohnen #RheinlandInvestieren<\/strong><\/p>\t\t\t\t\t\t\t\t<\/div>\n\t\t\t\t<\/div>\n\t\t\t\t<div class=\"elementor-element elementor-element-44617d8 elementor-widget elementor-widget-spacer\" data-id=\"44617d8\" data-element_type=\"widget\" data-widget_type=\"spacer.default\">\n\t\t\t\t<div class=\"elementor-widget-container\">\n\t\t\t\t\t\t\t<div class=\"elementor-spacer\">\n\t\t\t<div class=\"elementor-spacer-inner\"><\/div>\n\t\t<\/div>\n\t\t\t\t\t\t<\/div>\n\t\t\t\t<\/div>\n\t\t\t\t\t<\/div>\n\t\t\t\t<\/div>\n\t\t\t\t<\/div>","protected":false},"excerpt":{"rendered":"<p>Real estate market in Germany 41xxx zip code area Living in M\u00f6nchengladbach Region Explore the fascinating facets of this region with us &#8211; from its special advantages to its challenges. Discover not only our innovative modular houses, but also the extensive portfolio of our renowned partners. Modular House Guide Contact We are a partner of [&hellip;]<\/p>","protected":false},"author":1,"featured_media":0,"parent":0,"menu_order":0,"comment_status":"closed","ping_status":"closed","template":"","meta":{"footnotes":""},"class_list":["post-2457","page","type-page","status-publish","hentry"],"_links":{"self":[{"href":"https:\/\/gloim.com\/de\/wp-json\/wp\/v2\/pages\/2457","targetHints":{"allow":["GET"]}}],"collection":[{"href":"https:\/\/gloim.com\/de\/wp-json\/wp\/v2\/pages"}],"about":[{"href":"https:\/\/gloim.com\/de\/wp-json\/wp\/v2\/types\/page"}],"author":[{"embeddable":true,"href":"https:\/\/gloim.com\/de\/wp-json\/wp\/v2\/users\/1"}],"replies":[{"embeddable":true,"href":"https:\/\/gloim.com\/de\/wp-json\/wp\/v2\/comments?post=2457"}],"version-history":[{"count":0,"href":"https:\/\/gloim.com\/de\/wp-json\/wp\/v2\/pages\/2457\/revisions"}],"wp:attachment":[{"href":"https:\/\/gloim.com\/de\/wp-json\/wp\/v2\/media?parent=2457"}],"curies":[{"name":"wp","href":"https:\/\/api.w.org\/{rel}","templated":true}]}}