{"id":2530,"date":"2025-03-11T10:26:01","date_gmt":"2025-03-11T07:26:01","guid":{"rendered":"https:\/\/gloim.com\/?page_id=2530"},"modified":"2025-04-11T09:29:14","modified_gmt":"2025-04-11T06:29:14","slug":"real-estate-in-postal-code-48xxx-living-in-munster-steinfurt-surroundings","status":"publish","type":"page","link":"https:\/\/gloim.com\/de\/real-estate-in-postal-code-48xxx-living-in-munster-steinfurt-surroundings\/","title":{"rendered":"Real Estate in Postal Code 48xxx \u2013 Living in M\u00fcnster, Steinfurt &#038; Surroundings"},"content":{"rendered":"<div data-elementor-type=\"wp-page\" data-elementor-id=\"2530\" class=\"elementor elementor-2530\" data-elementor-post-type=\"page\">\n\t\t\t\t<div data-particle_enable=\"false\" data-particle-mobile-disabled=\"false\" class=\"elementor-element elementor-element-18177ef e-flex e-con-boxed e-con e-parent\" data-id=\"18177ef\" data-element_type=\"container\">\n\t\t\t\t\t<div class=\"e-con-inner\">\n\t\t\t\t<div class=\"elementor-element elementor-element-34d97f5 elementor-widget elementor-widget-spacer\" data-id=\"34d97f5\" data-element_type=\"widget\" data-widget_type=\"spacer.default\">\n\t\t\t\t<div class=\"elementor-widget-container\">\n\t\t\t\t\t\t\t<div class=\"elementor-spacer\">\n\t\t\t<div class=\"elementor-spacer-inner\"><\/div>\n\t\t<\/div>\n\t\t\t\t\t\t<\/div>\n\t\t\t\t<\/div>\n\t\t\t\t<div class=\"elementor-element elementor-element-54b7a29 elementor-widget elementor-widget-heading\" data-id=\"54b7a29\" data-element_type=\"widget\" data-widget_type=\"heading.default\">\n\t\t\t\t<div class=\"elementor-widget-container\">\n\t\t\t\t\t<h1 class=\"elementor-heading-title elementor-size-default\">Immobilienmarkt in Deutschland 48xxx Postleitzahlengebiet<\/h1>\t\t\t\t<\/div>\n\t\t\t\t<\/div>\n\t\t\t\t<div class=\"elementor-element elementor-element-a10a5f5 elementor-widget elementor-widget-heading\" data-id=\"a10a5f5\" data-element_type=\"widget\" data-widget_type=\"heading.default\">\n\t\t\t\t<div class=\"elementor-widget-container\">\n\t\t\t\t\t<h2 class=\"elementor-heading-title elementor-size-default\">Wohnen und Leben in M\u00fcnster und Umgebung<\/h2>\t\t\t\t<\/div>\n\t\t\t\t<\/div>\n\t\t\t\t<div class=\"elementor-element elementor-element-fa5b486 elementor-widget elementor-widget-text-editor\" data-id=\"fa5b486\" data-element_type=\"widget\" data-widget_type=\"text-editor.default\">\n\t\t\t\t<div class=\"elementor-widget-container\">\n\t\t\t\t\t\t\t\t\t<p style=\"text-align: center;\">Erkunden Sie mit uns die faszinierenden Facetten dieser Region \u2013 von ihren besonderen Vorteilen bis hin zu den Herausforderungen. Entdecken Sie nicht nur unsere innovativen Modulh\u00e4user, sondern auch das umfangreiche Portfolio unserer renommierten Partner.<\/p>\t\t\t\t\t\t\t\t<\/div>\n\t\t\t\t<\/div>\n\t\t\t\t<div class=\"elementor-element elementor-element-6b03b23 elementor-widget elementor-widget-spacer\" data-id=\"6b03b23\" data-element_type=\"widget\" data-widget_type=\"spacer.default\">\n\t\t\t\t<div class=\"elementor-widget-container\">\n\t\t\t\t\t\t\t<div class=\"elementor-spacer\">\n\t\t\t<div class=\"elementor-spacer-inner\"><\/div>\n\t\t<\/div>\n\t\t\t\t\t\t<\/div>\n\t\t\t\t<\/div>\n\t\t\t\t\t<\/div>\n\t\t\t\t<\/div>\n\t\t<div data-particle_enable=\"false\" data-particle-mobile-disabled=\"false\" class=\"elementor-element elementor-element-1cb2f05 e-grid e-con-boxed e-con e-parent\" data-id=\"1cb2f05\" data-element_type=\"container\">\n\t\t\t\t\t<div class=\"e-con-inner\">\n\t\t\t\t<div class=\"elementor-element elementor-element-1665ce5 elementor-align-center elementor-widget__width-initial elementor-widget elementor-widget-button\" data-id=\"1665ce5\" data-element_type=\"widget\" data-widget_type=\"button.default\">\n\t\t\t\t<div class=\"elementor-widget-container\">\n\t\t\t\t\t\t\t\t\t<div class=\"elementor-button-wrapper\">\n\t\t\t\t\t<a class=\"elementor-button elementor-button-link elementor-size-sm\" href=\"https:\/\/gloim.com\/de\/modular-house\/\">\n\t\t\t\t\t\t<span class=\"elementor-button-content-wrapper\">\n\t\t\t\t\t\t\t\t\t<span class=\"elementor-button-text\">Modulh\u00e4user<\/span>\n\t\t\t\t\t<\/span>\n\t\t\t\t\t<\/a>\n\t\t\t\t<\/div>\n\t\t\t\t\t\t\t\t<\/div>\n\t\t\t\t<\/div>\n\t\t\t\t<div class=\"elementor-element elementor-element-dd77bca elementor-align-center elementor-widget__width-initial elementor-widget elementor-widget-button\" data-id=\"dd77bca\" data-element_type=\"widget\" data-widget_type=\"button.default\">\n\t\t\t\t<div class=\"elementor-widget-container\">\n\t\t\t\t\t\t\t\t\t<div class=\"elementor-button-wrapper\">\n\t\t\t\t\t<a class=\"elementor-button elementor-button-link elementor-size-sm\" href=\"https:\/\/gloim.com\/de\/ratgeber\/\">\n\t\t\t\t\t\t<span class=\"elementor-button-content-wrapper\">\n\t\t\t\t\t\t\t\t\t<span class=\"elementor-button-text\">Ratgeber   <\/span>\n\t\t\t\t\t<\/span>\n\t\t\t\t\t<\/a>\n\t\t\t\t<\/div>\n\t\t\t\t\t\t\t\t<\/div>\n\t\t\t\t<\/div>\n\t\t\t\t<div class=\"elementor-element elementor-element-edc006d elementor-align-center elementor-widget__width-initial elementor-widget elementor-widget-button\" data-id=\"edc006d\" data-element_type=\"widget\" data-widget_type=\"button.default\">\n\t\t\t\t<div class=\"elementor-widget-container\">\n\t\t\t\t\t\t\t\t\t<div class=\"elementor-button-wrapper\">\n\t\t\t\t\t<a class=\"elementor-button elementor-button-link elementor-size-sm\" href=\"https:\/\/gloim.com\/de\/contact-us\/\">\n\t\t\t\t\t\t<span class=\"elementor-button-content-wrapper\">\n\t\t\t\t\t\t\t\t\t<span class=\"elementor-button-text\">Kontakt<\/span>\n\t\t\t\t\t<\/span>\n\t\t\t\t\t<\/a>\n\t\t\t\t<\/div>\n\t\t\t\t\t\t\t\t<\/div>\n\t\t\t\t<\/div>\n\t\t\t\t\t<\/div>\n\t\t\t\t<\/div>\n\t\t<div data-particle_enable=\"false\" data-particle-mobile-disabled=\"false\" class=\"elementor-element elementor-element-be6f749 e-flex e-con-boxed e-con e-parent\" data-id=\"be6f749\" data-element_type=\"container\">\n\t\t\t\t\t<div class=\"e-con-inner\">\n\t\t\t\t<div class=\"elementor-element elementor-element-edc68bb elementor-widget elementor-widget-spacer\" data-id=\"edc68bb\" data-element_type=\"widget\" data-widget_type=\"spacer.default\">\n\t\t\t\t<div class=\"elementor-widget-container\">\n\t\t\t\t\t\t\t<div class=\"elementor-spacer\">\n\t\t\t<div class=\"elementor-spacer-inner\"><\/div>\n\t\t<\/div>\n\t\t\t\t\t\t<\/div>\n\t\t\t\t<\/div>\n\t\t\t\t<div class=\"elementor-element elementor-element-296b2f8 elementor-widget elementor-widget-image\" data-id=\"296b2f8\" data-element_type=\"widget\" data-widget_type=\"image.default\">\n\t\t\t\t<div class=\"elementor-widget-container\">\n\t\t\t\t\t\t\t\t\t\t\t\t\t\t\t<img decoding=\"async\" src=\"https:\/\/gloim.com\/wp-content\/uploads\/elementor\/thumbs\/Real-Estate-Market-Leipzig-Eilenburg-\u2013-Living-in-Postal-Code-048xxx-e1744352939792-r46u64yyy480e8o9ocg427vbb8juymb9u7i0k69ok4.webp\" title=\"Real Estate Market Leipzig &#038; Eilenburg \u2013 Living in Postal Code 048xxx\" alt=\"Real Estate Market Leipzig &amp; Eilenburg \u2013 Living in Postal Code 048xxx\" loading=\"lazy\" \/>\t\t\t\t\t\t\t\t\t\t\t\t\t\t\t<\/div>\n\t\t\t\t<\/div>\n\t\t\t\t<div class=\"elementor-element elementor-element-2c7d3ea elementor-widget elementor-widget-spacer\" data-id=\"2c7d3ea\" data-element_type=\"widget\" data-widget_type=\"spacer.default\">\n\t\t\t\t<div class=\"elementor-widget-container\">\n\t\t\t\t\t\t\t<div class=\"elementor-spacer\">\n\t\t\t<div class=\"elementor-spacer-inner\"><\/div>\n\t\t<\/div>\n\t\t\t\t\t\t<\/div>\n\t\t\t\t<\/div>\n\t\t\t\t<div class=\"elementor-element elementor-element-9593679 elementor-widget elementor-widget-text-editor\" data-id=\"9593679\" data-element_type=\"widget\" data-widget_type=\"text-editor.default\">\n\t\t\t\t<div class=\"elementor-widget-container\">\n\t\t\t\t\t\t\t\t\t<p style=\"text-align: center;\">Wir sind Partner der IMAG, einem Netzwerk von mehr als tausend Makler-Kollegen. <br>Dies ermo\u0308glicht es uns, Ihnen ein grenzenloses Immobilien-Portfolio anbieten zu ko\u0308nnen.<\/p><p style=\"text-align: center;\"><strong>Regional - U\u0308berregional\u00a0-\u00a0International<\/strong><\/p>\t\t\t\t\t\t\t\t<\/div>\n\t\t\t\t<\/div>\n\t\t\t\t<div class=\"elementor-element elementor-element-b338d8a elementor-widget elementor-widget-html\" data-id=\"b338d8a\" data-element_type=\"widget\" data-widget_type=\"html.default\">\n\t\t\t\t<div class=\"elementor-widget-container\">\n\t\t\t\t\t<!--Sie k\u00f6nnen diesen Code an einem beliebigen Platz in ihrer Homepage einbinden. Die Immobiliensuche wird an dieser Stelle erscheinen. -->\n<div id=\"imag-immobiliensuche\"><\/div>\n\n<!--F\u00fcr eine bessere Performance den nachfolgenden Code an das Ende des <body> Tags einbinden-->\n\n<script>\n    (function(w, d, k, e) {\n    const cssApi = d.createElement('link');\n    cssApi.rel = 'stylesheet';\n    cssApi.type = 'text\/css';\n    cssApi.href = 'https:\/\/www.imag-portal.de\/property_search_integration\/build\/api.css';\n    d.head.appendChild(cssApi);\n\n    const jsApi = d.createElement('script');\n    jsApi.src = 'https:\/\/www.imag-portal.de\/property_search_integration\/build\/api.js';\n    jsApi.type = 'text\/javascript';\n    jsApi.charset = 'UTF-8';\n    d.body.appendChild(jsApi);\n    jsApi.addEventListener('load', function() {\n        initializePsi(k, e);\n    })\n})(window, document, '1eed6126-f532-6652-8fb0-5db85b8b2e81', 'imag-immobiliensuche');\n<\/script>\t\t\t\t<\/div>\n\t\t\t\t<\/div>\n\t\t\t\t\t<\/div>\n\t\t\t\t<\/div>\n\t\t<div data-particle_enable=\"false\" data-particle-mobile-disabled=\"false\" class=\"elementor-element elementor-element-e266be4 e-flex e-con-boxed e-con e-parent\" data-id=\"e266be4\" data-element_type=\"container\">\n\t\t\t\t\t<div class=\"e-con-inner\">\n\t\t\t\t<div class=\"elementor-element elementor-element-29a474e elementor-widget elementor-widget-spacer\" data-id=\"29a474e\" data-element_type=\"widget\" data-widget_type=\"spacer.default\">\n\t\t\t\t<div class=\"elementor-widget-container\">\n\t\t\t\t\t\t\t<div class=\"elementor-spacer\">\n\t\t\t<div class=\"elementor-spacer-inner\"><\/div>\n\t\t<\/div>\n\t\t\t\t\t\t<\/div>\n\t\t\t\t<\/div>\n\t\t\t\t<div class=\"elementor-element elementor-element-7c21f13 elementor-widget elementor-widget-text-editor\" data-id=\"7c21f13\" data-element_type=\"widget\" data-widget_type=\"text-editor.default\">\n\t\t\t\t<div class=\"elementor-widget-container\">\n\t\t\t\t\t\t\t\t\t<h3 class=\"\" data-start=\"300\" data-end=\"316\">Einleitung<\/h3><p>\u00a0<\/p><p class=\"translation-block\" data-start=\"318\" data-end=\"681\">Das PLZ-Gebiet 48xxx liegt im nordwestlichen Teil Deutschlands und umfasst die Universit\u00e4tsstadt M\u00fcnster (Westfalen) sowie zahlreiche Orte in Nordrhein-Westfalen und Niedersachsen. Mit \u00fcber 1,15 Millionen Einwohnern in 53 Orten vereint die Region studentisches Flair, l\u00e4ndliche Idylle und urbane Infrastruktur.<\/p><p data-start=\"318\" data-end=\"681\">\u00a0<\/p><p class=\"\" data-start=\"683\" data-end=\"875\">It covers the districts of <strong data-start=\"710\" data-end=\"723\">Warendorf<\/strong>, <strong data-start=\"725\" data-end=\"737\">Coesfeld<\/strong>, <strong data-start=\"739\" data-end=\"752\">Steinfurt<\/strong>, <strong data-start=\"754\" data-end=\"777\">Grafschaft Bentheim<\/strong>, <strong data-start=\"779\" data-end=\"790\">Emsland<\/strong>, and <strong data-start=\"796\" data-end=\"806\">Borken<\/strong>, offering a dynamic mix of cultural life, nature, and accessibility.<\/p><p data-start=\"683\" data-end=\"875\">\u00a0<\/p><h3 class=\"\" data-start=\"877\" data-end=\"929\">Wohnen und Leben im PLZ-Gebiet 48xxx<\/h3><p>\u00a0<\/p><p class=\"\" data-start=\"931\" data-end=\"1033\">Die Region bietet f\u00fcr alle Lebenslagen passende Wohnangebote:<\/p><p data-start=\"931\" data-end=\"1033\">\u00a0<\/p><ul data-start=\"1035\" data-end=\"1533\"><li class=\"\" data-start=\"1035\" data-end=\"1161\"><p class=\"\" data-start=\"1037\" data-end=\"1161\"><strong data-start=\"1037\" data-end=\"1048\">M\u00fcnster<\/strong> \u2013 Fahrradfreundlich, historisch gepr\u00e4gt und voller Kultur. Eine Stadt mit hoher Lebensqualit\u00e4t.<\/p><\/li><li class=\"\" data-start=\"1162\" data-end=\"1265\"><p class=\"\" data-start=\"1164\" data-end=\"1265\"><strong data-start=\"1164\" data-end=\"1188\">Warendorf &amp; Coesfeld<\/strong> \u2013 Charmante Mittelst\u00e4dte mit famili\u00e4rem Flair und guter Infrastruktur.<\/p><\/li><li class=\"\" data-start=\"1266\" data-end=\"1391\"><p class=\"\" data-start=\"1268\" data-end=\"1391\"><strong data-start=\"1268\" data-end=\"1301\">Emsdetten, Rheine &amp; Steinfurt<\/strong> \u2013 Gut angebundene Orte mit erschwinglichem Wohnraum.<\/p><\/li><li class=\"\" data-start=\"1392\" data-end=\"1533\"><p class=\"\" data-start=\"1394\" data-end=\"1533\"><strong data-start=\"1394\" data-end=\"1427\">Grafschaft Bentheim &amp; Emsland<\/strong> \u2013 Ruhiges Wohnen im Gr\u00fcnen mit guter Anbindung an die A31 und A1.<\/p><\/li><\/ul><p>\u00a0<\/p><p class=\"\" data-start=\"1535\" data-end=\"1644\">Dank Regionalbahnen, Busverbindungen und dem Flughafen M\u00fcnster\/Osnabr\u00fcck ist die Mobilit\u00e4t hervorragend \u2013 auch in Richtung Niederlande.<\/p><p data-start=\"1535\" data-end=\"1644\">\u00a0<\/p><h3 class=\"\" data-start=\"1646\" data-end=\"1691\">Immobilienpreise und Marktentwicklung<\/h3><p>\u00a0<\/p><p class=\"\" data-start=\"1693\" data-end=\"1757\">Die Preise im 48xxx-Gebiet steigen stetig, bleiben jedoch im Vergleich zu anderen Gro\u00dfst\u00e4dten bezahlbar:<\/p><p data-start=\"1693\" data-end=\"1757\">\u00a0<\/p><ul data-start=\"1759\" data-end=\"1920\"><li class=\"\" data-start=\"1759\" data-end=\"1801\"><p class=\"\" data-start=\"1761\" data-end=\"1801\"><strong data-start=\"1761\" data-end=\"1777\">M\u00fcnster Stadt<\/strong>: 3.900\u20136.200 \u20ac\/m\u00b2<\/p><\/li><li class=\"\" data-start=\"1802\" data-end=\"1862\"><p class=\"\" data-start=\"1804\" data-end=\"1862\"><strong data-start=\"1804\" data-end=\"1838\">Steinfurt, Emsdetten, Coesfeld<\/strong>: 2.400\u20133.600 \u20ac\/m\u00b2<\/p><\/li><li class=\"\" data-start=\"1863\" data-end=\"1920\"><p class=\"\" data-start=\"1865\" data-end=\"1920\"><strong data-start=\"1865\" data-end=\"1896\">Brilon, Arnsberg, Warendorf<\/strong>: 1.800\u20132.800 \u20ac\/m\u00b2<\/p><\/li><\/ul><p>\u00a0<\/p><p class=\"translation-block\" data-start=\"1922\" data-end=\"2045\">Mieten liegen zwischen 7,50 und 12,00 \u20ac\/m\u00b2, je nach Lage und Ausstattung.<\/p><p data-start=\"1922\" data-end=\"2045\">\u00a0<\/p><h3 class=\"\" data-start=\"2047\" data-end=\"2091\">Zukunftsperspektiven des Immobilienmarktes<\/h3><p>\u00a0<\/p><p class=\"\" data-start=\"2093\" data-end=\"2368\">M\u00fcnsters wachsender Bildungs- und Forschungsstandort bringt konstant hohe Nachfrage. Das Umland profitiert durch Neubaugebiete, Nachhaltigkeitsprojekte und steigendes Interesse am ruhigen Leben mit guter Anbindung.<\/p><p data-start=\"2093\" data-end=\"2368\">\u00a0<\/p><p class=\"translation-block\" data-start=\"2370\" data-end=\"2522\">Die Region ist besonders attraktiv f\u00fcr Familien, Pendler, Studierende und Kapitalanleger.<\/p><p data-start=\"2370\" data-end=\"2522\">\u00a0<\/p><h3 class=\"\" data-start=\"2524\" data-end=\"2538\">Fazit<\/h3><p>\u00a0<\/p><p class=\"translation-block\" data-start=\"2540\" data-end=\"2714\">Ob zentrales Leben in M\u00fcnster oder naturnahes Wohnen in Warendorf, Steinfurt oder Grafschaft Bentheim \u2013 das Gebiet 48xxx steht f\u00fcr Wohnqualit\u00e4t und zukunftssichere Investitionen.<\/p><p data-start=\"2540\" data-end=\"2714\">\u00a0<\/p><p class=\"\" data-start=\"2716\" data-end=\"2848\"><strong data-start=\"2716\" data-end=\"2848\">#Immobilien48xxx #WohneninMuenster #HauskaufEmsland #ImmobilienSteinfurt #InvestierenNordwest #GrafschaftBentheimWohnen<\/strong><\/p>\t\t\t\t\t\t\t\t<\/div>\n\t\t\t\t<\/div>\n\t\t\t\t<div class=\"elementor-element elementor-element-44617d8 elementor-widget elementor-widget-spacer\" data-id=\"44617d8\" data-element_type=\"widget\" data-widget_type=\"spacer.default\">\n\t\t\t\t<div class=\"elementor-widget-container\">\n\t\t\t\t\t\t\t<div class=\"elementor-spacer\">\n\t\t\t<div class=\"elementor-spacer-inner\"><\/div>\n\t\t<\/div>\n\t\t\t\t\t\t<\/div>\n\t\t\t\t<\/div>\n\t\t\t\t\t<\/div>\n\t\t\t\t<\/div>\n\t\t\t\t<\/div>","protected":false},"excerpt":{"rendered":"<p>Real estate market in Germany 48xxx zip code area Living and Housing in M\u00fcnster and Surrounding Region Explore the fascinating facets of this region with us &#8211; from its special advantages to its challenges. Discover not only our innovative modular houses, but also the extensive portfolio of our renowned partners. Modular House Guide Contact We [&hellip;]<\/p>","protected":false},"author":1,"featured_media":0,"parent":0,"menu_order":0,"comment_status":"closed","ping_status":"closed","template":"","meta":{"footnotes":""},"class_list":["post-2530","page","type-page","status-publish","hentry"],"_links":{"self":[{"href":"https:\/\/gloim.com\/de\/wp-json\/wp\/v2\/pages\/2530","targetHints":{"allow":["GET"]}}],"collection":[{"href":"https:\/\/gloim.com\/de\/wp-json\/wp\/v2\/pages"}],"about":[{"href":"https:\/\/gloim.com\/de\/wp-json\/wp\/v2\/types\/page"}],"author":[{"embeddable":true,"href":"https:\/\/gloim.com\/de\/wp-json\/wp\/v2\/users\/1"}],"replies":[{"embeddable":true,"href":"https:\/\/gloim.com\/de\/wp-json\/wp\/v2\/comments?post=2530"}],"version-history":[{"count":0,"href":"https:\/\/gloim.com\/de\/wp-json\/wp\/v2\/pages\/2530\/revisions"}],"wp:attachment":[{"href":"https:\/\/gloim.com\/de\/wp-json\/wp\/v2\/media?parent=2530"}],"curies":[{"name":"wp","href":"https:\/\/api.w.org\/{rel}","templated":true}]}}