{"id":2634,"date":"2025-03-11T13:36:41","date_gmt":"2025-03-11T10:36:41","guid":{"rendered":"https:\/\/gloim.com\/?page_id=2634"},"modified":"2025-04-14T15:11:36","modified_gmt":"2025-04-14T12:11:36","slug":"real-estate-58xxx-living-in-hagen-surroundings","status":"publish","type":"page","link":"https:\/\/gloim.com\/de\/real-estate-58xxx-living-in-hagen-surroundings\/","title":{"rendered":"Real Estate 58xxx \u2013 Living in Hagen &#038; Surroundings"},"content":{"rendered":"<div data-elementor-type=\"wp-page\" data-elementor-id=\"2634\" class=\"elementor elementor-2634\" data-elementor-post-type=\"page\">\n\t\t\t\t<div data-particle_enable=\"false\" data-particle-mobile-disabled=\"false\" class=\"elementor-element elementor-element-18177ef e-flex e-con-boxed e-con e-parent\" data-id=\"18177ef\" data-element_type=\"container\">\n\t\t\t\t\t<div class=\"e-con-inner\">\n\t\t\t\t<div class=\"elementor-element elementor-element-34d97f5 elementor-widget elementor-widget-spacer\" data-id=\"34d97f5\" data-element_type=\"widget\" data-widget_type=\"spacer.default\">\n\t\t\t\t<div class=\"elementor-widget-container\">\n\t\t\t\t\t\t\t<div class=\"elementor-spacer\">\n\t\t\t<div class=\"elementor-spacer-inner\"><\/div>\n\t\t<\/div>\n\t\t\t\t\t\t<\/div>\n\t\t\t\t<\/div>\n\t\t\t\t<div class=\"elementor-element elementor-element-54b7a29 elementor-widget elementor-widget-heading\" data-id=\"54b7a29\" data-element_type=\"widget\" data-widget_type=\"heading.default\">\n\t\t\t\t<div class=\"elementor-widget-container\">\n\t\t\t\t\t<h1 class=\"elementor-heading-title elementor-size-default\">Immobilienmarkt in Deutschland 58xxx Postleitzahlengebiet<\/h1>\t\t\t\t<\/div>\n\t\t\t\t<\/div>\n\t\t\t\t<div class=\"elementor-element elementor-element-a10a5f5 elementor-widget elementor-widget-heading\" data-id=\"a10a5f5\" data-element_type=\"widget\" data-widget_type=\"heading.default\">\n\t\t\t\t<div class=\"elementor-widget-container\">\n\t\t\t\t\t<h2 class=\"elementor-heading-title elementor-size-default\">Wohnen und Leben rund um Hagen<\/h2>\t\t\t\t<\/div>\n\t\t\t\t<\/div>\n\t\t\t\t<div class=\"elementor-element elementor-element-fa5b486 elementor-widget elementor-widget-text-editor\" data-id=\"fa5b486\" data-element_type=\"widget\" data-widget_type=\"text-editor.default\">\n\t\t\t\t<div class=\"elementor-widget-container\">\n\t\t\t\t\t\t\t\t\t<p style=\"text-align: center;\">Erkunden Sie mit uns die faszinierenden Facetten dieser Region \u2013 von ihren besonderen Vorteilen bis hin zu den Herausforderungen. Entdecken Sie nicht nur unsere innovativen Modulh\u00e4user, sondern auch das umfangreiche Portfolio unserer renommierten Partner.<\/p>\t\t\t\t\t\t\t\t<\/div>\n\t\t\t\t<\/div>\n\t\t\t\t<div class=\"elementor-element elementor-element-6b03b23 elementor-widget elementor-widget-spacer\" data-id=\"6b03b23\" data-element_type=\"widget\" data-widget_type=\"spacer.default\">\n\t\t\t\t<div class=\"elementor-widget-container\">\n\t\t\t\t\t\t\t<div class=\"elementor-spacer\">\n\t\t\t<div class=\"elementor-spacer-inner\"><\/div>\n\t\t<\/div>\n\t\t\t\t\t\t<\/div>\n\t\t\t\t<\/div>\n\t\t\t\t\t<\/div>\n\t\t\t\t<\/div>\n\t\t<div data-particle_enable=\"false\" data-particle-mobile-disabled=\"false\" class=\"elementor-element elementor-element-1cb2f05 e-grid e-con-boxed e-con e-parent\" data-id=\"1cb2f05\" data-element_type=\"container\">\n\t\t\t\t\t<div class=\"e-con-inner\">\n\t\t\t\t<div class=\"elementor-element elementor-element-1665ce5 elementor-align-center elementor-widget__width-initial elementor-widget elementor-widget-button\" data-id=\"1665ce5\" data-element_type=\"widget\" data-widget_type=\"button.default\">\n\t\t\t\t<div class=\"elementor-widget-container\">\n\t\t\t\t\t\t\t\t\t<div class=\"elementor-button-wrapper\">\n\t\t\t\t\t<a class=\"elementor-button elementor-button-link elementor-size-sm\" href=\"https:\/\/gloim.com\/de\/modular-house\/\">\n\t\t\t\t\t\t<span class=\"elementor-button-content-wrapper\">\n\t\t\t\t\t\t\t\t\t<span class=\"elementor-button-text\">Modulh\u00e4user<\/span>\n\t\t\t\t\t<\/span>\n\t\t\t\t\t<\/a>\n\t\t\t\t<\/div>\n\t\t\t\t\t\t\t\t<\/div>\n\t\t\t\t<\/div>\n\t\t\t\t<div class=\"elementor-element elementor-element-dd77bca elementor-align-center elementor-widget__width-initial elementor-widget elementor-widget-button\" data-id=\"dd77bca\" data-element_type=\"widget\" data-widget_type=\"button.default\">\n\t\t\t\t<div class=\"elementor-widget-container\">\n\t\t\t\t\t\t\t\t\t<div class=\"elementor-button-wrapper\">\n\t\t\t\t\t<a class=\"elementor-button elementor-button-link elementor-size-sm\" href=\"https:\/\/gloim.com\/de\/ratgeber\/\">\n\t\t\t\t\t\t<span class=\"elementor-button-content-wrapper\">\n\t\t\t\t\t\t\t\t\t<span class=\"elementor-button-text\">Ratgeber   <\/span>\n\t\t\t\t\t<\/span>\n\t\t\t\t\t<\/a>\n\t\t\t\t<\/div>\n\t\t\t\t\t\t\t\t<\/div>\n\t\t\t\t<\/div>\n\t\t\t\t<div class=\"elementor-element elementor-element-edc006d elementor-align-center elementor-widget__width-initial elementor-widget elementor-widget-button\" data-id=\"edc006d\" data-element_type=\"widget\" data-widget_type=\"button.default\">\n\t\t\t\t<div class=\"elementor-widget-container\">\n\t\t\t\t\t\t\t\t\t<div class=\"elementor-button-wrapper\">\n\t\t\t\t\t<a class=\"elementor-button elementor-button-link elementor-size-sm\" href=\"https:\/\/gloim.com\/de\/contact-us\/\">\n\t\t\t\t\t\t<span class=\"elementor-button-content-wrapper\">\n\t\t\t\t\t\t\t\t\t<span class=\"elementor-button-text\">Kontakt<\/span>\n\t\t\t\t\t<\/span>\n\t\t\t\t\t<\/a>\n\t\t\t\t<\/div>\n\t\t\t\t\t\t\t\t<\/div>\n\t\t\t\t<\/div>\n\t\t\t\t\t<\/div>\n\t\t\t\t<\/div>\n\t\t<div data-particle_enable=\"false\" data-particle-mobile-disabled=\"false\" class=\"elementor-element elementor-element-be6f749 e-flex e-con-boxed e-con e-parent\" data-id=\"be6f749\" data-element_type=\"container\">\n\t\t\t\t\t<div class=\"e-con-inner\">\n\t\t\t\t<div class=\"elementor-element elementor-element-edc68bb elementor-widget elementor-widget-spacer\" data-id=\"edc68bb\" data-element_type=\"widget\" data-widget_type=\"spacer.default\">\n\t\t\t\t<div class=\"elementor-widget-container\">\n\t\t\t\t\t\t\t<div class=\"elementor-spacer\">\n\t\t\t<div class=\"elementor-spacer-inner\"><\/div>\n\t\t<\/div>\n\t\t\t\t\t\t<\/div>\n\t\t\t\t<\/div>\n\t\t\t\t<div class=\"elementor-element elementor-element-296b2f8 elementor-widget elementor-widget-image\" data-id=\"296b2f8\" data-element_type=\"widget\" data-widget_type=\"image.default\">\n\t\t\t\t<div class=\"elementor-widget-container\">\n\t\t\t\t\t\t\t\t\t\t\t\t\t\t\t<img decoding=\"async\" src=\"https:\/\/gloim.com\/wp-content\/uploads\/elementor\/thumbs\/Real-Estate-Market-Hagen-Iserlohn-\u2013-Living-in-Postal-Code-058xxx-e1744632615791-r4ch0hl5b4l8cplp2trothup2c71rc4z5hjjf701hw.webp\" title=\"Real Estate Market Hagen &#038; Iserlohn \u2013 Living in Postal Code 058xxx\" alt=\"Real Estate Market Hagen &amp; Iserlohn \u2013 Living in Postal Code 058xxx\" loading=\"lazy\" \/>\t\t\t\t\t\t\t\t\t\t\t\t\t\t\t<\/div>\n\t\t\t\t<\/div>\n\t\t\t\t<div class=\"elementor-element elementor-element-2c7d3ea elementor-widget elementor-widget-spacer\" data-id=\"2c7d3ea\" data-element_type=\"widget\" data-widget_type=\"spacer.default\">\n\t\t\t\t<div class=\"elementor-widget-container\">\n\t\t\t\t\t\t\t<div class=\"elementor-spacer\">\n\t\t\t<div class=\"elementor-spacer-inner\"><\/div>\n\t\t<\/div>\n\t\t\t\t\t\t<\/div>\n\t\t\t\t<\/div>\n\t\t\t\t<div class=\"elementor-element elementor-element-9593679 elementor-widget elementor-widget-text-editor\" data-id=\"9593679\" data-element_type=\"widget\" data-widget_type=\"text-editor.default\">\n\t\t\t\t<div class=\"elementor-widget-container\">\n\t\t\t\t\t\t\t\t\t<p style=\"text-align: center;\">Wir sind Partner der IMAG, einem Netzwerk von mehr als tausend Makler-Kollegen. <br>Dies ermo\u0308glicht es uns, Ihnen ein grenzenloses Immobilien-Portfolio anbieten zu ko\u0308nnen.<\/p><p style=\"text-align: center;\"><strong>Regional - U\u0308berregional\u00a0-\u00a0International<\/strong><\/p>\t\t\t\t\t\t\t\t<\/div>\n\t\t\t\t<\/div>\n\t\t\t\t<div class=\"elementor-element elementor-element-b338d8a elementor-widget elementor-widget-html\" data-id=\"b338d8a\" data-element_type=\"widget\" data-widget_type=\"html.default\">\n\t\t\t\t<div class=\"elementor-widget-container\">\n\t\t\t\t\t<!--Sie k\u00f6nnen diesen Code an einem beliebigen Platz in ihrer Homepage einbinden. Die Immobiliensuche wird an dieser Stelle erscheinen. -->\n<div id=\"imag-immobiliensuche\"><\/div>\n\n<!--F\u00fcr eine bessere Performance den nachfolgenden Code an das Ende des <body> Tags einbinden-->\n\n<script>\n    (function(w, d, k, e) {\n    const cssApi = d.createElement('link');\n    cssApi.rel = 'stylesheet';\n    cssApi.type = 'text\/css';\n    cssApi.href = 'https:\/\/www.imag-portal.de\/property_search_integration\/build\/api.css';\n    d.head.appendChild(cssApi);\n\n    const jsApi = d.createElement('script');\n    jsApi.src = 'https:\/\/www.imag-portal.de\/property_search_integration\/build\/api.js';\n    jsApi.type = 'text\/javascript';\n    jsApi.charset = 'UTF-8';\n    d.body.appendChild(jsApi);\n    jsApi.addEventListener('load', function() {\n        initializePsi(k, e);\n    })\n})(window, document, '1eed6126-f532-6652-8fb0-5db85b8b2e81', 'imag-immobiliensuche');\n<\/script>\t\t\t\t<\/div>\n\t\t\t\t<\/div>\n\t\t\t\t\t<\/div>\n\t\t\t\t<\/div>\n\t\t<div data-particle_enable=\"false\" data-particle-mobile-disabled=\"false\" class=\"elementor-element elementor-element-e266be4 e-flex e-con-boxed e-con e-parent\" data-id=\"e266be4\" data-element_type=\"container\">\n\t\t\t\t\t<div class=\"e-con-inner\">\n\t\t\t\t<div class=\"elementor-element elementor-element-29a474e elementor-widget elementor-widget-spacer\" data-id=\"29a474e\" data-element_type=\"widget\" data-widget_type=\"spacer.default\">\n\t\t\t\t<div class=\"elementor-widget-container\">\n\t\t\t\t\t\t\t<div class=\"elementor-spacer\">\n\t\t\t<div class=\"elementor-spacer-inner\"><\/div>\n\t\t<\/div>\n\t\t\t\t\t\t<\/div>\n\t\t\t\t<\/div>\n\t\t\t\t<div class=\"elementor-element elementor-element-7c21f13 elementor-widget elementor-widget-text-editor\" data-id=\"7c21f13\" data-element_type=\"widget\" data-widget_type=\"text-editor.default\">\n\t\t\t\t<div class=\"elementor-widget-container\">\n\t\t\t\t\t\t\t\t\t<h3 class=\"\" data-start=\"2693\" data-end=\"2711\">Einleitung<\/h3><p>\u00a0<\/p><p class=\"\" data-start=\"2712\" data-end=\"3074\">Das Postleitzahlengebiet 58xxx liegt im s\u00fcd\u00f6stlichen Teil von Nordrhein-Westfalen und umfasst die kreisfreie Stadt Hagen sowie umliegende St\u00e4dte und Gemeinden in den Landkreisen Unna, Ennepe-Ruhr-Kreis, M\u00e4rkischer Kreis und Soest. Mit \u00fcber 937.000 Einwohnern verteilt auf 26 Orte zeichnet sich die Region durch eine hohe Lebensqualit\u00e4t, ausgezeichnete Infrastruktur und gr\u00fcne Naherholungsgebiete aus.<\/p><p data-start=\"2712\" data-end=\"3074\">\u00a0<\/p><p class=\"\" data-start=\"3076\" data-end=\"3195\">Die St\u00e4dte wie Iserlohn, L\u00fcdenscheid, Schwerte oder Menden verbinden st\u00e4dtisches Leben mit naturnahem Wohnen \u2013 ideal f\u00fcr Familien, Berufspendler und Investoren.<\/p><p data-start=\"3076\" data-end=\"3195\">\u00a0<\/p><hr class=\"\" data-start=\"3197\" data-end=\"3200\" \/><h3 data-start=\"3202\" data-end=\"3242\">\u00a0<\/h3><h3 class=\"\" data-start=\"3202\" data-end=\"3242\">Wohnen und Leben im PLZ-Gebiet 58xxx<\/h3><p>\u00a0<\/p><p class=\"\" data-start=\"3243\" data-end=\"3293\">Die Region 58xxx bietet facettenreiche Wohnm\u00f6glichkeiten f\u00fcr jede Lebenslage:<\/p><p data-start=\"3243\" data-end=\"3293\">\u00a0<\/p><ul data-start=\"3295\" data-end=\"3599\"><li class=\"\" data-start=\"3295\" data-end=\"3385\"><p class=\"\" data-start=\"3297\" data-end=\"3385\"><strong data-start=\"3297\" data-end=\"3306\">Hagen<\/strong> \u2013 Eine Stadt mit starkem Bildungsstandort (FernUniversit\u00e4t), vielf\u00e4ltiger Kultur (Osthaus Museum) und lebendigem Stadtzentrum.<\/p><\/li><li class=\"\" data-start=\"3386\" data-end=\"3503\"><p class=\"\" data-start=\"3388\" data-end=\"3503\"><strong data-start=\"3388\" data-end=\"3414\">Iserlohn &amp; L\u00fcdenscheid<\/strong> \u2013 Familienfreundlich, gr\u00fcn, mit modernen Neubaugebieten und guter Verkehrsanbindung.<\/p><\/li><li class=\"\" data-start=\"3504\" data-end=\"3599\"><p class=\"\" data-start=\"3506\" data-end=\"3599\"><strong data-start=\"3506\" data-end=\"3527\">Schwerte &amp; Menden<\/strong> \u2013 Ideal f\u00fcr Berufspendler mit direkter N\u00e4he zu Dortmund und Anschluss an die A1\/A45.<\/p><\/li><\/ul><p>\u00a0<\/p><p class=\"\" data-start=\"3601\" data-end=\"3683\">Naturparks wie das Sauerland oder das Ruhrtal bieten Erholung direkt vor der Haust\u00fcr.<\/p><p data-start=\"3601\" data-end=\"3683\">\u00a0<\/p><hr class=\"\" data-start=\"3685\" data-end=\"3688\" \/><h3 data-start=\"3690\" data-end=\"3729\">\u00a0<\/h3><h3 class=\"\" data-start=\"3690\" data-end=\"3729\">Immobilienpreise und Marktentwicklung<\/h3><p>\u00a0<\/p><p class=\"\" data-start=\"3730\" data-end=\"3795\">Der Immobilienmarkt im 58xxx-Gebiet ist vergleichsweise bezahlbar mit stabiler Entwicklung:<\/p><p data-start=\"3730\" data-end=\"3795\">\u00a0<\/p><ul data-start=\"3797\" data-end=\"4025\"><li class=\"\" data-start=\"3797\" data-end=\"3840\"><p class=\"\" data-start=\"3799\" data-end=\"3840\"><strong data-start=\"3799\" data-end=\"3813\">Hagen-Zentrum<\/strong>: 2.200\u20133.600 \u20ac\/m\u00b2<\/p><\/li><li class=\"\" data-start=\"3841\" data-end=\"3895\"><p class=\"\" data-start=\"3843\" data-end=\"3895\"><strong data-start=\"3843\" data-end=\"3868\">Iserlohn, L\u00fcdenscheid<\/strong>: 1.900\u20133.200 \u20ac\/m\u00b2<\/p><\/li><li class=\"\" data-start=\"3896\" data-end=\"3943\"><p class=\"\" data-start=\"3898\" data-end=\"3943\"><strong data-start=\"3898\" data-end=\"3916\">Kleinere Orte &amp; l\u00e4ndliche Gemeinden<\/strong>: 1.500\u20132.500 \u20ac\/m\u00b2<\/p><\/li><li class=\"\" data-start=\"3944\" data-end=\"4025\"><p class=\"\" data-start=\"3946\" data-end=\"4025\"><strong data-start=\"3946\" data-end=\"3963\">Mietpreise<\/strong>: ca. 6,00\u20139,80 \u20ac\/m\u00b2 je nach Ausstattung und Lage<\/p><\/li><\/ul><p>\u00a0<\/p><p class=\"\" data-start=\"4027\" data-end=\"4091\">Die Nachfrage ist insbesondere bei jungen Familien und Pendlern sp\u00fcrbar angestiegen.<\/p><p data-start=\"4027\" data-end=\"4091\">\u00a0<\/p><hr class=\"\" data-start=\"4093\" data-end=\"4096\" \/><h3 class=\"\" data-start=\"4098\" data-end=\"4118\">Zukunftsperspektiven des Immobilienmarktes<\/h3><p>\u00a0<\/p><p class=\"\" data-start=\"4119\" data-end=\"4244\">Durch die g\u00fcnstige Lage zwischen dem Ruhrgebiet und dem Sauerland sowie gezielte Infrastrukturprojekte (z.\u202fB. Ausbau des \u00d6PNV und Digitalisierung) gilt die Region als zukunftssicherer Wohnstandort.<\/p><p data-start=\"4119\" data-end=\"4244\">\u00a0<\/p><p class=\"\" data-start=\"4246\" data-end=\"4333\">Der Trend zu nachhaltigem Wohnen und naturnahem Lebensstil beg\u00fcnstigt Neubauprojekte in Randlagen.<\/p><p data-start=\"4246\" data-end=\"4333\">\u00a0<\/p><hr class=\"\" data-start=\"4335\" data-end=\"4338\" \/><h3 data-start=\"4340\" data-end=\"4356\">\u00a0<\/h3><h3 class=\"\" data-start=\"4340\" data-end=\"4356\">Fazit<\/h3><p>\u00a0<\/p><p class=\"\" data-start=\"4357\" data-end=\"4526\">Das Postleitzahlengebiet 58xxx bietet urbanes Leben in Hagen, ruhige Familienlagen in Menden oder Schwerte und naturverbundenes Wohnen im M\u00e4rkischen Kreis. Eine perfekte Mischung f\u00fcr Eigennutzer und Kapitalanleger!<\/p><p data-start=\"4357\" data-end=\"4526\">\u00a0<\/p><p class=\"\" data-start=\"4528\" data-end=\"4639\"><strong data-start=\"4528\" data-end=\"4639\">#Immobilien58xxx #WohneninHagen #HauskaufM\u00e4rkischerKreis #ImmobilienIserlohn #InvestierenNRW #HagenImmobilienmarkt<\/strong><\/p>\t\t\t\t\t\t\t\t<\/div>\n\t\t\t\t<\/div>\n\t\t\t\t<div class=\"elementor-element elementor-element-44617d8 elementor-widget elementor-widget-spacer\" data-id=\"44617d8\" data-element_type=\"widget\" data-widget_type=\"spacer.default\">\n\t\t\t\t<div class=\"elementor-widget-container\">\n\t\t\t\t\t\t\t<div class=\"elementor-spacer\">\n\t\t\t<div class=\"elementor-spacer-inner\"><\/div>\n\t\t<\/div>\n\t\t\t\t\t\t<\/div>\n\t\t\t\t<\/div>\n\t\t\t\t\t<\/div>\n\t\t\t\t<\/div>\n\t\t\t\t<\/div>","protected":false},"excerpt":{"rendered":"<p>Real estate market in Germany 58xxx zip code area Living and Housing around Hagen Explore the fascinating facets of this region with us &#8211; from its special advantages to its challenges. Discover not only our innovative modular houses, but also the extensive portfolio of our renowned partners. Modular House Guide Contact We are a partner [&hellip;]<\/p>","protected":false},"author":1,"featured_media":0,"parent":0,"menu_order":0,"comment_status":"closed","ping_status":"closed","template":"","meta":{"footnotes":""},"class_list":["post-2634","page","type-page","status-publish","hentry"],"_links":{"self":[{"href":"https:\/\/gloim.com\/de\/wp-json\/wp\/v2\/pages\/2634","targetHints":{"allow":["GET"]}}],"collection":[{"href":"https:\/\/gloim.com\/de\/wp-json\/wp\/v2\/pages"}],"about":[{"href":"https:\/\/gloim.com\/de\/wp-json\/wp\/v2\/types\/page"}],"author":[{"embeddable":true,"href":"https:\/\/gloim.com\/de\/wp-json\/wp\/v2\/users\/1"}],"replies":[{"embeddable":true,"href":"https:\/\/gloim.com\/de\/wp-json\/wp\/v2\/comments?post=2634"}],"version-history":[{"count":0,"href":"https:\/\/gloim.com\/de\/wp-json\/wp\/v2\/pages\/2634\/revisions"}],"wp:attachment":[{"href":"https:\/\/gloim.com\/de\/wp-json\/wp\/v2\/media?parent=2634"}],"curies":[{"name":"wp","href":"https:\/\/api.w.org\/{rel}","templated":true}]}}