{"id":2644,"date":"2025-03-11T13:54:38","date_gmt":"2025-03-11T10:54:38","guid":{"rendered":"https:\/\/gloim.com\/?page_id=2644"},"modified":"2025-04-14T15:26:16","modified_gmt":"2025-04-14T12:26:16","slug":"real-estate-59xxx-living-in-hamm-soest-sauerland-region","status":"publish","type":"page","link":"https:\/\/gloim.com\/de\/real-estate-59xxx-living-in-hamm-soest-sauerland-region\/","title":{"rendered":"Real Estate 59xxx \u2013 Living in Hamm, Soest &#038; Sauerland Region"},"content":{"rendered":"<div data-elementor-type=\"wp-page\" data-elementor-id=\"2644\" class=\"elementor elementor-2644\" data-elementor-post-type=\"page\">\n\t\t\t\t<div data-particle_enable=\"false\" data-particle-mobile-disabled=\"false\" class=\"elementor-element elementor-element-18177ef e-flex e-con-boxed e-con e-parent\" data-id=\"18177ef\" data-element_type=\"container\">\n\t\t\t\t\t<div class=\"e-con-inner\">\n\t\t\t\t<div class=\"elementor-element elementor-element-34d97f5 elementor-widget elementor-widget-spacer\" data-id=\"34d97f5\" data-element_type=\"widget\" data-widget_type=\"spacer.default\">\n\t\t\t\t<div class=\"elementor-widget-container\">\n\t\t\t\t\t\t\t<div class=\"elementor-spacer\">\n\t\t\t<div class=\"elementor-spacer-inner\"><\/div>\n\t\t<\/div>\n\t\t\t\t\t\t<\/div>\n\t\t\t\t<\/div>\n\t\t\t\t<div class=\"elementor-element elementor-element-54b7a29 elementor-widget elementor-widget-heading\" data-id=\"54b7a29\" data-element_type=\"widget\" data-widget_type=\"heading.default\">\n\t\t\t\t<div class=\"elementor-widget-container\">\n\t\t\t\t\t<h1 class=\"elementor-heading-title elementor-size-default\">Immobilienmarkt in Deutschland 59xxx Postleitzahlengebiet<\/h1>\t\t\t\t<\/div>\n\t\t\t\t<\/div>\n\t\t\t\t<div class=\"elementor-element elementor-element-a10a5f5 elementor-widget elementor-widget-heading\" data-id=\"a10a5f5\" data-element_type=\"widget\" data-widget_type=\"heading.default\">\n\t\t\t\t<div class=\"elementor-widget-container\">\n\t\t\t\t\t<h2 class=\"elementor-heading-title elementor-size-default\">Wohnen und Leben in Hamm und Umgebung<\/h2>\t\t\t\t<\/div>\n\t\t\t\t<\/div>\n\t\t\t\t<div class=\"elementor-element elementor-element-fa5b486 elementor-widget elementor-widget-text-editor\" data-id=\"fa5b486\" data-element_type=\"widget\" data-widget_type=\"text-editor.default\">\n\t\t\t\t<div class=\"elementor-widget-container\">\n\t\t\t\t\t\t\t\t\t<p style=\"text-align: center;\">Erkunden Sie mit uns die faszinierenden Facetten dieser Region \u2013 von ihren besonderen Vorteilen bis hin zu den Herausforderungen. Entdecken Sie nicht nur unsere innovativen Modulh\u00e4user, sondern auch das umfangreiche Portfolio unserer renommierten Partner.<\/p>\t\t\t\t\t\t\t\t<\/div>\n\t\t\t\t<\/div>\n\t\t\t\t<div class=\"elementor-element elementor-element-6b03b23 elementor-widget elementor-widget-spacer\" data-id=\"6b03b23\" data-element_type=\"widget\" data-widget_type=\"spacer.default\">\n\t\t\t\t<div class=\"elementor-widget-container\">\n\t\t\t\t\t\t\t<div class=\"elementor-spacer\">\n\t\t\t<div class=\"elementor-spacer-inner\"><\/div>\n\t\t<\/div>\n\t\t\t\t\t\t<\/div>\n\t\t\t\t<\/div>\n\t\t\t\t\t<\/div>\n\t\t\t\t<\/div>\n\t\t<div data-particle_enable=\"false\" data-particle-mobile-disabled=\"false\" class=\"elementor-element elementor-element-1cb2f05 e-grid e-con-boxed e-con e-parent\" data-id=\"1cb2f05\" data-element_type=\"container\">\n\t\t\t\t\t<div class=\"e-con-inner\">\n\t\t\t\t<div class=\"elementor-element elementor-element-1665ce5 elementor-align-center elementor-widget__width-initial elementor-widget elementor-widget-button\" data-id=\"1665ce5\" data-element_type=\"widget\" data-widget_type=\"button.default\">\n\t\t\t\t<div class=\"elementor-widget-container\">\n\t\t\t\t\t\t\t\t\t<div class=\"elementor-button-wrapper\">\n\t\t\t\t\t<a class=\"elementor-button elementor-button-link elementor-size-sm\" href=\"https:\/\/gloim.com\/de\/modular-house\/\">\n\t\t\t\t\t\t<span class=\"elementor-button-content-wrapper\">\n\t\t\t\t\t\t\t\t\t<span class=\"elementor-button-text\">Modulh\u00e4user<\/span>\n\t\t\t\t\t<\/span>\n\t\t\t\t\t<\/a>\n\t\t\t\t<\/div>\n\t\t\t\t\t\t\t\t<\/div>\n\t\t\t\t<\/div>\n\t\t\t\t<div class=\"elementor-element elementor-element-dd77bca elementor-align-center elementor-widget__width-initial elementor-widget elementor-widget-button\" data-id=\"dd77bca\" data-element_type=\"widget\" data-widget_type=\"button.default\">\n\t\t\t\t<div class=\"elementor-widget-container\">\n\t\t\t\t\t\t\t\t\t<div class=\"elementor-button-wrapper\">\n\t\t\t\t\t<a class=\"elementor-button elementor-button-link elementor-size-sm\" href=\"https:\/\/gloim.com\/de\/ratgeber\/\">\n\t\t\t\t\t\t<span class=\"elementor-button-content-wrapper\">\n\t\t\t\t\t\t\t\t\t<span class=\"elementor-button-text\">Ratgeber   <\/span>\n\t\t\t\t\t<\/span>\n\t\t\t\t\t<\/a>\n\t\t\t\t<\/div>\n\t\t\t\t\t\t\t\t<\/div>\n\t\t\t\t<\/div>\n\t\t\t\t<div class=\"elementor-element elementor-element-edc006d elementor-align-center elementor-widget__width-initial elementor-widget elementor-widget-button\" data-id=\"edc006d\" data-element_type=\"widget\" data-widget_type=\"button.default\">\n\t\t\t\t<div class=\"elementor-widget-container\">\n\t\t\t\t\t\t\t\t\t<div class=\"elementor-button-wrapper\">\n\t\t\t\t\t<a class=\"elementor-button elementor-button-link elementor-size-sm\" href=\"https:\/\/gloim.com\/de\/contact-us\/\">\n\t\t\t\t\t\t<span class=\"elementor-button-content-wrapper\">\n\t\t\t\t\t\t\t\t\t<span class=\"elementor-button-text\">Kontakt<\/span>\n\t\t\t\t\t<\/span>\n\t\t\t\t\t<\/a>\n\t\t\t\t<\/div>\n\t\t\t\t\t\t\t\t<\/div>\n\t\t\t\t<\/div>\n\t\t\t\t\t<\/div>\n\t\t\t\t<\/div>\n\t\t<div data-particle_enable=\"false\" data-particle-mobile-disabled=\"false\" class=\"elementor-element elementor-element-be6f749 e-flex e-con-boxed e-con e-parent\" data-id=\"be6f749\" data-element_type=\"container\">\n\t\t\t\t\t<div class=\"e-con-inner\">\n\t\t\t\t<div class=\"elementor-element elementor-element-edc68bb elementor-widget elementor-widget-spacer\" data-id=\"edc68bb\" data-element_type=\"widget\" data-widget_type=\"spacer.default\">\n\t\t\t\t<div class=\"elementor-widget-container\">\n\t\t\t\t\t\t\t<div class=\"elementor-spacer\">\n\t\t\t<div class=\"elementor-spacer-inner\"><\/div>\n\t\t<\/div>\n\t\t\t\t\t\t<\/div>\n\t\t\t\t<\/div>\n\t\t\t\t<div class=\"elementor-element elementor-element-296b2f8 elementor-widget elementor-widget-image\" data-id=\"296b2f8\" data-element_type=\"widget\" data-widget_type=\"image.default\">\n\t\t\t\t<div class=\"elementor-widget-container\">\n\t\t\t\t\t\t\t\t\t\t\t\t\t\t\t<img decoding=\"async\" src=\"https:\/\/gloim.com\/wp-content\/uploads\/elementor\/thumbs\/Real-Estate-Market-Lingen-Meppen-\u2013-Living-in-Postal-Code-059xxx-r2p7748b0xeebt4bklfzulb4918mvxi02suzoavs7o.webp\" title=\"Real Estate Market Lingen &#038; Meppen \u2013 Living in Postal Code 059xxx\" alt=\"Real Estate Market Lingen &amp; Meppen \u2013 Living in Postal Code 059xxx\" loading=\"lazy\" \/>\t\t\t\t\t\t\t\t\t\t\t\t\t\t\t<\/div>\n\t\t\t\t<\/div>\n\t\t\t\t<div class=\"elementor-element elementor-element-2c7d3ea elementor-widget elementor-widget-spacer\" data-id=\"2c7d3ea\" data-element_type=\"widget\" data-widget_type=\"spacer.default\">\n\t\t\t\t<div class=\"elementor-widget-container\">\n\t\t\t\t\t\t\t<div class=\"elementor-spacer\">\n\t\t\t<div class=\"elementor-spacer-inner\"><\/div>\n\t\t<\/div>\n\t\t\t\t\t\t<\/div>\n\t\t\t\t<\/div>\n\t\t\t\t<div class=\"elementor-element elementor-element-9593679 elementor-widget elementor-widget-text-editor\" data-id=\"9593679\" data-element_type=\"widget\" data-widget_type=\"text-editor.default\">\n\t\t\t\t<div class=\"elementor-widget-container\">\n\t\t\t\t\t\t\t\t\t<p style=\"text-align: center;\">Wir sind Partner der IMAG, einem Netzwerk von mehr als tausend Makler-Kollegen. <br>Dies ermo\u0308glicht es uns, Ihnen ein grenzenloses Immobilien-Portfolio anbieten zu ko\u0308nnen.<\/p><p style=\"text-align: center;\"><strong>Regional - U\u0308berregional\u00a0-\u00a0International<\/strong><\/p>\t\t\t\t\t\t\t\t<\/div>\n\t\t\t\t<\/div>\n\t\t\t\t<div class=\"elementor-element elementor-element-b338d8a elementor-widget elementor-widget-html\" data-id=\"b338d8a\" data-element_type=\"widget\" data-widget_type=\"html.default\">\n\t\t\t\t<div class=\"elementor-widget-container\">\n\t\t\t\t\t<!--Sie k\u00f6nnen diesen Code an einem beliebigen Platz in ihrer Homepage einbinden. Die Immobiliensuche wird an dieser Stelle erscheinen. -->\n<div id=\"imag-immobiliensuche\"><\/div>\n\n<!--F\u00fcr eine bessere Performance den nachfolgenden Code an das Ende des <body> Tags einbinden-->\n\n<script>\n    (function(w, d, k, e) {\n    const cssApi = d.createElement('link');\n    cssApi.rel = 'stylesheet';\n    cssApi.type = 'text\/css';\n    cssApi.href = 'https:\/\/www.imag-portal.de\/property_search_integration\/build\/api.css';\n    d.head.appendChild(cssApi);\n\n    const jsApi = d.createElement('script');\n    jsApi.src = 'https:\/\/www.imag-portal.de\/property_search_integration\/build\/api.js';\n    jsApi.type = 'text\/javascript';\n    jsApi.charset = 'UTF-8';\n    d.body.appendChild(jsApi);\n    jsApi.addEventListener('load', function() {\n        initializePsi(k, e);\n    })\n})(window, document, '1eed6126-f532-6652-8fb0-5db85b8b2e81', 'imag-immobiliensuche');\n<\/script>\t\t\t\t<\/div>\n\t\t\t\t<\/div>\n\t\t\t\t\t<\/div>\n\t\t\t\t<\/div>\n\t\t<div data-particle_enable=\"false\" data-particle-mobile-disabled=\"false\" class=\"elementor-element elementor-element-e266be4 e-flex e-con-boxed e-con e-parent\" data-id=\"e266be4\" data-element_type=\"container\">\n\t\t\t\t\t<div class=\"e-con-inner\">\n\t\t\t\t<div class=\"elementor-element elementor-element-29a474e elementor-widget elementor-widget-spacer\" data-id=\"29a474e\" data-element_type=\"widget\" data-widget_type=\"spacer.default\">\n\t\t\t\t<div class=\"elementor-widget-container\">\n\t\t\t\t\t\t\t<div class=\"elementor-spacer\">\n\t\t\t<div class=\"elementor-spacer-inner\"><\/div>\n\t\t<\/div>\n\t\t\t\t\t\t<\/div>\n\t\t\t\t<\/div>\n\t\t\t\t<div class=\"elementor-element elementor-element-7c21f13 elementor-widget elementor-widget-text-editor\" data-id=\"7c21f13\" data-element_type=\"widget\" data-widget_type=\"text-editor.default\">\n\t\t\t\t<div class=\"elementor-widget-container\">\n\t\t\t\t\t\t\t\t\t<h3 class=\"\" data-start=\"2837\" data-end=\"2855\">Einleitung<\/h3><p>\u00a0<\/p><p class=\"translation-block\" data-start=\"2856\" data-end=\"3265\">Das PLZ-Gebiet 59xxx erstreckt sich \u00fcber Teile von Nordrhein-Westfalen und Hessen und umfasst die kreisfreie Stadt Hamm sowie umliegende St\u00e4dte und Gemeinden in den Landkreisen Unna, Warendorf, Coesfeld, Soest, Hochsauerlandkreis und Waldeck-Frankenberg. Insgesamt leben hier rund 1,14 Millionen Menschen in 41 Orten \u2013 eine Region, die urbanes Leben mit Natur, Historie und Erholungsm\u00f6glichkeiten vereint.<\/p><p data-start=\"2856\" data-end=\"3265\">\u00a0<\/p><p class=\"\" data-start=\"3267\" data-end=\"3404\">Durch die zentrale Lage zwischen M\u00fcnsterland und Sauerland wird das Gebiet sowohl bei Familien als auch Berufspendlern und Investoren immer beliebter.<\/p><p data-start=\"3267\" data-end=\"3404\">\u00a0<\/p><hr class=\"\" data-start=\"3406\" data-end=\"3409\" \/><h3 data-start=\"3411\" data-end=\"3455\">\u00a0<\/h3><h3 class=\"\" data-start=\"3411\" data-end=\"3455\">Wohnen und Leben im PLZ-Gebiet 59xxx<\/h3><p>\u00a0<\/p><p class=\"\" data-start=\"3456\" data-end=\"3500\">Die Region bietet vielf\u00e4ltige Wohnm\u00f6glichkeiten zwischen Stadtkomfort und Naturidylle:<\/p><p data-start=\"3456\" data-end=\"3500\">\u00a0<\/p><ul data-start=\"3502\" data-end=\"3927\"><li class=\"\" data-start=\"3502\" data-end=\"3604\"><p class=\"\" data-start=\"3504\" data-end=\"3604\"><strong data-start=\"3504\" data-end=\"3512\">Hamm<\/strong> \u2013 Mit moderner Infrastruktur, einem starken Bildungsangebot und gr\u00fcnen Stadtvierteln wie Rhynern oder Bockum-H\u00f6vel.<\/p><\/li><li class=\"\" data-start=\"3605\" data-end=\"3716\"><p class=\"\" data-start=\"3607\" data-end=\"3716\"><strong data-start=\"3607\" data-end=\"3628\">Soest &amp; Lippstadt<\/strong> \u2013 Charmante Altst\u00e4dte, mittelalterliches Flair, hervorragende Schulen und ruhige Wohnlagen.<\/p><\/li><li class=\"\" data-start=\"3717\" data-end=\"3831\"><p class=\"\" data-start=\"3719\" data-end=\"3831\"><strong data-start=\"3719\" data-end=\"3750\">Arnsberg, Brilon &amp; Warstein<\/strong> \u2013 Naturparadiese mit N\u00e4he zum Sauerland, ideal f\u00fcr Ruhesuchende und Outdoor-Fans.<\/p><\/li><li class=\"\" data-start=\"3832\" data-end=\"3927\"><p class=\"\" data-start=\"3834\" data-end=\"3927\"><strong data-start=\"3834\" data-end=\"3850\">Ahlen &amp; Werl<\/strong> \u2013 Familienfreundliche St\u00e4dte mit guter Verkehrsanbindung und wachsendem Wohnungsmarkt.<\/p><\/li><\/ul><p>\u00a0<\/p><p class=\"\" data-start=\"3929\" data-end=\"4041\">Die N\u00e4he zu Dortmund und M\u00fcnster, gute Autobahnanbindungen (A1, A2, A44) und regionale Bahnh\u00f6fe machen das Leben hier besonders flexibel.<\/p><p data-start=\"3929\" data-end=\"4041\">\u00a0<\/p><hr class=\"\" data-start=\"4043\" data-end=\"4046\" \/><h3 data-start=\"4048\" data-end=\"4090\">\u00a0<\/h3><h3 class=\"\" data-start=\"4048\" data-end=\"4090\">Immobilienpreise und Marktentwicklung<\/h3><p>\u00a0<\/p><p class=\"\" data-start=\"4091\" data-end=\"4153\">Die N\u00e4he zu Dortmund und M\u00fcnster, gute Autobahnanbindungen (A1, A2, A44) und regionale Bahnh\u00f6fe machen das Leben hier besonders flexibel.<\/p><p data-start=\"4091\" data-end=\"4153\">\u00a0<\/p><ul data-start=\"4155\" data-end=\"4388\"><li class=\"\" data-start=\"4155\" data-end=\"4197\"><p class=\"\" data-start=\"4157\" data-end=\"4197\"><strong data-start=\"4157\" data-end=\"4170\">Hamm Zentrum<\/strong>: 2.300\u20133.800 \u20ac\/m\u00b2<\/p><\/li><li class=\"\" data-start=\"4198\" data-end=\"4247\"><p class=\"\" data-start=\"4200\" data-end=\"4247\"><strong data-start=\"4200\" data-end=\"4220\">Soest, Lippstadt<\/strong>: 2.000\u20133.500 \u20ac\/m\u00b2<\/p><\/li><li class=\"\" data-start=\"4248\" data-end=\"4308\"><p class=\"\" data-start=\"4250\" data-end=\"4308\"><strong data-start=\"4250\" data-end=\"4281\">Brilon, Arnsberg, Warendorf<\/strong>: 1.700\u20132.800 \u20ac\/m\u00b2<\/p><\/li><li class=\"\" data-start=\"4309\" data-end=\"4388\"><p class=\"\" data-start=\"4311\" data-end=\"4388\"><strong data-start=\"4311\" data-end=\"4322\">Mietpreise<\/strong>: 6,50\u20139,50 \u20ac\/m\u00b2 \u2013 abh\u00e4ngig von Ausstattung und Lage<\/p><\/li><\/ul><p>\u00a0<\/p><p class=\"\" data-start=\"4390\" data-end=\"4450\">Neubaugebiete und energetische Sanierungen f\u00f6rdern die Nachfrage nachhaltig.<\/p><p data-start=\"4390\" data-end=\"4450\">\u00a0<\/p><hr class=\"\" data-start=\"4452\" data-end=\"4455\" \/><h3 data-start=\"4457\" data-end=\"4477\">\u00a0<\/h3><h3 class=\"\" data-start=\"4457\" data-end=\"4477\">Zukunftsperspektiven des Immobilienmarktes<\/h3><p>\u00a0<\/p><p class=\"\" data-start=\"4478\" data-end=\"4615\">Mit wachsendem Interesse an naturnahem Wohnen, verst\u00e4rkten Klimaschutzma\u00dfnahmen und Digitalisierung der Region entstehen attraktive Chancen f\u00fcr Eigent\u00fcmer und Kapitalanleger.<\/p><p data-start=\"4478\" data-end=\"4615\">\u00a0<\/p><p class=\"\" data-start=\"4617\" data-end=\"4738\">Die zentrale Lage sowie steigende Bev\u00f6lkerungszahlen sichern eine stabile Wertentwicklung.<\/p><p data-start=\"4617\" data-end=\"4738\">\u00a0<\/p><hr class=\"\" data-start=\"4740\" data-end=\"4743\" \/><h3 data-start=\"4745\" data-end=\"4761\">\u00a0<\/h3><h3 class=\"\" data-start=\"4745\" data-end=\"4761\">Fazit<\/h3><p>\u00a0<\/p><p class=\"\" data-start=\"4762\" data-end=\"4931\">Das PLZ-Gebiet 59xxx \u00fcberzeugt mit Vielfalt, Natur, Lebensqualit\u00e4t und guten Perspektiven \u2013 ob Eigenheim in Hamm, Altbau in Soest oder ein Ferienhaus im Sauerland.<\/p><p data-start=\"4762\" data-end=\"4931\">\u00a0<\/p><p class=\"\" data-start=\"4933\" data-end=\"5039\"><strong data-start=\"4933\" data-end=\"5039\">#Immobilien59xxx #WohneninHamm #HauskaufSoest #ImmobilienLippstadt #InvestierenNRW #HammImmobilienmarkt<\/strong><\/p>\t\t\t\t\t\t\t\t<\/div>\n\t\t\t\t<\/div>\n\t\t\t\t<div class=\"elementor-element elementor-element-44617d8 elementor-widget elementor-widget-spacer\" data-id=\"44617d8\" data-element_type=\"widget\" data-widget_type=\"spacer.default\">\n\t\t\t\t<div class=\"elementor-widget-container\">\n\t\t\t\t\t\t\t<div class=\"elementor-spacer\">\n\t\t\t<div class=\"elementor-spacer-inner\"><\/div>\n\t\t<\/div>\n\t\t\t\t\t\t<\/div>\n\t\t\t\t<\/div>\n\t\t\t\t\t<\/div>\n\t\t\t\t<\/div>\n\t\t\t\t<\/div>","protected":false},"excerpt":{"rendered":"<p>Real estate market in Germany 59xxx zip code area Living and Housing in Hamm and Surroundings Explore the fascinating facets of this region with us &#8211; from its special advantages to its challenges. Discover not only our innovative modular houses, but also the extensive portfolio of our renowned partners. Modular House Guide Contact We are [&hellip;]<\/p>","protected":false},"author":1,"featured_media":0,"parent":0,"menu_order":0,"comment_status":"closed","ping_status":"closed","template":"","meta":{"footnotes":""},"class_list":["post-2644","page","type-page","status-publish","hentry"],"_links":{"self":[{"href":"https:\/\/gloim.com\/de\/wp-json\/wp\/v2\/pages\/2644","targetHints":{"allow":["GET"]}}],"collection":[{"href":"https:\/\/gloim.com\/de\/wp-json\/wp\/v2\/pages"}],"about":[{"href":"https:\/\/gloim.com\/de\/wp-json\/wp\/v2\/types\/page"}],"author":[{"embeddable":true,"href":"https:\/\/gloim.com\/de\/wp-json\/wp\/v2\/users\/1"}],"replies":[{"embeddable":true,"href":"https:\/\/gloim.com\/de\/wp-json\/wp\/v2\/comments?post=2644"}],"version-history":[{"count":0,"href":"https:\/\/gloim.com\/de\/wp-json\/wp\/v2\/pages\/2644\/revisions"}],"wp:attachment":[{"href":"https:\/\/gloim.com\/de\/wp-json\/wp\/v2\/media?parent=2644"}],"curies":[{"name":"wp","href":"https:\/\/api.w.org\/{rel}","templated":true}]}}