{"id":2713,"date":"2025-03-12T10:30:44","date_gmt":"2025-03-12T07:30:44","guid":{"rendered":"https:\/\/gloim.com\/?page_id=2713"},"modified":"2025-04-18T15:23:24","modified_gmt":"2025-04-18T12:23:24","slug":"real-estate-66xxx-living-investing-in-saarbrucken-zweibrucken-western-palatinate","status":"publish","type":"page","link":"https:\/\/gloim.com\/de\/real-estate-66xxx-living-investing-in-saarbrucken-zweibrucken-western-palatinate\/","title":{"rendered":"Real Estate 66xxx \u2013 Living &#038; Investing in Saarbr\u00fccken, Zweibr\u00fccken &#038; Western Palatinate"},"content":{"rendered":"<div data-elementor-type=\"wp-page\" data-elementor-id=\"2713\" class=\"elementor elementor-2713\" data-elementor-post-type=\"page\">\n\t\t\t\t<div data-particle_enable=\"false\" data-particle-mobile-disabled=\"false\" class=\"elementor-element elementor-element-18177ef e-flex e-con-boxed e-con e-parent\" data-id=\"18177ef\" data-element_type=\"container\">\n\t\t\t\t\t<div class=\"e-con-inner\">\n\t\t\t\t<div class=\"elementor-element elementor-element-34d97f5 elementor-widget elementor-widget-spacer\" data-id=\"34d97f5\" data-element_type=\"widget\" data-widget_type=\"spacer.default\">\n\t\t\t\t<div class=\"elementor-widget-container\">\n\t\t\t\t\t\t\t<div class=\"elementor-spacer\">\n\t\t\t<div class=\"elementor-spacer-inner\"><\/div>\n\t\t<\/div>\n\t\t\t\t\t\t<\/div>\n\t\t\t\t<\/div>\n\t\t\t\t<div class=\"elementor-element elementor-element-54b7a29 elementor-widget elementor-widget-heading\" data-id=\"54b7a29\" data-element_type=\"widget\" data-widget_type=\"heading.default\">\n\t\t\t\t<div class=\"elementor-widget-container\">\n\t\t\t\t\t<h1 class=\"elementor-heading-title elementor-size-default\">Immobilienmarkt in Deutschland 66xxx Postleitzahlengebiet<\/h1>\t\t\t\t<\/div>\n\t\t\t\t<\/div>\n\t\t\t\t<div class=\"elementor-element elementor-element-a10a5f5 elementor-widget elementor-widget-heading\" data-id=\"a10a5f5\" data-element_type=\"widget\" data-widget_type=\"heading.default\">\n\t\t\t\t<div class=\"elementor-widget-container\">\n\t\t\t\t\t<h2 class=\"elementor-heading-title elementor-size-default\">Living &amp; Investing in Saarbr\u00fccken, Zweibr\u00fccken &amp; Western Palatinate<\/h2>\t\t\t\t<\/div>\n\t\t\t\t<\/div>\n\t\t\t\t<div class=\"elementor-element elementor-element-fa5b486 elementor-widget elementor-widget-text-editor\" data-id=\"fa5b486\" data-element_type=\"widget\" data-widget_type=\"text-editor.default\">\n\t\t\t\t<div class=\"elementor-widget-container\">\n\t\t\t\t\t\t\t\t\t<p style=\"text-align: center;\">Erkunden Sie mit uns die faszinierenden Facetten dieser Region \u2013 von ihren besonderen Vorteilen bis hin zu den Herausforderungen. Entdecken Sie nicht nur unsere innovativen Modulh\u00e4user, sondern auch das umfangreiche Portfolio unserer renommierten Partner.<\/p>\t\t\t\t\t\t\t\t<\/div>\n\t\t\t\t<\/div>\n\t\t\t\t<div class=\"elementor-element elementor-element-6b03b23 elementor-widget elementor-widget-spacer\" data-id=\"6b03b23\" data-element_type=\"widget\" data-widget_type=\"spacer.default\">\n\t\t\t\t<div class=\"elementor-widget-container\">\n\t\t\t\t\t\t\t<div class=\"elementor-spacer\">\n\t\t\t<div class=\"elementor-spacer-inner\"><\/div>\n\t\t<\/div>\n\t\t\t\t\t\t<\/div>\n\t\t\t\t<\/div>\n\t\t\t\t\t<\/div>\n\t\t\t\t<\/div>\n\t\t<div data-particle_enable=\"false\" data-particle-mobile-disabled=\"false\" class=\"elementor-element elementor-element-1cb2f05 e-grid e-con-boxed e-con e-parent\" data-id=\"1cb2f05\" data-element_type=\"container\">\n\t\t\t\t\t<div class=\"e-con-inner\">\n\t\t\t\t<div class=\"elementor-element elementor-element-1665ce5 elementor-align-center elementor-widget__width-initial elementor-widget elementor-widget-button\" data-id=\"1665ce5\" data-element_type=\"widget\" data-widget_type=\"button.default\">\n\t\t\t\t<div class=\"elementor-widget-container\">\n\t\t\t\t\t\t\t\t\t<div class=\"elementor-button-wrapper\">\n\t\t\t\t\t<a class=\"elementor-button elementor-button-link elementor-size-sm\" href=\"https:\/\/gloim.com\/de\/modular-house\/\">\n\t\t\t\t\t\t<span class=\"elementor-button-content-wrapper\">\n\t\t\t\t\t\t\t\t\t<span class=\"elementor-button-text\">Modulh\u00e4user<\/span>\n\t\t\t\t\t<\/span>\n\t\t\t\t\t<\/a>\n\t\t\t\t<\/div>\n\t\t\t\t\t\t\t\t<\/div>\n\t\t\t\t<\/div>\n\t\t\t\t<div class=\"elementor-element elementor-element-dd77bca elementor-align-center elementor-widget__width-initial elementor-widget elementor-widget-button\" data-id=\"dd77bca\" data-element_type=\"widget\" data-widget_type=\"button.default\">\n\t\t\t\t<div class=\"elementor-widget-container\">\n\t\t\t\t\t\t\t\t\t<div class=\"elementor-button-wrapper\">\n\t\t\t\t\t<a class=\"elementor-button elementor-button-link elementor-size-sm\" href=\"https:\/\/gloim.com\/de\/ratgeber\/\">\n\t\t\t\t\t\t<span class=\"elementor-button-content-wrapper\">\n\t\t\t\t\t\t\t\t\t<span class=\"elementor-button-text\">Ratgeber   <\/span>\n\t\t\t\t\t<\/span>\n\t\t\t\t\t<\/a>\n\t\t\t\t<\/div>\n\t\t\t\t\t\t\t\t<\/div>\n\t\t\t\t<\/div>\n\t\t\t\t<div class=\"elementor-element elementor-element-edc006d elementor-align-center elementor-widget__width-initial elementor-widget elementor-widget-button\" data-id=\"edc006d\" data-element_type=\"widget\" data-widget_type=\"button.default\">\n\t\t\t\t<div class=\"elementor-widget-container\">\n\t\t\t\t\t\t\t\t\t<div class=\"elementor-button-wrapper\">\n\t\t\t\t\t<a class=\"elementor-button elementor-button-link elementor-size-sm\" href=\"https:\/\/gloim.com\/de\/contact-us\/\">\n\t\t\t\t\t\t<span class=\"elementor-button-content-wrapper\">\n\t\t\t\t\t\t\t\t\t<span class=\"elementor-button-text\">Kontakt<\/span>\n\t\t\t\t\t<\/span>\n\t\t\t\t\t<\/a>\n\t\t\t\t<\/div>\n\t\t\t\t\t\t\t\t<\/div>\n\t\t\t\t<\/div>\n\t\t\t\t\t<\/div>\n\t\t\t\t<\/div>\n\t\t<div data-particle_enable=\"false\" data-particle-mobile-disabled=\"false\" class=\"elementor-element elementor-element-be6f749 e-flex e-con-boxed e-con e-parent\" data-id=\"be6f749\" data-element_type=\"container\">\n\t\t\t\t\t<div class=\"e-con-inner\">\n\t\t\t\t<div class=\"elementor-element elementor-element-edc68bb elementor-widget elementor-widget-spacer\" data-id=\"edc68bb\" data-element_type=\"widget\" data-widget_type=\"spacer.default\">\n\t\t\t\t<div class=\"elementor-widget-container\">\n\t\t\t\t\t\t\t<div class=\"elementor-spacer\">\n\t\t\t<div class=\"elementor-spacer-inner\"><\/div>\n\t\t<\/div>\n\t\t\t\t\t\t<\/div>\n\t\t\t\t<\/div>\n\t\t\t\t<div class=\"elementor-element elementor-element-296b2f8 elementor-widget elementor-widget-image\" data-id=\"296b2f8\" data-element_type=\"widget\" data-widget_type=\"image.default\">\n\t\t\t\t<div class=\"elementor-widget-container\">\n\t\t\t\t\t\t\t\t\t\t\t\t\t\t\t<img decoding=\"async\" src=\"https:\/\/gloim.com\/wp-content\/uploads\/elementor\/thumbs\/Real-Estate-Market-Naumburg-Weisenfels-\u2013-Living-in-Postal-Code-066xxx-e1744978917630-r4jg6g2c3ycjavnke9gp6sf13djc5y30b0tinseetw.webp\" title=\"Real Estate Market Naumburg &#038; Wei\u00dfenfels \u2013 Living in Postal Code 066xxx\" alt=\"Real Estate Market Naumburg &amp; Wei\u00dfenfels \u2013 Living in Postal Code 066xxx\" loading=\"lazy\" \/>\t\t\t\t\t\t\t\t\t\t\t\t\t\t\t<\/div>\n\t\t\t\t<\/div>\n\t\t\t\t<div class=\"elementor-element elementor-element-2c7d3ea elementor-widget elementor-widget-spacer\" data-id=\"2c7d3ea\" data-element_type=\"widget\" data-widget_type=\"spacer.default\">\n\t\t\t\t<div class=\"elementor-widget-container\">\n\t\t\t\t\t\t\t<div class=\"elementor-spacer\">\n\t\t\t<div class=\"elementor-spacer-inner\"><\/div>\n\t\t<\/div>\n\t\t\t\t\t\t<\/div>\n\t\t\t\t<\/div>\n\t\t\t\t<div class=\"elementor-element elementor-element-9593679 elementor-widget elementor-widget-text-editor\" data-id=\"9593679\" data-element_type=\"widget\" data-widget_type=\"text-editor.default\">\n\t\t\t\t<div class=\"elementor-widget-container\">\n\t\t\t\t\t\t\t\t\t<p style=\"text-align: center;\">Wir sind Partner der IMAG, einem Netzwerk von mehr als tausend Makler-Kollegen. <br>Dies ermo\u0308glicht es uns, Ihnen ein grenzenloses Immobilien-Portfolio anbieten zu ko\u0308nnen.<\/p><p style=\"text-align: center;\"><strong>Regional - U\u0308berregional\u00a0-\u00a0International<\/strong><\/p>\t\t\t\t\t\t\t\t<\/div>\n\t\t\t\t<\/div>\n\t\t\t\t<div class=\"elementor-element elementor-element-b338d8a elementor-widget elementor-widget-html\" data-id=\"b338d8a\" data-element_type=\"widget\" data-widget_type=\"html.default\">\n\t\t\t\t<div class=\"elementor-widget-container\">\n\t\t\t\t\t<!--Sie k\u00f6nnen diesen Code an einem beliebigen Platz in ihrer Homepage einbinden. Die Immobiliensuche wird an dieser Stelle erscheinen. -->\n<div id=\"imag-immobiliensuche\"><\/div>\n\n<!--F\u00fcr eine bessere Performance den nachfolgenden Code an das Ende des <body> Tags einbinden-->\n\n<script>\n    (function(w, d, k, e) {\n    const cssApi = d.createElement('link');\n    cssApi.rel = 'stylesheet';\n    cssApi.type = 'text\/css';\n    cssApi.href = 'https:\/\/www.imag-portal.de\/property_search_integration\/build\/api.css';\n    d.head.appendChild(cssApi);\n\n    const jsApi = d.createElement('script');\n    jsApi.src = 'https:\/\/www.imag-portal.de\/property_search_integration\/build\/api.js';\n    jsApi.type = 'text\/javascript';\n    jsApi.charset = 'UTF-8';\n    d.body.appendChild(jsApi);\n    jsApi.addEventListener('load', function() {\n        initializePsi(k, e);\n    })\n})(window, document, '1eed6126-f532-6652-8fb0-5db85b8b2e81', 'imag-immobiliensuche');\n<\/script>\t\t\t\t<\/div>\n\t\t\t\t<\/div>\n\t\t\t\t\t<\/div>\n\t\t\t\t<\/div>\n\t\t<div data-particle_enable=\"false\" data-particle-mobile-disabled=\"false\" class=\"elementor-element elementor-element-e266be4 e-flex e-con-boxed e-con e-parent\" data-id=\"e266be4\" data-element_type=\"container\">\n\t\t\t\t\t<div class=\"e-con-inner\">\n\t\t\t\t<div class=\"elementor-element elementor-element-29a474e elementor-widget elementor-widget-spacer\" data-id=\"29a474e\" data-element_type=\"widget\" data-widget_type=\"spacer.default\">\n\t\t\t\t<div class=\"elementor-widget-container\">\n\t\t\t\t\t\t\t<div class=\"elementor-spacer\">\n\t\t\t<div class=\"elementor-spacer-inner\"><\/div>\n\t\t<\/div>\n\t\t\t\t\t\t<\/div>\n\t\t\t\t<\/div>\n\t\t\t\t<div class=\"elementor-element elementor-element-7c21f13 elementor-widget elementor-widget-text-editor\" data-id=\"7c21f13\" data-element_type=\"widget\" data-widget_type=\"text-editor.default\">\n\t\t\t\t<div class=\"elementor-widget-container\">\n\t\t\t\t\t\t\t\t\t<h3 data-pm-slice=\"1 1 []\">Einleitung<\/h3><p>\u00a0<\/p><p class=\"translation-block\">Das Postleitzahlengebiet 66xxx erstreckt sich \u00fcber die Bundesl\u00e4nder Saarland und Rheinland-Pfalz mit einer Fl\u00e4che von rund 4.027 km\u00b2 und \u00fcber 1,25 Millionen Einwohnern. Insgesamt geh\u00f6ren 200 St\u00e4dte und Gemeinden zum Gebiet, darunter die Gro\u00dfstadt Saarbr\u00fccken, die kreisfreien St\u00e4dte Zweibr\u00fccken und Pirmasens sowie viele charmante kleinere Orte wie Hirschthal.<\/p><p>\u00a0<\/p><p class=\"translation-block\">Das Gebiet umfasst 9 Landkreise: Regionalverband Saarbr\u00fccken, Saarlouis, Saarpfalz-Kreis, S\u00fcdwestpfalz, Neunkirchen (Saar), Sankt Wendel, Merzig-Wadern, Kaiserslautern und Kusel. Die Region vereint st\u00e4dtisches Leben, historische Orte und naturnahe Wohnlagen zu einem vielseitigen Wohn- und Investitionsstandort.<\/p><p>\u00a0<\/p><div><hr \/><\/div><h3>Wohnen und Leben im PLZ-Gebiet 66xxx<\/h3><p>\u00a0<\/p><p>Die Region bietet f\u00fcr jeden Lebensstil das passende Umfeld:<\/p><p>\u00a0<\/p><ul data-spread=\"false\"><li><p class=\"translation-block\">Saarbr\u00fccken \u2013 Landeshauptstadt mit kulturellem Leben, Arbeitsplatzvielfalt und hervorragender Infrastruktur.<\/p><\/li><li><p class=\"translation-block\">Zweibr\u00fccken &amp; Pirmasens \u2013 Preiswerte Immobilien, gute Verkehrsanbindung und N\u00e4he zur Natur und Frankreich.<\/p><\/li><li><p class=\"translation-block\">Neunkirchen &amp; Homburg \u2013 Wirtschaftsstarke Mittelst\u00e4dte mit Neubauprojekten und guter Infrastruktur.<\/p><\/li><li><p class=\"translation-block\">Saarlouis \u2013 Familienfreundlich mit barockem Flair, lebendigem Zentrum und wirtschaftlicher Dynamik.<\/p><\/li><li><p class=\"translation-block\">Merzig-Wadern &amp; Sankt Wendel \u2013 Gr\u00fcne Umgebung, ruhige Wohnlagen und viel Raum f\u00fcr Freizeit und Familie.<\/p><\/li><li><p class=\"translation-block\">Kaiserslautern &amp; Kusel \u2013 Kombination aus urbaner Infrastruktur und l\u00e4ndlicher Wohnidylle, ideal f\u00fcr Kapitalanleger und junge Familien.<\/p><\/li><\/ul><p>\u00a0<\/p><p class=\"translation-block\">Dank der Autobahnen A1, A6 und A8, gutem \u00f6ffentlichen Nahverkehr und der N\u00e4he zu Frankreich und Luxemburg ist die Region optimal angebunden.<\/p><p>\u00a0<\/p><div><hr \/><\/div><h3>Immobilienpreise und Marktentwicklung<\/h3><p>\u00a0<\/p><p>Das PLZ-Gebiet 66xxx bietet attraktive Einstiegspreise:<\/p><p>\u00a0<\/p><ul data-spread=\"false\"><li><p class=\"translation-block\">Saarbr\u00fccken: 2.300\u20133.800 \u20ac\/m\u00b2<\/p><\/li><li><p class=\"translation-block\">Zweibr\u00fccken, Pirmasens: 1.800\u20132.800 \u20ac\/m\u00b2<\/p><\/li><li><p class=\"translation-block\">Homburg, Neunkirchen: 2.000\u20133.200 \u20ac\/m\u00b2<\/p><\/li><li><p class=\"translation-block\">Saarlouis, Sankt Wendel: 2.200\u20133.500 \u20ac\/m\u00b2<\/p><\/li><li><p class=\"translation-block\">Kusel, Landstuhl, l\u00e4ndliche Gemeinden: 1.500\u20132.500 \u20ac\/m\u00b2<\/p><\/li><\/ul><p>\u00a0<\/p><p class=\"translation-block\">Mietpreise bewegen sich je nach Ausstattung und Lage zwischen 6,50 \u20ac und 10,50 \u20ac\/m\u00b2. Im Vergleich zu Ballungsr\u00e4umen sind Immobilien hier deutlich erschwinglicher \u2013 ein klarer Vorteil f\u00fcr junge K\u00e4ufer und Investoren.<\/p><p>\u00a0<\/p><div><hr \/><\/div><h3>Zukunftsperspektiven des Immobilienmarktes<\/h3><p>\u00a0<\/p><p>Die Region 66xxx hat viel Zukunftspotenzial:<\/p><p>\u00a0<\/p><ul data-spread=\"false\"><li><p class=\"translation-block\">Ausbau von Infrastruktur und digitaler Anbindung<\/p><\/li><li><p class=\"translation-block\">Wachsende Bedeutung grenznaher Mobilit\u00e4t und Logistik<\/p><\/li><li><p class=\"translation-block\">Fokus auf nachhaltiges Bauen, energetische Sanierungen und Neubauprojekte<\/p><\/li><li><p class=\"translation-block\">Hohe Attraktivit\u00e4t f\u00fcr Homeoffice und naturnahes Wohnen mit guter Anbindung an st\u00e4dtische Zentren<\/p><\/li><\/ul><p>\u00a0<\/p><p class=\"translation-block\">Das Zusammenspiel aus Lebensqualit\u00e4t, Erschwinglichkeit und Entwicklungschancen macht die Region besonders zukunftsf\u00e4hig.<\/p><p>\u00a0<\/p><div><hr \/><\/div><h3>Fazit<\/h3><p>\u00a0<\/p><p>Ob urbanes Leben in Saarbr\u00fccken, naturnahe Ruhe im Sankt Wendeler Land oder Investitionschancen in Zweibr\u00fccken \u2013 das PLZ-Gebiet 66xxx vereint Vielfalt, Lebensqualit\u00e4t und nachhaltiges Immobilienpotenzial.<\/p><p>\u00a0<\/p><p>#Immobilien66xxx #WohnenimSaarland #InvestierenSaarLorLux #HauskaufSaarbr\u00fccken #S\u00fcdwestpfalzImmobilien #EigentumKaiserslautern #Zweibr\u00fcckenWohnen #G\u00fcnstigWohnenRLP<\/p>\t\t\t\t\t\t\t\t<\/div>\n\t\t\t\t<\/div>\n\t\t\t\t<div class=\"elementor-element elementor-element-44617d8 elementor-widget elementor-widget-spacer\" data-id=\"44617d8\" data-element_type=\"widget\" data-widget_type=\"spacer.default\">\n\t\t\t\t<div class=\"elementor-widget-container\">\n\t\t\t\t\t\t\t<div class=\"elementor-spacer\">\n\t\t\t<div class=\"elementor-spacer-inner\"><\/div>\n\t\t<\/div>\n\t\t\t\t\t\t<\/div>\n\t\t\t\t<\/div>\n\t\t\t\t\t<\/div>\n\t\t\t\t<\/div>\n\t\t\t\t<\/div>","protected":false},"excerpt":{"rendered":"<p>Real estate market in Germany 66xxx zip code area Living &#038; Investing in Saarbr\u00fccken, Zweibr\u00fccken &#038; Western Palatinate Explore the fascinating facets of this region with us &#8211; from its special advantages to its challenges. Discover not only our innovative modular houses, but also the extensive portfolio of our renowned partners. Modular House Guide Contact [&hellip;]<\/p>","protected":false},"author":1,"featured_media":0,"parent":0,"menu_order":0,"comment_status":"closed","ping_status":"closed","template":"","meta":{"footnotes":""},"class_list":["post-2713","page","type-page","status-publish","hentry"],"_links":{"self":[{"href":"https:\/\/gloim.com\/de\/wp-json\/wp\/v2\/pages\/2713","targetHints":{"allow":["GET"]}}],"collection":[{"href":"https:\/\/gloim.com\/de\/wp-json\/wp\/v2\/pages"}],"about":[{"href":"https:\/\/gloim.com\/de\/wp-json\/wp\/v2\/types\/page"}],"author":[{"embeddable":true,"href":"https:\/\/gloim.com\/de\/wp-json\/wp\/v2\/users\/1"}],"replies":[{"embeddable":true,"href":"https:\/\/gloim.com\/de\/wp-json\/wp\/v2\/comments?post=2713"}],"version-history":[{"count":0,"href":"https:\/\/gloim.com\/de\/wp-json\/wp\/v2\/pages\/2713\/revisions"}],"wp:attachment":[{"href":"https:\/\/gloim.com\/de\/wp-json\/wp\/v2\/media?parent=2713"}],"curies":[{"name":"wp","href":"https:\/\/api.w.org\/{rel}","templated":true}]}}