{"id":2725,"date":"2025-03-12T10:52:33","date_gmt":"2025-03-12T07:52:33","guid":{"rendered":"https:\/\/gloim.com\/?page_id=2725"},"modified":"2025-04-18T15:38:36","modified_gmt":"2025-04-18T12:38:36","slug":"real-estate-67xxx-living-investing-in-ludwigshafen-kaiserslautern-the-palatinate-region","status":"publish","type":"page","link":"https:\/\/gloim.com\/de\/real-estate-67xxx-living-investing-in-ludwigshafen-kaiserslautern-the-palatinate-region\/","title":{"rendered":"Real Estate 67xxx \u2013 Living &#038; Investing in Ludwigshafen, Kaiserslautern &#038; the Palatinate Region"},"content":{"rendered":"<div data-elementor-type=\"wp-page\" data-elementor-id=\"2725\" class=\"elementor elementor-2725\" data-elementor-post-type=\"page\">\n\t\t\t\t<div data-particle_enable=\"false\" data-particle-mobile-disabled=\"false\" class=\"elementor-element elementor-element-18177ef e-flex e-con-boxed e-con e-parent\" data-id=\"18177ef\" data-element_type=\"container\">\n\t\t\t\t\t<div class=\"e-con-inner\">\n\t\t\t\t<div class=\"elementor-element elementor-element-34d97f5 elementor-widget elementor-widget-spacer\" data-id=\"34d97f5\" data-element_type=\"widget\" data-widget_type=\"spacer.default\">\n\t\t\t\t<div class=\"elementor-widget-container\">\n\t\t\t\t\t\t\t<div class=\"elementor-spacer\">\n\t\t\t<div class=\"elementor-spacer-inner\"><\/div>\n\t\t<\/div>\n\t\t\t\t\t\t<\/div>\n\t\t\t\t<\/div>\n\t\t\t\t<div class=\"elementor-element elementor-element-54b7a29 elementor-widget elementor-widget-heading\" data-id=\"54b7a29\" data-element_type=\"widget\" data-widget_type=\"heading.default\">\n\t\t\t\t<div class=\"elementor-widget-container\">\n\t\t\t\t\t<h1 class=\"elementor-heading-title elementor-size-default\">Immobilienmarkt in Deutschland 67xxx Postleitzahlengebiet<\/h1>\t\t\t\t<\/div>\n\t\t\t\t<\/div>\n\t\t\t\t<div class=\"elementor-element elementor-element-a10a5f5 elementor-widget elementor-widget-heading\" data-id=\"a10a5f5\" data-element_type=\"widget\" data-widget_type=\"heading.default\">\n\t\t\t\t<div class=\"elementor-widget-container\">\n\t\t\t\t\t<h2 class=\"elementor-heading-title elementor-size-default\">Living &amp; Investing in Ludwigshafen, Kaiserslautern &amp; the Palatinate Region<\/h2>\t\t\t\t<\/div>\n\t\t\t\t<\/div>\n\t\t\t\t<div class=\"elementor-element elementor-element-fa5b486 elementor-widget elementor-widget-text-editor\" data-id=\"fa5b486\" data-element_type=\"widget\" data-widget_type=\"text-editor.default\">\n\t\t\t\t<div class=\"elementor-widget-container\">\n\t\t\t\t\t\t\t\t\t<p style=\"text-align: center;\">Erkunden Sie mit uns die faszinierenden Facetten dieser Region \u2013 von ihren besonderen Vorteilen bis hin zu den Herausforderungen. Entdecken Sie nicht nur unsere innovativen Modulh\u00e4user, sondern auch das umfangreiche Portfolio unserer renommierten Partner.<\/p>\t\t\t\t\t\t\t\t<\/div>\n\t\t\t\t<\/div>\n\t\t\t\t<div class=\"elementor-element elementor-element-6b03b23 elementor-widget elementor-widget-spacer\" data-id=\"6b03b23\" data-element_type=\"widget\" data-widget_type=\"spacer.default\">\n\t\t\t\t<div class=\"elementor-widget-container\">\n\t\t\t\t\t\t\t<div class=\"elementor-spacer\">\n\t\t\t<div class=\"elementor-spacer-inner\"><\/div>\n\t\t<\/div>\n\t\t\t\t\t\t<\/div>\n\t\t\t\t<\/div>\n\t\t\t\t\t<\/div>\n\t\t\t\t<\/div>\n\t\t<div data-particle_enable=\"false\" data-particle-mobile-disabled=\"false\" class=\"elementor-element elementor-element-1cb2f05 e-grid e-con-boxed e-con e-parent\" data-id=\"1cb2f05\" data-element_type=\"container\">\n\t\t\t\t\t<div class=\"e-con-inner\">\n\t\t\t\t<div class=\"elementor-element elementor-element-1665ce5 elementor-align-center elementor-widget__width-initial elementor-widget elementor-widget-button\" data-id=\"1665ce5\" data-element_type=\"widget\" data-widget_type=\"button.default\">\n\t\t\t\t<div class=\"elementor-widget-container\">\n\t\t\t\t\t\t\t\t\t<div class=\"elementor-button-wrapper\">\n\t\t\t\t\t<a class=\"elementor-button elementor-button-link elementor-size-sm\" href=\"https:\/\/gloim.com\/de\/modular-house\/\">\n\t\t\t\t\t\t<span class=\"elementor-button-content-wrapper\">\n\t\t\t\t\t\t\t\t\t<span class=\"elementor-button-text\">Modulh\u00e4user<\/span>\n\t\t\t\t\t<\/span>\n\t\t\t\t\t<\/a>\n\t\t\t\t<\/div>\n\t\t\t\t\t\t\t\t<\/div>\n\t\t\t\t<\/div>\n\t\t\t\t<div class=\"elementor-element elementor-element-dd77bca elementor-align-center elementor-widget__width-initial elementor-widget elementor-widget-button\" data-id=\"dd77bca\" data-element_type=\"widget\" data-widget_type=\"button.default\">\n\t\t\t\t<div class=\"elementor-widget-container\">\n\t\t\t\t\t\t\t\t\t<div class=\"elementor-button-wrapper\">\n\t\t\t\t\t<a class=\"elementor-button elementor-button-link elementor-size-sm\" href=\"https:\/\/gloim.com\/de\/ratgeber\/\">\n\t\t\t\t\t\t<span class=\"elementor-button-content-wrapper\">\n\t\t\t\t\t\t\t\t\t<span class=\"elementor-button-text\">Ratgeber   <\/span>\n\t\t\t\t\t<\/span>\n\t\t\t\t\t<\/a>\n\t\t\t\t<\/div>\n\t\t\t\t\t\t\t\t<\/div>\n\t\t\t\t<\/div>\n\t\t\t\t<div class=\"elementor-element elementor-element-edc006d elementor-align-center elementor-widget__width-initial elementor-widget elementor-widget-button\" data-id=\"edc006d\" data-element_type=\"widget\" data-widget_type=\"button.default\">\n\t\t\t\t<div class=\"elementor-widget-container\">\n\t\t\t\t\t\t\t\t\t<div class=\"elementor-button-wrapper\">\n\t\t\t\t\t<a class=\"elementor-button elementor-button-link elementor-size-sm\" href=\"https:\/\/gloim.com\/de\/contact-us\/\">\n\t\t\t\t\t\t<span class=\"elementor-button-content-wrapper\">\n\t\t\t\t\t\t\t\t\t<span class=\"elementor-button-text\">Kontakt<\/span>\n\t\t\t\t\t<\/span>\n\t\t\t\t\t<\/a>\n\t\t\t\t<\/div>\n\t\t\t\t\t\t\t\t<\/div>\n\t\t\t\t<\/div>\n\t\t\t\t\t<\/div>\n\t\t\t\t<\/div>\n\t\t<div data-particle_enable=\"false\" data-particle-mobile-disabled=\"false\" class=\"elementor-element elementor-element-be6f749 e-flex e-con-boxed e-con e-parent\" data-id=\"be6f749\" data-element_type=\"container\">\n\t\t\t\t\t<div class=\"e-con-inner\">\n\t\t\t\t<div class=\"elementor-element elementor-element-edc68bb elementor-widget elementor-widget-spacer\" data-id=\"edc68bb\" data-element_type=\"widget\" data-widget_type=\"spacer.default\">\n\t\t\t\t<div class=\"elementor-widget-container\">\n\t\t\t\t\t\t\t<div class=\"elementor-spacer\">\n\t\t\t<div class=\"elementor-spacer-inner\"><\/div>\n\t\t<\/div>\n\t\t\t\t\t\t<\/div>\n\t\t\t\t<\/div>\n\t\t\t\t<div class=\"elementor-element elementor-element-296b2f8 elementor-widget elementor-widget-image\" data-id=\"296b2f8\" data-element_type=\"widget\" data-widget_type=\"image.default\">\n\t\t\t\t<div class=\"elementor-widget-container\">\n\t\t\t\t\t\t\t\t\t\t\t\t\t\t\t<img decoding=\"async\" src=\"https:\/\/gloim.com\/wp-content\/uploads\/elementor\/thumbs\/Real-Estate-Market-Bitterfeld-Wolfen-Dessau-Roslau-\u2013-Living-in-Postal-Code-067-r2qq60u5dcdf1ond5hl6qpzmvdgr3sm9th4jeuqmj8.webp\" title=\"Real Estate Market Bitterfeld-Wolfen &#038; Dessau-Ro\u00dflau \u2013 Living in Postal Code 067\" alt=\"Real Estate Market Bitterfeld-Wolfen &amp; Dessau-Ro\u00dflau \u2013 Living in Postal Code 067\" loading=\"lazy\" \/>\t\t\t\t\t\t\t\t\t\t\t\t\t\t\t<\/div>\n\t\t\t\t<\/div>\n\t\t\t\t<div class=\"elementor-element elementor-element-2c7d3ea elementor-widget elementor-widget-spacer\" data-id=\"2c7d3ea\" data-element_type=\"widget\" data-widget_type=\"spacer.default\">\n\t\t\t\t<div class=\"elementor-widget-container\">\n\t\t\t\t\t\t\t<div class=\"elementor-spacer\">\n\t\t\t<div class=\"elementor-spacer-inner\"><\/div>\n\t\t<\/div>\n\t\t\t\t\t\t<\/div>\n\t\t\t\t<\/div>\n\t\t\t\t<div class=\"elementor-element elementor-element-9593679 elementor-widget elementor-widget-text-editor\" data-id=\"9593679\" data-element_type=\"widget\" data-widget_type=\"text-editor.default\">\n\t\t\t\t<div class=\"elementor-widget-container\">\n\t\t\t\t\t\t\t\t\t<p style=\"text-align: center;\">Wir sind Partner der IMAG, einem Netzwerk von mehr als tausend Makler-Kollegen. <br>Dies ermo\u0308glicht es uns, Ihnen ein grenzenloses Immobilien-Portfolio anbieten zu ko\u0308nnen.<\/p><p style=\"text-align: center;\"><strong>Regional - U\u0308berregional\u00a0-\u00a0International<\/strong><\/p>\t\t\t\t\t\t\t\t<\/div>\n\t\t\t\t<\/div>\n\t\t\t\t<div class=\"elementor-element elementor-element-b338d8a elementor-widget elementor-widget-html\" data-id=\"b338d8a\" data-element_type=\"widget\" data-widget_type=\"html.default\">\n\t\t\t\t<div class=\"elementor-widget-container\">\n\t\t\t\t\t<!--Sie k\u00f6nnen diesen Code an einem beliebigen Platz in ihrer Homepage einbinden. Die Immobiliensuche wird an dieser Stelle erscheinen. -->\n<div id=\"imag-immobiliensuche\"><\/div>\n\n<!--F\u00fcr eine bessere Performance den nachfolgenden Code an das Ende des <body> Tags einbinden-->\n\n<script>\n    (function(w, d, k, e) {\n    const cssApi = d.createElement('link');\n    cssApi.rel = 'stylesheet';\n    cssApi.type = 'text\/css';\n    cssApi.href = 'https:\/\/www.imag-portal.de\/property_search_integration\/build\/api.css';\n    d.head.appendChild(cssApi);\n\n    const jsApi = d.createElement('script');\n    jsApi.src = 'https:\/\/www.imag-portal.de\/property_search_integration\/build\/api.js';\n    jsApi.type = 'text\/javascript';\n    jsApi.charset = 'UTF-8';\n    d.body.appendChild(jsApi);\n    jsApi.addEventListener('load', function() {\n        initializePsi(k, e);\n    })\n})(window, document, '1eed6126-f532-6652-8fb0-5db85b8b2e81', 'imag-immobiliensuche');\n<\/script>\t\t\t\t<\/div>\n\t\t\t\t<\/div>\n\t\t\t\t\t<\/div>\n\t\t\t\t<\/div>\n\t\t<div data-particle_enable=\"false\" data-particle-mobile-disabled=\"false\" class=\"elementor-element elementor-element-e266be4 e-flex e-con-boxed e-con e-parent\" data-id=\"e266be4\" data-element_type=\"container\">\n\t\t\t\t\t<div class=\"e-con-inner\">\n\t\t\t\t<div class=\"elementor-element elementor-element-29a474e elementor-widget elementor-widget-spacer\" data-id=\"29a474e\" data-element_type=\"widget\" data-widget_type=\"spacer.default\">\n\t\t\t\t<div class=\"elementor-widget-container\">\n\t\t\t\t\t\t\t<div class=\"elementor-spacer\">\n\t\t\t<div class=\"elementor-spacer-inner\"><\/div>\n\t\t<\/div>\n\t\t\t\t\t\t<\/div>\n\t\t\t\t<\/div>\n\t\t\t\t<div class=\"elementor-element elementor-element-7c21f13 elementor-widget elementor-widget-text-editor\" data-id=\"7c21f13\" data-element_type=\"widget\" data-widget_type=\"text-editor.default\">\n\t\t\t\t<div class=\"elementor-widget-container\">\n\t\t\t\t\t\t\t\t\t<h3 data-pm-slice=\"1 1 []\">Einleitung<\/h3><p>\u00a0<\/p><p class=\"translation-block\">Das PLZ-Gebiet 67xxx liegt im Bundesland Rheinland-Pfalz und erstreckt sich \u00fcber eine Fl\u00e4che von rund 3.217 km\u00b2. Mit \u00fcber 1 Million Einwohnern und 287 Orten z\u00e4hlt es zu den bedeutendsten Immobilienregionen in der Pfalz.<\/p><p>\u00a0<\/p><p class=\"translation-block\">Wichtige St\u00e4dte sind Ludwigshafen, Kaiserslautern, Worms, Speyer und Frankenthal. Die kleinste Gemeinde ist Hausweiler. Die Region umfasst 11 Landkreise und 6 kreisfreie St\u00e4dte und bietet eine einzigartige Mischung aus st\u00e4dtischer Dynamik und l\u00e4ndlicher Ruhe.<\/p><p>\u00a0<\/p><div><hr \/><\/div><h3>Wohnen und Leben im PLZ-Gebiet 67xxx<\/h3><p>\u00a0<\/p><p>Das Gebiet bietet f\u00fcr jede Lebensphase die passende Umgebung:<\/p><p>\u00a0<\/p><ul data-spread=\"false\"><li><p class=\"translation-block\">Ludwigshafen \u2013 Industriestadt mit bezahlbarem Wohnraum und guter Infrastruktur.<\/p><\/li><li><p class=\"translation-block\">Kaiserslautern \u2013 Technologiestandort und Universit\u00e4tsstadt mit gemischtem Wohnangebot f\u00fcr Studierende und Familien.<\/p><\/li><li><p class=\"translation-block\">Worms, Speyer, Frankenthal \u2013 Historische Rheinst\u00e4dte mit hoher Lebensqualit\u00e4t und guter Verkehrsanbindung.<\/p><\/li><li><p class=\"translation-block\">Bad D\u00fcrkheim &amp; Neustadt an der Weinstra\u00dfe \u2013 Weinregionen mit viel Charme, Kultur und Natur.<\/p><\/li><li><p class=\"translation-block\">L\u00e4ndliche Regionen (z. B. Donnersbergkreis, Kusel) \u2013 Naturverbundenes Leben mit attraktiven Einstiegspreisen f\u00fcr Immobilien.<\/p><\/li><\/ul><p>\u00a0<\/p><p class=\"translation-block\">Die Region profitiert von einer hervorragenden Infrastruktur mit den Autobahnen A6, A61, A63 und A65, gutem Schienenverkehr und der N\u00e4he zu Ballungsr\u00e4umen wie Mannheim, Heidelberg und dem Flughafen Frankfurt.<\/p><p>\u00a0<\/p><div><hr \/><\/div><h3>Immobilienpreise und Marktentwicklung<\/h3><p>\u00a0<\/p><p>Die Immobilienpreise sind attraktiv und bieten Wachstumspotenzial:<\/p><p>\u00a0<\/p><ul data-spread=\"false\"><li><p class=\"translation-block\">Ludwigshafen: 2.200\u20133.400 \u20ac\/m\u00b2<\/p><\/li><li><p class=\"translation-block\">Kaiserslautern: 2.100\u20133.200 \u20ac\/m\u00b2<\/p><\/li><li><p class=\"translation-block\">Worms, Speyer, Frankenthal: 2.300\u20133.600 \u20ac\/m\u00b2<\/p><\/li><li><p class=\"translation-block\">Bad D\u00fcrkheim, Neustadt: 2.800\u20134.000 \u20ac\/m\u00b2<\/p><\/li><li><p class=\"translation-block\">L\u00e4ndliche Gebiete: 1.500\u20132.400 \u20ac\/m\u00b2<\/p><\/li><\/ul><p>\u00a0<\/p><p class=\"translation-block\">Mietpreise liegen je nach Lage und Ausstattung zwischen 7,00 \u20ac und 11,50 \u20ac\/m\u00b2. Im Vergleich zu Gro\u00dfst\u00e4dten bietet das Gebiet ein sehr gutes Preis-Leistungs-Verh\u00e4ltnis.<\/p><p>\u00a0<\/p><div><hr \/><\/div><h3>Zukunftsperspektiven des Immobilienmarktes<\/h3><p>\u00a0<\/p><p>Die Region 67xxx ist zukunftsf\u00e4hig und investitionsstark:<\/p><p>\u00a0<\/p><ul data-spread=\"false\"><li><p class=\"translation-block\">Neue Wohnbauprojekte und st\u00e4dtische Verdichtung<\/p><\/li><li><p class=\"translation-block\">F\u00f6rderung von energetischer Sanierung und Gr\u00fcnbauten<\/p><\/li><li><p class=\"translation-block\">Zunehmendes Interesse durch Pendler und Remote-Worker<\/p><\/li><li><p class=\"translation-block\">Digitalisierungs- und Infrastrukturprojekte im l\u00e4ndlichen Raum<\/p><\/li><\/ul><p>\u00a0<\/p><p>Diese Faktoren machen die Region attraktiv f\u00fcr Eigennutzer und Investoren gleicherma\u00dfen<\/p><p>\u00a0<\/p><div><hr \/><\/div><h3>Fazit<\/h3><p>\u00a0<\/p><p class=\"translation-block\">Ob Hightech in Kaiserslautern, Industrie in Ludwigshafen oder Weingenuss in der Pfalz \u2013 das PLZ-Gebiet 67xxx steht f\u00fcr Vielfalt, Lebensqualit\u00e4t und werthaltige Immobilien.<\/p><p>\u00a0<\/p><p>#Immobilien67xxx #WohneninLudwigshafen #InvestierenPfalz #HauskaufKaiserslautern #SpeyerImmobilien #RLPImmobilienmarkt #WormsWohnen #NeustadtWeinstra\u00dfe<\/p><div><hr \/><\/div><p>\u00a0<\/p>\t\t\t\t\t\t\t\t<\/div>\n\t\t\t\t<\/div>\n\t\t\t\t<div class=\"elementor-element elementor-element-44617d8 elementor-widget elementor-widget-spacer\" data-id=\"44617d8\" data-element_type=\"widget\" data-widget_type=\"spacer.default\">\n\t\t\t\t<div class=\"elementor-widget-container\">\n\t\t\t\t\t\t\t<div class=\"elementor-spacer\">\n\t\t\t<div class=\"elementor-spacer-inner\"><\/div>\n\t\t<\/div>\n\t\t\t\t\t\t<\/div>\n\t\t\t\t<\/div>\n\t\t\t\t\t<\/div>\n\t\t\t\t<\/div>\n\t\t\t\t<\/div>","protected":false},"excerpt":{"rendered":"<p>Real estate market in Germany 67xxx zip code area Living &#038; Investing in Ludwigshafen, Kaiserslautern &#038; the Palatinate Region Explore the fascinating facets of this region with us &#8211; from its special advantages to its challenges. Discover not only our innovative modular houses, but also the extensive portfolio of our renowned partners. Modular House Guide [&hellip;]<\/p>","protected":false},"author":1,"featured_media":0,"parent":0,"menu_order":0,"comment_status":"closed","ping_status":"closed","template":"","meta":{"footnotes":""},"class_list":["post-2725","page","type-page","status-publish","hentry"],"_links":{"self":[{"href":"https:\/\/gloim.com\/de\/wp-json\/wp\/v2\/pages\/2725","targetHints":{"allow":["GET"]}}],"collection":[{"href":"https:\/\/gloim.com\/de\/wp-json\/wp\/v2\/pages"}],"about":[{"href":"https:\/\/gloim.com\/de\/wp-json\/wp\/v2\/types\/page"}],"author":[{"embeddable":true,"href":"https:\/\/gloim.com\/de\/wp-json\/wp\/v2\/users\/1"}],"replies":[{"embeddable":true,"href":"https:\/\/gloim.com\/de\/wp-json\/wp\/v2\/comments?post=2725"}],"version-history":[{"count":0,"href":"https:\/\/gloim.com\/de\/wp-json\/wp\/v2\/pages\/2725\/revisions"}],"wp:attachment":[{"href":"https:\/\/gloim.com\/de\/wp-json\/wp\/v2\/media?parent=2725"}],"curies":[{"name":"wp","href":"https:\/\/api.w.org\/{rel}","templated":true}]}}