{"id":2790,"date":"2025-03-13T08:19:23","date_gmt":"2025-03-13T05:19:23","guid":{"rendered":"https:\/\/gloim.com\/?page_id=2790"},"modified":"2025-04-22T12:49:13","modified_gmt":"2025-04-22T09:49:13","slug":"real-estate-73xxx-living-investing-in-esslingen-goppingen-eastern-baden-wurttemberg","status":"publish","type":"page","link":"https:\/\/gloim.com\/de\/real-estate-73xxx-living-investing-in-esslingen-goppingen-eastern-baden-wurttemberg\/","title":{"rendered":"Real Estate 73xxx \u2013 Living &#038; Investing in Esslingen, G\u00f6ppingen &#038; Eastern Baden-W\u00fcrttemberg"},"content":{"rendered":"<div data-elementor-type=\"wp-page\" data-elementor-id=\"2790\" class=\"elementor elementor-2790\" data-elementor-post-type=\"page\">\n\t\t\t\t<div data-particle_enable=\"false\" data-particle-mobile-disabled=\"false\" class=\"elementor-element elementor-element-18177ef e-flex e-con-boxed e-con e-parent\" data-id=\"18177ef\" data-element_type=\"container\">\n\t\t\t\t\t<div class=\"e-con-inner\">\n\t\t\t\t<div class=\"elementor-element elementor-element-34d97f5 elementor-widget elementor-widget-spacer\" data-id=\"34d97f5\" data-element_type=\"widget\" data-widget_type=\"spacer.default\">\n\t\t\t\t<div class=\"elementor-widget-container\">\n\t\t\t\t\t\t\t<div class=\"elementor-spacer\">\n\t\t\t<div class=\"elementor-spacer-inner\"><\/div>\n\t\t<\/div>\n\t\t\t\t\t\t<\/div>\n\t\t\t\t<\/div>\n\t\t\t\t<div class=\"elementor-element elementor-element-54b7a29 elementor-widget elementor-widget-heading\" data-id=\"54b7a29\" data-element_type=\"widget\" data-widget_type=\"heading.default\">\n\t\t\t\t<div class=\"elementor-widget-container\">\n\t\t\t\t\t<h1 class=\"elementor-heading-title elementor-size-default\">Immobilienmarkt in Deutschland 73xxx Postleitzahlengebiet<\/h1>\t\t\t\t<\/div>\n\t\t\t\t<\/div>\n\t\t\t\t<div class=\"elementor-element elementor-element-a10a5f5 elementor-widget elementor-widget-heading\" data-id=\"a10a5f5\" data-element_type=\"widget\" data-widget_type=\"heading.default\">\n\t\t\t\t<div class=\"elementor-widget-container\">\n\t\t\t\t\t<h2 class=\"elementor-heading-title elementor-size-default\">Living &amp; Investing in Esslingen, G\u00f6ppingen &amp; Eastern Baden-W\u00fcrttemberg<\/h2>\t\t\t\t<\/div>\n\t\t\t\t<\/div>\n\t\t\t\t<div class=\"elementor-element elementor-element-fa5b486 elementor-widget elementor-widget-text-editor\" data-id=\"fa5b486\" data-element_type=\"widget\" data-widget_type=\"text-editor.default\">\n\t\t\t\t<div class=\"elementor-widget-container\">\n\t\t\t\t\t\t\t\t\t<p style=\"text-align: center;\">Erkunden Sie mit uns die faszinierenden Facetten dieser Region \u2013 von ihren besonderen Vorteilen bis hin zu den Herausforderungen. Entdecken Sie nicht nur unsere innovativen Modulh\u00e4user, sondern auch das umfangreiche Portfolio unserer renommierten Partner.<\/p>\t\t\t\t\t\t\t\t<\/div>\n\t\t\t\t<\/div>\n\t\t\t\t<div class=\"elementor-element elementor-element-6b03b23 elementor-widget elementor-widget-spacer\" data-id=\"6b03b23\" data-element_type=\"widget\" data-widget_type=\"spacer.default\">\n\t\t\t\t<div class=\"elementor-widget-container\">\n\t\t\t\t\t\t\t<div class=\"elementor-spacer\">\n\t\t\t<div class=\"elementor-spacer-inner\"><\/div>\n\t\t<\/div>\n\t\t\t\t\t\t<\/div>\n\t\t\t\t<\/div>\n\t\t\t\t\t<\/div>\n\t\t\t\t<\/div>\n\t\t<div data-particle_enable=\"false\" data-particle-mobile-disabled=\"false\" class=\"elementor-element elementor-element-1cb2f05 e-grid e-con-boxed e-con e-parent\" data-id=\"1cb2f05\" data-element_type=\"container\">\n\t\t\t\t\t<div class=\"e-con-inner\">\n\t\t\t\t<div class=\"elementor-element elementor-element-1665ce5 elementor-align-center elementor-widget__width-initial elementor-widget elementor-widget-button\" data-id=\"1665ce5\" data-element_type=\"widget\" data-widget_type=\"button.default\">\n\t\t\t\t<div class=\"elementor-widget-container\">\n\t\t\t\t\t\t\t\t\t<div class=\"elementor-button-wrapper\">\n\t\t\t\t\t<a class=\"elementor-button elementor-button-link elementor-size-sm\" href=\"https:\/\/gloim.com\/de\/modular-house\/\">\n\t\t\t\t\t\t<span class=\"elementor-button-content-wrapper\">\n\t\t\t\t\t\t\t\t\t<span class=\"elementor-button-text\">Modulh\u00e4user<\/span>\n\t\t\t\t\t<\/span>\n\t\t\t\t\t<\/a>\n\t\t\t\t<\/div>\n\t\t\t\t\t\t\t\t<\/div>\n\t\t\t\t<\/div>\n\t\t\t\t<div class=\"elementor-element elementor-element-dd77bca elementor-align-center elementor-widget__width-initial elementor-widget elementor-widget-button\" data-id=\"dd77bca\" data-element_type=\"widget\" data-widget_type=\"button.default\">\n\t\t\t\t<div class=\"elementor-widget-container\">\n\t\t\t\t\t\t\t\t\t<div class=\"elementor-button-wrapper\">\n\t\t\t\t\t<a class=\"elementor-button elementor-button-link elementor-size-sm\" href=\"https:\/\/gloim.com\/de\/ratgeber\/\">\n\t\t\t\t\t\t<span class=\"elementor-button-content-wrapper\">\n\t\t\t\t\t\t\t\t\t<span class=\"elementor-button-text\">Ratgeber   <\/span>\n\t\t\t\t\t<\/span>\n\t\t\t\t\t<\/a>\n\t\t\t\t<\/div>\n\t\t\t\t\t\t\t\t<\/div>\n\t\t\t\t<\/div>\n\t\t\t\t<div class=\"elementor-element elementor-element-edc006d elementor-align-center elementor-widget__width-initial elementor-widget elementor-widget-button\" data-id=\"edc006d\" data-element_type=\"widget\" data-widget_type=\"button.default\">\n\t\t\t\t<div class=\"elementor-widget-container\">\n\t\t\t\t\t\t\t\t\t<div class=\"elementor-button-wrapper\">\n\t\t\t\t\t<a class=\"elementor-button elementor-button-link elementor-size-sm\" href=\"https:\/\/gloim.com\/de\/contact-us\/\">\n\t\t\t\t\t\t<span class=\"elementor-button-content-wrapper\">\n\t\t\t\t\t\t\t\t\t<span class=\"elementor-button-text\">Kontakt<\/span>\n\t\t\t\t\t<\/span>\n\t\t\t\t\t<\/a>\n\t\t\t\t<\/div>\n\t\t\t\t\t\t\t\t<\/div>\n\t\t\t\t<\/div>\n\t\t\t\t\t<\/div>\n\t\t\t\t<\/div>\n\t\t<div data-particle_enable=\"false\" data-particle-mobile-disabled=\"false\" class=\"elementor-element elementor-element-be6f749 e-flex e-con-boxed e-con e-parent\" data-id=\"be6f749\" data-element_type=\"container\">\n\t\t\t\t\t<div class=\"e-con-inner\">\n\t\t\t\t<div class=\"elementor-element elementor-element-edc68bb elementor-widget elementor-widget-spacer\" data-id=\"edc68bb\" data-element_type=\"widget\" data-widget_type=\"spacer.default\">\n\t\t\t\t<div class=\"elementor-widget-container\">\n\t\t\t\t\t\t\t<div class=\"elementor-spacer\">\n\t\t\t<div class=\"elementor-spacer-inner\"><\/div>\n\t\t<\/div>\n\t\t\t\t\t\t<\/div>\n\t\t\t\t<\/div>\n\t\t\t\t<div class=\"elementor-element elementor-element-296b2f8 elementor-widget elementor-widget-image\" data-id=\"296b2f8\" data-element_type=\"widget\" data-widget_type=\"image.default\">\n\t\t\t\t<div class=\"elementor-widget-container\">\n\t\t\t\t\t\t\t\t\t\t\t\t\t\t\t<img decoding=\"async\" src=\"https:\/\/gloim.com\/wp-content\/uploads\/elementor\/thumbs\/Real-Estate-Market-Ulm-Heidenheim-\u2013-Living-in-Postal-Code-073xxx-r2s9xlis5ul9vej9bruqom89qsdw3bjti1p838372s.webp\" title=\"Real Estate Market Ulm &#038; Heidenheim \u2013 Living in Postal Code 073xxx\" alt=\"Real Estate Market Ulm &amp; Heidenheim \u2013 Living in Postal Code 073xxx\" loading=\"lazy\" \/>\t\t\t\t\t\t\t\t\t\t\t\t\t\t\t<\/div>\n\t\t\t\t<\/div>\n\t\t\t\t<div class=\"elementor-element elementor-element-2c7d3ea elementor-widget elementor-widget-spacer\" data-id=\"2c7d3ea\" data-element_type=\"widget\" data-widget_type=\"spacer.default\">\n\t\t\t\t<div class=\"elementor-widget-container\">\n\t\t\t\t\t\t\t<div class=\"elementor-spacer\">\n\t\t\t<div class=\"elementor-spacer-inner\"><\/div>\n\t\t<\/div>\n\t\t\t\t\t\t<\/div>\n\t\t\t\t<\/div>\n\t\t\t\t<div class=\"elementor-element elementor-element-9593679 elementor-widget elementor-widget-text-editor\" data-id=\"9593679\" data-element_type=\"widget\" data-widget_type=\"text-editor.default\">\n\t\t\t\t<div class=\"elementor-widget-container\">\n\t\t\t\t\t\t\t\t\t<p style=\"text-align: center;\">Wir sind Partner der IMAG, einem Netzwerk von mehr als tausend Makler-Kollegen. <br>Dies ermo\u0308glicht es uns, Ihnen ein grenzenloses Immobilien-Portfolio anbieten zu ko\u0308nnen.<\/p><p style=\"text-align: center;\"><strong>Regional - U\u0308berregional\u00a0-\u00a0International<\/strong><\/p>\t\t\t\t\t\t\t\t<\/div>\n\t\t\t\t<\/div>\n\t\t\t\t<div class=\"elementor-element elementor-element-b338d8a elementor-widget elementor-widget-html\" data-id=\"b338d8a\" data-element_type=\"widget\" data-widget_type=\"html.default\">\n\t\t\t\t<div class=\"elementor-widget-container\">\n\t\t\t\t\t<!--Sie k\u00f6nnen diesen Code an einem beliebigen Platz in ihrer Homepage einbinden. Die Immobiliensuche wird an dieser Stelle erscheinen. -->\n<div id=\"imag-immobiliensuche\"><\/div>\n\n<!--F\u00fcr eine bessere Performance den nachfolgenden Code an das Ende des <body> Tags einbinden-->\n\n<script>\n    (function(w, d, k, e) {\n    const cssApi = d.createElement('link');\n    cssApi.rel = 'stylesheet';\n    cssApi.type = 'text\/css';\n    cssApi.href = 'https:\/\/www.imag-portal.de\/property_search_integration\/build\/api.css';\n    d.head.appendChild(cssApi);\n\n    const jsApi = d.createElement('script');\n    jsApi.src = 'https:\/\/www.imag-portal.de\/property_search_integration\/build\/api.js';\n    jsApi.type = 'text\/javascript';\n    jsApi.charset = 'UTF-8';\n    d.body.appendChild(jsApi);\n    jsApi.addEventListener('load', function() {\n        initializePsi(k, e);\n    })\n})(window, document, '1eed6126-f532-6652-8fb0-5db85b8b2e81', 'imag-immobiliensuche');\n<\/script>\t\t\t\t<\/div>\n\t\t\t\t<\/div>\n\t\t\t\t\t<\/div>\n\t\t\t\t<\/div>\n\t\t<div data-particle_enable=\"false\" data-particle-mobile-disabled=\"false\" class=\"elementor-element elementor-element-e266be4 e-flex e-con-boxed e-con e-parent\" data-id=\"e266be4\" data-element_type=\"container\">\n\t\t\t\t\t<div class=\"e-con-inner\">\n\t\t\t\t<div class=\"elementor-element elementor-element-29a474e elementor-widget elementor-widget-spacer\" data-id=\"29a474e\" data-element_type=\"widget\" data-widget_type=\"spacer.default\">\n\t\t\t\t<div class=\"elementor-widget-container\">\n\t\t\t\t\t\t\t<div class=\"elementor-spacer\">\n\t\t\t<div class=\"elementor-spacer-inner\"><\/div>\n\t\t<\/div>\n\t\t\t\t\t\t<\/div>\n\t\t\t\t<\/div>\n\t\t\t\t<div class=\"elementor-element elementor-element-7c21f13 elementor-widget elementor-widget-text-editor\" data-id=\"7c21f13\" data-element_type=\"widget\" data-widget_type=\"text-editor.default\">\n\t\t\t\t<div class=\"elementor-widget-container\">\n\t\t\t\t\t\t\t\t\t<h3 data-pm-slice=\"1 1 []\">Einleitung<\/h3><p class=\"translation-block\">Das PLZ-Gebiet 73xxx erstreckt sich \u00fcber den wirtschaftsstarken Osten von Baden-W\u00fcrttemberg. Auf einer Fl\u00e4che von 2.835 km\u00b2 leben fast 978.000 Menschen in 116 St\u00e4dten und Gemeinden. Die Region bietet ideale Bedingungen f\u00fcr Familien, Berufspendler und Kapitalanleger \u2013 mit einer Mischung aus Mittelst\u00e4dten, historischen Altst\u00e4dten und naturnahen R\u00fcckzugsorten.<\/p><p class=\"translation-block\">Zentrale St\u00e4dte sind Esslingen am Neckar, G\u00f6ppingen, Aalen, Schw\u00e4bisch Gm\u00fcnd, Heidenheim und Geislingen an der Steige. Die Region verteilt sich auf die Landkreise Esslingen, G\u00f6ppingen, Ostalbkreis, Alb-Donau-Kreis, Rems-Murr-Kreis und Heidenheim.<\/p><div><hr \/><\/div><h3>Wohnen und Leben im PLZ-Gebiet 73xxx<\/h3><p>Die Wohnlandschaft ist vielf\u00e4ltig und attraktiv:<\/p><ul data-spread=\"false\"><li><p class=\"translation-block\">Esslingen \u2013 Beliebte Stadt mit historischem Zentrum, N\u00e4he zu Stuttgart, hoher Lebensqualit\u00e4t und guter \u00d6PNV-Anbindung.<\/p><\/li><li><p class=\"translation-block\">G\u00f6ppingen &amp; Geislingen \u2013 St\u00e4dte mit starker industrieller Pr\u00e4gung und wachsendem Immobilienbedarf.<\/p><\/li><li><p class=\"translation-block\">Aalen &amp; Schw\u00e4bisch Gm\u00fcnd \u2013 Innovative Bildungsstandorte mit junger Bev\u00f6lkerung und modernen Wohnquartieren.<\/p><\/li><li><p class=\"translation-block\">Heidenheim &amp; Oberkochen \u2013 Hoher Wohnkomfort im Gr\u00fcnen, ideal f\u00fcr Fachkr\u00e4fte aus Hightech-Branchen.<\/p><\/li><li><p class=\"translation-block\">Alb-Gemeinden (z. B. Bad Boll, Obergr\u00f6ningen) \u2013 Naturverbundenes Wohnen mit viel Ruhe und Platz f\u00fcr Familien.<\/p><\/li><\/ul><p class=\"translation-block\">Die Region ist \u00fcber die A8, B10, B29, das Bahnnetz sowie die N\u00e4he zu Stuttgart und Ulm hervorragend erreichbar.<\/p><div><hr \/><\/div><h3>Immobilienpreise und Marktentwicklung<\/h3><p>Die Preise im PLZ-Gebiet 73xxx sind bezahlbar und wachstumsstark:<\/p><ul data-spread=\"false\"><li><p class=\"translation-block\">Esslingen: 4.000\u20136.200 \u20ac\/m\u00b2<\/p><\/li><li><p class=\"translation-block\">G\u00f6ppingen, Aalen: 3.200\u20135.200 \u20ac\/m\u00b2<\/p><\/li><li><p class=\"translation-block\">Geislingen, Schw\u00e4bisch Gm\u00fcnd: 2.800\u20134.500 \u20ac\/m\u00b2<\/p><\/li><li><p class=\"translation-block\">Heidenheim, Oberkochen: 2.600\u20134.200 \u20ac\/m\u00b2<\/p><\/li><li><p class=\"translation-block\">L\u00e4ndliche Gemeinden: 1.800\u20133.200 \u20ac\/m\u00b2<\/p><\/li><\/ul><p class=\"translation-block\">Mietpreise bewegen sich zwischen 8,50 \u20ac und 13,50 \u20ac\/m\u00b2, besonders gefragt sind Standorte mit Unis, Kliniken und Bahnanbindung.<\/p><div><hr \/><\/div><h3>Zukunftsperspektiven des Immobilienmarktes<\/h3><p>Das Gebiet 73xxx bietet gro\u00dfes Potenzial:<\/p><ul data-spread=\"false\"><li><p>Solide Wirtschaftsstruktur mit international t\u00e4tigen Unternehmen<\/p><\/li><li><p>Stadtentwicklungsprojekte in G\u00f6ppingen und Aalen<\/p><\/li><li><p>F\u00f6rderprogramme f\u00fcr energieeffizientes Bauen<\/p><\/li><li><p>Zunehmender Wunsch nach naturnahem Wohnen mit guter Erreichbarkeit<\/p><\/li><\/ul><p>Das sorgt f\u00fcr nachhaltige Nachfrage und stabile Wertentwicklung.<\/p><div><hr \/><\/div><h3>Fazit<\/h3><p class=\"translation-block\">Ob charmantes Stadtleben in Esslingen, innovativer Mittelstand in Aalen oder Ruhe auf der Schw\u00e4bischen Alb \u2013 das PLZ-Gebiet 73xxx bietet Immobilienchancen f\u00fcr jeden Lebensstil.<\/p><p>#Immobilien73xxx #WohneninEsslingen #InvestierenG\u00f6ppingen #EigentumAalen #HeidenheimImmobilien #Schw\u00e4bischeAlbWohnen #OstalbkreisHauskauf #ImmobilienBadenW\u00fcrttemberg<\/p>\t\t\t\t\t\t\t\t<\/div>\n\t\t\t\t<\/div>\n\t\t\t\t<div class=\"elementor-element elementor-element-44617d8 elementor-widget elementor-widget-spacer\" data-id=\"44617d8\" data-element_type=\"widget\" data-widget_type=\"spacer.default\">\n\t\t\t\t<div class=\"elementor-widget-container\">\n\t\t\t\t\t\t\t<div class=\"elementor-spacer\">\n\t\t\t<div class=\"elementor-spacer-inner\"><\/div>\n\t\t<\/div>\n\t\t\t\t\t\t<\/div>\n\t\t\t\t<\/div>\n\t\t\t\t\t<\/div>\n\t\t\t\t<\/div>\n\t\t\t\t<\/div>","protected":false},"excerpt":{"rendered":"<p>Real estate market in Germany 73xxx zip code area Living &#038; Investing in Esslingen, G\u00f6ppingen &#038; Eastern Baden-W\u00fcrttemberg Explore the fascinating facets of this region with us &#8211; from its special advantages to its challenges. Discover not only our innovative modular houses, but also the extensive portfolio of our renowned partners. Modular House Guide Contact [&hellip;]<\/p>","protected":false},"author":1,"featured_media":0,"parent":0,"menu_order":0,"comment_status":"closed","ping_status":"closed","template":"","meta":{"footnotes":""},"class_list":["post-2790","page","type-page","status-publish","hentry"],"_links":{"self":[{"href":"https:\/\/gloim.com\/de\/wp-json\/wp\/v2\/pages\/2790","targetHints":{"allow":["GET"]}}],"collection":[{"href":"https:\/\/gloim.com\/de\/wp-json\/wp\/v2\/pages"}],"about":[{"href":"https:\/\/gloim.com\/de\/wp-json\/wp\/v2\/types\/page"}],"author":[{"embeddable":true,"href":"https:\/\/gloim.com\/de\/wp-json\/wp\/v2\/users\/1"}],"replies":[{"embeddable":true,"href":"https:\/\/gloim.com\/de\/wp-json\/wp\/v2\/comments?post=2790"}],"version-history":[{"count":0,"href":"https:\/\/gloim.com\/de\/wp-json\/wp\/v2\/pages\/2790\/revisions"}],"wp:attachment":[{"href":"https:\/\/gloim.com\/de\/wp-json\/wp\/v2\/media?parent=2790"}],"curies":[{"name":"wp","href":"https:\/\/api.w.org\/{rel}","templated":true}]}}