{"id":2919,"date":"2025-03-13T12:10:42","date_gmt":"2025-03-13T09:10:42","guid":{"rendered":"https:\/\/gloim.com\/?page_id=2919"},"modified":"2025-04-25T14:23:57","modified_gmt":"2025-04-25T11:23:57","slug":"real-estate-85xxx-living-investing-near-munich-freising-ingolstadt","status":"publish","type":"page","link":"https:\/\/gloim.com\/de\/real-estate-85xxx-living-investing-near-munich-freising-ingolstadt\/","title":{"rendered":"Real Estate 85xxx \u2013 Living &#038; Investing near Munich, Freising &#038; Ingolstadt"},"content":{"rendered":"<div data-elementor-type=\"wp-page\" data-elementor-id=\"2919\" class=\"elementor elementor-2919\" data-elementor-post-type=\"page\">\n\t\t\t\t<div data-particle_enable=\"false\" data-particle-mobile-disabled=\"false\" class=\"elementor-element elementor-element-18177ef e-flex e-con-boxed e-con e-parent\" data-id=\"18177ef\" data-element_type=\"container\">\n\t\t\t\t\t<div class=\"e-con-inner\">\n\t\t\t\t<div class=\"elementor-element elementor-element-34d97f5 elementor-widget elementor-widget-spacer\" data-id=\"34d97f5\" data-element_type=\"widget\" data-widget_type=\"spacer.default\">\n\t\t\t\t<div class=\"elementor-widget-container\">\n\t\t\t\t\t\t\t<div class=\"elementor-spacer\">\n\t\t\t<div class=\"elementor-spacer-inner\"><\/div>\n\t\t<\/div>\n\t\t\t\t\t\t<\/div>\n\t\t\t\t<\/div>\n\t\t\t\t<div class=\"elementor-element elementor-element-54b7a29 elementor-widget elementor-widget-heading\" data-id=\"54b7a29\" data-element_type=\"widget\" data-widget_type=\"heading.default\">\n\t\t\t\t<div class=\"elementor-widget-container\">\n\t\t\t\t\t<h1 class=\"elementor-heading-title elementor-size-default\">Immobilienmarkt in Deutschland 85xxx Postleitzahlengebiet<\/h1>\t\t\t\t<\/div>\n\t\t\t\t<\/div>\n\t\t\t\t<div class=\"elementor-element elementor-element-a10a5f5 elementor-widget elementor-widget-heading\" data-id=\"a10a5f5\" data-element_type=\"widget\" data-widget_type=\"heading.default\">\n\t\t\t\t<div class=\"elementor-widget-container\">\n\t\t\t\t\t<h2 class=\"elementor-heading-title elementor-size-default\">Living &amp; Investing near Munich, Freising &amp; Ingolstadt<\/h2>\t\t\t\t<\/div>\n\t\t\t\t<\/div>\n\t\t\t\t<div class=\"elementor-element elementor-element-fa5b486 elementor-widget elementor-widget-text-editor\" data-id=\"fa5b486\" data-element_type=\"widget\" data-widget_type=\"text-editor.default\">\n\t\t\t\t<div class=\"elementor-widget-container\">\n\t\t\t\t\t\t\t\t\t<p style=\"text-align: center;\">Erkunden Sie mit uns die faszinierenden Facetten dieser Region \u2013 von ihren besonderen Vorteilen bis hin zu den Herausforderungen. Entdecken Sie nicht nur unsere innovativen Modulh\u00e4user, sondern auch das umfangreiche Portfolio unserer renommierten Partner.<\/p>\t\t\t\t\t\t\t\t<\/div>\n\t\t\t\t<\/div>\n\t\t\t\t<div class=\"elementor-element elementor-element-6b03b23 elementor-widget elementor-widget-spacer\" data-id=\"6b03b23\" data-element_type=\"widget\" data-widget_type=\"spacer.default\">\n\t\t\t\t<div class=\"elementor-widget-container\">\n\t\t\t\t\t\t\t<div class=\"elementor-spacer\">\n\t\t\t<div class=\"elementor-spacer-inner\"><\/div>\n\t\t<\/div>\n\t\t\t\t\t\t<\/div>\n\t\t\t\t<\/div>\n\t\t\t\t\t<\/div>\n\t\t\t\t<\/div>\n\t\t<div data-particle_enable=\"false\" data-particle-mobile-disabled=\"false\" class=\"elementor-element elementor-element-1cb2f05 e-grid e-con-boxed e-con e-parent\" data-id=\"1cb2f05\" data-element_type=\"container\">\n\t\t\t\t\t<div class=\"e-con-inner\">\n\t\t\t\t<div class=\"elementor-element elementor-element-1665ce5 elementor-align-center elementor-widget__width-initial elementor-widget elementor-widget-button\" data-id=\"1665ce5\" data-element_type=\"widget\" data-widget_type=\"button.default\">\n\t\t\t\t<div class=\"elementor-widget-container\">\n\t\t\t\t\t\t\t\t\t<div class=\"elementor-button-wrapper\">\n\t\t\t\t\t<a class=\"elementor-button elementor-button-link elementor-size-sm\" href=\"https:\/\/gloim.com\/de\/modular-house\/\">\n\t\t\t\t\t\t<span class=\"elementor-button-content-wrapper\">\n\t\t\t\t\t\t\t\t\t<span class=\"elementor-button-text\">Modulh\u00e4user<\/span>\n\t\t\t\t\t<\/span>\n\t\t\t\t\t<\/a>\n\t\t\t\t<\/div>\n\t\t\t\t\t\t\t\t<\/div>\n\t\t\t\t<\/div>\n\t\t\t\t<div class=\"elementor-element elementor-element-dd77bca elementor-align-center elementor-widget__width-initial elementor-widget elementor-widget-button\" data-id=\"dd77bca\" data-element_type=\"widget\" data-widget_type=\"button.default\">\n\t\t\t\t<div class=\"elementor-widget-container\">\n\t\t\t\t\t\t\t\t\t<div class=\"elementor-button-wrapper\">\n\t\t\t\t\t<a class=\"elementor-button elementor-button-link elementor-size-sm\" href=\"https:\/\/gloim.com\/de\/ratgeber\/\">\n\t\t\t\t\t\t<span class=\"elementor-button-content-wrapper\">\n\t\t\t\t\t\t\t\t\t<span class=\"elementor-button-text\">Ratgeber   <\/span>\n\t\t\t\t\t<\/span>\n\t\t\t\t\t<\/a>\n\t\t\t\t<\/div>\n\t\t\t\t\t\t\t\t<\/div>\n\t\t\t\t<\/div>\n\t\t\t\t<div class=\"elementor-element elementor-element-edc006d elementor-align-center elementor-widget__width-initial elementor-widget elementor-widget-button\" data-id=\"edc006d\" data-element_type=\"widget\" data-widget_type=\"button.default\">\n\t\t\t\t<div class=\"elementor-widget-container\">\n\t\t\t\t\t\t\t\t\t<div class=\"elementor-button-wrapper\">\n\t\t\t\t\t<a class=\"elementor-button elementor-button-link elementor-size-sm\" href=\"https:\/\/gloim.com\/de\/contact-us\/\">\n\t\t\t\t\t\t<span class=\"elementor-button-content-wrapper\">\n\t\t\t\t\t\t\t\t\t<span class=\"elementor-button-text\">Kontakt<\/span>\n\t\t\t\t\t<\/span>\n\t\t\t\t\t<\/a>\n\t\t\t\t<\/div>\n\t\t\t\t\t\t\t\t<\/div>\n\t\t\t\t<\/div>\n\t\t\t\t\t<\/div>\n\t\t\t\t<\/div>\n\t\t<div data-particle_enable=\"false\" data-particle-mobile-disabled=\"false\" class=\"elementor-element elementor-element-be6f749 e-flex e-con-boxed e-con e-parent\" data-id=\"be6f749\" data-element_type=\"container\">\n\t\t\t\t\t<div class=\"e-con-inner\">\n\t\t\t\t<div class=\"elementor-element elementor-element-edc68bb elementor-widget elementor-widget-spacer\" data-id=\"edc68bb\" data-element_type=\"widget\" data-widget_type=\"spacer.default\">\n\t\t\t\t<div class=\"elementor-widget-container\">\n\t\t\t\t\t\t\t<div class=\"elementor-spacer\">\n\t\t\t<div class=\"elementor-spacer-inner\"><\/div>\n\t\t<\/div>\n\t\t\t\t\t\t<\/div>\n\t\t\t\t<\/div>\n\t\t\t\t<div class=\"elementor-element elementor-element-296b2f8 elementor-widget elementor-widget-image\" data-id=\"296b2f8\" data-element_type=\"widget\" data-widget_type=\"image.default\">\n\t\t\t\t<div class=\"elementor-widget-container\">\n\t\t\t\t\t\t\t\t\t\t\t\t\t\t\t<img decoding=\"async\" src=\"https:\/\/gloim.com\/wp-content\/uploads\/elementor\/thumbs\/Real-Estate-Market-Passau-Deggendorf-\u2013-Living-in-Postal-Code-085xxx-r2sjzpuf34b0naj9ssvjrqk4fpjihi54adicxt63ys.webp\" title=\"Real Estate Market Passau &#038; Deggendorf \u2013 Living in Postal Code 085xxx\" alt=\"Real Estate Market Passau &amp; Deggendorf \u2013 Living in Postal Code 085xxx\" loading=\"lazy\" \/>\t\t\t\t\t\t\t\t\t\t\t\t\t\t\t<\/div>\n\t\t\t\t<\/div>\n\t\t\t\t<div class=\"elementor-element elementor-element-2c7d3ea elementor-widget elementor-widget-spacer\" data-id=\"2c7d3ea\" data-element_type=\"widget\" data-widget_type=\"spacer.default\">\n\t\t\t\t<div class=\"elementor-widget-container\">\n\t\t\t\t\t\t\t<div class=\"elementor-spacer\">\n\t\t\t<div class=\"elementor-spacer-inner\"><\/div>\n\t\t<\/div>\n\t\t\t\t\t\t<\/div>\n\t\t\t\t<\/div>\n\t\t\t\t<div class=\"elementor-element elementor-element-9593679 elementor-widget elementor-widget-text-editor\" data-id=\"9593679\" data-element_type=\"widget\" data-widget_type=\"text-editor.default\">\n\t\t\t\t<div class=\"elementor-widget-container\">\n\t\t\t\t\t\t\t\t\t<p style=\"text-align: center;\">Wir sind Partner der IMAG, einem Netzwerk von mehr als tausend Makler-Kollegen. <br>Dies ermo\u0308glicht es uns, Ihnen ein grenzenloses Immobilien-Portfolio anbieten zu ko\u0308nnen.<\/p><p style=\"text-align: center;\"><strong>Regional - U\u0308berregional\u00a0-\u00a0International<\/strong><\/p>\t\t\t\t\t\t\t\t<\/div>\n\t\t\t\t<\/div>\n\t\t\t\t<div class=\"elementor-element elementor-element-b338d8a elementor-widget elementor-widget-html\" data-id=\"b338d8a\" data-element_type=\"widget\" data-widget_type=\"html.default\">\n\t\t\t\t<div class=\"elementor-widget-container\">\n\t\t\t\t\t<!--Sie k\u00f6nnen diesen Code an einem beliebigen Platz in ihrer Homepage einbinden. Die Immobiliensuche wird an dieser Stelle erscheinen. -->\n<div id=\"imag-immobiliensuche\"><\/div>\n\n<!--F\u00fcr eine bessere Performance den nachfolgenden Code an das Ende des <body> Tags einbinden-->\n\n<script>\n    (function(w, d, k, e) {\n    const cssApi = d.createElement('link');\n    cssApi.rel = 'stylesheet';\n    cssApi.type = 'text\/css';\n    cssApi.href = 'https:\/\/www.imag-portal.de\/property_search_integration\/build\/api.css';\n    d.head.appendChild(cssApi);\n\n    const jsApi = d.createElement('script');\n    jsApi.src = 'https:\/\/www.imag-portal.de\/property_search_integration\/build\/api.js';\n    jsApi.type = 'text\/javascript';\n    jsApi.charset = 'UTF-8';\n    d.body.appendChild(jsApi);\n    jsApi.addEventListener('load', function() {\n        initializePsi(k, e);\n    })\n})(window, document, '1eed6126-f532-6652-8fb0-5db85b8b2e81', 'imag-immobiliensuche');\n<\/script>\t\t\t\t<\/div>\n\t\t\t\t<\/div>\n\t\t\t\t\t<\/div>\n\t\t\t\t<\/div>\n\t\t<div data-particle_enable=\"false\" data-particle-mobile-disabled=\"false\" class=\"elementor-element elementor-element-e266be4 e-flex e-con-boxed e-con e-parent\" data-id=\"e266be4\" data-element_type=\"container\">\n\t\t\t\t\t<div class=\"e-con-inner\">\n\t\t\t\t<div class=\"elementor-element elementor-element-29a474e elementor-widget elementor-widget-spacer\" data-id=\"29a474e\" data-element_type=\"widget\" data-widget_type=\"spacer.default\">\n\t\t\t\t<div class=\"elementor-widget-container\">\n\t\t\t\t\t\t\t<div class=\"elementor-spacer\">\n\t\t\t<div class=\"elementor-spacer-inner\"><\/div>\n\t\t<\/div>\n\t\t\t\t\t\t<\/div>\n\t\t\t\t<\/div>\n\t\t\t\t<div class=\"elementor-element elementor-element-7c21f13 elementor-widget elementor-widget-text-editor\" data-id=\"7c21f13\" data-element_type=\"widget\" data-widget_type=\"text-editor.default\">\n\t\t\t\t<div class=\"elementor-widget-container\">\n\t\t\t\t\t\t\t\t\t<h3 data-pm-slice=\"1 1 []\">Einleitung<\/h3><p class=\"translation-block\">Das PLZ-Gebiet 85xxx z\u00e4hlt zu den begehrtesten und wirtschaftlich st\u00e4rksten Immobilienregionen Bayerns. Mit \u00fcber 1.037.000 Einwohnern in 136 Gemeinden auf 4.392 km\u00b2 erstreckt sich die Region \u00fcber den Norden und Osten M\u00fcnchens bis nach Ingolstadt.<\/p><p class=\"translation-block\">Dazu geh\u00f6ren die Landkreise Eichst\u00e4tt, Pfaffenhofen an der Ilm, Neuburg-Schrobenhausen, Dachau, Freising, Erding, Ebersberg und M\u00fcnchen sowie die kreisfreien St\u00e4dte M\u00fcnchen und Ingolstadt.<\/p><div><hr \/><\/div><h3>Wohnen und Leben im PLZ-Gebiet 85xxx<\/h3><p>Ein ideales Umfeld f\u00fcr Berufst\u00e4tige, Familien und Investoren, die Urbanit\u00e4t und Ruhe verbinden m\u00f6chten:<\/p><ul data-spread=\"false\"><li><p class=\"translation-block\">M\u00fcnchen (Nord\/Ost) \u2013 Hohe Nachfrage, Top-Lagen und exzellente Infrastruktur.<\/p><\/li><li><p class=\"translation-block\">Ingolstadt \u2013 Wirtschaftsstandort mit hoher Kaufkraft und attraktiven Wohnquartieren.<\/p><\/li><li><p class=\"translation-block\">Freising &amp; Erding \u2013 Flughafen-N\u00e4he, Hochschulen und hohe Lebensqualit\u00e4t.<\/p><\/li><li><p class=\"translation-block\">Pfaffenhofen &amp; Dachau \u2013 Beliebte Pendlerst\u00e4dte mit guter Bahnanbindung.<\/p><\/li><li><p class=\"translation-block\">Eichst\u00e4tt &amp; Neuburg \u2013 Historische Altst\u00e4dte, Natur und attraktive Preise.<\/p><\/li><\/ul><p class=\"translation-block\">Hervorragende Anbindung \u00fcber A9, A92, A94, S-Bahn-Netz und den Flughafen M\u00fcnchen.<\/p><div><hr \/><\/div><h3>Immobilienpreise und Marktentwicklung<\/h3><p>Der Immobilienmarkt ist stark nachgefragt \u2013 vor allem in M\u00fcnchen-nahen Gebieten:<\/p><ul data-spread=\"false\"><li><p class=\"translation-block\">M\u00fcnchen (Randzonen): 7.500\u201311.500 \u20ac\/m\u00b2<\/p><\/li><li><p class=\"translation-block\">Freising &amp; Erding: 5.200\u20138.200 \u20ac\/m\u00b2<\/p><\/li><li><p class=\"translation-block\">Ingolstadt: 4.800\u20137.600 \u20ac\/m\u00b2<\/p><\/li><li><p class=\"translation-block\">Pfaffenhofen &amp; Dachau: 4.500\u20136.900 \u20ac\/m\u00b2<\/p><\/li><li><p class=\"translation-block\">Eichst\u00e4tt &amp; Neuburg: 3.500\u20135.800 \u20ac\/m\u00b2<\/p><\/li><\/ul><p class=\"translation-block\">Mietpreise liegen zwischen 10,00 \u20ac und 18,00 \u20ac\/m\u00b2 \u2013 je nach Lage, Ausstattung und Neubau.<\/p><div><hr \/><\/div><h3>Zukunftsperspektiven des Immobilienmarktes<\/h3><p>Die Region 85xxx bietet ausgezeichnete Entwicklungschancen:<\/p><ul data-spread=\"false\"><li><p>Zuzug durch Berufspendler &amp; Familien<\/p><\/li><li><p>Infrastrukturprojekte in Bahn und Stra\u00dfe<\/p><\/li><li><p>Nachhaltige und energieeffiziente Bauprojekte<\/p><\/li><li><p>Starke Arbeitgeber sichern Nachfrage<\/p><\/li><\/ul><p>Ein stabiles Umfeld f\u00fcr Eigennutzer und Kapitalanleger gleicherma\u00dfen.<\/p><div><hr \/><\/div><h3>Fazit<\/h3><p class=\"translation-block\">Ob Stadtwohnung nahe M\u00fcnchen, modernes Zuhause in Ingolstadt oder familienfreundliches Wohnen in Freising \u2013 das PLZ-Gebiet 85xxx vereint Lebensqualit\u00e4t mit Immobilienpotenzial.<\/p><p>#Immobilien85xxx #M\u00fcnchenImmobilien #HauskaufIngolstadt #WohnenFreising #ErdingInvestieren #DachauImmobilien #Eichst\u00e4ttHaus #ImmobilienBayern<\/p>\t\t\t\t\t\t\t\t<\/div>\n\t\t\t\t<\/div>\n\t\t\t\t<div class=\"elementor-element elementor-element-44617d8 elementor-widget elementor-widget-spacer\" data-id=\"44617d8\" data-element_type=\"widget\" data-widget_type=\"spacer.default\">\n\t\t\t\t<div class=\"elementor-widget-container\">\n\t\t\t\t\t\t\t<div class=\"elementor-spacer\">\n\t\t\t<div class=\"elementor-spacer-inner\"><\/div>\n\t\t<\/div>\n\t\t\t\t\t\t<\/div>\n\t\t\t\t<\/div>\n\t\t\t\t\t<\/div>\n\t\t\t\t<\/div>\n\t\t\t\t<\/div>","protected":false},"excerpt":{"rendered":"<p>Real estate market in Germany 85xxx zip code area Living &#038; Investing near Munich, Freising &#038; Ingolstadt Explore the fascinating facets of this region with us &#8211; from its special advantages to its challenges. Discover not only our innovative modular houses, but also the extensive portfolio of our renowned partners. Modular House Guide Contact We [&hellip;]<\/p>","protected":false},"author":1,"featured_media":0,"parent":0,"menu_order":0,"comment_status":"closed","ping_status":"closed","template":"","meta":{"footnotes":""},"class_list":["post-2919","page","type-page","status-publish","hentry"],"_links":{"self":[{"href":"https:\/\/gloim.com\/de\/wp-json\/wp\/v2\/pages\/2919","targetHints":{"allow":["GET"]}}],"collection":[{"href":"https:\/\/gloim.com\/de\/wp-json\/wp\/v2\/pages"}],"about":[{"href":"https:\/\/gloim.com\/de\/wp-json\/wp\/v2\/types\/page"}],"author":[{"embeddable":true,"href":"https:\/\/gloim.com\/de\/wp-json\/wp\/v2\/users\/1"}],"replies":[{"embeddable":true,"href":"https:\/\/gloim.com\/de\/wp-json\/wp\/v2\/comments?post=2919"}],"version-history":[{"count":0,"href":"https:\/\/gloim.com\/de\/wp-json\/wp\/v2\/pages\/2919\/revisions"}],"wp:attachment":[{"href":"https:\/\/gloim.com\/de\/wp-json\/wp\/v2\/media?parent=2919"}],"curies":[{"name":"wp","href":"https:\/\/api.w.org\/{rel}","templated":true}]}}