{"id":2938,"date":"2025-03-13T12:47:13","date_gmt":"2025-03-13T09:47:13","guid":{"rendered":"https:\/\/gloim.com\/?page_id=2938"},"modified":"2025-04-28T12:56:15","modified_gmt":"2025-04-28T09:56:15","slug":"real-estate-87xxx-living-investing-in-the-allgau-kempten-memmingen-kaufbeuren","status":"publish","type":"page","link":"https:\/\/gloim.com\/de\/real-estate-87xxx-living-investing-in-the-allgau-kempten-memmingen-kaufbeuren\/","title":{"rendered":"Real Estate 87xxx \u2013 Living &#038; Investing in the Allg\u00e4u: Kempten, Memmingen &#038; Kaufbeuren"},"content":{"rendered":"<div data-elementor-type=\"wp-page\" data-elementor-id=\"2938\" class=\"elementor elementor-2938\" data-elementor-post-type=\"page\">\n\t\t\t\t<div data-particle_enable=\"false\" data-particle-mobile-disabled=\"false\" class=\"elementor-element elementor-element-18177ef e-flex e-con-boxed e-con e-parent\" data-id=\"18177ef\" data-element_type=\"container\">\n\t\t\t\t\t<div class=\"e-con-inner\">\n\t\t\t\t<div class=\"elementor-element elementor-element-34d97f5 elementor-widget elementor-widget-spacer\" data-id=\"34d97f5\" data-element_type=\"widget\" data-widget_type=\"spacer.default\">\n\t\t\t\t<div class=\"elementor-widget-container\">\n\t\t\t\t\t\t\t<div class=\"elementor-spacer\">\n\t\t\t<div class=\"elementor-spacer-inner\"><\/div>\n\t\t<\/div>\n\t\t\t\t\t\t<\/div>\n\t\t\t\t<\/div>\n\t\t\t\t<div class=\"elementor-element elementor-element-54b7a29 elementor-widget elementor-widget-heading\" data-id=\"54b7a29\" data-element_type=\"widget\" data-widget_type=\"heading.default\">\n\t\t\t\t<div class=\"elementor-widget-container\">\n\t\t\t\t\t<h1 class=\"elementor-heading-title elementor-size-default\">Immobilienmarkt in Deutschland 87xxx Postleitzahlengebiet<\/h1>\t\t\t\t<\/div>\n\t\t\t\t<\/div>\n\t\t\t\t<div class=\"elementor-element elementor-element-a10a5f5 elementor-widget elementor-widget-heading\" data-id=\"a10a5f5\" data-element_type=\"widget\" data-widget_type=\"heading.default\">\n\t\t\t\t<div class=\"elementor-widget-container\">\n\t\t\t\t\t<h2 class=\"elementor-heading-title elementor-size-default\">Wohnen und Investieren im Allg\u00e4u<\/h2>\t\t\t\t<\/div>\n\t\t\t\t<\/div>\n\t\t\t\t<div class=\"elementor-element elementor-element-fa5b486 elementor-widget elementor-widget-text-editor\" data-id=\"fa5b486\" data-element_type=\"widget\" data-widget_type=\"text-editor.default\">\n\t\t\t\t<div class=\"elementor-widget-container\">\n\t\t\t\t\t\t\t\t\t<p style=\"text-align: center;\">Erkunden Sie mit uns die faszinierenden Facetten dieser Region \u2013 von ihren besonderen Vorteilen bis hin zu den Herausforderungen. Entdecken Sie nicht nur unsere innovativen Modulh\u00e4user, sondern auch das umfangreiche Portfolio unserer renommierten Partner.<\/p>\t\t\t\t\t\t\t\t<\/div>\n\t\t\t\t<\/div>\n\t\t\t\t<div class=\"elementor-element elementor-element-6b03b23 elementor-widget elementor-widget-spacer\" data-id=\"6b03b23\" data-element_type=\"widget\" data-widget_type=\"spacer.default\">\n\t\t\t\t<div class=\"elementor-widget-container\">\n\t\t\t\t\t\t\t<div class=\"elementor-spacer\">\n\t\t\t<div class=\"elementor-spacer-inner\"><\/div>\n\t\t<\/div>\n\t\t\t\t\t\t<\/div>\n\t\t\t\t<\/div>\n\t\t\t\t\t<\/div>\n\t\t\t\t<\/div>\n\t\t<div data-particle_enable=\"false\" data-particle-mobile-disabled=\"false\" class=\"elementor-element elementor-element-1cb2f05 e-grid e-con-boxed e-con e-parent\" data-id=\"1cb2f05\" data-element_type=\"container\">\n\t\t\t\t\t<div class=\"e-con-inner\">\n\t\t\t\t<div class=\"elementor-element elementor-element-1665ce5 elementor-align-center elementor-widget__width-initial elementor-widget elementor-widget-button\" data-id=\"1665ce5\" data-element_type=\"widget\" data-widget_type=\"button.default\">\n\t\t\t\t<div class=\"elementor-widget-container\">\n\t\t\t\t\t\t\t\t\t<div class=\"elementor-button-wrapper\">\n\t\t\t\t\t<a class=\"elementor-button elementor-button-link elementor-size-sm\" href=\"https:\/\/gloim.com\/de\/modular-house\/\">\n\t\t\t\t\t\t<span class=\"elementor-button-content-wrapper\">\n\t\t\t\t\t\t\t\t\t<span class=\"elementor-button-text\">Modulh\u00e4user<\/span>\n\t\t\t\t\t<\/span>\n\t\t\t\t\t<\/a>\n\t\t\t\t<\/div>\n\t\t\t\t\t\t\t\t<\/div>\n\t\t\t\t<\/div>\n\t\t\t\t<div class=\"elementor-element elementor-element-dd77bca elementor-align-center elementor-widget__width-initial elementor-widget elementor-widget-button\" data-id=\"dd77bca\" data-element_type=\"widget\" data-widget_type=\"button.default\">\n\t\t\t\t<div class=\"elementor-widget-container\">\n\t\t\t\t\t\t\t\t\t<div class=\"elementor-button-wrapper\">\n\t\t\t\t\t<a class=\"elementor-button elementor-button-link elementor-size-sm\" href=\"https:\/\/gloim.com\/de\/ratgeber\/\">\n\t\t\t\t\t\t<span class=\"elementor-button-content-wrapper\">\n\t\t\t\t\t\t\t\t\t<span class=\"elementor-button-text\">Ratgeber   <\/span>\n\t\t\t\t\t<\/span>\n\t\t\t\t\t<\/a>\n\t\t\t\t<\/div>\n\t\t\t\t\t\t\t\t<\/div>\n\t\t\t\t<\/div>\n\t\t\t\t<div class=\"elementor-element elementor-element-edc006d elementor-align-center elementor-widget__width-initial elementor-widget elementor-widget-button\" data-id=\"edc006d\" data-element_type=\"widget\" data-widget_type=\"button.default\">\n\t\t\t\t<div class=\"elementor-widget-container\">\n\t\t\t\t\t\t\t\t\t<div class=\"elementor-button-wrapper\">\n\t\t\t\t\t<a class=\"elementor-button elementor-button-link elementor-size-sm\" href=\"https:\/\/gloim.com\/de\/contact-us\/\">\n\t\t\t\t\t\t<span class=\"elementor-button-content-wrapper\">\n\t\t\t\t\t\t\t\t\t<span class=\"elementor-button-text\">Kontakt<\/span>\n\t\t\t\t\t<\/span>\n\t\t\t\t\t<\/a>\n\t\t\t\t<\/div>\n\t\t\t\t\t\t\t\t<\/div>\n\t\t\t\t<\/div>\n\t\t\t\t\t<\/div>\n\t\t\t\t<\/div>\n\t\t<div data-particle_enable=\"false\" data-particle-mobile-disabled=\"false\" class=\"elementor-element elementor-element-be6f749 e-flex e-con-boxed e-con e-parent\" data-id=\"be6f749\" data-element_type=\"container\">\n\t\t\t\t\t<div class=\"e-con-inner\">\n\t\t\t\t<div class=\"elementor-element elementor-element-edc68bb elementor-widget elementor-widget-spacer\" data-id=\"edc68bb\" data-element_type=\"widget\" data-widget_type=\"spacer.default\">\n\t\t\t\t<div class=\"elementor-widget-container\">\n\t\t\t\t\t\t\t<div class=\"elementor-spacer\">\n\t\t\t<div class=\"elementor-spacer-inner\"><\/div>\n\t\t<\/div>\n\t\t\t\t\t\t<\/div>\n\t\t\t\t<\/div>\n\t\t\t\t<div class=\"elementor-element elementor-element-296b2f8 elementor-widget elementor-widget-image\" data-id=\"296b2f8\" data-element_type=\"widget\" data-widget_type=\"image.default\">\n\t\t\t\t<div class=\"elementor-widget-container\">\n\t\t\t\t\t\t\t\t\t\t\t\t\t\t\t<img decoding=\"async\" src=\"https:\/\/gloim.com\/wp-content\/uploads\/elementor\/thumbs\/Real-Estate-Market-Kempten-Memmingen-\u2013-Living-in-Postal-Code-087xxx-r2sllagjot49rgwom6rwzpjiabruy3p97c004xt0us.webp\" title=\"Real Estate Market Kempten &#038; Memmingen \u2013 Living in Postal Code 087xxx\" alt=\"Real Estate Market Kempten &amp; Memmingen \u2013 Living in Postal Code 087xxx\" loading=\"lazy\" \/>\t\t\t\t\t\t\t\t\t\t\t\t\t\t\t<\/div>\n\t\t\t\t<\/div>\n\t\t\t\t<div class=\"elementor-element elementor-element-2c7d3ea elementor-widget elementor-widget-spacer\" data-id=\"2c7d3ea\" data-element_type=\"widget\" data-widget_type=\"spacer.default\">\n\t\t\t\t<div class=\"elementor-widget-container\">\n\t\t\t\t\t\t\t<div class=\"elementor-spacer\">\n\t\t\t<div class=\"elementor-spacer-inner\"><\/div>\n\t\t<\/div>\n\t\t\t\t\t\t<\/div>\n\t\t\t\t<\/div>\n\t\t\t\t<div class=\"elementor-element elementor-element-9593679 elementor-widget elementor-widget-text-editor\" data-id=\"9593679\" data-element_type=\"widget\" data-widget_type=\"text-editor.default\">\n\t\t\t\t<div class=\"elementor-widget-container\">\n\t\t\t\t\t\t\t\t\t<p style=\"text-align: center;\">Wir sind Partner der IMAG, einem Netzwerk von mehr als tausend Makler-Kollegen. <br>Dies ermo\u0308glicht es uns, Ihnen ein grenzenloses Immobilien-Portfolio anbieten zu ko\u0308nnen.<\/p><p style=\"text-align: center;\"><strong>Regional - U\u0308berregional\u00a0-\u00a0International<\/strong><\/p>\t\t\t\t\t\t\t\t<\/div>\n\t\t\t\t<\/div>\n\t\t\t\t<div class=\"elementor-element elementor-element-b338d8a elementor-widget elementor-widget-html\" data-id=\"b338d8a\" data-element_type=\"widget\" data-widget_type=\"html.default\">\n\t\t\t\t<div class=\"elementor-widget-container\">\n\t\t\t\t\t<!--Sie k\u00f6nnen diesen Code an einem beliebigen Platz in ihrer Homepage einbinden. Die Immobiliensuche wird an dieser Stelle erscheinen. -->\n<div id=\"imag-immobiliensuche\"><\/div>\n\n<!--F\u00fcr eine bessere Performance den nachfolgenden Code an das Ende des <body> Tags einbinden-->\n\n<script>\n    (function(w, d, k, e) {\n    const cssApi = d.createElement('link');\n    cssApi.rel = 'stylesheet';\n    cssApi.type = 'text\/css';\n    cssApi.href = 'https:\/\/www.imag-portal.de\/property_search_integration\/build\/api.css';\n    d.head.appendChild(cssApi);\n\n    const jsApi = d.createElement('script');\n    jsApi.src = 'https:\/\/www.imag-portal.de\/property_search_integration\/build\/api.js';\n    jsApi.type = 'text\/javascript';\n    jsApi.charset = 'UTF-8';\n    d.body.appendChild(jsApi);\n    jsApi.addEventListener('load', function() {\n        initializePsi(k, e);\n    })\n})(window, document, '1eed6126-f532-6652-8fb0-5db85b8b2e81', 'imag-immobiliensuche');\n<\/script>\t\t\t\t<\/div>\n\t\t\t\t<\/div>\n\t\t\t\t\t<\/div>\n\t\t\t\t<\/div>\n\t\t<div data-particle_enable=\"false\" data-particle-mobile-disabled=\"false\" class=\"elementor-element elementor-element-e266be4 e-flex e-con-boxed e-con e-parent\" data-id=\"e266be4\" data-element_type=\"container\">\n\t\t\t\t\t<div class=\"e-con-inner\">\n\t\t\t\t<div class=\"elementor-element elementor-element-29a474e elementor-widget elementor-widget-spacer\" data-id=\"29a474e\" data-element_type=\"widget\" data-widget_type=\"spacer.default\">\n\t\t\t\t<div class=\"elementor-widget-container\">\n\t\t\t\t\t\t\t<div class=\"elementor-spacer\">\n\t\t\t<div class=\"elementor-spacer-inner\"><\/div>\n\t\t<\/div>\n\t\t\t\t\t\t<\/div>\n\t\t\t\t<\/div>\n\t\t\t\t<div class=\"elementor-element elementor-element-7c21f13 elementor-widget elementor-widget-text-editor\" data-id=\"7c21f13\" data-element_type=\"widget\" data-widget_type=\"text-editor.default\">\n\t\t\t\t<div class=\"elementor-widget-container\">\n\t\t\t\t\t\t\t\t\t<h3 data-pm-slice=\"1 1 []\">Einleitung<\/h3><p class=\"translation-block\">Das PLZ-Gebiet 87xxx steht f\u00fcr beeindruckende Natur, hohe Lebensqualit\u00e4t und attraktive Immobilien. Auf 3.881 km\u00b2 leben etwa 508.000 Menschen verteilt auf 113 St\u00e4dte und Gemeinden.<\/p><p class=\"translation-block\">Zur Region geh\u00f6ren die Landkreise Oberallg\u00e4u, Ostallg\u00e4u, Unterallg\u00e4u sowie die kreisfreien St\u00e4dte Kempten, Kaufbeuren und Memmingen.<\/p><div><hr \/><\/div><h3>Wohnen und Leben im PLZ-Gebiet 87xxx<\/h3><p>Das Allg\u00e4u bietet ideale Bedingungen f\u00fcr Naturfreunde, Familien und Investoren:<\/p><ul data-spread=\"false\"><li><p class=\"translation-block\">Kempten \u2013 Lebendige Hochschulstadt mit historischem Zentrum und ausgezeichneter Infrastruktur.<\/p><\/li><li><p class=\"translation-block\">Memmingen \u2013 Historische Altstadt, wirtschaftliche Dynamik und steigende Immobiliennachfrage.<\/p><\/li><li><p class=\"translation-block\">Kaufbeuren \u2013 Malerisches Wohnen mit Naturn\u00e4he und bezahlbaren Preisen.<\/p><\/li><li><p class=\"translation-block\">Oberallg\u00e4u &amp; Ostallg\u00e4u \u2013 Alpenleben pur, touristische Highlights und hohe Wohnqualit\u00e4t.<\/p><\/li><li><p class=\"translation-block\">Unterallg\u00e4u \u2013 Familienfreundliche Gemeinden, viel Gr\u00fcn und gute Verkehrsanbindung.<\/p><\/li><\/ul><p class=\"translation-block\">Beste Erreichbarkeit durch die A7, den Flughafen Memmingen und regionale Bahnlinien.<\/p><div><hr \/><\/div><h3>Immobilienpreise und Marktentwicklung<\/h3><p>Stabile Nachfrage und begrenztes Angebot sorgen f\u00fcr kontinuierlichen Preisanstieg:<\/p><ul data-spread=\"false\"><li><p class=\"translation-block\">Kempten: 4.200\u20136.800 \u20ac\/m\u00b2<\/p><\/li><li><p class=\"translation-block\">Memmingen: 3.800\u20136.200 \u20ac\/m\u00b2<\/p><\/li><li><p class=\"translation-block\">Kaufbeuren: 3.500\u20135.800 \u20ac\/m\u00b2<\/p><\/li><li><p class=\"translation-block\">Oberallg\u00e4u &amp; Ostallg\u00e4u: 4.000\u20136.500 \u20ac\/m\u00b2<\/p><\/li><li><p class=\"translation-block\">Unterallg\u00e4u: 3.200\u20135.200 \u20ac\/m\u00b2<\/p><\/li><\/ul><p class=\"translation-block\">Mietpreise liegen zwischen 8,00 \u20ac und 13,50 \u20ac\/m\u00b2.<\/p><div><hr \/><\/div><h3>Zukunftsperspektiven des Immobilienmarktes<\/h3><p>Die Region 87xxx bietet ideale Voraussetzungen f\u00fcr nachhaltiges Immobilieninvestment:<\/p><ul data-spread=\"false\"><li><p>Steigende Nachfrage nach Ferien- und Dauerwohnsitzen<\/p><\/li><li><p>Ausbau von Infrastruktur und touristischen Angeboten<\/p><\/li><li><p>Attraktive Bedingungen f\u00fcr Ruhest\u00e4ndler und Remote-Worker<\/p><\/li><li><p>Geringe Neubaut\u00e4tigkeit sichert Wertstabilit\u00e4t<\/p><\/li><\/ul><div><hr \/><\/div><h3>Fazit<\/h3><p class=\"translation-block\">Ob als Hauptwohnsitz, Ferienimmobilie oder Kapitalanlage \u2013 das PLZ-Gebiet 87xxx verbindet Natur, Infrastruktur und Wirtschaftsst\u00e4rke im Herzen des Allg\u00e4us.<\/p><p>#Immobilien87xxx #WohnenAllg\u00e4u #HauskaufKempten #MemmingenImmobilien #Ostallg\u00e4uWohnen #Oberallg\u00e4uImmobilien #Unterallg\u00e4uHaus #BayernImmobilien<\/p><div><hr \/><\/div><p>\u00a0<\/p>\t\t\t\t\t\t\t\t<\/div>\n\t\t\t\t<\/div>\n\t\t\t\t<div class=\"elementor-element elementor-element-44617d8 elementor-widget elementor-widget-spacer\" data-id=\"44617d8\" data-element_type=\"widget\" data-widget_type=\"spacer.default\">\n\t\t\t\t<div class=\"elementor-widget-container\">\n\t\t\t\t\t\t\t<div class=\"elementor-spacer\">\n\t\t\t<div class=\"elementor-spacer-inner\"><\/div>\n\t\t<\/div>\n\t\t\t\t\t\t<\/div>\n\t\t\t\t<\/div>\n\t\t\t\t\t<\/div>\n\t\t\t\t<\/div>\n\t\t\t\t<\/div>","protected":false},"excerpt":{"rendered":"<p>Real estate market in Germany 87xxx zip code area Living and Investing in the Allg\u00e4u Region Explore the fascinating facets of this region with us &#8211; from its special advantages to its challenges. Discover not only our innovative modular houses, but also the extensive portfolio of our renowned partners. Modular House Guide Contact We are [&hellip;]<\/p>","protected":false},"author":1,"featured_media":0,"parent":0,"menu_order":0,"comment_status":"closed","ping_status":"closed","template":"","meta":{"footnotes":""},"class_list":["post-2938","page","type-page","status-publish","hentry"],"_links":{"self":[{"href":"https:\/\/gloim.com\/de\/wp-json\/wp\/v2\/pages\/2938","targetHints":{"allow":["GET"]}}],"collection":[{"href":"https:\/\/gloim.com\/de\/wp-json\/wp\/v2\/pages"}],"about":[{"href":"https:\/\/gloim.com\/de\/wp-json\/wp\/v2\/types\/page"}],"author":[{"embeddable":true,"href":"https:\/\/gloim.com\/de\/wp-json\/wp\/v2\/users\/1"}],"replies":[{"embeddable":true,"href":"https:\/\/gloim.com\/de\/wp-json\/wp\/v2\/comments?post=2938"}],"version-history":[{"count":0,"href":"https:\/\/gloim.com\/de\/wp-json\/wp\/v2\/pages\/2938\/revisions"}],"wp:attachment":[{"href":"https:\/\/gloim.com\/de\/wp-json\/wp\/v2\/media?parent=2938"}],"curies":[{"name":"wp","href":"https:\/\/api.w.org\/{rel}","templated":true}]}}