{"id":5561,"date":"2025-07-03T08:23:02","date_gmt":"2025-07-03T05:23:02","guid":{"rendered":"https:\/\/gloim.com\/?page_id=5561"},"modified":"2025-07-14T07:51:15","modified_gmt":"2025-07-14T04:51:15","slug":"download","status":"publish","type":"page","link":"https:\/\/gloim.com\/de\/download\/","title":{"rendered":"Download"},"content":{"rendered":"<div data-elementor-type=\"wp-page\" data-elementor-id=\"5561\" class=\"elementor elementor-5561\" data-elementor-post-type=\"page\">\n\t\t\t\t<div data-particle_enable=\"false\" data-particle-mobile-disabled=\"false\" class=\"elementor-element elementor-element-123e5036 e-flex e-con-boxed e-con e-parent\" data-id=\"123e5036\" data-element_type=\"container\">\n\t\t\t\t\t<div class=\"e-con-inner\">\n\t\t\t\t<div class=\"elementor-element elementor-element-4fc87c06 elementor-widget elementor-widget-text-editor\" data-id=\"4fc87c06\" data-element_type=\"widget\" data-widget_type=\"text-editor.default\">\n\t\t\t\t<div class=\"elementor-widget-container\">\n\t\t\t\t\t\t\t\t\t \t\t\t\t\t\t\t\t<\/div>\n\t\t\t\t<\/div>\n\t\t\t\t\t<\/div>\n\t\t\t\t<\/div>\n\t\t<div data-particle_enable=\"false\" data-particle-mobile-disabled=\"false\" class=\"elementor-element elementor-element-80e3477 e-flex e-con-boxed e-con e-parent\" data-id=\"80e3477\" data-element_type=\"container\">\n\t\t\t\t\t<div class=\"e-con-inner\">\n\t\t\t\t<div class=\"elementor-element elementor-element-cf55b30 elementor-widget-divider--view-line elementor-widget elementor-widget-divider\" data-id=\"cf55b30\" data-element_type=\"widget\" data-widget_type=\"divider.default\">\n\t\t\t\t<div class=\"elementor-widget-container\">\n\t\t\t\t\t\t\t<div class=\"elementor-divider\">\n\t\t\t<span class=\"elementor-divider-separator\">\n\t\t\t\t\t\t<\/span>\n\t\t<\/div>\n\t\t\t\t\t\t<\/div>\n\t\t\t\t<\/div>\n\t\t\t\t\t<\/div>\n\t\t\t\t<\/div>\n\t\t<div data-particle_enable=\"false\" data-particle-mobile-disabled=\"false\" class=\"elementor-element elementor-element-5f2be3c e-flex e-con-boxed e-con e-parent\" data-id=\"5f2be3c\" data-element_type=\"container\">\n\t\t\t\t\t<div class=\"e-con-inner\">\n\t\t\t\t<div class=\"elementor-element elementor-element-434edfb elementor-widget elementor-widget-text-editor\" data-id=\"434edfb\" data-element_type=\"widget\" data-widget_type=\"text-editor.default\">\n\t\t\t\t<div class=\"elementor-widget-container\">\n\t\t\t\t\t\t\t\t\t<ol><li><a href=\"https:\/\/gloim.com\/wp-content\/uploads\/2025\/04\/DE-KI_Buch_GPT-KITAP-1.pdf\">Makler 2033 KI Buch<\/a><\/li><li><a href=\"https:\/\/gloim.com\/wp-content\/uploads\/2025\/07\/Mehr-Umsatz-als-Makler-mIt-Nebenangeboten.pdf\">Mehr Umsatz als Makler mIt Nebenangeboten<\/a><\/li><\/ol>\t\t\t\t\t\t\t\t<\/div>\n\t\t\t\t<\/div>\n\t\t\t\t\t<\/div>\n\t\t\t\t<\/div>\n\t\t<div data-particle_enable=\"false\" data-particle-mobile-disabled=\"false\" class=\"elementor-element elementor-element-f45453d e-flex e-con-boxed e-con e-parent\" data-id=\"f45453d\" data-element_type=\"container\">\n\t\t\t\t\t<div class=\"e-con-inner\">\n\t\t\t\t<div class=\"elementor-element elementor-element-6db2f68 elementor-widget elementor-widget-heading\" data-id=\"6db2f68\" data-element_type=\"widget\" data-widget_type=\"heading.default\">\n\t\t\t\t<div class=\"elementor-widget-container\">\n\t\t\t\t\t<h1 class=\"elementor-heading-title elementor-size-default\">GLOIM-Wiedergabeliste<\/h1>\t\t\t\t<\/div>\n\t\t\t\t<\/div>\n\t\t\t\t<div class=\"elementor-element elementor-element-bb24f2c elementor-widget elementor-widget-text-editor\" data-id=\"bb24f2c\" data-element_type=\"widget\" data-widget_type=\"text-editor.default\">\n\t\t\t\t<div class=\"elementor-widget-container\">\n\t\t\t\t\t\t\t\t\t<h2><span style=\"color: #1090c7;\">Hier sind GLOIMs inspirierende Melodien<\/span><\/h2><br>\nDiese Playlist ist mehr als nur eine Sammlung von Tracks &#8211; sie ist eine klangliche Reise durch den Geist, den Antrieb und die Vision von GLOIM. Jedes St\u00fcck spiegelt die Emotionen wider, die wir beim Bauen und Tr\u00e4umen empfinden. F\u00fcr uns ist Musik kein Hintergrundger\u00e4usch; sie ist die Stimme der Inspiration, Motivation und Kreativit\u00e4t. Setzen Sie Ihre Kopfh\u00f6rer auf und tauchen Sie ein in den Sound von GLOIM.<br>\t\t\t\t\t\t\t\t<\/div>\n\t\t\t\t<\/div>\n\t\t\t\t<div class=\"elementor-element elementor-element-5f8876b elementor-widget elementor-widget-shortcode\" data-id=\"5f8876b\" data-element_type=\"widget\" data-widget_type=\"shortcode.default\">\n\t\t\t\t<div class=\"elementor-widget-container\">\n\t\t\t\t\t\t\t<div class=\"elementor-shortcode\"><div class=\"cue-playlist-container\">\n<div class=\"cue-playlist cue-theme-default\" itemscope itemtype=\"http:\/\/schema.org\/MusicPlaylist\">\n\t\n\t<meta itemprop=\"numTracks\" content=\"10\" \/>\n\n\t<audio src=\"https:\/\/gloim.com\/wp-content\/uploads\/2025\/07\/GLOIM-1-Immobilien-nebenan-und-weltweit-1-1.m4a\" controls preload=\"none\" class=\"cue-audio\" style=\"width: 100%; height: auto\"><\/audio>\n\n\t<ol class=\"cue-tracks\">\n\t\t\t\t\t<li class=\"cue-track\" itemprop=\"track\" itemscope itemtype=\"http:\/\/schema.org\/MusicRecording\">\n\t\t\t\t\n\t\t\t\t<span class=\"cue-track-details cue-track-cell\">\n\t\t\t\t\t<span class=\"cue-track-title\" itemprop=\"name\">GLOIM 1<\/span>\n\t\t\t\t\t<span class=\"cue-track-artist\" itemprop=\"byArtist\"><\/span>\n\t\t\t\t<\/span>\n\n\t\t\t\t\n\t\t\t\t<span class=\"cue-track-length cue-track-cell\">2:06<\/span>\n\n\t\t\t\t\t\t\t<\/li>\n\t\t\t\t\t<li class=\"cue-track\" itemprop=\"track\" itemscope itemtype=\"http:\/\/schema.org\/MusicRecording\">\n\t\t\t\t\n\t\t\t\t<span class=\"cue-track-details cue-track-cell\">\n\t\t\t\t\t<span class=\"cue-track-title\" itemprop=\"name\">GLOIM 2<\/span>\n\t\t\t\t\t<span class=\"cue-track-artist\" itemprop=\"byArtist\"><\/span>\n\t\t\t\t<\/span>\n\n\t\t\t\t\n\t\t\t\t<span class=\"cue-track-length cue-track-cell\">1:46<\/span>\n\n\t\t\t\t\t\t\t<\/li>\n\t\t\t\t\t<li class=\"cue-track\" itemprop=\"track\" itemscope itemtype=\"http:\/\/schema.org\/MusicRecording\">\n\t\t\t\t\n\t\t\t\t<span class=\"cue-track-details cue-track-cell\">\n\t\t\t\t\t<span class=\"cue-track-title\" itemprop=\"name\">GLOIM 3<\/span>\n\t\t\t\t\t<span class=\"cue-track-artist\" itemprop=\"byArtist\"><\/span>\n\t\t\t\t<\/span>\n\n\t\t\t\t\n\t\t\t\t<span class=\"cue-track-length cue-track-cell\">1:26<\/span>\n\n\t\t\t\t\t\t\t<\/li>\n\t\t\t\t\t<li class=\"cue-track\" itemprop=\"track\" itemscope itemtype=\"http:\/\/schema.org\/MusicRecording\">\n\t\t\t\t\n\t\t\t\t<span class=\"cue-track-details cue-track-cell\">\n\t\t\t\t\t<span class=\"cue-track-title\" itemprop=\"name\">GLOIM 4<\/span>\n\t\t\t\t\t<span class=\"cue-track-artist\" itemprop=\"byArtist\"><\/span>\n\t\t\t\t<\/span>\n\n\t\t\t\t\n\t\t\t\t<span class=\"cue-track-length cue-track-cell\">2:20<\/span>\n\n\t\t\t\t\t\t\t<\/li>\n\t\t\t\t\t<li class=\"cue-track\" itemprop=\"track\" itemscope itemtype=\"http:\/\/schema.org\/MusicRecording\">\n\t\t\t\t\n\t\t\t\t<span class=\"cue-track-details cue-track-cell\">\n\t\t\t\t\t<span class=\"cue-track-title\" itemprop=\"name\">GLOIM 5<\/span>\n\t\t\t\t\t<span class=\"cue-track-artist\" itemprop=\"byArtist\"><\/span>\n\t\t\t\t<\/span>\n\n\t\t\t\t\n\t\t\t\t<span class=\"cue-track-length cue-track-cell\">3:24<\/span>\n\n\t\t\t\t\t\t\t<\/li>\n\t\t\t\t\t<li class=\"cue-track\" itemprop=\"track\" itemscope itemtype=\"http:\/\/schema.org\/MusicRecording\">\n\t\t\t\t\n\t\t\t\t<span class=\"cue-track-details cue-track-cell\">\n\t\t\t\t\t<span class=\"cue-track-title\" itemprop=\"name\">GLOIM 6<\/span>\n\t\t\t\t\t<span class=\"cue-track-artist\" itemprop=\"byArtist\"><\/span>\n\t\t\t\t<\/span>\n\n\t\t\t\t\n\t\t\t\t<span class=\"cue-track-length cue-track-cell\">2:33<\/span>\n\n\t\t\t\t\t\t\t<\/li>\n\t\t\t\t\t<li class=\"cue-track\" itemprop=\"track\" itemscope itemtype=\"http:\/\/schema.org\/MusicRecording\">\n\t\t\t\t\n\t\t\t\t<span class=\"cue-track-details cue-track-cell\">\n\t\t\t\t\t<span class=\"cue-track-title\" itemprop=\"name\">GLOIM 7<\/span>\n\t\t\t\t\t<span class=\"cue-track-artist\" itemprop=\"byArtist\"><\/span>\n\t\t\t\t<\/span>\n\n\t\t\t\t\n\t\t\t\t<span class=\"cue-track-length cue-track-cell\">2:38<\/span>\n\n\t\t\t\t\t\t\t<\/li>\n\t\t\t\t\t<li class=\"cue-track\" itemprop=\"track\" itemscope itemtype=\"http:\/\/schema.org\/MusicRecording\">\n\t\t\t\t\n\t\t\t\t<span class=\"cue-track-details cue-track-cell\">\n\t\t\t\t\t<span class=\"cue-track-title\" itemprop=\"name\">GLOIM 8<\/span>\n\t\t\t\t\t<span class=\"cue-track-artist\" itemprop=\"byArtist\"><\/span>\n\t\t\t\t<\/span>\n\n\t\t\t\t\n\t\t\t\t<span class=\"cue-track-length cue-track-cell\">2:06<\/span>\n\n\t\t\t\t\t\t\t<\/li>\n\t\t\t\t\t<li class=\"cue-track\" itemprop=\"track\" itemscope itemtype=\"http:\/\/schema.org\/MusicRecording\">\n\t\t\t\t\n\t\t\t\t<span class=\"cue-track-details cue-track-cell\">\n\t\t\t\t\t<span class=\"cue-track-title\" itemprop=\"name\">GLOIM 9<\/span>\n\t\t\t\t\t<span class=\"cue-track-artist\" itemprop=\"byArtist\"><\/span>\n\t\t\t\t<\/span>\n\n\t\t\t\t\n\t\t\t\t<span class=\"cue-track-length cue-track-cell\">3:04<\/span>\n\n\t\t\t\t\t\t\t<\/li>\n\t\t\t\t\t<li class=\"cue-track\" itemprop=\"track\" itemscope itemtype=\"http:\/\/schema.org\/MusicRecording\">\n\t\t\t\t\n\t\t\t\t<span class=\"cue-track-details cue-track-cell\">\n\t\t\t\t\t<span class=\"cue-track-title\" itemprop=\"name\">GLOIM 10<\/span>\n\t\t\t\t\t<span class=\"cue-track-artist\" itemprop=\"byArtist\"><\/span>\n\t\t\t\t<\/span>\n\n\t\t\t\t\n\t\t\t\t<span class=\"cue-track-length cue-track-cell\">3:02<\/span>\n\n\t\t\t\t\t\t\t<\/li>\n\t\t\t<\/ol>\n\n\t<\/div>\n\t\t<script type=\"application\/json\" class=\"cue-playlist-data\">{\"embed_link\":\"https:\\\/\\\/gloim.com\\\/de\\\/?cue_embed=gloim-01-copy&cue_theme=default\",\"permalink\":\"https:\\\/\\\/gloim.com\\\/de\\\/?p=7594\",\"skin\":\"cue-skin-default\",\"thumbnail\":\"\",\"tracks\":[{\"artist\":\"\",\"artworkId\":4411,\"artworkUrl\":\"https:\\\/\\\/gloim.com\\\/wp-content\\\/uploads\\\/2025\\\/04\\\/ererwer-300x300.jpg\",\"audioId\":5650,\"audioUrl\":\"https:\\\/\\\/gloim.com\\\/wp-content\\\/uploads\\\/2025\\\/07\\\/GLOIM-1-Immobilien-nebenan-und-weltweit-1-1.m4a\",\"format\":\"mp4\",\"length\":\"2:06\",\"title\":\"GLOIM 1\",\"order\":0,\"m4a\":\"https:\\\/\\\/gloim.com\\\/wp-content\\\/uploads\\\/2025\\\/07\\\/GLOIM-1-Immobilien-nebenan-und-weltweit-1-1.m4a\",\"meta\":{\"artist\":\"\",\"length_formatted\":\"2:06\"},\"src\":\"https:\\\/\\\/gloim.com\\\/wp-content\\\/uploads\\\/2025\\\/07\\\/GLOIM-1-Immobilien-nebenan-und-weltweit-1-1.m4a\",\"thumb\":{\"src\":\"https:\\\/\\\/gloim.com\\\/wp-content\\\/uploads\\\/2025\\\/04\\\/ererwer-300x300.jpg\"}},{\"artist\":\"\",\"artworkId\":4411,\"artworkUrl\":\"https:\\\/\\\/gloim.com\\\/wp-content\\\/uploads\\\/2025\\\/04\\\/ererwer-300x300.jpg\",\"audioId\":5651,\"audioUrl\":\"https:\\\/\\\/gloim.com\\\/wp-content\\\/uploads\\\/2025\\\/07\\\/GLOIM-2-Makler-2033-1-1.m4a\",\"format\":\"mp4\",\"length\":\"1:46\",\"title\":\"GLOIM 2\",\"order\":1,\"m4a\":\"https:\\\/\\\/gloim.com\\\/wp-content\\\/uploads\\\/2025\\\/07\\\/GLOIM-2-Makler-2033-1-1.m4a\",\"meta\":{\"artist\":\"\",\"length_formatted\":\"1:46\"},\"src\":\"https:\\\/\\\/gloim.com\\\/wp-content\\\/uploads\\\/2025\\\/07\\\/GLOIM-2-Makler-2033-1-1.m4a\",\"thumb\":{\"src\":\"https:\\\/\\\/gloim.com\\\/wp-content\\\/uploads\\\/2025\\\/04\\\/ererwer-300x300.jpg\"}},{\"artist\":\"\",\"artworkId\":4411,\"artworkUrl\":\"https:\\\/\\\/gloim.com\\\/wp-content\\\/uploads\\\/2025\\\/04\\\/ererwer-300x300.jpg\",\"audioId\":5652,\"audioUrl\":\"https:\\\/\\\/gloim.com\\\/wp-content\\\/uploads\\\/2025\\\/07\\\/GLOIM-3-1-1.m4a\",\"format\":\"mp4\",\"length\":\"1:26\",\"title\":\"GLOIM 3\",\"order\":2,\"m4a\":\"https:\\\/\\\/gloim.com\\\/wp-content\\\/uploads\\\/2025\\\/07\\\/GLOIM-3-1-1.m4a\",\"meta\":{\"artist\":\"\",\"length_formatted\":\"1:26\"},\"src\":\"https:\\\/\\\/gloim.com\\\/wp-content\\\/uploads\\\/2025\\\/07\\\/GLOIM-3-1-1.m4a\",\"thumb\":{\"src\":\"https:\\\/\\\/gloim.com\\\/wp-content\\\/uploads\\\/2025\\\/04\\\/ererwer-300x300.jpg\"}},{\"artist\":\"\",\"artworkId\":4411,\"artworkUrl\":\"https:\\\/\\\/gloim.com\\\/wp-content\\\/uploads\\\/2025\\\/04\\\/ererwer-300x300.jpg\",\"audioId\":5658,\"audioUrl\":\"https:\\\/\\\/gloim.com\\\/wp-content\\\/uploads\\\/2025\\\/07\\\/GLOIM-4-1-1.m4a\",\"format\":\"mp4\",\"length\":\"2:20\",\"title\":\"GLOIM 4\",\"order\":3,\"m4a\":\"https:\\\/\\\/gloim.com\\\/wp-content\\\/uploads\\\/2025\\\/07\\\/GLOIM-4-1-1.m4a\",\"meta\":{\"artist\":\"\",\"length_formatted\":\"2:20\"},\"src\":\"https:\\\/\\\/gloim.com\\\/wp-content\\\/uploads\\\/2025\\\/07\\\/GLOIM-4-1-1.m4a\",\"thumb\":{\"src\":\"https:\\\/\\\/gloim.com\\\/wp-content\\\/uploads\\\/2025\\\/04\\\/ererwer-300x300.jpg\"}},{\"artist\":\"\",\"artworkId\":4411,\"artworkUrl\":\"https:\\\/\\\/gloim.com\\\/wp-content\\\/uploads\\\/2025\\\/04\\\/ererwer-300x300.jpg\",\"audioId\":5649,\"audioUrl\":\"https:\\\/\\\/gloim.com\\\/wp-content\\\/uploads\\\/2025\\\/07\\\/GLOIM-5-1-1.m4a\",\"format\":\"mp4\",\"length\":\"3:24\",\"title\":\"GLOIM 5\",\"order\":4,\"m4a\":\"https:\\\/\\\/gloim.com\\\/wp-content\\\/uploads\\\/2025\\\/07\\\/GLOIM-5-1-1.m4a\",\"meta\":{\"artist\":\"\",\"length_formatted\":\"3:24\"},\"src\":\"https:\\\/\\\/gloim.com\\\/wp-content\\\/uploads\\\/2025\\\/07\\\/GLOIM-5-1-1.m4a\",\"thumb\":{\"src\":\"https:\\\/\\\/gloim.com\\\/wp-content\\\/uploads\\\/2025\\\/04\\\/ererwer-300x300.jpg\"}},{\"artist\":\"\",\"artworkId\":4411,\"artworkUrl\":\"https:\\\/\\\/gloim.com\\\/wp-content\\\/uploads\\\/2025\\\/04\\\/ererwer-300x300.jpg\",\"audioId\":5659,\"audioUrl\":\"https:\\\/\\\/gloim.com\\\/wp-content\\\/uploads\\\/2025\\\/07\\\/GLOIM-6-1-1.m4a\",\"format\":\"mp4\",\"length\":\"2:33\",\"title\":\"GLOIM 6\",\"order\":5,\"m4a\":\"https:\\\/\\\/gloim.com\\\/wp-content\\\/uploads\\\/2025\\\/07\\\/GLOIM-6-1-1.m4a\",\"meta\":{\"artist\":\"\",\"length_formatted\":\"2:33\"},\"src\":\"https:\\\/\\\/gloim.com\\\/wp-content\\\/uploads\\\/2025\\\/07\\\/GLOIM-6-1-1.m4a\",\"thumb\":{\"src\":\"https:\\\/\\\/gloim.com\\\/wp-content\\\/uploads\\\/2025\\\/04\\\/ererwer-300x300.jpg\"}},{\"artist\":\"\",\"artworkId\":4411,\"artworkUrl\":\"https:\\\/\\\/gloim.com\\\/wp-content\\\/uploads\\\/2025\\\/04\\\/ererwer-300x300.jpg\",\"audioId\":5660,\"audioUrl\":\"https:\\\/\\\/gloim.com\\\/wp-content\\\/uploads\\\/2025\\\/07\\\/GLOIM-7-1-1.m4a\",\"format\":\"mp4\",\"length\":\"2:38\",\"title\":\"GLOIM 7\",\"order\":6,\"m4a\":\"https:\\\/\\\/gloim.com\\\/wp-content\\\/uploads\\\/2025\\\/07\\\/GLOIM-7-1-1.m4a\",\"meta\":{\"artist\":\"\",\"length_formatted\":\"2:38\"},\"src\":\"https:\\\/\\\/gloim.com\\\/wp-content\\\/uploads\\\/2025\\\/07\\\/GLOIM-7-1-1.m4a\",\"thumb\":{\"src\":\"https:\\\/\\\/gloim.com\\\/wp-content\\\/uploads\\\/2025\\\/04\\\/ererwer-300x300.jpg\"}},{\"artist\":\"\",\"artworkId\":4411,\"artworkUrl\":\"https:\\\/\\\/gloim.com\\\/wp-content\\\/uploads\\\/2025\\\/04\\\/ererwer-300x300.jpg\",\"audioId\":5661,\"audioUrl\":\"https:\\\/\\\/gloim.com\\\/wp-content\\\/uploads\\\/2025\\\/07\\\/GLOIM-8-1-1.m4a\",\"format\":\"mp4\",\"length\":\"2:06\",\"title\":\"GLOIM 8\",\"order\":7,\"m4a\":\"https:\\\/\\\/gloim.com\\\/wp-content\\\/uploads\\\/2025\\\/07\\\/GLOIM-8-1-1.m4a\",\"meta\":{\"artist\":\"\",\"length_formatted\":\"2:06\"},\"src\":\"https:\\\/\\\/gloim.com\\\/wp-content\\\/uploads\\\/2025\\\/07\\\/GLOIM-8-1-1.m4a\",\"thumb\":{\"src\":\"https:\\\/\\\/gloim.com\\\/wp-content\\\/uploads\\\/2025\\\/04\\\/ererwer-300x300.jpg\"}},{\"artist\":\"\",\"artworkId\":4411,\"artworkUrl\":\"https:\\\/\\\/gloim.com\\\/wp-content\\\/uploads\\\/2025\\\/04\\\/ererwer-300x300.jpg\",\"audioId\":5665,\"audioUrl\":\"https:\\\/\\\/gloim.com\\\/wp-content\\\/uploads\\\/2025\\\/07\\\/GLOIM-9-1-1.m4a\",\"format\":\"mp4\",\"length\":\"3:04\",\"title\":\"GLOIM 9\",\"order\":8,\"m4a\":\"https:\\\/\\\/gloim.com\\\/wp-content\\\/uploads\\\/2025\\\/07\\\/GLOIM-9-1-1.m4a\",\"meta\":{\"artist\":\"\",\"length_formatted\":\"3:04\"},\"src\":\"https:\\\/\\\/gloim.com\\\/wp-content\\\/uploads\\\/2025\\\/07\\\/GLOIM-9-1-1.m4a\",\"thumb\":{\"src\":\"https:\\\/\\\/gloim.com\\\/wp-content\\\/uploads\\\/2025\\\/04\\\/ererwer-300x300.jpg\"}},{\"artist\":\"\",\"artworkId\":0,\"artworkUrl\":\"\",\"audioId\":5666,\"audioUrl\":\"https:\\\/\\\/gloim.com\\\/wp-content\\\/uploads\\\/2025\\\/07\\\/GLOIM-10-1-1.m4a\",\"format\":\"mp4\",\"length\":\"3:02\",\"title\":\"GLOIM 10\",\"order\":9,\"m4a\":\"https:\\\/\\\/gloim.com\\\/wp-content\\\/uploads\\\/2025\\\/07\\\/GLOIM-10-1-1.m4a\",\"meta\":{\"artist\":\"\",\"length_formatted\":\"3:02\"},\"src\":\"https:\\\/\\\/gloim.com\\\/wp-content\\\/uploads\\\/2025\\\/07\\\/GLOIM-10-1-1.m4a\",\"thumb\":{\"src\":\"\"}}]}<\/script>\n\t\t<\/div><\/div>\n\t\t\t\t\t\t<\/div>\n\t\t\t\t<\/div>\n\t\t\t\t<div class=\"elementor-element elementor-element-423e07e elementor-widget elementor-widget-text-editor\" data-id=\"423e07e\" data-element_type=\"widget\" data-widget_type=\"text-editor.default\">\n\t\t\t\t<div class=\"elementor-widget-container\">\n\t\t\t\t\t\t\t\t\t<p>Wenn Sie diese Titel auf Ihr Ger\u00e4t herunterladen m\u00f6chten, verwenden Sie bitte die unten stehenden Links:<\/p><h2>\ud83d\udce5 <span style=\"color: #044466;\">Download-Links:<\/span><\/h2><p><a href=\"https:\/\/gloim.com\/wp-content\/uploads\/2025\/07\/GLOIM-1-Immobilien-nebenan-und-weltweit-1-1.m4a\" target=\"_blank\" rel=\"noopener\">GLOIM 1<\/a> |\u00a0<a href=\"https:\/\/gloim.com\/wp-content\/uploads\/2025\/07\/GLOIM-2-Makler-2033-1-1.m4a\" target=\"_blank\" rel=\"noopener\">GLOIM 2<\/a> |\u00a0<a href=\"https:\/\/gloim.com\/wp-content\/uploads\/2025\/07\/GLOIM-3-1-1.m4a\" target=\"_blank\" rel=\"noopener\">GLOIM 3\u00a0<\/a> |\u00a0<a href=\"https:\/\/gloim.com\/wp-content\/uploads\/2025\/07\/GLOIM-4-1-1.m4a\" target=\"_blank\" rel=\"noopener\">GLOIM 4<\/a> |\u00a0<a href=\"https:\/\/gloim.com\/wp-content\/uploads\/2025\/07\/GLOIM-5-1-1.m4a\" target=\"_blank\" rel=\"noopener\">GLOIM 5<\/a> |\u00a0<a href=\"https:\/\/gloim.com\/wp-content\/uploads\/2025\/07\/GLOIM-6-1-1.m4a\" target=\"_blank\" rel=\"noopener\">GLOIM 6<\/a> |\u00a0<a href=\"https:\/\/gloim.com\/wp-content\/uploads\/2025\/07\/GLOIM-7-1-1.m4a\" target=\"_blank\" rel=\"noopener\">GLOIM 7<\/a> |\u00a0<a href=\"https:\/\/gloim.com\/wp-content\/uploads\/2025\/07\/GLOIM-8-1-1.m4a\" target=\"_blank\" rel=\"noopener\">GLOIM 8<\/a> |\u00a0<a href=\"https:\/\/gloim.com\/wp-content\/uploads\/2025\/07\/GLOIM-9-1-1.m4a\" target=\"_blank\" rel=\"noopener\">GLOIM 9<\/a> |\u00a0<a href=\"https:\/\/gloim.com\/wp-content\/uploads\/2025\/07\/GLOIM-10-1-1.m4a\" target=\"_blank\" rel=\"noopener\">GLOIM 10<\/a><\/p><p>\u00a0<\/p>\t\t\t\t\t\t\t\t<\/div>\n\t\t\t\t<\/div>\n\t\t\t\t\t<\/div>\n\t\t\t\t<\/div>\n\t\t\t\t<\/div>","protected":false},"excerpt":{"rendered":"<p>Makler 2033 KI Buch Mehr Umsatz als Makler mIt Nebenangeboten GLOIM-Wiedergabeliste Hier sind GLOIMs inspirierende Melodien Diese Playlist ist mehr als nur eine Sammlung von Tracks &#8211; sie ist eine klangliche Reise durch den Geist, den Antrieb und die Vision von GLOIM. Jedes St\u00fcck spiegelt die Emotionen wider, die wir beim Bauen und Tr\u00e4umen empfinden. [&hellip;]<\/p>","protected":false},"author":1,"featured_media":0,"parent":0,"menu_order":0,"comment_status":"closed","ping_status":"closed","template":"elementor_canvas","meta":{"footnotes":""},"class_list":["post-5561","page","type-page","status-publish","hentry"],"_links":{"self":[{"href":"https:\/\/gloim.com\/de\/wp-json\/wp\/v2\/pages\/5561","targetHints":{"allow":["GET"]}}],"collection":[{"href":"https:\/\/gloim.com\/de\/wp-json\/wp\/v2\/pages"}],"about":[{"href":"https:\/\/gloim.com\/de\/wp-json\/wp\/v2\/types\/page"}],"author":[{"embeddable":true,"href":"https:\/\/gloim.com\/de\/wp-json\/wp\/v2\/users\/1"}],"replies":[{"embeddable":true,"href":"https:\/\/gloim.com\/de\/wp-json\/wp\/v2\/comments?post=5561"}],"version-history":[{"count":0,"href":"https:\/\/gloim.com\/de\/wp-json\/wp\/v2\/pages\/5561\/revisions"}],"wp:attachment":[{"href":"https:\/\/gloim.com\/de\/wp-json\/wp\/v2\/media?parent=5561"}],"curies":[{"name":"wp","href":"https:\/\/api.w.org\/{rel}","templated":true}]}}