{"id":7509,"date":"2025-10-30T11:31:56","date_gmt":"2025-10-30T08:31:56","guid":{"rendered":"https:\/\/gloim.com\/?p=6267"},"modified":"2025-10-30T13:49:48","modified_gmt":"2025-10-30T10:49:48","slug":"der-fachmann-fur-social-media-inhalte","status":"publish","type":"page","link":"https:\/\/gloim.com\/de\/der-fachmann-fur-social-media-inhalte\/","title":{"rendered":"Der Fachmann f\u00fcr Social Media Inhalte"},"content":{"rendered":"<div data-elementor-type=\"wp-page\" data-elementor-id=\"7509\" class=\"elementor elementor-7509\" data-elementor-post-type=\"page\">\n\t\t\t\t<div data-particle_enable=\"false\" data-particle-mobile-disabled=\"false\" class=\"elementor-element elementor-element-2174a33c e-flex e-con-boxed e-con e-parent\" data-id=\"2174a33c\" data-element_type=\"container\">\n\t\t\t\t\t<div class=\"e-con-inner\">\n\t\t\t\t<div class=\"elementor-element elementor-element-1e41ef0b elementor-widget elementor-widget-text-editor\" data-id=\"1e41ef0b\" data-element_type=\"widget\" data-widget_type=\"text-editor.default\">\n\t\t\t\t<div class=\"elementor-widget-container\">\n\t\t\t\t\t\t\t\t\t \t\t\t\t\t\t\t\t<\/div>\n\t\t\t\t<\/div>\n\t\t\t\t\t<\/div>\n\t\t\t\t<\/div>\n\t\t<div data-particle_enable=\"false\" data-particle-mobile-disabled=\"false\" class=\"elementor-element elementor-element-8074aae e-con-full e-flex e-con e-parent\" data-id=\"8074aae\" data-element_type=\"container\">\n\t\t<div data-particle_enable=\"false\" data-particle-mobile-disabled=\"false\" class=\"elementor-element elementor-element-75d15e44 e-con-full e-flex e-con e-child\" data-id=\"75d15e44\" data-element_type=\"container\">\n\t\t\t\t<div class=\"elementor-element elementor-element-5cb6dbfb elementor-widget elementor-widget-heading\" data-id=\"5cb6dbfb\" data-element_type=\"widget\" data-widget_type=\"heading.default\">\n\t\t\t\t<div class=\"elementor-widget-container\">\n\t\t\t\t\t<h2 class=\"elementor-heading-title elementor-size-default\">Hallo! \ud83d\udc4b\n, <br><b><h1>Ich bin Social Media Pro Makler2033Plus<\/h1><\/b><\/h2>\t\t\t\t<\/div>\n\t\t\t\t<\/div>\n\t\t\t\t<div class=\"elementor-element elementor-element-1dfbaafb elementor-widget-divider--view-line elementor-widget elementor-widget-divider\" data-id=\"1dfbaafb\" data-element_type=\"widget\" data-widget_type=\"divider.default\">\n\t\t\t\t<div class=\"elementor-widget-container\">\n\t\t\t\t\t\t\t<div class=\"elementor-divider\">\n\t\t\t<span class=\"elementor-divider-separator\">\n\t\t\t\t\t\t<\/span>\n\t\t<\/div>\n\t\t\t\t\t\t<\/div>\n\t\t\t\t<\/div>\n\t\t\t\t<div class=\"elementor-element elementor-element-1e6654fe elementor-widget elementor-widget-text-editor\" data-id=\"1e6654fe\" data-element_type=\"widget\" data-widget_type=\"text-editor.default\">\n\t\t\t\t<div class=\"elementor-widget-container\">\n\t\t\t\t\t\t\t\t\t<p>Dein kreativer KI-Partner f\u00fcr Social Media Marketing. Mein Ziel ist es, dich dabei zu unterst\u00fctzen, deine Marke sichtbar, authentisch und wirkungsvoll in den sozialen Medien zu pr\u00e4sentieren.<\/p>\t\t\t\t\t\t\t\t<\/div>\n\t\t\t\t<\/div>\n\t\t\t\t<div class=\"elementor-element elementor-element-512f4ba3 elementor-tablet-align-center elementor-invisible elementor-widget elementor-widget-button\" data-id=\"512f4ba3\" data-element_type=\"widget\" data-settings=\"{&quot;_animation&quot;:&quot;fadeInLeft&quot;}\" data-widget_type=\"button.default\">\n\t\t\t\t<div class=\"elementor-widget-container\">\n\t\t\t\t\t\t\t\t\t<div class=\"elementor-button-wrapper\">\n\t\t\t\t\t<a class=\"elementor-button elementor-button-link elementor-size-sm elementor-animation-shrink\" href=\"https:\/\/chatgpt.com\/g\/g-68ff147491e4819195814c74231e97cd-social-media-pro-makler2033plus\" target=\"_blank\">\n\t\t\t\t\t\t<span class=\"elementor-button-content-wrapper\">\n\t\t\t\t\t\t\t\t\t<span class=\"elementor-button-text\">Starten Sie den Online-Test <\/span>\n\t\t\t\t\t<\/span>\n\t\t\t\t\t<\/a>\n\t\t\t\t<\/div>\n\t\t\t\t\t\t\t\t<\/div>\n\t\t\t\t<\/div>\n\t\t\t\t<\/div>\n\t\t<div data-particle_enable=\"false\" data-particle-mobile-disabled=\"false\" class=\"elementor-element elementor-element-66f74cfd e-con-full e-flex e-con e-child\" data-id=\"66f74cfd\" data-element_type=\"container\" data-settings=\"{&quot;background_background&quot;:&quot;classic&quot;,&quot;background_motion_fx_motion_fx_scrolling&quot;:&quot;yes&quot;,&quot;background_motion_fx_scale_effect&quot;:&quot;yes&quot;,&quot;background_motion_fx_scale_range&quot;:{&quot;unit&quot;:&quot;%&quot;,&quot;size&quot;:&quot;&quot;,&quot;sizes&quot;:{&quot;start&quot;:50,&quot;end&quot;:100}},&quot;background_motion_fx_scale_direction&quot;:&quot;out-in&quot;,&quot;background_motion_fx_scale_speed&quot;:{&quot;unit&quot;:&quot;px&quot;,&quot;size&quot;:4,&quot;sizes&quot;:[]},&quot;background_motion_fx_devices&quot;:[&quot;desktop&quot;,&quot;tablet&quot;,&quot;mobile&quot;]}\">\n\t\t<div data-particle_enable=\"false\" data-particle-mobile-disabled=\"false\" class=\"elementor-element elementor-element-70a25e87 e-con-full e-flex elementor-invisible e-con e-child\" data-id=\"70a25e87\" data-element_type=\"container\" data-settings=\"{&quot;background_background&quot;:&quot;classic&quot;,&quot;animation&quot;:&quot;slideInRight&quot;}\">\n\t\t\t\t<div class=\"elementor-element elementor-element-6a27169c elementor-widget__width-initial elementor-widget elementor-widget-image\" data-id=\"6a27169c\" data-element_type=\"widget\" data-widget_type=\"image.default\">\n\t\t\t\t<div class=\"elementor-widget-container\">\n\t\t\t\t\t\t\t\t\t\t\t\t\t\t\t<img loading=\"lazy\" decoding=\"async\" width=\"1024\" height=\"1024\" src=\"https:\/\/gloim.com\/wp-content\/uploads\/2025\/10\/img-20251028-wa0013.jpg\" class=\"attachment-full size-full wp-image-7372\" alt=\"Img 20251028 Wa0013\" srcset=\"https:\/\/gloim.com\/wp-content\/uploads\/2025\/10\/img-20251028-wa0013.jpg 1024w, https:\/\/gloim.com\/wp-content\/uploads\/2025\/10\/img-20251028-wa0013-300x300.jpg 300w, https:\/\/gloim.com\/wp-content\/uploads\/2025\/10\/img-20251028-wa0013-150x150.jpg 150w, https:\/\/gloim.com\/wp-content\/uploads\/2025\/10\/img-20251028-wa0013-768x768.jpg 768w, https:\/\/gloim.com\/wp-content\/uploads\/2025\/10\/img-20251028-wa0013-12x12.jpg 12w, https:\/\/gloim.com\/wp-content\/uploads\/2025\/10\/img-20251028-wa0013-120x120.jpg 120w\" sizes=\"auto, (max-width: 1024px) 100vw, 1024px\" \/>\t\t\t\t\t\t\t\t\t\t\t\t\t\t\t<\/div>\n\t\t\t\t<\/div>\n\t\t\t\t<div class=\"elementor-element elementor-element-7f157632 elementor-position-left elementor-widget__width-initial elementor-view-default elementor-mobile-position-top elementor-widget elementor-widget-icon-box\" data-id=\"7f157632\" data-element_type=\"widget\" data-widget_type=\"icon-box.default\">\n\t\t\t\t<div class=\"elementor-widget-container\">\n\t\t\t\t\t\t\t<div class=\"elementor-icon-box-wrapper\">\n\n\t\t\t\t\t\t<div class=\"elementor-icon-box-icon\">\n\t\t\t\t<span  class=\"elementor-icon elementor-animation-rotate\">\n\t\t\t\t<svg xmlns=\"http:\/\/www.w3.org\/2000\/svg\" id=\"bea4f375-ba9f-4d95-b888-1cebd73f27c9\" data-name=\"Layer 1\" width=\"20.9232\" height=\"19.8992\" viewbox=\"0 0 20.9232 19.8992\"><polygon points=\"20.923 7.601 12.931 7.601 10.462 0 7.992 7.601 0 7.601 6.466 12.298 3.996 19.899 10.462 15.202 16.927 19.899 14.458 12.298 20.923 7.601\"><\/polygon><\/svg>\t\t\t\t<\/span>\n\t\t\t<\/div>\n\t\t\t\n\t\t\t\t\t\t<div class=\"elementor-icon-box-content\">\n\n\t\t\t\t\t\t\t\t\t<h3 class=\"elementor-icon-box-title\">\n\t\t\t\t\t\t<span  >\n\t\t\t\t\t\t\t5\/5\t\t\t\t\t\t<\/span>\n\t\t\t\t\t<\/h3>\n\t\t\t\t\n\t\t\t\t\n\t\t\t<\/div>\n\t\t\t\n\t\t<\/div>\n\t\t\t\t\t\t<\/div>\n\t\t\t\t<\/div>\n\t\t\t\t<div class=\"elementor-element elementor-element-3edae4a9 elementor-widget elementor-widget-image-box\" data-id=\"3edae4a9\" data-element_type=\"widget\" data-widget_type=\"image-box.default\">\n\t\t\t\t<div class=\"elementor-widget-container\">\n\t\t\t\t\t<div class=\"elementor-image-box-wrapper\"><div class=\"elementor-image-box-content\"><h5 class=\"elementor-image-box-title\">Der Fachmann f\u00fcr Social Media Inhalte<\/h5><p class=\"elementor-image-box-description\"><span class='tooltipsall tooltipsincontent classtoolTips5'>Makler2033<\/span><\/p><\/div><\/div>\t\t\t\t<\/div>\n\t\t\t\t<\/div>\n\t\t\t\t<\/div>\n\t\t\t\t<\/div>\n\t\t\t\t<\/div>\n\t\t<div data-particle_enable=\"false\" data-particle-mobile-disabled=\"false\" class=\"elementor-element elementor-element-7626e187 e-flex e-con-boxed e-con e-parent\" data-id=\"7626e187\" data-element_type=\"container\">\n\t\t\t\t\t<div class=\"e-con-inner\">\n\t\t\t\t<div class=\"elementor-element elementor-element-7a6d7b1f elementor-widget elementor-widget-heading\" data-id=\"7a6d7b1f\" data-element_type=\"widget\" data-widget_type=\"heading.default\">\n\t\t\t\t<div class=\"elementor-widget-container\">\n\t\t\t\t\t<h2 class=\"elementor-heading-title elementor-size-default\">\nWas ist der <b> Zweck dieses Bots? <\/b><\/h2>\t\t\t\t<\/div>\n\t\t\t\t<\/div>\n\t\t\t\t\t<\/div>\n\t\t\t\t<\/div>\n\t\t<div data-particle_enable=\"false\" data-particle-mobile-disabled=\"false\" class=\"elementor-element elementor-element-31bfd9b5 e-con-full e-flex e-con e-parent\" data-id=\"31bfd9b5\" data-element_type=\"container\">\n\t\t<div data-particle_enable=\"false\" data-particle-mobile-disabled=\"false\" class=\"elementor-element elementor-element-4ba58829 e-con-full e-flex e-con e-child\" data-id=\"4ba58829\" data-element_type=\"container\">\n\t\t<div data-particle_enable=\"false\" data-particle-mobile-disabled=\"false\" class=\"elementor-element elementor-element-f67e222 e-con-full e-flex e-con e-child\" data-id=\"f67e222\" data-element_type=\"container\">\n\t\t\t\t<div class=\"elementor-element elementor-element-52176ccd elementor-widget elementor-widget-image-box\" data-id=\"52176ccd\" data-element_type=\"widget\" data-widget_type=\"image-box.default\">\n\t\t\t\t<div class=\"elementor-widget-container\">\n\t\t\t\t\t<div class=\"elementor-image-box-wrapper\"><div class=\"elementor-image-box-content\"><p class=\"elementor-image-box-description\">Ich helfe dir, strategische Content-Pl\u00e4ne zu entwickeln, die genau auf deine Zielgruppe und deine Plattformen abgestimmt sind. Ob Instagram, LinkedIn, Facebook, TikTok oder X \u2013 ich wei\u00df, welche Formate, Themen und Postingzeiten am besten funktionieren.<\/p><\/div><\/div>\t\t\t\t<\/div>\n\t\t\t\t<\/div>\n\t\t\t\t<\/div>\n\t\t<div data-particle_enable=\"false\" data-particle-mobile-disabled=\"false\" class=\"elementor-element elementor-element-216a76b e-con-full e-flex e-con e-child\" data-id=\"216a76b\" data-element_type=\"container\">\n\t\t\t\t<div class=\"elementor-element elementor-element-4260c7b elementor-widget elementor-widget-image-box\" data-id=\"4260c7b\" data-element_type=\"widget\" data-widget_type=\"image-box.default\">\n\t\t\t\t<div class=\"elementor-widget-container\">\n\t\t\t\t\t<div class=\"elementor-image-box-wrapper\"><div class=\"elementor-image-box-content\"><p class=\"elementor-image-box-description\">Meine St\u00e4rke liegt in der Texterstellung und Optimierung: Ich schreibe fesselnde Captions, Werbetexte und Hooks, die Aufmerksamkeit erzeugen und Interaktionen f\u00f6rdern \u2013 immer in deiner Markenstimme.<\/p><\/div><\/div>\t\t\t\t<\/div>\n\t\t\t\t<\/div>\n\t\t\t\t<\/div>\n\t\t<div data-particle_enable=\"false\" data-particle-mobile-disabled=\"false\" class=\"elementor-element elementor-element-022db09 e-con-full e-flex e-con e-child\" data-id=\"022db09\" data-element_type=\"container\">\n\t\t\t\t<div class=\"elementor-element elementor-element-345f367 elementor-widget elementor-widget-image-box\" data-id=\"345f367\" data-element_type=\"widget\" data-widget_type=\"image-box.default\">\n\t\t\t\t<div class=\"elementor-widget-container\">\n\t\t\t\t\t<div class=\"elementor-image-box-wrapper\"><div class=\"elementor-image-box-content\"><p class=\"elementor-image-box-description\">Dar\u00fcber hinaus unterst\u00fctze ich dich bei der Gestaltung von Social Ads: von der Zielgruppenanalyse \u00fcber kreative Anzeigentexte bis hin zu Conversion-starken Call-to-Actions. Ich kann bestehende Inhalte analysieren und dir konkrete Tipps geben, wie du Reichweite, Engagement und Performance steigerst.<\/p><\/div><\/div>\t\t\t\t<\/div>\n\t\t\t\t<\/div>\n\t\t\t\t<\/div>\n\t\t\t\t<\/div>\n\t\t<a class=\"eael-wrapper-link-3e529a5d --eael-wrapper-link-tag\" href=\"https:\/\/chatgpt.com\/g\/g-68ff147491e4819195814c74231e97cd-social-media-pro-makler2033plus\" target=\"_blank\"><\/a><div data-eael-wrapper-link=\"eael-wrapper-link-3e529a5d\" data-particle_enable=\"false\" data-particle-mobile-disabled=\"false\" class=\"elementor-element elementor-element-3e529a5d e-con-full e-flex e-con e-child\" data-id=\"3e529a5d\" data-element_type=\"container\" data-settings=\"{&quot;background_background&quot;:&quot;classic&quot;,&quot;motion_fx_motion_fx_mouse&quot;:&quot;yes&quot;,&quot;motion_fx_tilt_effect&quot;:&quot;yes&quot;,&quot;motion_fx_tilt_speed&quot;:{&quot;unit&quot;:&quot;px&quot;,&quot;size&quot;:1,&quot;sizes&quot;:[]}}\">\n\t\t<div data-particle_enable=\"false\" data-particle-mobile-disabled=\"false\" class=\"elementor-element elementor-element-76e91db7 e-con-full e-flex e-con e-child\" data-id=\"76e91db7\" data-element_type=\"container\">\n\t\t\t\t<div class=\"elementor-element elementor-element-30cc9a9b elementor-position-left elementor-widget__width-initial elementor-vertical-align-top elementor-widget elementor-widget-image-box\" data-id=\"30cc9a9b\" data-element_type=\"widget\" data-widget_type=\"image-box.default\">\n\t\t\t\t<div class=\"elementor-widget-container\">\n\t\t\t\t\t<div class=\"elementor-image-box-wrapper\"><figure class=\"elementor-image-box-img\"><img loading=\"lazy\" decoding=\"async\" width=\"1024\" height=\"1024\" src=\"https:\/\/gloim.com\/wp-content\/uploads\/2025\/10\/img-20251028-wa0013.jpg\" class=\"attachment-full size-full wp-image-7372\" alt=\"Img 20251028 Wa0013\" srcset=\"https:\/\/gloim.com\/wp-content\/uploads\/2025\/10\/img-20251028-wa0013.jpg 1024w, https:\/\/gloim.com\/wp-content\/uploads\/2025\/10\/img-20251028-wa0013-300x300.jpg 300w, https:\/\/gloim.com\/wp-content\/uploads\/2025\/10\/img-20251028-wa0013-150x150.jpg 150w, https:\/\/gloim.com\/wp-content\/uploads\/2025\/10\/img-20251028-wa0013-768x768.jpg 768w, https:\/\/gloim.com\/wp-content\/uploads\/2025\/10\/img-20251028-wa0013-12x12.jpg 12w, https:\/\/gloim.com\/wp-content\/uploads\/2025\/10\/img-20251028-wa0013-120x120.jpg 120w\" sizes=\"auto, (max-width: 1024px) 100vw, 1024px\" \/><\/figure><div class=\"elementor-image-box-content\"><h4 class=\"elementor-image-box-title\">Der Fachmann f\u00fcr Social Media Inhalte<\/h4><p class=\"elementor-image-box-description\"><span class='tooltipsall tooltipsincontent classtoolTips5'>Makler2033<\/span><\/p><\/div><\/div>\t\t\t\t<\/div>\n\t\t\t\t<\/div>\n\t\t\t\t<\/div>\n\t\t\t\t<\/div>\n\t\t<div data-particle_enable=\"false\" data-particle-mobile-disabled=\"false\" class=\"elementor-element elementor-element-504d8511 e-con-full e-flex e-con e-child\" data-id=\"504d8511\" data-element_type=\"container\">\n\t\t<div data-particle_enable=\"false\" data-particle-mobile-disabled=\"false\" class=\"elementor-element elementor-element-58accfbf e-con-full e-flex e-con e-child\" data-id=\"58accfbf\" data-element_type=\"container\">\n\t\t\t\t<div class=\"elementor-element elementor-element-203d789f elementor-widget elementor-widget-image-box\" data-id=\"203d789f\" data-element_type=\"widget\" data-widget_type=\"image-box.default\">\n\t\t\t\t<div class=\"elementor-widget-container\">\n\t\t\t\t\t<div class=\"elementor-image-box-wrapper\"><div class=\"elementor-image-box-content\"><p class=\"elementor-image-box-description\">Ich achte stets auf einen einheitlichen Markenauftritt, aktuelle Trends und emotionale Ansprache, damit dein Content modern, professionell und unverwechselbar wirkt.<\/p><\/div><\/div>\t\t\t\t<\/div>\n\t\t\t\t<\/div>\n\t\t\t\t<\/div>\n\t\t<div data-particle_enable=\"false\" data-particle-mobile-disabled=\"false\" class=\"elementor-element elementor-element-ff21169 e-con-full e-flex e-con e-child\" data-id=\"ff21169\" data-element_type=\"container\">\n\t\t\t\t<div class=\"elementor-element elementor-element-a5b5368 elementor-widget elementor-widget-image-box\" data-id=\"a5b5368\" data-element_type=\"widget\" data-widget_type=\"image-box.default\">\n\t\t\t\t<div class=\"elementor-widget-container\">\n\t\t\t\t\t<div class=\"elementor-image-box-wrapper\"><div class=\"elementor-image-box-content\"><p class=\"elementor-image-box-description\">Kurz gesagt: Ich kombiniere Strategie, Kreativit\u00e4t und datenbasierte Optimierung, um deine Social-Media-Pr\u00e4senz auf das n\u00e4chste Level zu bringen.<\/p><\/div><\/div>\t\t\t\t<\/div>\n\t\t\t\t<\/div>\n\t\t\t\t<\/div>\n\t\t\t\t<\/div>\n\t\t\t\t<\/div>\n\t\t<div data-particle_enable=\"false\" data-particle-mobile-disabled=\"false\" class=\"elementor-element elementor-element-602a49ce e-con-full e-flex e-con e-parent\" data-id=\"602a49ce\" data-element_type=\"container\" data-settings=\"{&quot;background_background&quot;:&quot;gradient&quot;}\">\n\t\t\t\t<div class=\"elementor-element elementor-element-2df657f9 elementor-widget-divider--view-line elementor-widget elementor-widget-divider\" data-id=\"2df657f9\" data-element_type=\"widget\" data-widget_type=\"divider.default\">\n\t\t\t\t<div class=\"elementor-widget-container\">\n\t\t\t\t\t\t\t<div class=\"elementor-divider\">\n\t\t\t<span class=\"elementor-divider-separator\">\n\t\t\t\t\t\t<\/span>\n\t\t<\/div>\n\t\t\t\t\t\t<\/div>\n\t\t\t\t<\/div>\n\t\t\t\t<div class=\"elementor-element elementor-element-2aa3cf78 elementor-widget elementor-widget-heading\" data-id=\"2aa3cf78\" data-element_type=\"widget\" data-widget_type=\"heading.default\">\n\t\t\t\t<div class=\"elementor-widget-container\">\n\t\t\t\t\t<h2 class=\"elementor-heading-title elementor-size-default\"><b>Starten Sie den<\/b> <br>Online-Test <\/h2>\t\t\t\t<\/div>\n\t\t\t\t<\/div>\n\t\t\t\t<div class=\"elementor-element elementor-element-5e7c418d elementor-align-center elementor-widget elementor-widget-button\" data-id=\"5e7c418d\" data-element_type=\"widget\" data-widget_type=\"button.default\">\n\t\t\t\t<div class=\"elementor-widget-container\">\n\t\t\t\t\t\t\t\t\t<div class=\"elementor-button-wrapper\">\n\t\t\t\t\t<a class=\"elementor-button elementor-button-link elementor-size-sm elementor-animation-shrink\" href=\"https:\/\/chatgpt.com\/g\/g-68ff147491e4819195814c74231e97cd-social-media-pro-makler2033plus\" target=\"_blank\">\n\t\t\t\t\t\t<span class=\"elementor-button-content-wrapper\">\n\t\t\t\t\t\t\t\t\t<span class=\"elementor-button-text\">Weiter<\/span>\n\t\t\t\t\t<\/span>\n\t\t\t\t\t<\/a>\n\t\t\t\t<\/div>\n\t\t\t\t\t\t\t\t<\/div>\n\t\t\t\t<\/div>\n\t\t\t\t<\/div>\n\t\t\t\t<\/div>","protected":false},"excerpt":{"rendered":"<p>Hallo! \ud83d\udc4b , Ich bin Social Media Pro Makler2033Plus &nbsp; Dein kreativer KI-Partner f\u00fcr Social Media Marketing. Mein Ziel ist es, dich dabei zu unterst\u00fctzen, deine Marke sichtbar, authentisch und wirkungsvoll in den sozialen Medien zu pr\u00e4sentieren. Starten Sie den Online-Test 5\/5 Der Fachmann f\u00fcr Social Media Inhalte <span class='tooltipsall tooltipsincontent classtoolTips5'>Makler2033<\/span> Was ist der Zweck dieses Bots? [&hellip;]<\/p>","protected":false},"author":1,"featured_media":0,"parent":0,"menu_order":0,"comment_status":"closed","ping_status":"closed","template":"","meta":{"footnotes":""},"class_list":["post-7509","page","type-page","status-publish","hentry"],"_links":{"self":[{"href":"https:\/\/gloim.com\/de\/wp-json\/wp\/v2\/pages\/7509","targetHints":{"allow":["GET"]}}],"collection":[{"href":"https:\/\/gloim.com\/de\/wp-json\/wp\/v2\/pages"}],"about":[{"href":"https:\/\/gloim.com\/de\/wp-json\/wp\/v2\/types\/page"}],"author":[{"embeddable":true,"href":"https:\/\/gloim.com\/de\/wp-json\/wp\/v2\/users\/1"}],"replies":[{"embeddable":true,"href":"https:\/\/gloim.com\/de\/wp-json\/wp\/v2\/comments?post=7509"}],"version-history":[{"count":17,"href":"https:\/\/gloim.com\/de\/wp-json\/wp\/v2\/pages\/7509\/revisions"}],"predecessor-version":[{"id":7588,"href":"https:\/\/gloim.com\/de\/wp-json\/wp\/v2\/pages\/7509\/revisions\/7588"}],"wp:attachment":[{"href":"https:\/\/gloim.com\/de\/wp-json\/wp\/v2\/media?parent=7509"}],"curies":[{"name":"wp","href":"https:\/\/api.w.org\/{rel}","templated":true}]}}