{"id":7574,"date":"2025-10-30T13:11:15","date_gmt":"2025-10-30T10:11:15","guid":{"rendered":"https:\/\/gloim.com\/?p=6267"},"modified":"2025-10-30T13:50:16","modified_gmt":"2025-10-30T10:50:16","slug":"analyse-und-optimierung-der-webseiten","status":"publish","type":"page","link":"https:\/\/gloim.com\/de\/analyse-und-optimierung-der-webseiten\/","title":{"rendered":"Analyse und Optimierung der Webseiten"},"content":{"rendered":"<div data-elementor-type=\"wp-page\" data-elementor-id=\"7574\" class=\"elementor elementor-7574\" data-elementor-post-type=\"page\">\n\t\t\t\t<div data-particle_enable=\"false\" data-particle-mobile-disabled=\"false\" class=\"elementor-element elementor-element-2174a33c e-flex e-con-boxed e-con e-parent\" data-id=\"2174a33c\" data-element_type=\"container\">\n\t\t\t\t\t<div class=\"e-con-inner\">\n\t\t\t\t<div class=\"elementor-element elementor-element-1e41ef0b elementor-widget elementor-widget-text-editor\" data-id=\"1e41ef0b\" data-element_type=\"widget\" data-widget_type=\"text-editor.default\">\n\t\t\t\t<div class=\"elementor-widget-container\">\n\t\t\t\t\t\t\t\t\t \t\t\t\t\t\t\t\t<\/div>\n\t\t\t\t<\/div>\n\t\t\t\t\t<\/div>\n\t\t\t\t<\/div>\n\t\t<div data-particle_enable=\"false\" data-particle-mobile-disabled=\"false\" class=\"elementor-element elementor-element-8074aae e-con-full e-flex e-con e-parent\" data-id=\"8074aae\" data-element_type=\"container\">\n\t\t<div data-particle_enable=\"false\" data-particle-mobile-disabled=\"false\" class=\"elementor-element elementor-element-75d15e44 e-con-full e-flex e-con e-child\" data-id=\"75d15e44\" data-element_type=\"container\">\n\t\t\t\t<div class=\"elementor-element elementor-element-5cb6dbfb elementor-widget elementor-widget-heading\" data-id=\"5cb6dbfb\" data-element_type=\"widget\" data-widget_type=\"heading.default\">\n\t\t\t\t<div class=\"elementor-widget-container\">\n\t\t\t\t\t<h2 class=\"elementor-heading-title elementor-size-default\">Hallo! \ud83d\udc4b\n, <br><b><h1>Ich bin dein Bot f\u00fcr Analyse &amp; Optimierung der Webseiten<\/h1><\/b><\/h2>\t\t\t\t<\/div>\n\t\t\t\t<\/div>\n\t\t\t\t<div class=\"elementor-element elementor-element-1dfbaafb elementor-widget-divider--view-line elementor-widget elementor-widget-divider\" data-id=\"1dfbaafb\" data-element_type=\"widget\" data-widget_type=\"divider.default\">\n\t\t\t\t<div class=\"elementor-widget-container\">\n\t\t\t\t\t\t\t<div class=\"elementor-divider\">\n\t\t\t<span class=\"elementor-divider-separator\">\n\t\t\t\t\t\t<\/span>\n\t\t<\/div>\n\t\t\t\t\t\t<\/div>\n\t\t\t\t<\/div>\n\t\t\t\t<div class=\"elementor-element elementor-element-1e6654fe elementor-widget elementor-widget-text-editor\" data-id=\"1e6654fe\" data-element_type=\"widget\" data-widget_type=\"text-editor.default\">\n\t\t\t\t<div class=\"elementor-widget-container\">\n\t\t\t\t\t\t\t\t\t<p>dein digitaler Experte f\u00fcr <strong>Website-Performance, SEO, Content, UX und Conversion<\/strong>. Mein Ziel: aus jeder Website das Maximum an Wirkung, Sichtbarkeit und Vertrauen herauszuholen.<\/p>\t\t\t\t\t\t\t\t<\/div>\n\t\t\t\t<\/div>\n\t\t\t\t<div class=\"elementor-element elementor-element-512f4ba3 elementor-tablet-align-center elementor-invisible elementor-widget elementor-widget-button\" data-id=\"512f4ba3\" data-element_type=\"widget\" data-settings=\"{&quot;_animation&quot;:&quot;fadeInLeft&quot;}\" data-widget_type=\"button.default\">\n\t\t\t\t<div class=\"elementor-widget-container\">\n\t\t\t\t\t\t\t\t\t<div class=\"elementor-button-wrapper\">\n\t\t\t\t\t<a class=\"elementor-button elementor-button-link elementor-size-sm elementor-animation-shrink\" href=\"https:\/\/chatgpt.com\/g\/g-68ce8a93c3048191abf5ed0e636c27ff-analyse-und-optimierung-der-webseiten\" target=\"_blank\">\n\t\t\t\t\t\t<span class=\"elementor-button-content-wrapper\">\n\t\t\t\t\t\t\t\t\t<span class=\"elementor-button-text\">Starten Sie den Online-Test <\/span>\n\t\t\t\t\t<\/span>\n\t\t\t\t\t<\/a>\n\t\t\t\t<\/div>\n\t\t\t\t\t\t\t\t<\/div>\n\t\t\t\t<\/div>\n\t\t\t\t<\/div>\n\t\t<div data-particle_enable=\"false\" data-particle-mobile-disabled=\"false\" class=\"elementor-element elementor-element-66f74cfd e-con-full e-flex e-con e-child\" data-id=\"66f74cfd\" data-element_type=\"container\" data-settings=\"{&quot;background_background&quot;:&quot;classic&quot;,&quot;background_motion_fx_motion_fx_scrolling&quot;:&quot;yes&quot;,&quot;background_motion_fx_scale_effect&quot;:&quot;yes&quot;,&quot;background_motion_fx_scale_range&quot;:{&quot;unit&quot;:&quot;%&quot;,&quot;size&quot;:&quot;&quot;,&quot;sizes&quot;:{&quot;start&quot;:50,&quot;end&quot;:100}},&quot;background_motion_fx_scale_direction&quot;:&quot;out-in&quot;,&quot;background_motion_fx_scale_speed&quot;:{&quot;unit&quot;:&quot;px&quot;,&quot;size&quot;:4,&quot;sizes&quot;:[]},&quot;background_motion_fx_devices&quot;:[&quot;desktop&quot;,&quot;tablet&quot;,&quot;mobile&quot;]}\">\n\t\t<div data-particle_enable=\"false\" data-particle-mobile-disabled=\"false\" class=\"elementor-element elementor-element-70a25e87 e-con-full e-flex elementor-invisible e-con e-child\" data-id=\"70a25e87\" data-element_type=\"container\" data-settings=\"{&quot;background_background&quot;:&quot;classic&quot;,&quot;animation&quot;:&quot;slideInRight&quot;}\">\n\t\t\t\t<div class=\"elementor-element elementor-element-6a27169c elementor-widget__width-initial elementor-widget elementor-widget-image\" data-id=\"6a27169c\" data-element_type=\"widget\" data-widget_type=\"image.default\">\n\t\t\t\t<div class=\"elementor-widget-container\">\n\t\t\t\t\t\t\t\t\t\t\t\t\t\t\t<img loading=\"lazy\" decoding=\"async\" width=\"1024\" height=\"1024\" src=\"https:\/\/gloim.com\/wp-content\/uploads\/2025\/10\/chatgpt-image-28-eki-2025-15_16_31.png\" class=\"attachment-full size-full wp-image-7367\" alt=\"Chatgpt Image 28 Eki 2025 15 16 31\" srcset=\"https:\/\/gloim.com\/wp-content\/uploads\/2025\/10\/chatgpt-image-28-eki-2025-15_16_31.png 1024w, https:\/\/gloim.com\/wp-content\/uploads\/2025\/10\/chatgpt-image-28-eki-2025-15_16_31-300x300.png 300w, https:\/\/gloim.com\/wp-content\/uploads\/2025\/10\/chatgpt-image-28-eki-2025-15_16_31-150x150.png 150w, https:\/\/gloim.com\/wp-content\/uploads\/2025\/10\/chatgpt-image-28-eki-2025-15_16_31-768x768.png 768w, https:\/\/gloim.com\/wp-content\/uploads\/2025\/10\/chatgpt-image-28-eki-2025-15_16_31-12x12.png 12w, https:\/\/gloim.com\/wp-content\/uploads\/2025\/10\/chatgpt-image-28-eki-2025-15_16_31-120x120.png 120w\" sizes=\"auto, (max-width: 1024px) 100vw, 1024px\" \/>\t\t\t\t\t\t\t\t\t\t\t\t\t\t\t<\/div>\n\t\t\t\t<\/div>\n\t\t\t\t<div class=\"elementor-element elementor-element-7f157632 elementor-position-left elementor-widget__width-initial elementor-view-default elementor-mobile-position-top elementor-widget elementor-widget-icon-box\" data-id=\"7f157632\" data-element_type=\"widget\" data-widget_type=\"icon-box.default\">\n\t\t\t\t<div class=\"elementor-widget-container\">\n\t\t\t\t\t\t\t<div class=\"elementor-icon-box-wrapper\">\n\n\t\t\t\t\t\t<div class=\"elementor-icon-box-icon\">\n\t\t\t\t<span  class=\"elementor-icon elementor-animation-rotate\">\n\t\t\t\t<svg xmlns=\"http:\/\/www.w3.org\/2000\/svg\" id=\"bea4f375-ba9f-4d95-b888-1cebd73f27c9\" data-name=\"Layer 1\" width=\"20.9232\" height=\"19.8992\" viewbox=\"0 0 20.9232 19.8992\"><polygon points=\"20.923 7.601 12.931 7.601 10.462 0 7.992 7.601 0 7.601 6.466 12.298 3.996 19.899 10.462 15.202 16.927 19.899 14.458 12.298 20.923 7.601\"><\/polygon><\/svg>\t\t\t\t<\/span>\n\t\t\t<\/div>\n\t\t\t\n\t\t\t\t\t\t<div class=\"elementor-icon-box-content\">\n\n\t\t\t\t\t\t\t\t\t<h3 class=\"elementor-icon-box-title\">\n\t\t\t\t\t\t<span  >\n\t\t\t\t\t\t\t5\/5\t\t\t\t\t\t<\/span>\n\t\t\t\t\t<\/h3>\n\t\t\t\t\n\t\t\t\t\n\t\t\t<\/div>\n\t\t\t\n\t\t<\/div>\n\t\t\t\t\t\t<\/div>\n\t\t\t\t<\/div>\n\t\t\t\t<div class=\"elementor-element elementor-element-3edae4a9 elementor-widget elementor-widget-image-box\" data-id=\"3edae4a9\" data-element_type=\"widget\" data-widget_type=\"image-box.default\">\n\t\t\t\t<div class=\"elementor-widget-container\">\n\t\t\t\t\t<div class=\"elementor-image-box-wrapper\"><div class=\"elementor-image-box-content\"><h5 class=\"elementor-image-box-title\">Analyse und Optimierung der Webseiten<\/h5><p class=\"elementor-image-box-description\"><span class='tooltipsall tooltipsincontent classtoolTips5'>Makler2033<\/span><\/p><\/div><\/div>\t\t\t\t<\/div>\n\t\t\t\t<\/div>\n\t\t\t\t<\/div>\n\t\t\t\t<\/div>\n\t\t\t\t<\/div>\n\t\t<div data-particle_enable=\"false\" data-particle-mobile-disabled=\"false\" class=\"elementor-element elementor-element-7626e187 e-flex e-con-boxed e-con e-parent\" data-id=\"7626e187\" data-element_type=\"container\">\n\t\t\t\t\t<div class=\"e-con-inner\">\n\t\t\t\t<div class=\"elementor-element elementor-element-7a6d7b1f elementor-widget elementor-widget-heading\" data-id=\"7a6d7b1f\" data-element_type=\"widget\" data-widget_type=\"heading.default\">\n\t\t\t\t<div class=\"elementor-widget-container\">\n\t\t\t\t\t<h2 class=\"elementor-heading-title elementor-size-default\">Was ist der <b> Zweck dieses Bots? <\/b><\/h2>\t\t\t\t<\/div>\n\t\t\t\t<\/div>\n\t\t\t\t\t<\/div>\n\t\t\t\t<\/div>\n\t\t<div data-particle_enable=\"false\" data-particle-mobile-disabled=\"false\" class=\"elementor-element elementor-element-31bfd9b5 e-con-full e-flex e-con e-parent\" data-id=\"31bfd9b5\" data-element_type=\"container\">\n\t\t<div data-particle_enable=\"false\" data-particle-mobile-disabled=\"false\" class=\"elementor-element elementor-element-4ba58829 e-con-full e-flex e-con e-child\" data-id=\"4ba58829\" data-element_type=\"container\">\n\t\t<div data-particle_enable=\"false\" data-particle-mobile-disabled=\"false\" class=\"elementor-element elementor-element-f67e222 e-con-full e-flex e-con e-child\" data-id=\"f67e222\" data-element_type=\"container\">\n\t\t\t\t<div class=\"elementor-element elementor-element-52176ccd elementor-widget elementor-widget-image-box\" data-id=\"52176ccd\" data-element_type=\"widget\" data-widget_type=\"image-box.default\">\n\t\t\t\t<div class=\"elementor-widget-container\">\n\t\t\t\t\t<div class=\"elementor-image-box-wrapper\"><div class=\"elementor-image-box-content\"><p class=\"elementor-image-box-description\">Ich analysiere Webseiten ganzheitlich \u2013 technisch, inhaltlich und strategisch. Dabei erkenne ich Schwachstellen und Potenziale in Struktur, Ladezeit, Nutzerf\u00fchrung, Suchmaschinenoptimierung und rechtlicher Konformit\u00e4t (DSGVO). Anschlie\u00dfend liefere ich klare Handlungsempfehlungen, konkrete Textbausteine, SEO-Titel &amp; Metas, Wireframes und 90-Tage-Pl\u00e4ne \u2013 immer mit Priorisierung nach Impact und Aufwand.<\/p><\/div><\/div>\t\t\t\t<\/div>\n\t\t\t\t<\/div>\n\t\t\t\t<\/div>\n\t\t<div data-particle_enable=\"false\" data-particle-mobile-disabled=\"false\" class=\"elementor-element elementor-element-216a76b e-con-full e-flex e-con e-child\" data-id=\"216a76b\" data-element_type=\"container\">\n\t\t\t\t<div class=\"elementor-element elementor-element-4260c7b elementor-widget elementor-widget-image-box\" data-id=\"4260c7b\" data-element_type=\"widget\" data-widget_type=\"image-box.default\">\n\t\t\t\t<div class=\"elementor-widget-container\">\n\t\t\t\t\t<div class=\"elementor-image-box-wrapper\"><div class=\"elementor-image-box-content\"><p class=\"elementor-image-box-description\">Ein besonderer Vorteil: Ich kann Image-Brosch\u00fcren oder Brand-Dateien (PDF, PNG, JPG, PPTX, DOCX) auswerten. Daraus extrahiere ich Markenwerte, Tonalit\u00e4t, Design-Elemente und Kernbotschaften \u2013 und \u00fcberf\u00fchre sie in stimmige Website-Texte, CTAs und visuelle Leitlinien, damit dein Auftritt online dieselbe Qualit\u00e4t vermittelt wie offline.<\/p><\/div><\/div>\t\t\t\t<\/div>\n\t\t\t\t<\/div>\n\t\t\t\t<\/div>\n\t\t\t\t<\/div>\n\t\t<a class=\"eael-wrapper-link-3e529a5d --eael-wrapper-link-tag\" href=\"https:\/\/chatgpt.com\/g\/g-68ce8a93c3048191abf5ed0e636c27ff-analyse-und-optimierung-der-webseiten\" target=\"_blank\"><\/a><div data-eael-wrapper-link=\"eael-wrapper-link-3e529a5d\" data-particle_enable=\"false\" data-particle-mobile-disabled=\"false\" class=\"elementor-element elementor-element-3e529a5d e-con-full e-flex e-con e-child\" data-id=\"3e529a5d\" data-element_type=\"container\" data-settings=\"{&quot;background_background&quot;:&quot;classic&quot;,&quot;motion_fx_motion_fx_mouse&quot;:&quot;yes&quot;,&quot;motion_fx_tilt_effect&quot;:&quot;yes&quot;,&quot;motion_fx_tilt_speed&quot;:{&quot;unit&quot;:&quot;px&quot;,&quot;size&quot;:1,&quot;sizes&quot;:[]}}\">\n\t\t<div data-particle_enable=\"false\" data-particle-mobile-disabled=\"false\" class=\"elementor-element elementor-element-76e91db7 e-con-full e-flex e-con e-child\" data-id=\"76e91db7\" data-element_type=\"container\">\n\t\t\t\t<div class=\"elementor-element elementor-element-30cc9a9b elementor-position-left elementor-widget__width-initial elementor-vertical-align-top elementor-widget elementor-widget-image-box\" data-id=\"30cc9a9b\" data-element_type=\"widget\" data-widget_type=\"image-box.default\">\n\t\t\t\t<div class=\"elementor-widget-container\">\n\t\t\t\t\t<div class=\"elementor-image-box-wrapper\"><figure class=\"elementor-image-box-img\"><img loading=\"lazy\" decoding=\"async\" width=\"1024\" height=\"1024\" src=\"https:\/\/gloim.com\/wp-content\/uploads\/2025\/10\/chatgpt-image-28-eki-2025-15_16_31.png\" class=\"attachment-full size-full wp-image-7367\" alt=\"Chatgpt Image 28 Eki 2025 15 16 31\" srcset=\"https:\/\/gloim.com\/wp-content\/uploads\/2025\/10\/chatgpt-image-28-eki-2025-15_16_31.png 1024w, https:\/\/gloim.com\/wp-content\/uploads\/2025\/10\/chatgpt-image-28-eki-2025-15_16_31-300x300.png 300w, https:\/\/gloim.com\/wp-content\/uploads\/2025\/10\/chatgpt-image-28-eki-2025-15_16_31-150x150.png 150w, https:\/\/gloim.com\/wp-content\/uploads\/2025\/10\/chatgpt-image-28-eki-2025-15_16_31-768x768.png 768w, https:\/\/gloim.com\/wp-content\/uploads\/2025\/10\/chatgpt-image-28-eki-2025-15_16_31-12x12.png 12w, https:\/\/gloim.com\/wp-content\/uploads\/2025\/10\/chatgpt-image-28-eki-2025-15_16_31-120x120.png 120w\" sizes=\"auto, (max-width: 1024px) 100vw, 1024px\" \/><\/figure><div class=\"elementor-image-box-content\"><h4 class=\"elementor-image-box-title\">Analyse und Optimierung der Webseiten<\/h4><p class=\"elementor-image-box-description\"><span class='tooltipsall tooltipsincontent classtoolTips5'>Makler2033<\/span><\/p><\/div><\/div>\t\t\t\t<\/div>\n\t\t\t\t<\/div>\n\t\t\t\t<\/div>\n\t\t\t\t<\/div>\n\t\t<div data-particle_enable=\"false\" data-particle-mobile-disabled=\"false\" class=\"elementor-element elementor-element-504d8511 e-con-full e-flex e-con e-child\" data-id=\"504d8511\" data-element_type=\"container\">\n\t\t<div data-particle_enable=\"false\" data-particle-mobile-disabled=\"false\" class=\"elementor-element elementor-element-58accfbf e-con-full e-flex e-con e-child\" data-id=\"58accfbf\" data-element_type=\"container\">\n\t\t\t\t<div class=\"elementor-element elementor-element-203d789f elementor-widget elementor-widget-image-box\" data-id=\"203d789f\" data-element_type=\"widget\" data-widget_type=\"image-box.default\">\n\t\t\t\t<div class=\"elementor-widget-container\">\n\t\t\t\t\t<div class=\"elementor-image-box-wrapper\"><div class=\"elementor-image-box-content\"><p class=\"elementor-image-box-description\"><strong>Kurz gesagt:<\/strong><br>\n\n<li>Analyse: UX, Mobile, SEO, Technik, Recht, Tracking.\n\n<li>Optimierung: Struktur, Texte, CTAs, Performance.\n\n<li>Integration: Markenbotschaft aus Image-Material.\n\nUmsetzung: konkrete Pl\u00e4ne, Templates &amp; Checklisten.<\/p><\/div><\/div>\t\t\t\t<\/div>\n\t\t\t\t<\/div>\n\t\t\t\t<\/div>\n\t\t<div data-particle_enable=\"false\" data-particle-mobile-disabled=\"false\" class=\"elementor-element elementor-element-ff21169 e-con-full e-flex e-con e-child\" data-id=\"ff21169\" data-element_type=\"container\">\n\t\t\t\t<div class=\"elementor-element elementor-element-a5b5368 elementor-widget elementor-widget-image-box\" data-id=\"a5b5368\" data-element_type=\"widget\" data-widget_type=\"image-box.default\">\n\t\t\t\t<div class=\"elementor-widget-container\">\n\t\t\t\t\t<div class=\"elementor-image-box-wrapper\"><div class=\"elementor-image-box-content\"><p class=\"elementor-image-box-description\"><strong>Mein Stil:<\/strong> Pr\u00e4zise, praxisnah und ergebnisorientiert. Ich liefere keine Theorie, sondern umsetzbare L\u00f6sungen, die deine Website sichtbarer, schneller und \u00fcberzeugender machen.<\/p><\/div><\/div>\t\t\t\t<\/div>\n\t\t\t\t<\/div>\n\t\t\t\t<\/div>\n\t\t\t\t<\/div>\n\t\t\t\t<\/div>\n\t\t<div data-particle_enable=\"false\" data-particle-mobile-disabled=\"false\" class=\"elementor-element elementor-element-602a49ce e-con-full e-flex e-con e-parent\" data-id=\"602a49ce\" data-element_type=\"container\" data-settings=\"{&quot;background_background&quot;:&quot;gradient&quot;}\">\n\t\t\t\t<div class=\"elementor-element elementor-element-2df657f9 elementor-widget-divider--view-line elementor-widget elementor-widget-divider\" data-id=\"2df657f9\" data-element_type=\"widget\" data-widget_type=\"divider.default\">\n\t\t\t\t<div class=\"elementor-widget-container\">\n\t\t\t\t\t\t\t<div class=\"elementor-divider\">\n\t\t\t<span class=\"elementor-divider-separator\">\n\t\t\t\t\t\t<\/span>\n\t\t<\/div>\n\t\t\t\t\t\t<\/div>\n\t\t\t\t<\/div>\n\t\t\t\t<div class=\"elementor-element elementor-element-2aa3cf78 elementor-widget elementor-widget-heading\" data-id=\"2aa3cf78\" data-element_type=\"widget\" data-widget_type=\"heading.default\">\n\t\t\t\t<div class=\"elementor-widget-container\">\n\t\t\t\t\t<h2 class=\"elementor-heading-title elementor-size-default\"><b>\ud83d\udc49 Poste einfach deine<\/b> <br>Website-URL <\/h2>\t\t\t\t<\/div>\n\t\t\t\t<\/div>\n\t\t\t\t<div class=\"elementor-element elementor-element-cb984eb elementor-widget elementor-widget-heading\" data-id=\"cb984eb\" data-element_type=\"widget\" data-widget_type=\"heading.default\">\n\t\t\t\t<div class=\"elementor-widget-container\">\n\t\t\t\t\t<h2 class=\"elementor-heading-title elementor-size-default\"><b>ich starte sofort<\/b> mit der Analyse<\/h2>\t\t\t\t<\/div>\n\t\t\t\t<\/div>\n\t\t\t\t<div class=\"elementor-element elementor-element-5e7c418d elementor-align-center elementor-widget elementor-widget-button\" data-id=\"5e7c418d\" data-element_type=\"widget\" data-widget_type=\"button.default\">\n\t\t\t\t<div class=\"elementor-widget-container\">\n\t\t\t\t\t\t\t\t\t<div class=\"elementor-button-wrapper\">\n\t\t\t\t\t<a class=\"elementor-button elementor-button-link elementor-size-sm elementor-animation-shrink\" href=\"https:\/\/chatgpt.com\/g\/g-68ce8a93c3048191abf5ed0e636c27ff-analyse-und-optimierung-der-webseiten\" target=\"_blank\">\n\t\t\t\t\t\t<span class=\"elementor-button-content-wrapper\">\n\t\t\t\t\t\t\t\t\t<span class=\"elementor-button-text\">Weiter<\/span>\n\t\t\t\t\t<\/span>\n\t\t\t\t\t<\/a>\n\t\t\t\t<\/div>\n\t\t\t\t\t\t\t\t<\/div>\n\t\t\t\t<\/div>\n\t\t\t\t<\/div>\n\t\t\t\t<\/div>","protected":false},"excerpt":{"rendered":"<p>Hallo! \ud83d\udc4b , Ich bin dein Bot f\u00fcr Analyse &amp; Optimierung der Webseiten &nbsp; dein digitaler Experte f\u00fcr Website-Performance, SEO, Content, UX und Conversion. Mein Ziel: aus jeder Website das Maximum an Wirkung, Sichtbarkeit und Vertrauen herauszuholen. Starten Sie den Online-Test 5\/5 Analyse und Optimierung der Webseiten <span class='tooltipsall tooltipsincontent classtoolTips5'>Makler2033<\/span> Was ist der Zweck dieses Bots? Ich [&hellip;]<\/p>","protected":false},"author":1,"featured_media":0,"parent":0,"menu_order":0,"comment_status":"closed","ping_status":"closed","template":"","meta":{"footnotes":""},"class_list":["post-7574","page","type-page","status-publish","hentry"],"_links":{"self":[{"href":"https:\/\/gloim.com\/de\/wp-json\/wp\/v2\/pages\/7574","targetHints":{"allow":["GET"]}}],"collection":[{"href":"https:\/\/gloim.com\/de\/wp-json\/wp\/v2\/pages"}],"about":[{"href":"https:\/\/gloim.com\/de\/wp-json\/wp\/v2\/types\/page"}],"author":[{"embeddable":true,"href":"https:\/\/gloim.com\/de\/wp-json\/wp\/v2\/users\/1"}],"replies":[{"embeddable":true,"href":"https:\/\/gloim.com\/de\/wp-json\/wp\/v2\/comments?post=7574"}],"version-history":[{"count":6,"href":"https:\/\/gloim.com\/de\/wp-json\/wp\/v2\/pages\/7574\/revisions"}],"predecessor-version":[{"id":7586,"href":"https:\/\/gloim.com\/de\/wp-json\/wp\/v2\/pages\/7574\/revisions\/7586"}],"wp:attachment":[{"href":"https:\/\/gloim.com\/de\/wp-json\/wp\/v2\/media?parent=7574"}],"curies":[{"name":"wp","href":"https:\/\/api.w.org\/{rel}","templated":true}]}}