{"id":7960,"date":"2025-12-03T10:56:14","date_gmt":"2025-12-03T07:56:14","guid":{"rendered":"https:\/\/gloim.com\/?p=7594"},"modified":"2025-12-03T11:06:50","modified_gmt":"2025-12-03T08:06:50","slug":"gloim-valiation-neu","status":"publish","type":"page","link":"https:\/\/gloim.com\/de\/gloim-valiation-neu\/","title":{"rendered":"Gloim Valiation Neu"},"content":{"rendered":"<div data-elementor-type=\"wp-page\" data-elementor-id=\"7960\" class=\"elementor elementor-7960\" data-elementor-post-type=\"page\">\n\t\t\t\t<div data-particle_enable=\"false\" data-particle-mobile-disabled=\"false\" class=\"elementor-element elementor-element-4587506f e-flex e-con-boxed e-con e-parent\" data-id=\"4587506f\" data-element_type=\"container\">\n\t\t\t\t\t<div class=\"e-con-inner\">\n\t\t\t\t<div class=\"elementor-element elementor-element-376b57c1 elementor-widget elementor-widget-text-editor\" data-id=\"376b57c1\" data-element_type=\"widget\" data-widget_type=\"text-editor.default\">\n\t\t\t\t<div class=\"elementor-widget-container\">\n\t\t\t\t\t\t\t\t\t \t\t\t\t\t\t\t\t<\/div>\n\t\t\t\t<\/div>\n\t\t\t\t\t<\/div>\n\t\t\t\t<\/div>\n\t\t<div data-particle_enable=\"false\" data-particle-mobile-disabled=\"false\" class=\"elementor-element elementor-element-d54bf45 e-flex e-con-boxed e-con e-parent\" data-id=\"d54bf45\" data-element_type=\"container\">\n\t\t\t\t\t<div class=\"e-con-inner\">\n\t\t\t\t<div class=\"elementor-element elementor-element-8655886 elementor-widget elementor-widget-html\" data-id=\"8655886\" data-element_type=\"widget\" data-widget_type=\"html.default\">\n\t\t\t\t<div class=\"elementor-widget-container\">\n\t\t\t\t\t<html>\r\n <head>\r\n  <style>\r\n  .gloim-wrapper-2024 * {\r\n    margin: 0;\r\n    padding: 0;\r\n    box-sizing: border-box;\r\n  }\r\n\r\n  body {\r\n    box-sizing: border-box;\r\n  }\r\n\r\n  .gloim-wrapper-2024 {\r\n    font-family: 'Segoe UI', Tahoma, Geneva, Verdana, sans-serif;\r\n    background: linear-gradient(135deg, #003366 0%, #001a33 100%);\r\n    min-height: 100%;\r\n    width: 100%;\r\n    padding: 2rem 0;\r\n  }\r\n\r\n  .gloim-header-2024 {\r\n    text-align: center;\r\n    padding: 3rem 2rem;\r\n    color: white;\r\n  }\r\n\r\n  .gloim-header-2024 h1 {\r\n    font-size: 3rem;\r\n    font-weight: bold;\r\n    margin-bottom: 1rem;\r\n    color: #00A8E8;\r\n  }\r\n\r\n  .gloim-header-2024 p {\r\n    font-size: 1.25rem;\r\n    opacity: 0.9;\r\n    color: #ffffff;\r\n  }\r\n\r\n  .gloim-main-2024 {\r\n    padding: 0 1.5rem 3rem;\r\n  }\r\n\r\n  .gloim-container-2024 {\r\n    max-width: 1000px;\r\n    margin: 0 auto;\r\n  }\r\n\r\n  .gloim-form-container-2024 {\r\n    background: white;\r\n    border-radius: 1rem;\r\n    box-shadow: 0 20px 60px rgba(0, 0, 0, 0.4);\r\n    padding: 2rem;\r\n    border-top: 4px solid #00A8E8;\r\n  }\r\n\r\n  .gloim-form-grid-2024 {\r\n    display: grid;\r\n    grid-template-columns: 1fr;\r\n    gap: 1.5rem;\r\n    margin-bottom: 2rem;\r\n  }\r\n\r\n  @media (min-width: 768px) {\r\n    .gloim-form-grid-2024 {\r\n      grid-template-columns: 1fr 1fr;\r\n    }\r\n  }\r\n\r\n  .gloim-form-group-2024 {\r\n    display: flex;\r\n    flex-direction: column;\r\n  }\r\n\r\n  .gloim-form-group-2024 label {\r\n    font-weight: 600;\r\n    margin-bottom: 0.5rem;\r\n    color: #003366;\r\n    font-size: 0.95rem;\r\n  }\r\n\r\n  .gloim-form-group-2024 input,\r\n  .gloim-form-group-2024 select {\r\n    width: 100%;\r\n    padding: 0.75rem 1rem;\r\n    border: 2px solid #d1d5db;\r\n    border-radius: 0.5rem;\r\n    font-size: 1rem;\r\n    transition: all 0.3s ease;\r\n    background: white !important;\r\n    color: #1f2937 !important;\r\n    cursor: pointer !important;\r\n    pointer-events: auto !important;\r\n    position: relative !important;\r\n    z-index: 9999 !important;\r\n  }\r\n\r\n  .gloim-form-group-2024 select:disabled {\r\n    background: #f3f4f6 !important;\r\n    color: #9ca3af !important;\r\n    cursor: not-allowed !important;\r\n  }\r\n\r\n  .gloim-form-group-2024 input:focus,\r\n  .gloim-form-group-2024 select:focus {\r\n    outline: none;\r\n    border-color: #00A8E8;\r\n    box-shadow: 0 0 0 3px rgba(0, 168, 232, 0.1);\r\n  }\r\n\r\n  .gloim-checkbox-group-2024 {\r\n    display: flex;\r\n    align-items: center;\r\n    gap: 2rem;\r\n    padding-top: 1.5rem;\r\n  }\r\n\r\n  .gloim-checkbox-item-2024 {\r\n    display: flex;\r\n    align-items: center;\r\n    gap: 0.5rem;\r\n  }\r\n\r\n  .gloim-checkbox-item-2024 input[type=\"checkbox\"] {\r\n    width: 1.25rem;\r\n    height: 1.25rem;\r\n    cursor: pointer;\r\n    accent-color: #00A8E8;\r\n  }\r\n\r\n  .gloim-checkbox-item-2024 label {\r\n    margin: 0;\r\n    cursor: pointer;\r\n    user-select: none;\r\n    color: #003366;\r\n  }\r\n\r\n  .gloim-btn-calculate-2024 {\r\n    width: 100%;\r\n    padding: 1rem 2rem;\r\n    background: linear-gradient(135deg, #00A8E8 0%, #0088BB 100%);\r\n    color: white;\r\n    font-weight: bold;\r\n    font-size: 1.125rem;\r\n    border: none;\r\n    border-radius: 0.5rem;\r\n    cursor: pointer;\r\n    transition: all 0.3s ease;\r\n  }\r\n\r\n  .gloim-btn-calculate-2024:hover {\r\n    transform: translateY(-2px);\r\n    box-shadow: 0 10px 30px rgba(0, 168, 232, 0.4);\r\n    background: linear-gradient(135deg, #00B8FF 0%, #00A8E8 100%);\r\n  }\r\n\r\n  .gloim-btn-calculate-2024:active {\r\n    transform: translateY(0);\r\n  }\r\n\r\n  .gloim-result-container-2024 {\r\n    background: white;\r\n    border-radius: 1rem;\r\n    box-shadow: 0 20px 60px rgba(0, 0, 0, 0.4);\r\n    padding: 2rem;\r\n    margin-top: 2rem;\r\n    text-align: center;\r\n    animation: gloimSlideIn 0.5s ease-out;\r\n    border-top: 4px solid #00A8E8;\r\n  }\r\n\r\n  @keyframes gloimSlideIn {\r\n    from {\r\n      opacity: 0;\r\n      transform: translateY(20px);\r\n    }\r\n    to {\r\n      opacity: 1;\r\n      transform: translateY(0);\r\n    }\r\n  }\r\n\r\n  .gloim-result-container-2024 h2 {\r\n    font-size: 2rem;\r\n    font-weight: bold;\r\n    margin-bottom: 1rem;\r\n    color: #003366;\r\n  }\r\n\r\n  .gloim-price-display-2024 {\r\n    color: #00A8E8;\r\n    font-size: 3rem;\r\n    font-weight: bold;\r\n    text-shadow: 2px 2px 4px rgba(0, 0, 0, 0.1);\r\n    margin-bottom: 1rem;\r\n  }\r\n\r\n  .gloim-summary-box-2024 {\r\n    background: linear-gradient(135deg, #f8f9fa 0%, #e9ecef 100%);\r\n    border-radius: 0.5rem;\r\n    padding: 1rem;\r\n    margin-bottom: 1rem;\r\n    border-left: 4px solid #00A8E8;\r\n  }\r\n\r\n  .gloim-summary-box-2024 p {\r\n    font-size: 0.875rem;\r\n    color: #003366;\r\n    margin-bottom: 0.5rem;\r\n  }\r\n\r\n  .gloim-summary-box-2024 p:first-child {\r\n    font-weight: 600;\r\n    color: #003366;\r\n  }\r\n\r\n  .gloim-summary-box-2024 p:last-child {\r\n    margin-bottom: 0;\r\n  }\r\n\r\n  .gloim-disclaimer-2024 {\r\n    font-size: 0.875rem;\r\n    color: #6b7280;\r\n    margin-bottom: 1.5rem;\r\n  }\r\n\r\n  .gloim-btn-reset-2024 {\r\n    padding: 0.625rem 1.5rem;\r\n    background: #003366;\r\n    color: white;\r\n    font-weight: 600;\r\n    border: none;\r\n    border-radius: 0.5rem;\r\n    cursor: pointer;\r\n    transition: all 0.3s ease;\r\n  }\r\n\r\n  .gloim-btn-reset-2024:hover {\r\n    background: #004080;\r\n    transform: translateY(-1px);\r\n  }\r\n\r\n  @media (max-width: 768px) {\r\n    .gloim-header-2024 h1 {\r\n      font-size: 2rem;\r\n    }\r\n\r\n    .gloim-header-2024 p {\r\n      font-size: 1rem;\r\n    }\r\n\r\n    .gloim-price-display-2024 {\r\n      font-size: 2rem;\r\n    }\r\n\r\n    .gloim-checkbox-group-2024 {\r\n      flex-direction: column;\r\n      align-items: flex-start;\r\n      gap: 1rem;\r\n    }\r\n  }\r\n<\/style>\r\n  <style>@view-transition { navigation: auto; }<\/style>\r\n  <script src=\"\/_sdk\/data_sdk.js\" type=\"text\/javascript\"><\/script>\r\n  <script src=\"\/_sdk\/element_sdk.js\" type=\"text\/javascript\"><\/script>\r\n  <script src=\"https:\/\/cdn.tailwindcss.com\" type=\"text\/javascript\"><\/script>\r\n <\/head>\r\n <body>\r\n  <div class=\"gloim-wrapper-2024\">\r\n   <div class=\"gloim-header-2024\">\r\n    <h1>GLOIM Immobilienpreisrechner<\/h1>\r\n    <p>Erhalten Sie eine sofortige Preissch\u00e4tzung<\/p>\r\n   <\/div>\r\n   <div class=\"gloim-main-2024\">\r\n    <div class=\"gloim-container-2024\">\r\n     <form id=\"gloim-price-calc-form-x9z2\" class=\"gloim-form-container-2024\" action=\"\">\r\n      <div class=\"gloim-form-grid-2024\">\r\n       <div class=\"gloim-form-group-2024\"><label for=\"gloim-sel-country-k7m\">Land<\/label> <select id=\"gloim-sel-country-k7m\" data-gloim-field=\"country\" required> <option value=\"\">Bitte w\u00e4hlen...<\/option> <option value=\"germany\">\ud83c\udde9\ud83c\uddea Deutschland<\/option> <option value=\"turkey\">\ud83c\uddf9\ud83c\uddf7 T\u00fcrkei<\/option> <option value=\"spain\">\ud83c\uddea\ud83c\uddf8 Spanien<\/option> <option value=\"portugal\">\ud83c\uddf5\ud83c\uddf9 Portugal<\/option> <option value=\"italy\">\ud83c\uddee\ud83c\uddf9 Italien<\/option> <option value=\"france\">\ud83c\uddeb\ud83c\uddf7 Frankreich<\/option> <option value=\"greece\">\ud83c\uddec\ud83c\uddf7 Griechenland<\/option> <option value=\"croatia\">\ud83c\udded\ud83c\uddf7 Kroatien<\/option> <option value=\"austria\">\ud83c\udde6\ud83c\uddf9 \u00d6sterreich<\/option> <option value=\"switzerland\">\ud83c\udde8\ud83c\udded Schweiz<\/option> <option value=\"netherlands\">\ud83c\uddf3\ud83c\uddf1 Niederlande<\/option> <option value=\"belgium\">\ud83c\udde7\ud83c\uddea Belgien<\/option> <option value=\"uk\">\ud83c\uddec\ud83c\udde7 Gro\u00dfbritannien<\/option> <option value=\"poland\">\ud83c\uddf5\ud83c\uddf1 Polen<\/option> <option value=\"czech\">\ud83c\udde8\ud83c\uddff Tschechien<\/option> <\/select>\r\n       <\/div>\r\n       <div class=\"gloim-form-group-2024\"><label for=\"gloim-sel-city-p3n\">Stadt<\/label> <select id=\"gloim-sel-city-p3n\" data-gloim-field=\"city\" required disabled> <option value=\"\">Zuerst Land w\u00e4hlen...<\/option> <\/select>\r\n       <\/div>\r\n       <div class=\"gloim-form-group-2024\"><label for=\"gloim-sel-property-w8q\">Art der Immobilie<\/label> <select id=\"gloim-sel-property-w8q\" data-gloim-field=\"propertyType\" required> <option value=\"\">Bitte w\u00e4hlen...<\/option> <option value=\"apartment\">Apartment<\/option> <option value=\"villa\">Villa<\/option> <option value=\"townhouse\">Reihenhaus<\/option> <option value=\"penthouse\">Penthouse<\/option> <option value=\"studio\">Studio<\/option> <\/select>\r\n       <\/div>\r\n       <div class=\"gloim-form-group-2024\"><label for=\"gloim-inp-rooms-r5t\">Anzahl der Zimmer<\/label> <input type=\"number\" id=\"gloim-inp-rooms-r5t\" data-gloim-field=\"rooms\" min=\"1\" max=\"20\" placeholder=\"z.B. 3\" required>\r\n       <\/div>\r\n       <div class=\"gloim-form-group-2024\"><label for=\"gloim-inp-sqm-d2h\">Wohnfl\u00e4che (m\u00b2)<\/label> <input type=\"number\" id=\"gloim-inp-sqm-d2h\" data-gloim-field=\"sqm\" min=\"20\" max=\"1000\" placeholder=\"z.B. 120\" required>\r\n       <\/div>\r\n       <div class=\"gloim-form-group-2024\"><label for=\"gloim-sel-location-b6j\">Lage<\/label> <select id=\"gloim-sel-location-b6j\" data-gloim-field=\"location\" required> <option value=\"\">Bitte w\u00e4hlen...<\/option> <option value=\"city\">Stadtzentrum<\/option> <option value=\"suburban\">Vorort<\/option> <option value=\"coastal\">K\u00fcstenn\u00e4he<\/option> <option value=\"countryside\">L\u00e4ndlich<\/option> <option value=\"mountain\">Berglage<\/option> <\/select>\r\n       <\/div>\r\n       <div class=\"gloim-checkbox-group-2024\">\r\n        <div class=\"gloim-checkbox-item-2024\"><input type=\"checkbox\" id=\"gloim-chk-pool-v4x\" data-gloim-field=\"pool\"> <label for=\"gloim-chk-pool-v4x\">Pool<\/label>\r\n        <\/div>\r\n        <div class=\"gloim-checkbox-item-2024\"><input type=\"checkbox\" id=\"gloim-chk-seaview-n9c\" data-gloim-field=\"seaView\"> <label for=\"gloim-chk-seaview-n9c\">Meerblick<\/label>\r\n        <\/div>\r\n       <\/div>\r\n      <\/div><button type=\"submit\" class=\"gloim-btn-calculate-2024\"> \ud83c\udfe0 Preis Berechnen <\/button>\r\n     <input type=\"hidden\" name=\"trp-form-language\" value=\"de\"\/><\/form>\r\n     <div id=\"gloim-result-box-y2k\" class=\"gloim-result-container-2024\" style=\"display: none;\">\r\n      <h2>Gesch\u00e4tzter Preis<\/h2>\r\n      <div id=\"gloim-price-value-a5s\" class=\"gloim-price-display-2024\"><\/div>\r\n      <div class=\"gloim-summary-box-2024\">\r\n       <p>\ud83d\udcca Ihre Eingaben:<\/p>\r\n       <p id=\"gloim-summary-text-l8f\"><\/p>\r\n      <\/div>\r\n      <p class=\"gloim-disclaimer-2024\">Dies ist eine ungef\u00e4hre Sch\u00e4tzung. F\u00fcr eine genaue Bewertung kontaktieren Sie bitte unser Team.<\/p><button type=\"button\" id=\"gloim-btn-reset-m3p\" class=\"gloim-btn-reset-2024\"> \ud83d\udd04 Neue Berechnung <\/button>\r\n     <\/div>\r\n    <\/div>\r\n   <\/div>\r\n  <\/div>\r\n  <script>\r\n(function() {\r\n  'use strict';\r\n  \r\n  var $ = function(id) { return document.getElementById(id); };\r\n  \r\n  var CITIES = {\r\n    germany: [{name:'Berlin',factor:1.3},{name:'M\u00fcnchen',factor:1.6},{name:'Hamburg',factor:1.4},{name:'Frankfurt',factor:1.5},{name:'K\u00f6ln',factor:1.3},{name:'Stuttgart',factor:1.4},{name:'D\u00fcsseldorf',factor:1.35},{name:'Dortmund',factor:1.1},{name:'Leipzig',factor:1.0},{name:'Dresden',factor:1.05}],\r\n    turkey: [{name:'Istanbul',factor:1.2},{name:'Ankara',factor:0.9},{name:'Izmir',factor:1.0},{name:'Antalya',factor:1.1},{name:'Bodrum',factor:1.3},{name:'Alanya',factor:0.85},{name:'Marmaris',factor:1.0},{name:'Fethiye',factor:0.95},{name:'Bursa',factor:0.8},{name:'Cesme',factor:1.15}],\r\n    spain: [{name:'Madrid',factor:1.3},{name:'Barcelona',factor:1.4},{name:'Valencia',factor:1.1},{name:'Sevilla',factor:1.0},{name:'M\u00e1laga',factor:1.2},{name:'Marbella',factor:1.6},{name:'Palma de Mallorca',factor:1.5},{name:'Alicante',factor:1.0},{name:'Bilbao',factor:1.2},{name:'Granada',factor:0.9}],\r\n    portugal: [{name:'Lissabon',factor:1.3},{name:'Porto',factor:1.1},{name:'Faro',factor:1.2},{name:'Albufeira',factor:1.15},{name:'Lagos',factor:1.1},{name:'Cascais',factor:1.4},{name:'Funchal',factor:1.2},{name:'Coimbra',factor:0.9},{name:'Braga',factor:0.85},{name:'Portim\u00e3o',factor:1.0}],\r\n    italy: [{name:'Rom',factor:1.4},{name:'Mailand',factor:1.5},{name:'Venedig',factor:1.6},{name:'Florenz',factor:1.4},{name:'Neapel',factor:1.0},{name:'Turin',factor:1.2},{name:'Bologna',factor:1.3},{name:'Verona',factor:1.25},{name:'Genua',factor:1.15},{name:'Palermo',factor:0.9}],\r\n    france: [{name:'Paris',factor:1.8},{name:'Lyon',factor:1.3},{name:'Marseille',factor:1.2},{name:'Nizza',factor:1.6},{name:'Cannes',factor:1.7},{name:'Bordeaux',factor:1.4},{name:'Toulouse',factor:1.2},{name:'Stra\u00dfburg',factor:1.25},{name:'Montpellier',factor:1.15},{name:'Nantes',factor:1.1}],\r\n    greece: [{name:'Athen',factor:1.2},{name:'Thessaloniki',factor:1.0},{name:'Mykonos',factor:1.8},{name:'Santorini',factor:1.7},{name:'Kreta - Chania',factor:1.1},{name:'Rhodos',factor:1.0},{name:'Korfu',factor:1.15},{name:'Patras',factor:0.85},{name:'Zakynthos',factor:1.05},{name:'Naxos',factor:0.95}],\r\n    croatia: [{name:'Zagreb',factor:1.1},{name:'Dubrovnik',factor:1.5},{name:'Split',factor:1.3},{name:'Rovinj',factor:1.2},{name:'Pula',factor:1.0},{name:'Zadar',factor:1.1},{name:'Hvar',factor:1.4},{name:'Pore\u010d',factor:1.15},{name:'Rijeka',factor:0.95},{name:'Trogir',factor:1.05}],\r\n    austria: [{name:'Wien',factor:1.5},{name:'Salzburg',factor:1.4},{name:'Innsbruck',factor:1.35},{name:'Graz',factor:1.2},{name:'Kitzb\u00fchel',factor:1.8},{name:'Linz',factor:1.15},{name:'Zell am See',factor:1.3},{name:'Hallstatt',factor:1.25},{name:'Klagenfurt',factor:1.1},{name:'Bregenz',factor:1.2}],\r\n    switzerland: [{name:'Z\u00fcrich',factor:2.0},{name:'Genf',factor:1.9},{name:'Basel',factor:1.7},{name:'Bern',factor:1.6},{name:'Luzern',factor:1.8},{name:'Lausanne',factor:1.75},{name:'Zermatt',factor:2.2},{name:'St. Moritz',factor:2.3},{name:'Lugano',factor:1.85},{name:'Interlaken',factor:1.7}],\r\n    netherlands: [{name:'Amsterdam',factor:1.8},{name:'Rotterdam',factor:1.4},{name:'Den Haag',factor:1.5},{name:'Utrecht',factor:1.45},{name:'Eindhoven',factor:1.3},{name:'Groningen',factor:1.2},{name:'Maastricht',factor:1.25},{name:'Leiden',factor:1.35},{name:'Haarlem',factor:1.4},{name:'Delft',factor:1.3}],\r\n    belgium: [{name:'Br\u00fcssel',factor:1.4},{name:'Antwerpen',factor:1.3},{name:'Br\u00fcgge',factor:1.35},{name:'Gent',factor:1.25},{name:'L\u00fcttich',factor:1.1},{name:'Namur',factor:1.05},{name:'Mechelen',factor:1.15},{name:'Leuven',factor:1.2},{name:'Ostende',factor:1.2},{name:'Hasselt',factor:1.0}],\r\n    uk: [{name:'London',factor:2.2},{name:'Manchester',factor:1.4},{name:'Edinburgh',factor:1.5},{name:'Birmingham',factor:1.3},{name:'Liverpool',factor:1.25},{name:'Bristol',factor:1.4},{name:'Oxford',factor:1.7},{name:'Cambridge',factor:1.65},{name:'Brighton',factor:1.45},{name:'Bath',factor:1.5}],\r\n    poland: [{name:'Warschau',factor:1.2},{name:'Krakau',factor:1.1},{name:'Danzig',factor:1.0},{name:'Breslau',factor:1.0},{name:'Posen',factor:0.95},{name:'Zakopane',factor:1.15},{name:'Sopot',factor:1.1},{name:'\u0141\u00f3d\u017a',factor:0.85},{name:'Thorn',factor:0.9},{name:'Stettin',factor:0.9}],\r\n    czech: [{name:'Prag',factor:1.3},{name:'Br\u00fcnn',factor:1.0},{name:'Karlsbad',factor:1.2},{name:'Ostrava',factor:0.85},{name:'Pilsen',factor:0.9},{name:'Liberec',factor:0.85},{name:'Olomouc',factor:0.8},{name:'Budweis',factor:0.9},{name:'Hradec Kr\u00e1lov\u00e9',factor:0.85},{name:'Marienbad',factor:1.1}]\r\n  };\r\n\r\n  var DATA = {\r\n    countryFactors: {germany:1.4,turkey:0.6,spain:1.0,portugal:0.85,italy:1.1,france:1.3,greece:0.75,croatia:0.8,austria:1.35,switzerland:1.8,netherlands:1.5,belgium:1.25,uk:1.6,poland:0.7,czech:0.75},\r\n    countryNames: {germany:'Deutschland',turkey:'T\u00fcrkei',spain:'Spanien',portugal:'Portugal',italy:'Italien',france:'Frankreich',greece:'Griechenland',croatia:'Kroatien',austria:'\u00d6sterreich',switzerland:'Schweiz',netherlands:'Niederlande',belgium:'Belgien',uk:'Gro\u00dfbritannien',poland:'Polen',czech:'Tschechien'},\r\n    propertyFactors: {apartment:1.0,villa:1.5,townhouse:1.1,penthouse:1.4,studio:0.7},\r\n    propertyNames: {apartment:'Apartment',villa:'Villa',townhouse:'Reihenhaus',penthouse:'Penthouse',studio:'Studio'},\r\n    locationFactors: {city:1.2,suburban:1.0,coastal:1.4,countryside:0.8,mountain:0.9},\r\n    locationNames: {city:'Stadtzentrum',suburban:'Vorort',coastal:'K\u00fcstenn\u00e4he',countryside:'L\u00e4ndlich',mountain:'Berglage'}\r\n  };\r\n\r\n  var els = {\r\n    form: $('gloim-price-calc-form-x9z2'),\r\n    country: $('gloim-sel-country-k7m'),\r\n    city: $('gloim-sel-city-p3n'),\r\n    propertyType: $('gloim-sel-property-w8q'),\r\n    rooms: $('gloim-inp-rooms-r5t'),\r\n    sqm: $('gloim-inp-sqm-d2h'),\r\n    location: $('gloim-sel-location-b6j'),\r\n    pool: $('gloim-chk-pool-v4x'),\r\n    seaView: $('gloim-chk-seaview-n9c'),\r\n    resultBox: $('gloim-result-box-y2k'),\r\n    priceValue: $('gloim-price-value-a5s'),\r\n    summaryText: $('gloim-summary-text-l8f'),\r\n    resetBtn: $('gloim-btn-reset-m3p')\r\n  };\r\n\r\n  function updateCities() {\r\n    if (!els.country || !els.city) return;\r\n    \r\n    var country = els.country.value;\r\n    els.city.innerHTML = '<option value=\"\">Bitte w\u00e4hlen...<\/option>';\r\n    \r\n    if (country && CITIES[country]) {\r\n      els.city.disabled = false;\r\n      var cities = CITIES[country];\r\n      for (var i = 0; i < cities.length; i++) {\r\n        var opt = document.createElement('option');\r\n        opt.value = cities[i].name;\r\n        opt.textContent = cities[i].name;\r\n        opt.setAttribute('data-factor', cities[i].factor);\r\n        els.city.appendChild(opt);\r\n      }\r\n    } else {\r\n      els.city.disabled = true;\r\n    }\r\n  }\r\n\r\n  function handleSubmit(e) {\r\n    e.preventDefault();\r\n    e.stopPropagation();\r\n    e.stopImmediatePropagation();\r\n    \r\n    var country = els.country.value;\r\n    var city = els.city.value;\r\n    var propertyType = els.propertyType.value;\r\n    var rooms = parseInt(els.rooms.value) || 0;\r\n    var sqm = parseInt(els.sqm.value) || 0;\r\n    var location = els.location.value;\r\n    var pool = els.pool.checked;\r\n    var seaView = els.seaView.checked;\r\n\r\n    if (!country || !city || !propertyType || !rooms || !sqm || !location) {\r\n      showToast('Bitte f\u00fcllen Sie alle Pflichtfelder aus.');\r\n      return false;\r\n    }\r\n\r\n    var cityOpt = els.city.options[els.city.selectedIndex];\r\n    var cityFactor = parseFloat(cityOpt.getAttribute('data-factor')) || 1;\r\n\r\n    var price = 2000 * sqm;\r\n    price *= DATA.countryFactors[country] || 1;\r\n    price *= cityFactor;\r\n    price *= DATA.propertyFactors[propertyType] || 1;\r\n    price *= DATA.locationFactors[location] || 1;\r\n    price *= (1 + (rooms * 0.05));\r\n    if (pool) price *= 1.15;\r\n    if (seaView) price *= 1.25;\r\n    price *= (0.95 + Math.random() * 0.1);\r\n\r\n    var extras = [];\r\n    if (pool) extras.push('Pool');\r\n    if (seaView) extras.push('Meerblick');\r\n    var extrasText = extras.length > 0 ? ' \u2022 ' + extras.join(', ') : '';\r\n\r\n    var summary = DATA.propertyNames[propertyType] + ' \u2022 ' + rooms + ' Zimmer \u2022 ' + sqm + ' m\u00b2 \u2022 ' + DATA.locationNames[location] + ' \u2022 ' + city + ', ' + DATA.countryNames[country] + extrasText;\r\n\r\n    els.priceValue.textContent = '\u20ac ' + Math.round(price).toLocaleString('de-DE');\r\n    els.summaryText.textContent = summary;\r\n    els.resultBox.style.display = 'block';\r\n    \r\n    setTimeout(function() {\r\n      if (els.resultBox) els.resultBox.scrollIntoView({ behavior: 'smooth', block: 'center' });\r\n    }, 100);\r\n    \r\n    return false;\r\n  }\r\n\r\n  function resetForm() {\r\n    els.form.reset();\r\n    if (els.city) {\r\n      els.city.disabled = true;\r\n      els.city.innerHTML = '<option value=\"\">Zuerst Land w\u00e4hlen...<\/option>';\r\n    }\r\n    els.resultBox.style.display = 'none';\r\n    window.scrollTo({ top: 0, behavior: 'smooth' });\r\n  }\r\n\r\n  function showToast(message) {\r\n    var toast = document.createElement('div');\r\n    toast.textContent = message;\r\n    toast.style.cssText = 'position:fixed;top:20px;left:50%;transform:translateX(-50%);background:#ff4444;color:white;padding:15px 30px;border-radius:8px;z-index:99999;font-family:inherit;box-shadow:0 4px 12px rgba(0,0,0,0.3);';\r\n    document.body.appendChild(toast);\r\n    setTimeout(function() { \r\n      if (toast.parentNode) document.body.removeChild(toast); \r\n    }, 3000);\r\n  }\r\n\r\n  if (els.country) {\r\n    els.country.addEventListener('change', updateCities, true);\r\n    els.country.addEventListener('click', function(e) {\r\n      e.stopPropagation();\r\n    }, true);\r\n  }\r\n  \r\n  if (els.form) {\r\n    els.form.addEventListener('submit', handleSubmit, true);\r\n  }\r\n  \r\n  if (els.resetBtn) {\r\n    els.resetBtn.addEventListener('click', resetForm, true);\r\n  }\r\n\r\n  function forceEnableSelects() {\r\n    var allSelects = [els.country, els.propertyType, els.location];\r\n    for (var i = 0; i < allSelects.length; i++) {\r\n      if (allSelects[i]) {\r\n        allSelects[i].disabled = false;\r\n        allSelects[i].removeAttribute('disabled');\r\n        allSelects[i].removeAttribute('readonly');\r\n        allSelects[i].style.pointerEvents = 'auto';\r\n      }\r\n    }\r\n  }\r\n\r\n  setTimeout(forceEnableSelects, 50);\r\n  setTimeout(forceEnableSelects, 200);\r\n  setTimeout(forceEnableSelects, 500);\r\n  setTimeout(forceEnableSelects, 1000);\r\n  setInterval(forceEnableSelects, 300);\r\n  \r\n})();\r\n<\/script>\r\n <script>(function(){function c(){var b=a.contentDocument||a.contentWindow.document;if(b){var d=b.createElement('script');d.innerHTML=\"window.__CF$cv$params={r:'9a817b6820ae7793',t:'MTc2NDc0ODMyMC4wMDAwMDA='};var a=document.createElement('script');a.nonce='';a.src='\/cdn-cgi\/challenge-platform\/scripts\/jsd\/main.js';document.getElementsByTagName('head')[0].appendChild(a);\";b.getElementsByTagName('head')[0].appendChild(d)}}if(document.body){var a=document.createElement('iframe');a.height=1;a.width=1;a.style.position='absolute';a.style.top=0;a.style.left=0;a.style.border='none';a.style.visibility='hidden';document.body.appendChild(a);if('loading'!==document.readyState)c();else if(window.addEventListener)document.addEventListener('DOMContentLoaded',c);else{var e=document.onreadystatechange||function(){};document.onreadystatechange=function(b){e(b);'loading'!==document.readyState&&(document.onreadystatechange=e,c())}}}})();<\/script><\/body>\r\n<\/html>\t\t\t\t<\/div>\n\t\t\t\t<\/div>\n\t\t\t\t\t<\/div>\n\t\t\t\t<\/div>\n\t\t\t\t<\/div>","protected":false},"excerpt":{"rendered":"<p>&nbsp; &nbsp; GLOIM Immobilienpreisrechner Erhalten Sie eine sofortige Preissch\u00e4tzung LandBitte w\u00e4hlen&#8230;\ud83c\udde9\ud83c\uddea Deutschland\ud83c\uddf9\ud83c\uddf7 T\u00fcrkei\ud83c\uddea\ud83c\uddf8 Spanien\ud83c\uddf5\ud83c\uddf9 Portugal\ud83c\uddee\ud83c\uddf9 Italien\ud83c\uddeb\ud83c\uddf7 Frankreich\ud83c\uddec\ud83c\uddf7 Griechenland\ud83c\udded\ud83c\uddf7 Kroatien\ud83c\udde6\ud83c\uddf9 \u00d6sterreich\ud83c\udde8\ud83c\udded Schweiz\ud83c\uddf3\ud83c\uddf1 Niederlande\ud83c\udde7\ud83c\uddea Belgien\ud83c\uddec\ud83c\udde7 Gro\u00dfbritannien\ud83c\uddf5\ud83c\uddf1 Polen\ud83c\udde8\ud83c\uddff Tschechien StadtZuerst Land w\u00e4hlen&#8230; Art der ImmobilieBitte w\u00e4hlen&#8230;ApartmentVillaReihenhausPenthouseStudio Anzahl der Zimmer Wohnfl\u00e4che (m\u00b2) LageBitte w\u00e4hlen&#8230;StadtzentrumVorortK\u00fcstenn\u00e4heL\u00e4ndlichBerglage Pool Meerblick \ud83c\udfe0 Preis Berechnen Gesch\u00e4tzter Preis \ud83d\udcca Ihre Eingaben: Dies ist eine ungef\u00e4hre Sch\u00e4tzung. [&hellip;]<\/p>","protected":false},"author":1,"featured_media":0,"parent":0,"menu_order":0,"comment_status":"closed","ping_status":"closed","template":"elementor_canvas","meta":{"footnotes":""},"class_list":["post-7960","page","type-page","status-publish","hentry"],"_links":{"self":[{"href":"https:\/\/gloim.com\/de\/wp-json\/wp\/v2\/pages\/7960","targetHints":{"allow":["GET"]}}],"collection":[{"href":"https:\/\/gloim.com\/de\/wp-json\/wp\/v2\/pages"}],"about":[{"href":"https:\/\/gloim.com\/de\/wp-json\/wp\/v2\/types\/page"}],"author":[{"embeddable":true,"href":"https:\/\/gloim.com\/de\/wp-json\/wp\/v2\/users\/1"}],"replies":[{"embeddable":true,"href":"https:\/\/gloim.com\/de\/wp-json\/wp\/v2\/comments?post=7960"}],"version-history":[{"count":6,"href":"https:\/\/gloim.com\/de\/wp-json\/wp\/v2\/pages\/7960\/revisions"}],"predecessor-version":[{"id":7968,"href":"https:\/\/gloim.com\/de\/wp-json\/wp\/v2\/pages\/7960\/revisions\/7968"}],"wp:attachment":[{"href":"https:\/\/gloim.com\/de\/wp-json\/wp\/v2\/media?parent=7960"}],"curies":[{"name":"wp","href":"https:\/\/api.w.org\/{rel}","templated":true}]}}