{"id":2938,"date":"2025-03-13T12:47:13","date_gmt":"2025-03-13T09:47:13","guid":{"rendered":"https:\/\/gloim.com\/?page_id=2938"},"modified":"2025-04-28T12:56:15","modified_gmt":"2025-04-28T09:56:15","slug":"real-estate-87xxx-living-investing-in-the-allgau-kempten-memmingen-kaufbeuren","status":"publish","type":"page","link":"https:\/\/gloim.com\/tr\/real-estate-87xxx-living-investing-in-the-allgau-kempten-memmingen-kaufbeuren\/","title":{"rendered":"Real Estate 87xxx \u2013 Living &#038; Investing in the Allg\u00e4u: Kempten, Memmingen &#038; Kaufbeuren"},"content":{"rendered":"<div data-elementor-type=\"wp-page\" data-elementor-id=\"2938\" class=\"elementor elementor-2938\" data-elementor-post-type=\"page\">\n\t\t\t\t<div data-particle_enable=\"false\" data-particle-mobile-disabled=\"false\" class=\"elementor-element elementor-element-18177ef e-flex e-con-boxed e-con e-parent\" data-id=\"18177ef\" data-element_type=\"container\">\n\t\t\t\t\t<div class=\"e-con-inner\">\n\t\t\t\t<div class=\"elementor-element elementor-element-34d97f5 elementor-widget elementor-widget-spacer\" data-id=\"34d97f5\" data-element_type=\"widget\" data-widget_type=\"spacer.default\">\n\t\t\t\t<div class=\"elementor-widget-container\">\n\t\t\t\t\t\t\t<div class=\"elementor-spacer\">\n\t\t\t<div class=\"elementor-spacer-inner\"><\/div>\n\t\t<\/div>\n\t\t\t\t\t\t<\/div>\n\t\t\t\t<\/div>\n\t\t\t\t<div class=\"elementor-element elementor-element-54b7a29 elementor-widget elementor-widget-heading\" data-id=\"54b7a29\" data-element_type=\"widget\" data-widget_type=\"heading.default\">\n\t\t\t\t<div class=\"elementor-widget-container\">\n\t\t\t\t\t<h1 class=\"elementor-heading-title elementor-size-default\">Real estate market in Germany  87xxx zip code area<\/h1>\t\t\t\t<\/div>\n\t\t\t\t<\/div>\n\t\t\t\t<div class=\"elementor-element elementor-element-a10a5f5 elementor-widget elementor-widget-heading\" data-id=\"a10a5f5\" data-element_type=\"widget\" data-widget_type=\"heading.default\">\n\t\t\t\t<div class=\"elementor-widget-container\">\n\t\t\t\t\t<h2 class=\"elementor-heading-title elementor-size-default\">Living and Investing in the Allg\u00e4u Region<\/h2>\t\t\t\t<\/div>\n\t\t\t\t<\/div>\n\t\t\t\t<div class=\"elementor-element elementor-element-fa5b486 elementor-widget elementor-widget-text-editor\" data-id=\"fa5b486\" data-element_type=\"widget\" data-widget_type=\"text-editor.default\">\n\t\t\t\t<div class=\"elementor-widget-container\">\n\t\t\t\t\t\t\t\t\t<p style=\"text-align: center;\">Explore the fascinating facets of this region with us &#8211; from its special advantages to its challenges. Discover not only our innovative modular houses, but also the extensive portfolio of our renowned partners.<\/p>\t\t\t\t\t\t\t\t<\/div>\n\t\t\t\t<\/div>\n\t\t\t\t<div class=\"elementor-element elementor-element-6b03b23 elementor-widget elementor-widget-spacer\" data-id=\"6b03b23\" data-element_type=\"widget\" data-widget_type=\"spacer.default\">\n\t\t\t\t<div class=\"elementor-widget-container\">\n\t\t\t\t\t\t\t<div class=\"elementor-spacer\">\n\t\t\t<div class=\"elementor-spacer-inner\"><\/div>\n\t\t<\/div>\n\t\t\t\t\t\t<\/div>\n\t\t\t\t<\/div>\n\t\t\t\t\t<\/div>\n\t\t\t\t<\/div>\n\t\t<div data-particle_enable=\"false\" data-particle-mobile-disabled=\"false\" class=\"elementor-element elementor-element-1cb2f05 e-grid e-con-boxed e-con e-parent\" data-id=\"1cb2f05\" data-element_type=\"container\">\n\t\t\t\t\t<div class=\"e-con-inner\">\n\t\t\t\t<div class=\"elementor-element elementor-element-1665ce5 elementor-align-center elementor-widget__width-initial elementor-widget elementor-widget-button\" data-id=\"1665ce5\" data-element_type=\"widget\" data-widget_type=\"button.default\">\n\t\t\t\t<div class=\"elementor-widget-container\">\n\t\t\t\t\t\t\t\t\t<div class=\"elementor-button-wrapper\">\n\t\t\t\t\t<a class=\"elementor-button elementor-button-link elementor-size-sm\" href=\"https:\/\/gloim.com\/tr\/modular-house\/\">\n\t\t\t\t\t\t<span class=\"elementor-button-content-wrapper\">\n\t\t\t\t\t\t\t\t\t<span class=\"elementor-button-text\">Mod\u00fcler Ev<\/span>\n\t\t\t\t\t<\/span>\n\t\t\t\t\t<\/a>\n\t\t\t\t<\/div>\n\t\t\t\t\t\t\t\t<\/div>\n\t\t\t\t<\/div>\n\t\t\t\t<div class=\"elementor-element elementor-element-dd77bca elementor-align-center elementor-widget__width-initial elementor-widget elementor-widget-button\" data-id=\"dd77bca\" data-element_type=\"widget\" data-widget_type=\"button.default\">\n\t\t\t\t<div class=\"elementor-widget-container\">\n\t\t\t\t\t\t\t\t\t<div class=\"elementor-button-wrapper\">\n\t\t\t\t\t<a class=\"elementor-button elementor-button-link elementor-size-sm\" href=\"https:\/\/gloim.com\/tr\/ratgeber\/\">\n\t\t\t\t\t\t<span class=\"elementor-button-content-wrapper\">\n\t\t\t\t\t\t\t\t\t<span class=\"elementor-button-text\">K\u0131lavuz   <\/span>\n\t\t\t\t\t<\/span>\n\t\t\t\t\t<\/a>\n\t\t\t\t<\/div>\n\t\t\t\t\t\t\t\t<\/div>\n\t\t\t\t<\/div>\n\t\t\t\t<div class=\"elementor-element elementor-element-edc006d elementor-align-center elementor-widget__width-initial elementor-widget elementor-widget-button\" data-id=\"edc006d\" data-element_type=\"widget\" data-widget_type=\"button.default\">\n\t\t\t\t<div class=\"elementor-widget-container\">\n\t\t\t\t\t\t\t\t\t<div class=\"elementor-button-wrapper\">\n\t\t\t\t\t<a class=\"elementor-button elementor-button-link elementor-size-sm\" href=\"https:\/\/gloim.com\/tr\/contact-us\/\">\n\t\t\t\t\t\t<span class=\"elementor-button-content-wrapper\">\n\t\t\t\t\t\t\t\t\t<span class=\"elementor-button-text\">\u0130leti\u015fim<\/span>\n\t\t\t\t\t<\/span>\n\t\t\t\t\t<\/a>\n\t\t\t\t<\/div>\n\t\t\t\t\t\t\t\t<\/div>\n\t\t\t\t<\/div>\n\t\t\t\t\t<\/div>\n\t\t\t\t<\/div>\n\t\t<div data-particle_enable=\"false\" data-particle-mobile-disabled=\"false\" class=\"elementor-element elementor-element-be6f749 e-flex e-con-boxed e-con e-parent\" data-id=\"be6f749\" data-element_type=\"container\">\n\t\t\t\t\t<div class=\"e-con-inner\">\n\t\t\t\t<div class=\"elementor-element elementor-element-edc68bb elementor-widget elementor-widget-spacer\" data-id=\"edc68bb\" data-element_type=\"widget\" data-widget_type=\"spacer.default\">\n\t\t\t\t<div class=\"elementor-widget-container\">\n\t\t\t\t\t\t\t<div class=\"elementor-spacer\">\n\t\t\t<div class=\"elementor-spacer-inner\"><\/div>\n\t\t<\/div>\n\t\t\t\t\t\t<\/div>\n\t\t\t\t<\/div>\n\t\t\t\t<div class=\"elementor-element elementor-element-296b2f8 elementor-widget elementor-widget-image\" data-id=\"296b2f8\" data-element_type=\"widget\" data-widget_type=\"image.default\">\n\t\t\t\t<div class=\"elementor-widget-container\">\n\t\t\t\t\t\t\t\t\t\t\t\t\t\t\t<img decoding=\"async\" src=\"https:\/\/gloim.com\/wp-content\/uploads\/elementor\/thumbs\/Real-Estate-Market-Kempten-Memmingen-\u2013-Living-in-Postal-Code-087xxx-r2sllagjot49rgwom6rwzpjiabruy3p97c004xt0us.webp\" title=\"Real Estate Market Kempten &#038; Memmingen \u2013 Living in Postal Code 087xxx\" alt=\"Real Estate Market Kempten &amp; Memmingen \u2013 Living in Postal Code 087xxx\" loading=\"lazy\" \/>\t\t\t\t\t\t\t\t\t\t\t\t\t\t\t<\/div>\n\t\t\t\t<\/div>\n\t\t\t\t<div class=\"elementor-element elementor-element-2c7d3ea elementor-widget elementor-widget-spacer\" data-id=\"2c7d3ea\" data-element_type=\"widget\" data-widget_type=\"spacer.default\">\n\t\t\t\t<div class=\"elementor-widget-container\">\n\t\t\t\t\t\t\t<div class=\"elementor-spacer\">\n\t\t\t<div class=\"elementor-spacer-inner\"><\/div>\n\t\t<\/div>\n\t\t\t\t\t\t<\/div>\n\t\t\t\t<\/div>\n\t\t\t\t<div class=\"elementor-element elementor-element-9593679 elementor-widget elementor-widget-text-editor\" data-id=\"9593679\" data-element_type=\"widget\" data-widget_type=\"text-editor.default\">\n\t\t\t\t<div class=\"elementor-widget-container\">\n\t\t\t\t\t\t\t\t\t<p style=\"text-align: center;\">We are a partner of IMAG, a network of more than a thousand fellow estate agents. This enables us to offer you an unlimited property portfolio.<\/p><p style=\"text-align: center;\"><strong>Regional &#8211; Supra-regional &#8211; International<\/strong><\/p>\t\t\t\t\t\t\t\t<\/div>\n\t\t\t\t<\/div>\n\t\t\t\t<div class=\"elementor-element elementor-element-b338d8a elementor-widget elementor-widget-html\" data-id=\"b338d8a\" data-element_type=\"widget\" data-widget_type=\"html.default\">\n\t\t\t\t<div class=\"elementor-widget-container\">\n\t\t\t\t\t<!--Sie k\u00f6nnen diesen Code an einem beliebigen Platz in ihrer Homepage einbinden. Die Immobiliensuche wird an dieser Stelle erscheinen. -->\n<div id=\"imag-immobiliensuche\"><\/div>\n\n<!--F\u00fcr eine bessere Performance den nachfolgenden Code an das Ende des <body> Tags einbinden-->\n\n<script>\n    (function(w, d, k, e) {\n    const cssApi = d.createElement('link');\n    cssApi.rel = 'stylesheet';\n    cssApi.type = 'text\/css';\n    cssApi.href = 'https:\/\/www.imag-portal.de\/property_search_integration\/build\/api.css';\n    d.head.appendChild(cssApi);\n\n    const jsApi = d.createElement('script');\n    jsApi.src = 'https:\/\/www.imag-portal.de\/property_search_integration\/build\/api.js';\n    jsApi.type = 'text\/javascript';\n    jsApi.charset = 'UTF-8';\n    d.body.appendChild(jsApi);\n    jsApi.addEventListener('load', function() {\n        initializePsi(k, e);\n    })\n})(window, document, '1eed6126-f532-6652-8fb0-5db85b8b2e81', 'imag-immobiliensuche');\n<\/script>\t\t\t\t<\/div>\n\t\t\t\t<\/div>\n\t\t\t\t\t<\/div>\n\t\t\t\t<\/div>\n\t\t<div data-particle_enable=\"false\" data-particle-mobile-disabled=\"false\" class=\"elementor-element elementor-element-e266be4 e-flex e-con-boxed e-con e-parent\" data-id=\"e266be4\" data-element_type=\"container\">\n\t\t\t\t\t<div class=\"e-con-inner\">\n\t\t\t\t<div class=\"elementor-element elementor-element-29a474e elementor-widget elementor-widget-spacer\" data-id=\"29a474e\" data-element_type=\"widget\" data-widget_type=\"spacer.default\">\n\t\t\t\t<div class=\"elementor-widget-container\">\n\t\t\t\t\t\t\t<div class=\"elementor-spacer\">\n\t\t\t<div class=\"elementor-spacer-inner\"><\/div>\n\t\t<\/div>\n\t\t\t\t\t\t<\/div>\n\t\t\t\t<\/div>\n\t\t\t\t<div class=\"elementor-element elementor-element-7c21f13 elementor-widget elementor-widget-text-editor\" data-id=\"7c21f13\" data-element_type=\"widget\" data-widget_type=\"text-editor.default\">\n\t\t\t\t<div class=\"elementor-widget-container\">\n\t\t\t\t\t\t\t\t\t<h3 data-pm-slice=\"1 1 []\">Introduction<\/h3><p class=\"translation-block\">The <strong>87xxx<\/strong> postal code area is synonymous with breathtaking landscapes and excellent living conditions. Covering <strong>3,881 km\u00b2<\/strong> with around <strong>508,000 residents<\/strong> across <strong>113 towns and municipalities<\/strong>, it is a prime location in southern Bavaria.<\/p><p class=\"translation-block\">The region includes the districts of <strong>Oberallg\u00e4u, Ostallg\u00e4u, and Unterallg\u00e4u<\/strong>, along with the independent cities <strong>Kempten, Kaufbeuren, and Memmingen<\/strong>.<\/p><div><hr \/><\/div><h3>Living and Housing in the 87xxx Area<\/h3><p>The Allg\u00e4u region offers a unique combination of alpine charm, strong infrastructure, and high recreational value:<\/p><ul data-spread=\"false\"><li><p class=\"translation-block\"><strong>Kempten<\/strong> \u2013 Lively university town with historical flair and excellent amenities.<\/p><\/li><li><p class=\"translation-block\"><strong>Memmingen<\/strong> \u2013 Historic old town, strong economy, and growing housing demand.<\/p><\/li><li><p class=\"translation-block\"><strong>Kaufbeuren<\/strong> \u2013 Picturesque living with proximity to nature and affordable housing.<\/p><\/li><li><p class=\"translation-block\"><strong>Oberallg\u00e4u &amp; Ostallg\u00e4u<\/strong> \u2013 Alpine living, tourism hotspots, and high quality of life.<\/p><\/li><li><p class=\"translation-block\"><strong>Unterallg\u00e4u<\/strong> \u2013 Family-friendly towns, green spaces, and excellent transport links.<\/p><\/li><\/ul><p class=\"translation-block\">Connections via the <strong>A7 motorway<\/strong>, <strong>Memmingen Airport<\/strong>, and regional train lines ensure excellent accessibility.<\/p><div><hr \/><\/div><h3>Real Estate Prices and Market Development<\/h3><p>The property market in 87xxx shows stable growth due to high demand and limited land supply:<\/p><ul data-spread=\"false\"><li><p class=\"translation-block\"><strong>Kempten<\/strong>: \u20ac4,200\u2013\u20ac6,800\/m\u00b2<\/p><\/li><li><p class=\"translation-block\"><strong>Memmingen<\/strong>: \u20ac3,800\u2013\u20ac6,200\/m\u00b2<\/p><\/li><li><p class=\"translation-block\"><strong>Kaufbeuren<\/strong>: \u20ac3,500\u2013\u20ac5,800\/m\u00b2<\/p><\/li><li><p class=\"translation-block\"><strong>Oberallg\u00e4u &amp; Ostallg\u00e4u<\/strong>: \u20ac4,000\u2013\u20ac6,500\/m\u00b2<\/p><\/li><li><p class=\"translation-block\"><strong>Unterallg\u00e4u<\/strong>: \u20ac3,200\u2013\u20ac5,200\/m\u00b2<\/p><\/li><\/ul><p class=\"translation-block\"><strong>Rental prices<\/strong> range from <strong>\u20ac8.00 to \u20ac13.50\/m\u00b2<\/strong>.<\/p><div><hr \/><\/div><h3>Future Outlook of the Real Estate Market<\/h3><p>The 87xxx area is particularly future-proof due to:<\/p><ul data-spread=\"false\"><li><p>Growing demand for holiday homes and permanent residences<\/p><\/li><li><p>Expansion of infrastructure and tourism facilities<\/p><\/li><li><p>High quality of life attracting retirees and remote workers<\/p><\/li><li><p>Limited space ensuring value stability and appreciation<\/p><\/li><\/ul><div><hr \/><\/div><h3>Conclusion<\/h3><p class=\"translation-block\">Whether as a residence, vacation home, or investment \u2013 the <strong>87xxx region<\/strong> offers an outstanding mix of nature, infrastructure, and economic opportunities in the heart of the Allg\u00e4u.<\/p><p>#RealEstate87xxx #LivingAllg\u00e4u #KemptenProperty #MemmingenHomes #Ostallg\u00e4uRealEstate #Oberallg\u00e4uLiving #Unterallg\u00e4uInvest #BavariaProperties<\/p><div><hr \/><\/div><p>\u00a0<\/p>\t\t\t\t\t\t\t\t<\/div>\n\t\t\t\t<\/div>\n\t\t\t\t<div class=\"elementor-element elementor-element-44617d8 elementor-widget elementor-widget-spacer\" data-id=\"44617d8\" data-element_type=\"widget\" data-widget_type=\"spacer.default\">\n\t\t\t\t<div class=\"elementor-widget-container\">\n\t\t\t\t\t\t\t<div class=\"elementor-spacer\">\n\t\t\t<div class=\"elementor-spacer-inner\"><\/div>\n\t\t<\/div>\n\t\t\t\t\t\t<\/div>\n\t\t\t\t<\/div>\n\t\t\t\t\t<\/div>\n\t\t\t\t<\/div>\n\t\t\t\t<\/div>","protected":false},"excerpt":{"rendered":"<p>Real estate market in Germany 87xxx zip code area Living and Investing in the Allg\u00e4u Region Explore the fascinating facets of this region with us &#8211; from its special advantages to its challenges. Discover not only our innovative modular houses, but also the extensive portfolio of our renowned partners. Modular House Guide Contact We are [&hellip;]<\/p>","protected":false},"author":1,"featured_media":0,"parent":0,"menu_order":0,"comment_status":"closed","ping_status":"closed","template":"","meta":{"footnotes":""},"class_list":["post-2938","page","type-page","status-publish","hentry"],"_links":{"self":[{"href":"https:\/\/gloim.com\/tr\/wp-json\/wp\/v2\/pages\/2938","targetHints":{"allow":["GET"]}}],"collection":[{"href":"https:\/\/gloim.com\/tr\/wp-json\/wp\/v2\/pages"}],"about":[{"href":"https:\/\/gloim.com\/tr\/wp-json\/wp\/v2\/types\/page"}],"author":[{"embeddable":true,"href":"https:\/\/gloim.com\/tr\/wp-json\/wp\/v2\/users\/1"}],"replies":[{"embeddable":true,"href":"https:\/\/gloim.com\/tr\/wp-json\/wp\/v2\/comments?post=2938"}],"version-history":[{"count":0,"href":"https:\/\/gloim.com\/tr\/wp-json\/wp\/v2\/pages\/2938\/revisions"}],"wp:attachment":[{"href":"https:\/\/gloim.com\/tr\/wp-json\/wp\/v2\/media?parent=2938"}],"curies":[{"name":"wp","href":"https:\/\/api.w.org\/{rel}","templated":true}]}}