{"id":5336,"date":"2025-06-13T11:40:54","date_gmt":"2025-06-13T08:40:54","guid":{"rendered":"https:\/\/gloim.com\/?page_id=5336"},"modified":"2025-06-13T11:45:18","modified_gmt":"2025-06-13T08:45:18","slug":"datenschutzerklarung-kvkk-dsgvo-konform","status":"publish","type":"page","link":"https:\/\/gloim.com\/tr\/datenschutzerklarung-kvkk-dsgvo-konform\/","title":{"rendered":"Datenschutzerkl\u00e4rung (KVKK &#038; DSGVO konform)"},"content":{"rendered":"<div data-elementor-type=\"wp-page\" data-elementor-id=\"5336\" class=\"elementor elementor-5336\" data-elementor-post-type=\"page\">\n\t\t\t\t<div data-particle_enable=\"false\" data-particle-mobile-disabled=\"false\" class=\"elementor-element elementor-element-42c8f4bd e-flex e-con-boxed e-con e-parent\" data-id=\"42c8f4bd\" data-element_type=\"container\">\n\t\t\t\t\t<div class=\"e-con-inner\">\n\t\t\t\t<div class=\"elementor-element elementor-element-4fbb347f elementor-widget elementor-widget-text-editor\" data-id=\"4fbb347f\" data-element_type=\"widget\" data-widget_type=\"text-editor.default\">\n\t\t\t\t<div class=\"elementor-widget-container\">\n\t\t\t\t\t\t\t\t\t \t\t\t\t\t\t\t\t<\/div>\n\t\t\t\t<\/div>\n\t\t\t\t<div class=\"elementor-element elementor-element-7b985ba elementor-widget elementor-widget-text-editor\" data-id=\"7b985ba\" data-element_type=\"widget\" data-widget_type=\"text-editor.default\">\n\t\t\t\t<div class=\"elementor-widget-container\">\n\t\t\t\t\t\t\t\t\t<p data-start=\"0\" data-end=\"124\"><strong data-start=\"0\" data-end=\"124\">GLO\u0130M Immobilien Digital Marketing Services Construction &amp; Trade Ltd. \u015eti.<br data-start=\"76\" data-end=\"79\" \/>Datenschutzerkl\u00e4rung (KVKK &amp; DSGVO konform)<\/strong><\/p><hr data-start=\"205\" data-end=\"208\" \/><h2 data-start=\"210\" data-end=\"245\">1. Zweck und Anwendungsbereich<\/h2><p data-start=\"246\" data-end=\"470\">Diese Datenschutzerkl\u00e4rung informiert Sie dar\u00fcber, wie GLO\u0130M Ltd. \u015eti. (\u201eGLO\u0130M\u201c, \u201ewir\u201c) im Rahmen unserer Website, Apps und sonstiger digitaler Dienste personenbezogene Daten erhebt, verarbeitet und sch\u00fctzt. Sie basiert auf:<\/p><ul data-start=\"472\" data-end=\"590\"><li data-start=\"472\" data-end=\"533\"><p data-start=\"474\" data-end=\"533\">Gesetz Nr. 6698 zum Schutz personenbezogener Daten (KVKK)<\/p><\/li><li data-start=\"534\" data-end=\"590\"><p data-start=\"536\" data-end=\"590\">Europ\u00e4ische Datenschutz-Grundverordnung (DSGVO\/GDPR)<\/p><\/li><\/ul><hr data-start=\"592\" data-end=\"595\" \/><h2 data-start=\"597\" data-end=\"621\">2. Verantwortlicher<\/h2><p data-start=\"622\" data-end=\"1063\"><strong data-start=\"622\" data-end=\"638\">Unternehmen:<\/strong><br data-start=\"638\" data-end=\"641\" \/>GLO\u0130M Immobilien Digital Marketing Services Construction &amp; Trade Ltd. \u015eti.<br data-start=\"715\" data-end=\"718\" \/><strong data-start=\"718\" data-end=\"730\">Adresse:<\/strong><br data-start=\"730\" data-end=\"733\" \/>Avsallar Mah.<br data-start=\"746\" data-end=\"749\" \/>Karamustafalar Cad. No: 61, \u0130\u00e7 Kap\u0131 No: 2<br data-start=\"790\" data-end=\"793\" \/>07410 Alanya\/Antalya, T\u00fcrkei<br data-start=\"821\" data-end=\"824\" \/><strong data-start=\"824\" data-end=\"836\">Telefon:<\/strong> +90 543 828 7362<br data-start=\"853\" data-end=\"856\" \/><strong data-start=\"856\" data-end=\"864\">Fax:<\/strong> Keine <span class='tooltipsall tooltipsincontent classtoolTips7'>Termine<\/span> vor Ort<br data-start=\"886\" data-end=\"889\" \/><strong data-start=\"889\" data-end=\"900\">E-Mail:<\/strong> <a class=\"cursor-pointer\" rel=\"noopener\" data-start=\"901\" data-end=\"915\">info@gloim.com<\/a><br data-start=\"915\" data-end=\"918\" \/><strong data-start=\"918\" data-end=\"935\">Steuernummer:<\/strong> Alanya: 28233<br data-start=\"949\" data-end=\"952\" \/><strong data-start=\"952\" data-end=\"975\">Handelsregisternr.:<\/strong> 28374<br data-start=\"981\" data-end=\"984\" \/><strong data-start=\"984\" data-end=\"998\">USt-IdNr.:<\/strong> DE 3961573530<br data-start=\"1012\" data-end=\"1015\" \/><strong data-start=\"1015\" data-end=\"1039\">Unternehmensinhaber:<\/strong> Herr J\u00fcrgen Lindemann<\/p><hr data-start=\"1065\" data-end=\"1068\" \/><h2 data-start=\"1070\" data-end=\"1130\">3. Kategorien der verarbeiteten personenbezogenen Daten<\/h2><ol data-start=\"1131\" data-end=\"1515\"><li data-start=\"1131\" data-end=\"1220\"><p data-start=\"1134\" data-end=\"1220\"><strong data-start=\"1134\" data-end=\"1154\">Identit\u00e4tsdaten:<\/strong> Name, Vorname, T.C.-Personalausweisnummer (sofern erforderlich)<\/p><\/li><li data-start=\"1221\" data-end=\"1281\"><p data-start=\"1224\" data-end=\"1281\"><strong data-start=\"1224\" data-end=\"1242\">Kontakt\u00addaten:<\/strong> E-Mail, Telefonnummer, Adressangaben<\/p><\/li><li data-start=\"1282\" data-end=\"1373\"><p data-start=\"1285\" data-end=\"1373\"><strong data-start=\"1285\" data-end=\"1306\">Technische Daten:<\/strong> IP-Adresse, Browser- und Ger\u00e4teinformationen, Zugriffsprotokolle<\/p><\/li><li data-start=\"1374\" data-end=\"1448\"><p data-start=\"1377\" data-end=\"1448\"><strong data-start=\"1377\" data-end=\"1393\">Finanzdaten:<\/strong> Rechnungs- und Zahlungsinformationen, Bankverbindung<\/p><\/li><li data-start=\"1449\" data-end=\"1515\"><p data-start=\"1452\" data-end=\"1515\"><strong data-start=\"1452\" data-end=\"1478\">Marketing\u00adpr\u00e4ferenzen:<\/strong> Newsletter- und SMS-Einwilligungen<\/p><\/li><\/ol><hr data-start=\"1517\" data-end=\"1520\" \/><h2 data-start=\"1522\" data-end=\"1568\">4. Verarbeitungszwecke &amp; Rechtsgrundlagen<\/h2><div class=\"_tableContainer_16hzy_1\"><div class=\"_tableWrapper_16hzy_14 group flex w-fit flex-col-reverse\" tabindex=\"-1\"><table class=\"w-fit min-w-(--thread-content-width)\" data-start=\"1570\" data-end=\"2502\"><thead data-start=\"1570\" data-end=\"1701\"><tr data-start=\"1570\" data-end=\"1701\"><th data-start=\"1570\" data-end=\"1617\" data-col-size=\"md\">Verarbeitungszweck<\/th><th data-start=\"1617\" data-end=\"1659\" data-col-size=\"md\">Rechtsgrundlage<\/th><th data-start=\"1659\" data-end=\"1701\" data-col-size=\"sm\">Speicherdauer<\/th><\/tr><\/thead><tbody data-start=\"1834\" data-end=\"2502\"><tr data-start=\"1834\" data-end=\"1966\"><td data-start=\"1834\" data-end=\"1881\" data-col-size=\"md\">Erbringung und Verwaltung von Leistungen<\/td><td data-start=\"1881\" data-end=\"1924\" data-col-size=\"md\">KVKK Art. 5\/1 b \u2013 Vertragserf\u00fcllung<\/td><td data-start=\"1924\" data-end=\"1966\" data-col-size=\"sm\">Vertragsdauer + 5 Jahre<\/td><\/tr><tr data-start=\"1967\" data-end=\"2099\"><td data-start=\"1967\" data-end=\"2014\" data-col-size=\"md\">Marketing &amp; Kampagnen\u00adinformationen<\/td><td data-start=\"2014\" data-end=\"2057\" data-col-size=\"md\">KVKK Art. 5\/1 a \u2013 Einwilligung<\/td><td data-start=\"2057\" data-end=\"2099\" data-col-size=\"sm\">Bis Widerruf der Einwilligung<\/td><\/tr><tr data-start=\"2100\" data-end=\"2231\"><td data-start=\"2100\" data-end=\"2147\" data-col-size=\"md\">Web-Analyse &amp; Performance-Optimierung<\/td><td data-start=\"2147\" data-end=\"2190\" data-col-size=\"md\">KVKK Art. 5\/1 c \u2013 berechtigtes Interesse<\/td><td data-start=\"2190\" data-end=\"2231\" data-col-size=\"sm\">Solange gesch\u00e4ftlich ben\u00f6tigt<\/td><\/tr><tr data-start=\"2232\" data-end=\"2368\"><td data-start=\"2232\" data-end=\"2281\" data-col-size=\"md\">Abrechnung &amp; gesetzliche Aufbewahrungs\u00adpflicht<\/td><td data-start=\"2281\" data-end=\"2327\" data-col-size=\"md\">KVKK Art. 5\/1 b \u2013 gesetzliche Verpflichtung<\/td><td data-start=\"2327\" data-end=\"2368\" data-col-size=\"sm\">Nach steuerrechtlichen Vorgaben<\/td><\/tr><tr data-start=\"2369\" data-end=\"2502\"><td data-start=\"2369\" data-end=\"2416\" data-col-size=\"md\">Erf\u00fcllung rechtlicher Anforderungen<\/td><td data-start=\"2416\" data-end=\"2461\" data-col-size=\"md\">KVKK Art. 5\/1 f \u2013 rechtliche Verpflichtung<\/td><td data-start=\"2461\" data-end=\"2502\" data-col-size=\"sm\">Gesetzlich vorgeschriebene Fristen<\/td><\/tr><\/tbody><\/table><div class=\"sticky end-(--thread-content-margin) h-0 self-end select-none\"><div class=\"absolute end-0 flex items-end\">\u00a0<\/div><\/div><\/div><\/div><hr data-start=\"2504\" data-end=\"2507\" \/><h2 data-start=\"2509\" data-end=\"2534\">5. Cookie-Richtlinie<\/h2><ul data-start=\"2535\" data-end=\"2751\"><li data-start=\"2535\" data-end=\"2615\"><p data-start=\"2537\" data-end=\"2615\"><strong data-start=\"2537\" data-end=\"2567\">Strikt notwendige Cookies:<\/strong> F\u00fcr Grundfunktionen der Website unerl\u00e4sslich.<\/p><\/li><li data-start=\"2616\" data-end=\"2695\"><p data-start=\"2618\" data-end=\"2695\"><strong data-start=\"2618\" data-end=\"2638\">Analyse-Cookies:<\/strong> Anonyme Nutzungsstatistiken via Google Analytics &amp; Co.<\/p><\/li><li data-start=\"2696\" data-end=\"2751\"><p data-start=\"2698\" data-end=\"2751\"><strong data-start=\"2698\" data-end=\"2720\">Marketing-Cookies:<\/strong> Personalisierte Werbezwecke.<\/p><\/li><\/ul><p data-start=\"2753\" data-end=\"2860\">Bei Erstbesuch erscheint ein Consent-Banner, mit dem Sie Ihre Cookie-Pr\u00e4ferenzen jederzeit anpassen k\u00f6nnen.<\/p><hr data-start=\"2862\" data-end=\"2865\" \/><h2 data-start=\"2867\" data-end=\"2892\">6. Daten\u00fcbermittlung<\/h2><p data-start=\"2893\" data-end=\"2942\">Wir geben personenbezogene Daten nur weiter an:<\/p><ul data-start=\"2943\" data-end=\"3142\"><li data-start=\"2943\" data-end=\"2999\"><p data-start=\"2945\" data-end=\"2999\"><strong data-start=\"2945\" data-end=\"2963\">Dienstleister:<\/strong> Hosting, E-Mail-Versand, Analytik<\/p><\/li><li data-start=\"3000\" data-end=\"3079\"><p data-start=\"3002\" data-end=\"3079\"><strong data-start=\"3002\" data-end=\"3015\">Beh\u00f6rden:<\/strong> Auf Anforderung durch Gerichte oder andere staatliche Stellen<\/p><\/li><li data-start=\"3080\" data-end=\"3142\"><p data-start=\"3082\" data-end=\"3142\"><strong data-start=\"3082\" data-end=\"3106\">Konzern\u00adunternehmen:<\/strong> Zur internen Prozess\u00addurchf\u00fchrung<\/p><\/li><\/ul><p data-start=\"3144\" data-end=\"3223\">Alle Empf\u00e4nger sind vertraglich zur Einhaltung von KVKK und DSGVO verpflichtet.<\/p><hr data-start=\"3225\" data-end=\"3228\" \/><h2 data-start=\"3230\" data-end=\"3263\">7. Datensicherheitsma\u00dfnahmen<\/h2><ul data-start=\"3264\" data-end=\"3524\"><li data-start=\"3264\" data-end=\"3350\"><p data-start=\"3266\" data-end=\"3350\"><strong data-start=\"3266\" data-end=\"3280\">Technisch:<\/strong> HTTPS-Verschl\u00fcsselung, Firewall, Backup, verschl\u00fcsselte Datenbanken<\/p><\/li><li data-start=\"3351\" data-end=\"3449\"><p data-start=\"3353\" data-end=\"3449\"><strong data-start=\"3353\" data-end=\"3373\">Organisatorisch:<\/strong> Zugriffskontrollen, Mitarbeiterschulungen, Vertraulichkeitsvereinbarungen<\/p><\/li><li data-start=\"3450\" data-end=\"3524\"><p data-start=\"3452\" data-end=\"3524\"><strong data-start=\"3452\" data-end=\"3465\">Physisch:<\/strong> Zutrittskontrollen und 24\/7-\u00dcberwachung in Rechenzentren<\/p><\/li><\/ul><hr data-start=\"3526\" data-end=\"3529\" \/><h2 data-start=\"3531\" data-end=\"3552\">8. Speicherdauer<\/h2><p data-start=\"3553\" data-end=\"3731\">Personenbezogene Daten werden gel\u00f6scht oder anonymisiert, sobald der Zweck entf\u00e4llt \u2013 au\u00dfer steuer- und handelsrechtliche Aufbewahrungsfristen verlangen eine l\u00e4ngere Speicherung.<\/p><hr data-start=\"3733\" data-end=\"3736\" \/><h2 data-start=\"3738\" data-end=\"3763\">9. Betroffenenrechte<\/h2><p data-start=\"3764\" data-end=\"3818\">Nach KVKK Art. 11 und DSGVO haben Sie das Recht auf:<\/p><ol data-start=\"3819\" data-end=\"4186\"><li data-start=\"3819\" data-end=\"3869\"><p data-start=\"3822\" data-end=\"3869\">Auskunft, ob und welche Daten wir verarbeiten<\/p><\/li><li data-start=\"3870\" data-end=\"3926\"><p data-start=\"3873\" data-end=\"3926\">Berichtigung unrichtiger oder unvollst\u00e4ndiger Daten<\/p><\/li><li data-start=\"3927\" data-end=\"3972\"><p data-start=\"3930\" data-end=\"3972\">L\u00f6schung oder Anonymisierung Ihrer Daten<\/p><\/li><li data-start=\"3973\" data-end=\"4008\"><p data-start=\"3976\" data-end=\"4008\">Einschr\u00e4nkung der Verarbeitung<\/p><\/li><li data-start=\"4009\" data-end=\"4034\"><p data-start=\"4012\" data-end=\"4034\">Daten\u00fcbertragbarkeit<\/p><\/li><li data-start=\"4035\" data-end=\"4070\"><p data-start=\"4038\" data-end=\"4070\">Widerspruch gegen Verarbeitung<\/p><\/li><li data-start=\"4071\" data-end=\"4134\"><p data-start=\"4074\" data-end=\"4134\">Aufhebung erteilter Einwilligungen ohne Angabe von Gr\u00fcnden<\/p><\/li><li data-start=\"4135\" data-end=\"4186\"><p data-start=\"4138\" data-end=\"4186\">Schadensersatz bei unrechtm\u00e4\u00dfiger Verarbeitung<\/p><\/li><\/ol><p data-start=\"4188\" data-end=\"4281\"><strong data-start=\"4188\" data-end=\"4222\">Anfragen richten Sie bitte an:<\/strong><br data-start=\"4222\" data-end=\"4225\" \/><a class=\"cursor-pointer\" rel=\"noopener\" data-start=\"4225\" data-end=\"4239\">info@gloim.com<\/a> oder per Post an unsere Gesch\u00e4ftsadresse.<\/p><hr data-start=\"4283\" data-end=\"4286\" \/><h2 data-start=\"4288\" data-end=\"4330\">10. Aktualisierungen dieser Erkl\u00e4rung<\/h2><p data-start=\"4331\" data-end=\"4463\">\u00c4nderungen dieser Datenschutzerkl\u00e4rung werden auf unserer Website ver\u00f6ffentlicht und treten mit dem Ver\u00f6ffentlichungsdatum in Kraft.<\/p><hr data-start=\"4465\" data-end=\"4468\" \/><p data-start=\"4470\" data-end=\"4603\" data-is-last-node=\"\" data-is-only-node=\"\">GLO\u0130M Ltd. \u015eti. verpflichtet sich, Ihre personenbezogenen Daten sicher zu verarbeiten und Ihre Datenschutzrechte jederzeit zu wahren.<\/p>\t\t\t\t\t\t\t\t<\/div>\n\t\t\t\t<\/div>\n\t\t\t\t\t<\/div>\n\t\t\t\t<\/div>\n\t\t\t\t<\/div>","protected":false},"excerpt":{"rendered":"<p>GLO\u0130M Immobilien Digital Marketing Services Construction &amp; Trade Ltd. \u015eti.Datenschutzerkl\u00e4rung (KVKK &amp; DSGVO konform) 1. Zweck und Anwendungsbereich Diese Datenschutzerkl\u00e4rung informiert Sie dar\u00fcber, wie GLO\u0130M Ltd. \u015eti. (\u201eGLO\u0130M\u201c, \u201ewir\u201c) im Rahmen unserer Website, Apps und sonstiger digitaler Dienste personenbezogene Daten erhebt, verarbeitet und sch\u00fctzt. Sie basiert auf: Gesetz Nr. 6698 zum Schutz personenbezogener Daten (KVKK) [&hellip;]<\/p>","protected":false},"author":1,"featured_media":0,"parent":0,"menu_order":0,"comment_status":"closed","ping_status":"closed","template":"","meta":{"footnotes":""},"class_list":["post-5336","page","type-page","status-publish","hentry"],"_links":{"self":[{"href":"https:\/\/gloim.com\/tr\/wp-json\/wp\/v2\/pages\/5336","targetHints":{"allow":["GET"]}}],"collection":[{"href":"https:\/\/gloim.com\/tr\/wp-json\/wp\/v2\/pages"}],"about":[{"href":"https:\/\/gloim.com\/tr\/wp-json\/wp\/v2\/types\/page"}],"author":[{"embeddable":true,"href":"https:\/\/gloim.com\/tr\/wp-json\/wp\/v2\/users\/1"}],"replies":[{"embeddable":true,"href":"https:\/\/gloim.com\/tr\/wp-json\/wp\/v2\/comments?post=5336"}],"version-history":[{"count":0,"href":"https:\/\/gloim.com\/tr\/wp-json\/wp\/v2\/pages\/5336\/revisions"}],"wp:attachment":[{"href":"https:\/\/gloim.com\/tr\/wp-json\/wp\/v2\/media?parent=5336"}],"curies":[{"name":"wp","href":"https:\/\/api.w.org\/{rel}","templated":true}]}}