{"id":6787,"date":"2025-08-13T08:09:49","date_gmt":"2025-08-13T05:09:49","guid":{"rendered":"https:\/\/gloim.com\/?page_id=6787"},"modified":"2025-08-14T08:44:48","modified_gmt":"2025-08-14T05:44:48","slug":"bewertung","status":"publish","type":"page","link":"https:\/\/gloim.com\/tr\/bewertung\/","title":{"rendered":"Bewerten Sie uns | GLOIM"},"content":{"rendered":"<div data-elementor-type=\"wp-page\" data-elementor-id=\"6787\" class=\"elementor elementor-6787\" data-elementor-post-type=\"page\">\n\t\t\t\t<div data-particle_enable=\"false\" data-particle-mobile-disabled=\"false\" class=\"elementor-element elementor-element-428a702e e-flex e-con-boxed e-con e-parent\" data-id=\"428a702e\" data-element_type=\"container\">\n\t\t\t\t\t<div class=\"e-con-inner\">\n\t\t\t\t<div class=\"elementor-element elementor-element-2fa346b7 elementor-widget elementor-widget-text-editor\" data-id=\"2fa346b7\" data-element_type=\"widget\" data-widget_type=\"text-editor.default\">\n\t\t\t\t<div class=\"elementor-widget-container\">\n\t\t\t\t\t\t\t\t\t \t\t\t\t\t\t\t\t<\/div>\n\t\t\t\t<\/div>\n\t\t\t\t\t<\/div>\n\t\t\t\t<\/div>\n\t\t<div data-particle_enable=\"false\" data-particle-mobile-disabled=\"false\" class=\"elementor-element elementor-element-f0938c4 e-flex e-con-boxed e-con e-parent\" data-id=\"f0938c4\" data-element_type=\"container\">\n\t\t\t\t\t<div class=\"e-con-inner\">\n\t\t\t\t<div class=\"elementor-element elementor-element-83891d7 elementor-widget elementor-widget-html\" data-id=\"83891d7\" data-element_type=\"widget\" data-widget_type=\"html.default\">\n\t\t\t\t<div class=\"elementor-widget-container\">\n\t\t\t\t\t<center><!-- \u2b50 GLOIM \u2013 \u015e\u0131k Y\u0131ld\u0131z De\u011ferlendirme (1\u20133 popup, 4\u20135 k\u00fc\u00e7\u00fck pencere) -->\r\n<!-- H\u0131z i\u00e7in ba\u011flant\u0131lar\u0131 \u00f6nceden \u0131s\u0131t -->\r\n<link rel=\"dns-prefetch\" href=\"https:\/\/gloim.com\">\r\n<link rel=\"preconnect\" href=\"https:\/\/gloim.com\" crossorigin>\r\n<link rel=\"prefetch\" href=\"https:\/\/gloim.com\/1warum\/\">\r\n<link rel=\"prefetch\" href=\"https:\/\/gloim.com\/2warum\/\">\r\n<link rel=\"prefetch\" href=\"https:\/\/gloim.com\/3warum\/\">\r\n\r\n<style>\r\n  \/* ====== Tema De\u011fi\u015fkenleri ====== *\/\r\n  #gx {\r\n    --bg: #f6f8fb;\r\n    --card: #ffffffcc;\r\n    --text: #0f172a;\r\n    --muted: #64748b;\r\n    --ring: #e2e8f0;\r\n    --gold: #facc15;\r\n    --gold-deep: #f59e0b;\r\n    --accent: #0ea5e9;\r\n  }\r\n  @media (prefers-color-scheme: dark) {\r\n    #gx {\r\n      --bg: #f6f8fb;\r\n    --card: #ffffffcc;\r\n    --text: #0f172a;\r\n    --muted: #64748b;\r\n    --ring: #e2e8f0;\r\n    --gold: #facc15;\r\n    --gold-deep: #f59e0b;\r\n    --accent: #0ea5e9;\r\n    }\r\n  }\r\n\r\n  \/* Arka plan ve kart *\/\r\n  #gx-wrap {\r\n    background: radial-gradient(1200px 600px at 10% 0%, #a5b4fc22 0, transparent 60%),\r\n                radial-gradient(900px 500px at 90% 10%, #60a5fa22 0, transparent 55%),\r\n                var(--bg);\r\n    padding: 10px 0;\r\n  }\r\n  #gx .card{\r\n    max-width: 860px; margin: 0 auto;\r\n    background: var(--card);\r\n    backdrop-filter: blur(8px);\r\n    border: 1px solid var(--ring);\r\n    border-radius: 20px;\r\n    box-shadow: 0 20px 60px rgba(2,6,23,.12);\r\n    overflow: hidden;\r\n  }\r\n  #gx .hd{ padding: 22px 26px; border-bottom: 1px solid var(--ring);\r\n    background: linear-gradient(180deg, rgba(255,255,255,.5), rgba(255,255,255,0));\r\n  }\r\n  #gx .t{ font-size: 22px; font-weight: 800; color: var(--text); margin:0 0 6px }\r\n  #gx .s{ color: var(--muted); font-size: 14px; margin:0 }\r\n\r\n  \/* Y\u0131ld\u0131z s\u0131ras\u0131 kaps\u00fcl *\/\r\n  #gx .bd{ padding: 24px 26px }\r\n  #gx .stars-wrap{\r\n    display:flex; align-items:center; justify-content:space-between; gap: 16px;\r\n    background: linear-gradient(180deg,#ffffffaa,#ffffff66);\r\n    border: 1px solid var(--ring);\r\n    border-radius: 16px; padding: 14px 16px;\r\n  }\r\n\r\n  \/* Y\u0131ld\u0131zlar *\/\r\n  #gx .stars{display:flex;gap:10px;align-items:center}\r\n  #gx .star{background:transparent;border:0;cursor:pointer;padding:8px;line-height:0;display:inline-flex;position:relative;border-radius:12px;transition:transform .08s ease}\r\n  #gx .star:hover{ transform: translateY(-2px) scale(1.03) }\r\n  #gx .star:active{ transform: translateY(0) scale(.97) }\r\n  #gx .star::after{\r\n    content:\"\"; position:absolute; inset:-4px; border-radius:14px;\r\n    box-shadow: 0 6px 20px rgba(245, 158, 11, 0);\r\n    transition: box-shadow .25s ease;\r\n  }\r\n  #gx .star.active::after{ box-shadow: 0 8px 28px rgba(245, 158, 11, .35) }\r\n\r\n  #gx .star svg{width:44px;height:44px;stroke:#9ca3af;stroke-width:1.2; filter: drop-shadow(0 2px 6px rgba(0,0,0,.08)); }\r\n  #gx .star svg path{fill:none; transition: fill .2s ease, stroke .2s ease}\r\n  \/* Aktif g\u00f6r\u00fcn\u00fcm (JS ile de inline veriyoruz; bu da g\u00f6rsel par\u0131lt\u0131y\u0131 tamamlar) *\/\r\n  #gx .star svg.active path{ fill: var(--gold); stroke: var(--gold-deep) }\r\n\r\n  #gx .hint{font-size:14px;color:var(--muted)}\r\n  #gx .right{\r\n    display:flex; align-items:center; gap:10px; color: var(--muted); font-size:13px;\r\n  }\r\n  #gx .chip{\r\n    border:1px solid var(--ring); padding:6px 10px; border-radius:999px; background:#fff7edaa;\r\n  }\r\n\r\n  \/* Overlay \/ Modal *\/\r\n  #gx_overlay{\r\n    position:fixed; inset:0; display:none; align-items:center; justify-content:center;\r\n    background: rgba(2, 6, 23, 0.45);\r\n    backdrop-filter: blur(6px);\r\n    z-index: 1000000;\r\n    animation: fadeIn .25s ease forwards;\r\n  }\r\n  #gx_overlay.show{ display:flex }\r\n  @keyframes fadeIn{ from{opacity:0} to{opacity:1} }\r\n\r\n  #gx_modal{\r\n    width:min(1100px,96vw); height:min(760px,92vh); background:#fff; color:#0f172a;\r\n    border-radius:22px; box-shadow: 0 30px 80px rgba(0,0,0,.35); position:relative; overflow:hidden;\r\n    transform: translateY(10px) scale(.98); opacity:0; animation: pop .28s ease forwards;\r\n  }\r\n  @keyframes pop{ to{ transform:none; opacity:1 } }\r\n\r\n  #gx_close{\r\n    position:absolute; top:14px; right:14px; border:0; cursor:pointer;\r\n    background: linear-gradient(180deg, var(--text), #111827);\r\n    color:#fff; border-radius:12px; padding:10px 12px; font-size:13px; z-index:3;\r\n    box-shadow: 0 8px 24px rgba(0,0,0,.25);\r\n  }\r\n\r\n  \/* Loader (beyaz ekran yerine) *\/\r\n  #gx_loader{position:absolute;inset:0;display:flex;align-items:center;justify-content:center;background:#f8fafc;z-index:2}\r\n  #gx_loader .spin{\r\n    width:46px;height:46px;border-radius:50%;\r\n    border:4px solid #cbd5e1;border-top-color: var(--accent);\r\n    animation:sp 1s linear infinite\r\n  }\r\n  @keyframes sp{to{transform:rotate(360deg)}}\r\n\r\n  #gx_iframe{width:100%;height:100%;border:0;display:block;opacity:0;transition:opacity .28s ease}\r\n  @media (max-width:640px){ #gx_modal{height:88vh} }\r\n<\/style>\r\n\r\n<div id=\"gx-wrap\">\r\n  <div id=\"gx\">\r\n    <div class=\"card\">\r\n      <div class=\"hd\">\r\n          \r\n        <h2 class=\"t\">Helfen Sie uns bei unserer Entwicklung<\/h2>\r\n        <p>Ihre Meinung ist uns sehr wichtig. W\u00fcrden Sie sich bitte einen Moment Zeit nehmen, um uns Ihre Zufriedenheit mitzuteilen?<\/p>\r\n        \r\n      <\/div>\r\n      <div class=\"bd\">\r\n        <div class=\"stars-wrap\">\r\n          <div class=\"stars\" aria-label=\"Y\u0131ld\u0131z de\u011ferlendirme\" role=\"radiogroup\">\r\n            <!-- 1\u20133: overlay popup ile farkl\u0131 linkler -->\r\n            <button class=\"star\" aria-label=\"1 y\u0131ld\u0131z\" onclick=\"GX.rate(1)\">\r\n              <svg viewbox=\"0 0 24 24\" aria-hidden=\"true\"><path d=\"M12 17.27 18.18 21l-1.64-7.03L22 9.24l-7.19-.61L12 2 9.19 8.63 2 9.24l5.46 4.73L5.82 21z\"\/><\/svg>\r\n            <\/button>\r\n            <button class=\"star\" aria-label=\"2 y\u0131ld\u0131z\" onclick=\"GX.rate(2)\">\r\n              <svg viewbox=\"0 0 24 24\" aria-hidden=\"true\"><path d=\"M12 17.27 18.18 21l-1.64-7.03L22 9.24l-7.19-.61L12 2 9.19 8.63 2 9.24l5.46 4.73L5.82 21z\"\/><\/svg>\r\n            <\/button>\r\n            <button class=\"star\" aria-label=\"3 y\u0131ld\u0131z\" onclick=\"GX.rate(3)\">\r\n              <svg viewbox=\"0 0 24 24\" aria-hidden=\"true\"><path d=\"M12 17.27 18.18 21l-1.64-7.03L22 9.24l-7.19-.61L12 2 9.19 8.63 2 9.24l5.46 4.73L5.82 21z\"\/><\/svg>\r\n            <\/button>\r\n\r\n            <!-- 4\u20135: Google review k\u00fc\u00e7\u00fck pencere (popup window) -->\r\n            <a class=\"star\" aria-label=\"4 y\u0131ld\u0131z\" href=\"#\"\r\n              onclick=\"openCenteredPopup('https:\/\/g.page\/r\/CVgx-cjMcgJLEBM\/review'); GX.flash(4); return false;\">\r\n              <svg viewbox=\"0 0 24 24\" aria-hidden=\"true\"><path d=\"M12 17.27 18.18 21l-1.64-7.03L22 9.24l-7.19-.61L12 2 9.19 8.63 2 9.24l5.46 4.73L5.82 21z\"\/><\/svg>\r\n            <\/a>\r\n            <a class=\"star\" aria-label=\"5 y\u0131ld\u0131z\" href=\"#\"\r\n              onclick=\"openCenteredPopup('https:\/\/g.page\/r\/CVgx-cjMcgJLEBM\/review'); GX.flash(5); return false;\">\r\n              <svg viewbox=\"0 0 24 24\" aria-hidden=\"true\"><path d=\"M12 17.27 18.18 21l-1.64-7.03L22 9.24l-7.19-.61L12 2 9.19 8.63 2 9.24l5.46 4.73L5.82 21z\"\/><\/svg>\r\n            <\/a>\r\n          <\/div>\r\n\r\n          \r\n        <\/div>\r\n\r\n        <div class=\"hint\" id=\"gx_hint\">Bitte w\u00e4hlen Sie einen Stern aus.<\/div>\r\n      <\/div>\r\n    <\/div>\r\n  <\/div>\r\n<\/div>\r\n\r\n<!-- Overlay popup -->\r\n<div id=\"gx_overlay\" aria-modal=\"true\" role=\"dialog\" aria-labelledby=\"gx_title\">\r\n<div id=\"gx_modal\">\r\n    <button id=\"gx_close\" onclick=\"GX.close()\" style=\"color: black;\">Schlie\u00dfen \u2715<\/button>\r\n    <div id=\"gx_loader\"><div class=\"spin\" aria-hidden=\"true\"><\/div><\/div>\r\n    <iframe id=\"gx_iframe\" title=\"Bilgilendirme\" loading=\"eager\" referrerpolicy=\"no-referrer\"><\/iframe>\r\n<\/div>\r\n<\/div>\r\n\r\n<script>\r\n  \/* 4\u20135 i\u00e7in k\u00fc\u00e7\u00fck taray\u0131c\u0131 popup penceresi *\/\r\n  function openCenteredPopup(url, w=720, h=800) {\r\n    const dualScreenLeft = window.screenLeft ?? window.screenX ?? 0;\r\n    const dualScreenTop  = window.screenTop  ?? window.screenY ?? 0;\r\n    const width  = window.outerWidth  || document.documentElement.clientWidth;\r\n    const height = window.outerHeight || document.documentElement.clientHeight;\r\n    const left = dualScreenLeft + (width  - w) \/ 2;\r\n    const top  = dualScreenTop  + (height - h) \/ 2;\r\n\r\n    const win = window.open(\r\n      url,\r\n      'gReview',\r\n      `popup=1,width=${w},height=${h},left=${left},top=${top},` +\r\n      `menubar=0,toolbar=0,location=1,status=0,scrollbars=1,resizable=1`\r\n    );\r\n    if (win) { win.opener = null; win.focus(); return true; }\r\n    window.open(url, '_blank', 'noopener'); \/\/ engellenirse yeni sekme\r\n    return false;\r\n  }\r\n\r\n  \/* 1\u20133 i\u00e7in overlay + iframe (farkl\u0131 linkler + \u015f\u0131k animasyon) *\/\r\n  window.GX = (function(){\r\n    const LINKS = {\r\n      1: \"https:\/\/gloim.com\/1warum\/\",\r\n      2: \"https:\/\/gloim.com\/2warum\/\",\r\n      3: \"https:\/\/gloim.com\/3warum\/\"\r\n    };\r\n\r\n    const root = document.getElementById('gx');\r\n    const hint = root.querySelector('#gx_hint');\r\n    const overlay = document.getElementById('gx_overlay');\r\n    const iframe  = document.getElementById('gx_iframe');\r\n    const loader  = document.getElementById('gx_loader');\r\n\r\n    function setStarVisuals(n){\r\n      root.querySelectorAll('.star').forEach((btn, i)=>{\r\n        const svg = btn.querySelector('svg');\r\n        const path = svg ? svg.querySelector('path') : null;\r\n        const active = i < n;\r\n        btn.classList.toggle('active', active);\r\n        if(svg) svg.classList.toggle('active', active);\r\n        if(path){\r\n          path.style.fill   = active ? getComputedStyle(root).getPropertyValue('--gold').trim() : 'none';\r\n          path.style.stroke = active ? getComputedStyle(root).getPropertyValue('--gold-deep').trim() : '#9ca3af';\r\n        }\r\n      });\r\n    }\r\n\r\n    \/\/ iframe y\u00fcklenince loader'\u0131 kald\u0131r\u0131p p\u00fcr\u00fczs\u00fcz g\u00f6r\u00fcn\u00fcm\r\n    iframe.addEventListener('load', () => {\r\n      if(loader) loader.style.display = 'none';\r\n      iframe.style.opacity = 1;\r\n    });\r\n\r\n    function open(url){\r\n      \/\/ do\u011fru linki y\u00fckle\r\n      if(iframe.src !== url){\r\n        iframe.style.opacity = 0;\r\n        if(loader) loader.style.display = 'flex';\r\n        iframe.src = url;\r\n      }\r\n      overlay.classList.add('show');\r\n      document.body.style.overflow = 'hidden';\r\n      setTimeout(()=>{ try{ document.getElementById('gx_close').focus(); }catch(e){} }, 60);\r\n    }\r\n    function close(){\r\n      overlay.classList.remove('show');\r\n      document.body.style.overflow = '';\r\n    }\r\n\r\n    function rate(n){\r\n      setStarVisuals(n);\r\n      if(hint) hint.textContent = n + \" Sterne ausgew\u00e4hlt.\";\r\n      if(n <= 3){ open(LINKS[n]); }\r\n    }\r\n    function flash(n){\r\n      setStarVisuals(n);\r\n      if(hint) hint.textContent = n + \" Sterne ausgew\u00e4hlt.\";\r\n    }\r\n\r\n    \/\/ d\u0131\u015f alan t\u0131klan\u0131nca kapat\r\n    overlay.addEventListener('click', (e)=>{ if(e.target === overlay) close(); });\r\n    \/\/ ESC ile kapat\r\n    document.addEventListener('keydown', (e)=>{ if(e.key === 'Escape') close(); });\r\n\r\n    return { rate, flash, close };\r\n  })();\r\n<\/script><\/center>\r\n\t\t\t\t<\/div>\n\t\t\t\t<\/div>\n\t\t\t\t\t<\/div>\n\t\t\t\t<\/div>\n\t\t\t\t<\/div>","protected":false},"excerpt":{"rendered":"<p>Helfen Sie uns bei unserer Entwicklung Ihre Meinung ist uns sehr wichtig. W\u00fcrden Sie sich bitte einen Moment Zeit nehmen, um uns Ihre Zufriedenheit mitzuteilen? Bitte w\u00e4hlen Sie einen Stern aus. Schlie\u00dfen \u2715<\/p>","protected":false},"author":1,"featured_media":0,"parent":0,"menu_order":0,"comment_status":"closed","ping_status":"closed","template":"","meta":{"footnotes":""},"class_list":["post-6787","page","type-page","status-publish","hentry"],"_links":{"self":[{"href":"https:\/\/gloim.com\/tr\/wp-json\/wp\/v2\/pages\/6787","targetHints":{"allow":["GET"]}}],"collection":[{"href":"https:\/\/gloim.com\/tr\/wp-json\/wp\/v2\/pages"}],"about":[{"href":"https:\/\/gloim.com\/tr\/wp-json\/wp\/v2\/types\/page"}],"author":[{"embeddable":true,"href":"https:\/\/gloim.com\/tr\/wp-json\/wp\/v2\/users\/1"}],"replies":[{"embeddable":true,"href":"https:\/\/gloim.com\/tr\/wp-json\/wp\/v2\/comments?post=6787"}],"version-history":[{"count":0,"href":"https:\/\/gloim.com\/tr\/wp-json\/wp\/v2\/pages\/6787\/revisions"}],"wp:attachment":[{"href":"https:\/\/gloim.com\/tr\/wp-json\/wp\/v2\/media?parent=6787"}],"curies":[{"name":"wp","href":"https:\/\/api.w.org\/{rel}","templated":true}]}}